{"id":12803,"date":"2021-08-12T15:26:10","date_gmt":"2021-08-12T15:26:12","guid":{"rendered":"https:\/\/masterchem.ee\/?post_type=product&#038;p=12803"},"modified":"2021-08-12T15:39:49","modified_gmt":"2021-08-12T15:39:49","slug":"kalsiumdivetyfosfaatti-cas-7758-23-8","status":"publish","type":"product","link":"https:\/\/masterchem.ee\/fi\/tooted-ja-teenused\/kalsiumdivetyfosfaatti-cas-7758-23-8\/","title":{"rendered":"Kalsiumdivetyfosfaatti (CAS 7758-23-8)"},"content":{"rendered":"<p> <strong> Info<\/strong> <\/p>\n<p> T\u00f6\u00f6stusharud: kodukeemia, v\u00e4etised, liimid, \u00f5lid, m\u00e4\u00e4rded, aiandus, s\u00f6\u00f6dat\u00f6\u00f6stus <br \/>\nCASi number: 7758-23-8 <br \/>\nWE number: 231-837-1 <br \/>\nKeemiline valem: C18H36O3 <br \/>\nMolaarmass: 252 g \/mol <br \/>\nTollitariifikood: 28352600 <\/p>\n<p> <strong> Muud f\u00fc\u00fcsilised omadused <\/strong> <\/p>\n<p> pH:> 3,3 <br \/>\nSulamis- \/ k\u00fclmumistemperatuur:> 200 \u00b0 C <br \/>\nKeemistemperatuur \/ keemistemperatuur:> 100 \u00b0 C <br \/>\nLahustuvus vees: 18 g\/l <\/p>\n","protected":false},"excerpt":{"rendered":"<p> <strong>Kalsiumdivetyfosfaatti (CAS 7758-23-8)<\/strong> <\/p>\n<p>Kalsiumdivetyfosfaatti eli monokalsiumfosfaatti (Ca(H2PO4)2) on kalsium- ja divetyfosfaatti-ioneista koostuva ioniyhdiste, joka esiintyy usein monohydraattimuotona Ca(H2PO4)2\u00b7H2O. Kalsiumdivetyfosfaattia k\u00e4ytet\u00e4\u00e4n erityisesti lannoitteena.<\/p>\n<p>Suurin osa valmistetusta kalsiumdivetyfosfaatista k\u00e4ytet\u00e4\u00e4n lannoitteena. Lis\u00e4ksi ainetta k\u00e4ytet\u00e4\u00e4n puskuriliuoksissa ja muovien stabilisoijana. Elintarviketeollisuudessa yhdistett\u00e4 k\u00e4ytet\u00e4\u00e4n muiden fosfaattien tavoin happamuudens\u00e4\u00e4t\u00f6aineena, hapettumisenestoaineena, jauhonparanteena ja sulatesuolana. Sen E-koodi on yhdess\u00e4 kalsiumfosfaatin ja kalsiumvetyfosfaatin kanssa E341.<\/p>\n","protected":false},"featured_media":12809,"template":"","meta":[],"product_brand":[],"product_cat":[180,117,323,351,290],"product_tag":[],"class_list":{"0":"post-12803","1":"product","2":"type-product","3":"status-publish","4":"has-post-thumbnail","6":"product_cat-uncategorized-fi-2","7":"product_cat-kotitalouskemikaalit","8":"product_cat-lannoitteet","9":"product_cat-puutarhanhoito","10":"product_cat-rehuteollisuus","12":"first","13":"instock","14":"taxable","15":"shipping-taxable","16":"purchasable","17":"product-type-variable","18":"has-default-attributes"},"yoast_head":"<!-- This site is optimized with the Yoast SEO plugin v26.2 - https:\/\/yoast.com\/wordpress\/plugins\/seo\/ -->\n<title>Kalsiumdivetyfosfaatti (CAS 7758-23-8) - Chemistry For Industry - Solvents &amp; Chemicals - Masterchem.ee<\/title>\n<meta name=\"description\" content=\"Kalsiumdivetyfosfaatti eli monokalsiumfosfaatti (Ca(H2PO4)2) on kalsium- ja divetyfosfaatti-ioneista koostuva ioniyhdiste, joka esiintyy usein monohydraattimuotona Ca(H2PO4)2\u00b7H2O\" \/>\n<meta name=\"robots\" content=\"index, follow, max-snippet:-1, max-image-preview:large, max-video-preview:-1\" \/>\n<link rel=\"canonical\" href=\"https:\/\/masterchem.ee\/fi\/tooted-ja-teenused\/kalsiumdivetyfosfaatti-cas-7758-23-8\/\" \/>\n<meta name=\"twitter:card\" content=\"summary_large_image\" \/>\n<meta name=\"twitter:title\" content=\"Kalsiumdivetyfosfaatti (CAS 7758-23-8) - Chemistry For Industry - Solvents &amp; Chemicals - Masterchem.ee\" \/>\n<meta name=\"twitter:description\" content=\"Kalsiumdivetyfosfaatti eli monokalsiumfosfaatti (Ca(H2PO4)2) on kalsium- ja divetyfosfaatti-ioneista koostuva ioniyhdiste, joka esiintyy usein monohydraattimuotona Ca(H2PO4)2\u00b7H2O\" \/>\n<meta name=\"twitter:image\" content=\"https:\/\/masterchem.ee\/wp-content\/uploads\/2021\/08\/Kaltsiumfosfaatmonohudraat-25kg-MasterChem.jpg\" \/>\n<script type=\"application\/ld+json\" class=\"yoast-schema-graph\">{\"@context\":\"https:\/\/schema.org\",\"@graph\":[{\"@type\":\"WebPage\",\"@id\":\"https:\/\/masterchem.ee\/fi\/tooted-ja-teenused\/kalsiumdivetyfosfaatti-cas-7758-23-8\/\",\"url\":\"https:\/\/masterchem.ee\/fi\/tooted-ja-teenused\/kalsiumdivetyfosfaatti-cas-7758-23-8\/\",\"name\":\"Kalsiumdivetyfosfaatti (CAS 7758-23-8) - Chemistry For Industry - Solvents &amp; Chemicals - Masterchem.ee\",\"isPartOf\":{\"@id\":\"https:\/\/masterchem.ee\/fi\/#website\"},\"primaryImageOfPage\":{\"@id\":\"https:\/\/masterchem.ee\/fi\/tooted-ja-teenused\/kalsiumdivetyfosfaatti-cas-7758-23-8\/#primaryimage\"},\"image\":{\"@id\":\"https:\/\/masterchem.ee\/fi\/tooted-ja-teenused\/kalsiumdivetyfosfaatti-cas-7758-23-8\/#primaryimage\"},\"thumbnailUrl\":\"https:\/\/masterchem.ee\/wp-content\/uploads\/2021\/08\/Kaltsiumfosfaatmonohudraat-25kg-MasterChem.jpg\",\"datePublished\":\"2021-08-12T15:26:12+00:00\",\"dateModified\":\"2021-08-12T15:39:49+00:00\",\"description\":\"Kalsiumdivetyfosfaatti eli monokalsiumfosfaatti (Ca(H2PO4)2) on kalsium- ja divetyfosfaatti-ioneista koostuva ioniyhdiste, joka esiintyy usein monohydraattimuotona Ca(H2PO4)2\u00b7H2O\",\"breadcrumb\":{\"@id\":\"https:\/\/masterchem.ee\/fi\/tooted-ja-teenused\/kalsiumdivetyfosfaatti-cas-7758-23-8\/#breadcrumb\"},\"inLanguage\":\"fi\",\"potentialAction\":[{\"@type\":\"ReadAction\",\"target\":[\"https:\/\/masterchem.ee\/fi\/tooted-ja-teenused\/kalsiumdivetyfosfaatti-cas-7758-23-8\/\"]}]},{\"@type\":\"ImageObject\",\"inLanguage\":\"fi\",\"@id\":\"https:\/\/masterchem.ee\/fi\/tooted-ja-teenused\/kalsiumdivetyfosfaatti-cas-7758-23-8\/#primaryimage\",\"url\":\"https:\/\/masterchem.ee\/wp-content\/uploads\/2021\/08\/Kaltsiumfosfaatmonohudraat-25kg-MasterChem.jpg\",\"contentUrl\":\"https:\/\/masterchem.ee\/wp-content\/uploads\/2021\/08\/Kaltsiumfosfaatmonohudraat-25kg-MasterChem.jpg\",\"width\":1000,\"height\":1000,\"caption\":\"Kalsiumdivetyfosfaatti (CAS 7758-23-8) 25kg MasterChem\"},{\"@type\":\"BreadcrumbList\",\"@id\":\"https:\/\/masterchem.ee\/fi\/tooted-ja-teenused\/kalsiumdivetyfosfaatti-cas-7758-23-8\/#breadcrumb\",\"itemListElement\":[{\"@type\":\"ListItem\",\"position\":1,\"name\":\"Home\",\"item\":\"https:\/\/masterchem.ee\/fi\/\"},{\"@type\":\"ListItem\",\"position\":2,\"name\":\"Tooted ja teenused\",\"item\":\"https:\/\/masterchem.ee\/tooted-ja-teenused\/\"},{\"@type\":\"ListItem\",\"position\":3,\"name\":\"Kalsiumdivetyfosfaatti (CAS 7758-23-8)\"}]},{\"@type\":\"WebSite\",\"@id\":\"https:\/\/masterchem.ee\/fi\/#website\",\"url\":\"https:\/\/masterchem.ee\/fi\/\",\"name\":\"Masterchem.ee\",\"description\":\"Chemistry For Industry - Solvents &amp; Chemicals\",\"publisher\":{\"@id\":\"https:\/\/masterchem.ee\/fi\/#organization\"},\"potentialAction\":[{\"@type\":\"SearchAction\",\"target\":{\"@type\":\"EntryPoint\",\"urlTemplate\":\"https:\/\/masterchem.ee\/fi\/?s={search_term_string}\"},\"query-input\":{\"@type\":\"PropertyValueSpecification\",\"valueRequired\":true,\"valueName\":\"search_term_string\"}}],\"inLanguage\":\"fi\"},{\"@type\":\"Organization\",\"@id\":\"https:\/\/masterchem.ee\/fi\/#organization\",\"name\":\"Masterchem\",\"url\":\"https:\/\/masterchem.ee\/fi\/\",\"logo\":{\"@type\":\"ImageObject\",\"inLanguage\":\"fi\",\"@id\":\"https:\/\/masterchem.ee\/fi\/#\/schema\/logo\/image\/\",\"url\":\"https:\/\/masterchem.ee\/wp-content\/uploads\/2018\/02\/master-chem_final-1.png\",\"contentUrl\":\"https:\/\/masterchem.ee\/wp-content\/uploads\/2018\/02\/master-chem_final-1.png\",\"width\":850,\"height\":356,\"caption\":\"Masterchem\"},\"image\":{\"@id\":\"https:\/\/masterchem.ee\/fi\/#\/schema\/logo\/image\/\"}}]}<\/script>\n<!-- \/ Yoast SEO plugin. -->","yoast_head_json":{"title":"Kalsiumdivetyfosfaatti (CAS 7758-23-8) - Chemistry For Industry - Solvents &amp; Chemicals - Masterchem.ee","description":"Kalsiumdivetyfosfaatti eli monokalsiumfosfaatti (Ca(H2PO4)2) on kalsium- ja divetyfosfaatti-ioneista koostuva ioniyhdiste, joka esiintyy usein monohydraattimuotona Ca(H2PO4)2\u00b7H2O","robots":{"index":"index","follow":"follow","max-snippet":"max-snippet:-1","max-image-preview":"max-image-preview:large","max-video-preview":"max-video-preview:-1"},"canonical":"https:\/\/masterchem.ee\/fi\/tooted-ja-teenused\/kalsiumdivetyfosfaatti-cas-7758-23-8\/","twitter_card":"summary_large_image","twitter_title":"Kalsiumdivetyfosfaatti (CAS 7758-23-8) - Chemistry For Industry - Solvents &amp; Chemicals - Masterchem.ee","twitter_description":"Kalsiumdivetyfosfaatti eli monokalsiumfosfaatti (Ca(H2PO4)2) on kalsium- ja divetyfosfaatti-ioneista koostuva ioniyhdiste, joka esiintyy usein monohydraattimuotona Ca(H2PO4)2\u00b7H2O","twitter_image":"https:\/\/masterchem.ee\/wp-content\/uploads\/2021\/08\/Kaltsiumfosfaatmonohudraat-25kg-MasterChem.jpg","schema":{"@context":"https:\/\/schema.org","@graph":[{"@type":"WebPage","@id":"https:\/\/masterchem.ee\/fi\/tooted-ja-teenused\/kalsiumdivetyfosfaatti-cas-7758-23-8\/","url":"https:\/\/masterchem.ee\/fi\/tooted-ja-teenused\/kalsiumdivetyfosfaatti-cas-7758-23-8\/","name":"Kalsiumdivetyfosfaatti (CAS 7758-23-8) - Chemistry For Industry - Solvents &amp; Chemicals - Masterchem.ee","isPartOf":{"@id":"https:\/\/masterchem.ee\/fi\/#website"},"primaryImageOfPage":{"@id":"https:\/\/masterchem.ee\/fi\/tooted-ja-teenused\/kalsiumdivetyfosfaatti-cas-7758-23-8\/#primaryimage"},"image":{"@id":"https:\/\/masterchem.ee\/fi\/tooted-ja-teenused\/kalsiumdivetyfosfaatti-cas-7758-23-8\/#primaryimage"},"thumbnailUrl":"https:\/\/masterchem.ee\/wp-content\/uploads\/2021\/08\/Kaltsiumfosfaatmonohudraat-25kg-MasterChem.jpg","datePublished":"2021-08-12T15:26:12+00:00","dateModified":"2021-08-12T15:39:49+00:00","description":"Kalsiumdivetyfosfaatti eli monokalsiumfosfaatti (Ca(H2PO4)2) on kalsium- ja divetyfosfaatti-ioneista koostuva ioniyhdiste, joka esiintyy usein monohydraattimuotona Ca(H2PO4)2\u00b7H2O","breadcrumb":{"@id":"https:\/\/masterchem.ee\/fi\/tooted-ja-teenused\/kalsiumdivetyfosfaatti-cas-7758-23-8\/#breadcrumb"},"inLanguage":"fi","potentialAction":[{"@type":"ReadAction","target":["https:\/\/masterchem.ee\/fi\/tooted-ja-teenused\/kalsiumdivetyfosfaatti-cas-7758-23-8\/"]}]},{"@type":"ImageObject","inLanguage":"fi","@id":"https:\/\/masterchem.ee\/fi\/tooted-ja-teenused\/kalsiumdivetyfosfaatti-cas-7758-23-8\/#primaryimage","url":"https:\/\/masterchem.ee\/wp-content\/uploads\/2021\/08\/Kaltsiumfosfaatmonohudraat-25kg-MasterChem.jpg","contentUrl":"https:\/\/masterchem.ee\/wp-content\/uploads\/2021\/08\/Kaltsiumfosfaatmonohudraat-25kg-MasterChem.jpg","width":1000,"height":1000,"caption":"Kalsiumdivetyfosfaatti (CAS 7758-23-8) 25kg MasterChem"},{"@type":"BreadcrumbList","@id":"https:\/\/masterchem.ee\/fi\/tooted-ja-teenused\/kalsiumdivetyfosfaatti-cas-7758-23-8\/#breadcrumb","itemListElement":[{"@type":"ListItem","position":1,"name":"Home","item":"https:\/\/masterchem.ee\/fi\/"},{"@type":"ListItem","position":2,"name":"Tooted ja teenused","item":"https:\/\/masterchem.ee\/tooted-ja-teenused\/"},{"@type":"ListItem","position":3,"name":"Kalsiumdivetyfosfaatti (CAS 7758-23-8)"}]},{"@type":"WebSite","@id":"https:\/\/masterchem.ee\/fi\/#website","url":"https:\/\/masterchem.ee\/fi\/","name":"Masterchem.ee","description":"Chemistry For Industry - Solvents &amp; Chemicals","publisher":{"@id":"https:\/\/masterchem.ee\/fi\/#organization"},"potentialAction":[{"@type":"SearchAction","target":{"@type":"EntryPoint","urlTemplate":"https:\/\/masterchem.ee\/fi\/?s={search_term_string}"},"query-input":{"@type":"PropertyValueSpecification","valueRequired":true,"valueName":"search_term_string"}}],"inLanguage":"fi"},{"@type":"Organization","@id":"https:\/\/masterchem.ee\/fi\/#organization","name":"Masterchem","url":"https:\/\/masterchem.ee\/fi\/","logo":{"@type":"ImageObject","inLanguage":"fi","@id":"https:\/\/masterchem.ee\/fi\/#\/schema\/logo\/image\/","url":"https:\/\/masterchem.ee\/wp-content\/uploads\/2018\/02\/master-chem_final-1.png","contentUrl":"https:\/\/masterchem.ee\/wp-content\/uploads\/2018\/02\/master-chem_final-1.png","width":850,"height":356,"caption":"Masterchem"},"image":{"@id":"https:\/\/masterchem.ee\/fi\/#\/schema\/logo\/image\/"}}]}},"_links":{"self":[{"href":"https:\/\/masterchem.ee\/fi\/wp-json\/wp\/v2\/product\/12803","targetHints":{"allow":["GET"]}}],"collection":[{"href":"https:\/\/masterchem.ee\/fi\/wp-json\/wp\/v2\/product"}],"about":[{"href":"https:\/\/masterchem.ee\/fi\/wp-json\/wp\/v2\/types\/product"}],"wp:featuredmedia":[{"embeddable":true,"href":"https:\/\/masterchem.ee\/fi\/wp-json\/wp\/v2\/media\/12809"}],"wp:attachment":[{"href":"https:\/\/masterchem.ee\/fi\/wp-json\/wp\/v2\/media?parent=12803"}],"wp:term":[{"taxonomy":"product_brand","embeddable":true,"href":"https:\/\/masterchem.ee\/fi\/wp-json\/wp\/v2\/product_brand?post=12803"},{"taxonomy":"product_cat","embeddable":true,"href":"https:\/\/masterchem.ee\/fi\/wp-json\/wp\/v2\/product_cat?post=12803"},{"taxonomy":"product_tag","embeddable":true,"href":"https:\/\/masterchem.ee\/fi\/wp-json\/wp\/v2\/product_tag?post=12803"}],"curies":[{"name":"wp","href":"https:\/\/api.w.org\/{rel}","templated":true}]}}