{"id":12781,"date":"2021-08-10T05:47:17","date_gmt":"2021-08-10T05:47:19","guid":{"rendered":"https:\/\/masterchem.ee\/?post_type=product&#038;p=12781"},"modified":"2021-08-10T05:54:35","modified_gmt":"2021-08-10T05:54:35","slug":"karboksimetyyliselluloosa-cas-9000-11-7","status":"publish","type":"product","link":"https:\/\/masterchem.ee\/fi\/tooted-ja-teenused\/karboksimetyyliselluloosa-cas-9000-11-7\/","title":{"rendered":"Karboksimetyyliselluloosa (CAS 9000-11-7)"},"content":{"rendered":"<p> <strong> Info<\/strong> <\/p>\n<p> Toimialat: Kotitalouskemikaalit <br \/>\nCAS-numero: 9000-11-7 <br \/>\nKemiallinen kaava: [C6H7O2 (OH) 3-x (OCH2COONa) x] N <br \/>\nTullitariffi: 39123100 <\/p>\n<p>\n<strong> Muut fyysiset ominaisuudet <\/strong> <\/p>\n<p> pH: 8,0-10,0 (1%) <br \/>\nSuhteellinen tiheys: 1560 kg\/m3 <\/p>\n","protected":false},"excerpt":{"rendered":"<p> <strong>Karboksimetyyliselluloosa (CAS 9000-11-7)<\/strong> <\/p>\n<p>Karboksimetyyliselluloosa eli CMC on puolisynteettinen polymeerin ja selluloosan johdannainen. Rakenteeltaan se eroaa selluloosasta siten, ett\u00e4 osa selluloosamolekyylin hydroksyyliryhmist\u00e4 on korvautunut karboksimetyyliryhmill\u00e4. Tuote myyd\u00e4\u00e4n usein natriumsuolanaan natriumkarboksimetyyliselluloosana. Karboksimetyyliselluloosaa k\u00e4ytet\u00e4\u00e4n monissa sovelluksissa stabilointi- ja t\u00e4yteaineena.<\/p>\n","protected":false},"featured_media":12787,"template":"","meta":[],"product_brand":[],"product_cat":[180,117],"product_tag":[],"class_list":{"0":"post-12781","1":"product","2":"type-product","3":"status-publish","4":"has-post-thumbnail","6":"product_cat-uncategorized-fi-2","7":"product_cat-kotitalouskemikaalit","9":"first","10":"instock","11":"taxable","12":"shipping-taxable","13":"purchasable","14":"product-type-variable","15":"has-default-attributes"},"yoast_head":"<!-- This site is optimized with the Yoast SEO plugin v26.2 - https:\/\/yoast.com\/wordpress\/plugins\/seo\/ -->\n<title>Karboksimetyyliselluloosa (CAS 9000-11-7) - Chemistry For Industry - Solvents &amp; Chemicals - Masterchem.ee<\/title>\n<meta name=\"description\" content=\"Karboksimetyyliselluloosa eli CMC on puolisynteettinen polymeerin ja selluloosan johdannainen.\" \/>\n<meta name=\"robots\" content=\"index, follow, max-snippet:-1, max-image-preview:large, max-video-preview:-1\" \/>\n<link rel=\"canonical\" href=\"https:\/\/masterchem.ee\/fi\/tooted-ja-teenused\/karboksimetyyliselluloosa-cas-9000-11-7\/\" \/>\n<meta name=\"twitter:card\" content=\"summary_large_image\" \/>\n<meta name=\"twitter:title\" content=\"Karboksimetyyliselluloosa (CAS 9000-11-7) - Chemistry For Industry - Solvents &amp; Chemicals - Masterchem.ee\" \/>\n<meta name=\"twitter:description\" content=\"Karboksimetyyliselluloosa eli CMC on puolisynteettinen polymeerin ja selluloosan johdannainen.\" \/>\n<meta name=\"twitter:image\" content=\"https:\/\/masterchem.ee\/wp-content\/uploads\/2021\/08\/Naatriumkarboksumetuultselluloos-25kg-MasterChem.jpg\" \/>\n<script type=\"application\/ld+json\" class=\"yoast-schema-graph\">{\"@context\":\"https:\/\/schema.org\",\"@graph\":[{\"@type\":\"WebPage\",\"@id\":\"https:\/\/masterchem.ee\/fi\/tooted-ja-teenused\/karboksimetyyliselluloosa-cas-9000-11-7\/\",\"url\":\"https:\/\/masterchem.ee\/fi\/tooted-ja-teenused\/karboksimetyyliselluloosa-cas-9000-11-7\/\",\"name\":\"Karboksimetyyliselluloosa (CAS 9000-11-7) - Chemistry For Industry - Solvents &amp; Chemicals - Masterchem.ee\",\"isPartOf\":{\"@id\":\"https:\/\/masterchem.ee\/fi\/#website\"},\"primaryImageOfPage\":{\"@id\":\"https:\/\/masterchem.ee\/fi\/tooted-ja-teenused\/karboksimetyyliselluloosa-cas-9000-11-7\/#primaryimage\"},\"image\":{\"@id\":\"https:\/\/masterchem.ee\/fi\/tooted-ja-teenused\/karboksimetyyliselluloosa-cas-9000-11-7\/#primaryimage\"},\"thumbnailUrl\":\"https:\/\/masterchem.ee\/wp-content\/uploads\/2021\/08\/Naatriumkarboksumetuultselluloos-25kg-MasterChem.jpg\",\"datePublished\":\"2021-08-10T05:47:19+00:00\",\"dateModified\":\"2021-08-10T05:54:35+00:00\",\"description\":\"Karboksimetyyliselluloosa eli CMC on puolisynteettinen polymeerin ja selluloosan johdannainen.\",\"breadcrumb\":{\"@id\":\"https:\/\/masterchem.ee\/fi\/tooted-ja-teenused\/karboksimetyyliselluloosa-cas-9000-11-7\/#breadcrumb\"},\"inLanguage\":\"fi\",\"potentialAction\":[{\"@type\":\"ReadAction\",\"target\":[\"https:\/\/masterchem.ee\/fi\/tooted-ja-teenused\/karboksimetyyliselluloosa-cas-9000-11-7\/\"]}]},{\"@type\":\"ImageObject\",\"inLanguage\":\"fi\",\"@id\":\"https:\/\/masterchem.ee\/fi\/tooted-ja-teenused\/karboksimetyyliselluloosa-cas-9000-11-7\/#primaryimage\",\"url\":\"https:\/\/masterchem.ee\/wp-content\/uploads\/2021\/08\/Naatriumkarboksumetuultselluloos-25kg-MasterChem.jpg\",\"contentUrl\":\"https:\/\/masterchem.ee\/wp-content\/uploads\/2021\/08\/Naatriumkarboksumetuultselluloos-25kg-MasterChem.jpg\",\"width\":1000,\"height\":1000,\"caption\":\"Karboksimetyyliselluloosa (CAS 9000-11-7) 25kg MasterChem\"},{\"@type\":\"BreadcrumbList\",\"@id\":\"https:\/\/masterchem.ee\/fi\/tooted-ja-teenused\/karboksimetyyliselluloosa-cas-9000-11-7\/#breadcrumb\",\"itemListElement\":[{\"@type\":\"ListItem\",\"position\":1,\"name\":\"Home\",\"item\":\"https:\/\/masterchem.ee\/fi\/\"},{\"@type\":\"ListItem\",\"position\":2,\"name\":\"Tooted ja teenused\",\"item\":\"https:\/\/masterchem.ee\/tooted-ja-teenused\/\"},{\"@type\":\"ListItem\",\"position\":3,\"name\":\"Karboksimetyyliselluloosa (CAS 9000-11-7)\"}]},{\"@type\":\"WebSite\",\"@id\":\"https:\/\/masterchem.ee\/fi\/#website\",\"url\":\"https:\/\/masterchem.ee\/fi\/\",\"name\":\"Masterchem.ee\",\"description\":\"Chemistry For Industry - Solvents &amp; Chemicals\",\"publisher\":{\"@id\":\"https:\/\/masterchem.ee\/fi\/#organization\"},\"potentialAction\":[{\"@type\":\"SearchAction\",\"target\":{\"@type\":\"EntryPoint\",\"urlTemplate\":\"https:\/\/masterchem.ee\/fi\/?s={search_term_string}\"},\"query-input\":{\"@type\":\"PropertyValueSpecification\",\"valueRequired\":true,\"valueName\":\"search_term_string\"}}],\"inLanguage\":\"fi\"},{\"@type\":\"Organization\",\"@id\":\"https:\/\/masterchem.ee\/fi\/#organization\",\"name\":\"Masterchem\",\"url\":\"https:\/\/masterchem.ee\/fi\/\",\"logo\":{\"@type\":\"ImageObject\",\"inLanguage\":\"fi\",\"@id\":\"https:\/\/masterchem.ee\/fi\/#\/schema\/logo\/image\/\",\"url\":\"https:\/\/masterchem.ee\/wp-content\/uploads\/2018\/02\/master-chem_final-1.png\",\"contentUrl\":\"https:\/\/masterchem.ee\/wp-content\/uploads\/2018\/02\/master-chem_final-1.png\",\"width\":850,\"height\":356,\"caption\":\"Masterchem\"},\"image\":{\"@id\":\"https:\/\/masterchem.ee\/fi\/#\/schema\/logo\/image\/\"}}]}<\/script>\n<!-- \/ Yoast SEO plugin. -->","yoast_head_json":{"title":"Karboksimetyyliselluloosa (CAS 9000-11-7) - Chemistry For Industry - Solvents &amp; Chemicals - Masterchem.ee","description":"Karboksimetyyliselluloosa eli CMC on puolisynteettinen polymeerin ja selluloosan johdannainen.","robots":{"index":"index","follow":"follow","max-snippet":"max-snippet:-1","max-image-preview":"max-image-preview:large","max-video-preview":"max-video-preview:-1"},"canonical":"https:\/\/masterchem.ee\/fi\/tooted-ja-teenused\/karboksimetyyliselluloosa-cas-9000-11-7\/","twitter_card":"summary_large_image","twitter_title":"Karboksimetyyliselluloosa (CAS 9000-11-7) - Chemistry For Industry - Solvents &amp; Chemicals - Masterchem.ee","twitter_description":"Karboksimetyyliselluloosa eli CMC on puolisynteettinen polymeerin ja selluloosan johdannainen.","twitter_image":"https:\/\/masterchem.ee\/wp-content\/uploads\/2021\/08\/Naatriumkarboksumetuultselluloos-25kg-MasterChem.jpg","schema":{"@context":"https:\/\/schema.org","@graph":[{"@type":"WebPage","@id":"https:\/\/masterchem.ee\/fi\/tooted-ja-teenused\/karboksimetyyliselluloosa-cas-9000-11-7\/","url":"https:\/\/masterchem.ee\/fi\/tooted-ja-teenused\/karboksimetyyliselluloosa-cas-9000-11-7\/","name":"Karboksimetyyliselluloosa (CAS 9000-11-7) - Chemistry For Industry - Solvents &amp; Chemicals - Masterchem.ee","isPartOf":{"@id":"https:\/\/masterchem.ee\/fi\/#website"},"primaryImageOfPage":{"@id":"https:\/\/masterchem.ee\/fi\/tooted-ja-teenused\/karboksimetyyliselluloosa-cas-9000-11-7\/#primaryimage"},"image":{"@id":"https:\/\/masterchem.ee\/fi\/tooted-ja-teenused\/karboksimetyyliselluloosa-cas-9000-11-7\/#primaryimage"},"thumbnailUrl":"https:\/\/masterchem.ee\/wp-content\/uploads\/2021\/08\/Naatriumkarboksumetuultselluloos-25kg-MasterChem.jpg","datePublished":"2021-08-10T05:47:19+00:00","dateModified":"2021-08-10T05:54:35+00:00","description":"Karboksimetyyliselluloosa eli CMC on puolisynteettinen polymeerin ja selluloosan johdannainen.","breadcrumb":{"@id":"https:\/\/masterchem.ee\/fi\/tooted-ja-teenused\/karboksimetyyliselluloosa-cas-9000-11-7\/#breadcrumb"},"inLanguage":"fi","potentialAction":[{"@type":"ReadAction","target":["https:\/\/masterchem.ee\/fi\/tooted-ja-teenused\/karboksimetyyliselluloosa-cas-9000-11-7\/"]}]},{"@type":"ImageObject","inLanguage":"fi","@id":"https:\/\/masterchem.ee\/fi\/tooted-ja-teenused\/karboksimetyyliselluloosa-cas-9000-11-7\/#primaryimage","url":"https:\/\/masterchem.ee\/wp-content\/uploads\/2021\/08\/Naatriumkarboksumetuultselluloos-25kg-MasterChem.jpg","contentUrl":"https:\/\/masterchem.ee\/wp-content\/uploads\/2021\/08\/Naatriumkarboksumetuultselluloos-25kg-MasterChem.jpg","width":1000,"height":1000,"caption":"Karboksimetyyliselluloosa (CAS 9000-11-7) 25kg MasterChem"},{"@type":"BreadcrumbList","@id":"https:\/\/masterchem.ee\/fi\/tooted-ja-teenused\/karboksimetyyliselluloosa-cas-9000-11-7\/#breadcrumb","itemListElement":[{"@type":"ListItem","position":1,"name":"Home","item":"https:\/\/masterchem.ee\/fi\/"},{"@type":"ListItem","position":2,"name":"Tooted ja teenused","item":"https:\/\/masterchem.ee\/tooted-ja-teenused\/"},{"@type":"ListItem","position":3,"name":"Karboksimetyyliselluloosa (CAS 9000-11-7)"}]},{"@type":"WebSite","@id":"https:\/\/masterchem.ee\/fi\/#website","url":"https:\/\/masterchem.ee\/fi\/","name":"Masterchem.ee","description":"Chemistry For Industry - Solvents &amp; Chemicals","publisher":{"@id":"https:\/\/masterchem.ee\/fi\/#organization"},"potentialAction":[{"@type":"SearchAction","target":{"@type":"EntryPoint","urlTemplate":"https:\/\/masterchem.ee\/fi\/?s={search_term_string}"},"query-input":{"@type":"PropertyValueSpecification","valueRequired":true,"valueName":"search_term_string"}}],"inLanguage":"fi"},{"@type":"Organization","@id":"https:\/\/masterchem.ee\/fi\/#organization","name":"Masterchem","url":"https:\/\/masterchem.ee\/fi\/","logo":{"@type":"ImageObject","inLanguage":"fi","@id":"https:\/\/masterchem.ee\/fi\/#\/schema\/logo\/image\/","url":"https:\/\/masterchem.ee\/wp-content\/uploads\/2018\/02\/master-chem_final-1.png","contentUrl":"https:\/\/masterchem.ee\/wp-content\/uploads\/2018\/02\/master-chem_final-1.png","width":850,"height":356,"caption":"Masterchem"},"image":{"@id":"https:\/\/masterchem.ee\/fi\/#\/schema\/logo\/image\/"}}]}},"_links":{"self":[{"href":"https:\/\/masterchem.ee\/fi\/wp-json\/wp\/v2\/product\/12781","targetHints":{"allow":["GET"]}}],"collection":[{"href":"https:\/\/masterchem.ee\/fi\/wp-json\/wp\/v2\/product"}],"about":[{"href":"https:\/\/masterchem.ee\/fi\/wp-json\/wp\/v2\/types\/product"}],"wp:featuredmedia":[{"embeddable":true,"href":"https:\/\/masterchem.ee\/fi\/wp-json\/wp\/v2\/media\/12787"}],"wp:attachment":[{"href":"https:\/\/masterchem.ee\/fi\/wp-json\/wp\/v2\/media?parent=12781"}],"wp:term":[{"taxonomy":"product_brand","embeddable":true,"href":"https:\/\/masterchem.ee\/fi\/wp-json\/wp\/v2\/product_brand?post=12781"},{"taxonomy":"product_cat","embeddable":true,"href":"https:\/\/masterchem.ee\/fi\/wp-json\/wp\/v2\/product_cat?post=12781"},{"taxonomy":"product_tag","embeddable":true,"href":"https:\/\/masterchem.ee\/fi\/wp-json\/wp\/v2\/product_tag?post=12781"}],"curies":[{"name":"wp","href":"https:\/\/api.w.org\/{rel}","templated":true}]}}