{"id":12764,"date":"2021-08-10T04:57:59","date_gmt":"2021-08-10T04:58:00","guid":{"rendered":"https:\/\/masterchem.ee\/?post_type=product&#038;p=12764"},"modified":"2021-08-10T05:07:23","modified_gmt":"2021-08-10T05:07:23","slug":"viuluhartsi-cas-8050-09-7","status":"publish","type":"product","link":"https:\/\/masterchem.ee\/fi\/tooted-ja-teenused\/viuluhartsi-cas-8050-09-7\/","title":{"rendered":"Viuluhartsi (CAS 8050-09-7)"},"content":{"rendered":"<p> <strong> Info<\/strong> <\/p>\n<p> Toimialat: maalit ja lakat, kotitalouskemikaalit, liimat, \u00f6ljyt, rasvat, hartsit, muovit, polyuretaanit <\/p>\n<p> CAS: 8050-09-7 <br \/>\nWE-numero: 232-475-7 <br \/>\nIndeksinumero: 650-015-00-7 <br \/>\nTullitariffi: 38061000 <\/p>\n<p> <strong> Muut fyysiset ominaisuudet <\/strong> <\/p>\n<p> Sulamis- \/ j\u00e4\u00e4tymispiste: 65-95 \u00b0 C <br \/>\nSuhteellinen tiheys: 1034 g\/cm\u00b3 <\/p>\n","protected":false},"excerpt":{"rendered":"<p> <strong> Viuluhartsi (CAS 8050-09-7)<\/strong> <\/p>\n<p>Viuluhartsi on kovetettua pihkaa. Se tunnetaan my\u00f6s nimill\u00e4 kolofoni tai jousihartsi. Sit\u00e4 hangataan viulujen, alttoviulujen, sellojen ja kontrabassojen jousiin kitkan lis\u00e4\u00e4miseksi, jolloin \u00e4\u00e4ni syntyy helpommin. Hartsin kovuus riippuu soittimesta, jonka jouselle se on tarkoitettu.<\/p>\n<p>Viuluhartsia tehd\u00e4\u00e4n kuumentamalla tuoretta pihkaa niin, ett\u00e4 sen nestem\u00e4iset terpeenit haihtuvat. Se on l\u00e4pikuultavaa ja vaihtelee v\u00e4rilt\u00e4\u00e4n keltaisesta mustaan. Hartsi on huoneenl\u00e4mm\u00f6ss\u00e4 kiinte\u00e4\u00e4, mutta sulaa muutaman sadan asteen l\u00e4mp\u00f6tilassal\u00e4hde?. Hartsi koostuu p\u00e4\u00e4asiassa erilaisista hartsihapoista.<\/p>\n","protected":false},"featured_media":12774,"template":"","meta":[],"product_brand":[],"product_cat":[180,117,286,258],"product_tag":[],"class_list":{"0":"post-12764","1":"product","2":"type-product","3":"status-publish","4":"has-post-thumbnail","6":"product_cat-uncategorized-fi-2","7":"product_cat-kotitalouskemikaalit","8":"product_cat-maalit-ja-lakat","9":"product_cat-muovi-fi","11":"first","12":"instock","13":"taxable","14":"shipping-taxable","15":"purchasable","16":"product-type-variable","17":"has-default-attributes"},"yoast_head":"<!-- This site is optimized with the Yoast SEO plugin v26.2 - https:\/\/yoast.com\/wordpress\/plugins\/seo\/ -->\n<title>Viuluhartsi (CAS 8050-09-7) - Chemistry For Industry - Solvents &amp; Chemicals - Masterchem.ee<\/title>\n<meta name=\"description\" content=\"Viuluhartsi on kovetettua pihkaa. Se tunnetaan my\u00f6s nimill\u00e4 kolofoni tai jousihartsi.\" \/>\n<meta name=\"robots\" content=\"index, follow, max-snippet:-1, max-image-preview:large, max-video-preview:-1\" \/>\n<link rel=\"canonical\" href=\"https:\/\/masterchem.ee\/fi\/tooted-ja-teenused\/viuluhartsi-cas-8050-09-7\/\" \/>\n<meta name=\"twitter:card\" content=\"summary_large_image\" \/>\n<meta name=\"twitter:title\" content=\"Viuluhartsi (CAS 8050-09-7) - Chemistry For Industry - Solvents &amp; Chemicals - Masterchem.ee\" \/>\n<meta name=\"twitter:description\" content=\"Viuluhartsi on kovetettua pihkaa. Se tunnetaan my\u00f6s nimill\u00e4 kolofoni tai jousihartsi.\" \/>\n<meta name=\"twitter:image\" content=\"https:\/\/masterchem.ee\/wp-content\/uploads\/2021\/08\/Kampol-25kg-MasterChem.jpg\" \/>\n<script type=\"application\/ld+json\" class=\"yoast-schema-graph\">{\"@context\":\"https:\/\/schema.org\",\"@graph\":[{\"@type\":\"WebPage\",\"@id\":\"https:\/\/masterchem.ee\/fi\/tooted-ja-teenused\/viuluhartsi-cas-8050-09-7\/\",\"url\":\"https:\/\/masterchem.ee\/fi\/tooted-ja-teenused\/viuluhartsi-cas-8050-09-7\/\",\"name\":\"Viuluhartsi (CAS 8050-09-7) - Chemistry For Industry - Solvents &amp; Chemicals - Masterchem.ee\",\"isPartOf\":{\"@id\":\"https:\/\/masterchem.ee\/fi\/#website\"},\"primaryImageOfPage\":{\"@id\":\"https:\/\/masterchem.ee\/fi\/tooted-ja-teenused\/viuluhartsi-cas-8050-09-7\/#primaryimage\"},\"image\":{\"@id\":\"https:\/\/masterchem.ee\/fi\/tooted-ja-teenused\/viuluhartsi-cas-8050-09-7\/#primaryimage\"},\"thumbnailUrl\":\"https:\/\/masterchem.ee\/wp-content\/uploads\/2021\/08\/Kampol-25kg-MasterChem.jpg\",\"datePublished\":\"2021-08-10T04:58:00+00:00\",\"dateModified\":\"2021-08-10T05:07:23+00:00\",\"description\":\"Viuluhartsi on kovetettua pihkaa. Se tunnetaan my\u00f6s nimill\u00e4 kolofoni tai jousihartsi.\",\"breadcrumb\":{\"@id\":\"https:\/\/masterchem.ee\/fi\/tooted-ja-teenused\/viuluhartsi-cas-8050-09-7\/#breadcrumb\"},\"inLanguage\":\"fi\",\"potentialAction\":[{\"@type\":\"ReadAction\",\"target\":[\"https:\/\/masterchem.ee\/fi\/tooted-ja-teenused\/viuluhartsi-cas-8050-09-7\/\"]}]},{\"@type\":\"ImageObject\",\"inLanguage\":\"fi\",\"@id\":\"https:\/\/masterchem.ee\/fi\/tooted-ja-teenused\/viuluhartsi-cas-8050-09-7\/#primaryimage\",\"url\":\"https:\/\/masterchem.ee\/wp-content\/uploads\/2021\/08\/Kampol-25kg-MasterChem.jpg\",\"contentUrl\":\"https:\/\/masterchem.ee\/wp-content\/uploads\/2021\/08\/Kampol-25kg-MasterChem.jpg\",\"width\":1000,\"height\":1000,\"caption\":\"Viuluhartsi (CAS 8050-09-7)\"},{\"@type\":\"BreadcrumbList\",\"@id\":\"https:\/\/masterchem.ee\/fi\/tooted-ja-teenused\/viuluhartsi-cas-8050-09-7\/#breadcrumb\",\"itemListElement\":[{\"@type\":\"ListItem\",\"position\":1,\"name\":\"Home\",\"item\":\"https:\/\/masterchem.ee\/fi\/\"},{\"@type\":\"ListItem\",\"position\":2,\"name\":\"Tooted ja teenused\",\"item\":\"https:\/\/masterchem.ee\/tooted-ja-teenused\/\"},{\"@type\":\"ListItem\",\"position\":3,\"name\":\"Viuluhartsi (CAS 8050-09-7)\"}]},{\"@type\":\"WebSite\",\"@id\":\"https:\/\/masterchem.ee\/fi\/#website\",\"url\":\"https:\/\/masterchem.ee\/fi\/\",\"name\":\"Masterchem.ee\",\"description\":\"Chemistry For Industry - Solvents &amp; Chemicals\",\"publisher\":{\"@id\":\"https:\/\/masterchem.ee\/fi\/#organization\"},\"potentialAction\":[{\"@type\":\"SearchAction\",\"target\":{\"@type\":\"EntryPoint\",\"urlTemplate\":\"https:\/\/masterchem.ee\/fi\/?s={search_term_string}\"},\"query-input\":{\"@type\":\"PropertyValueSpecification\",\"valueRequired\":true,\"valueName\":\"search_term_string\"}}],\"inLanguage\":\"fi\"},{\"@type\":\"Organization\",\"@id\":\"https:\/\/masterchem.ee\/fi\/#organization\",\"name\":\"Masterchem\",\"url\":\"https:\/\/masterchem.ee\/fi\/\",\"logo\":{\"@type\":\"ImageObject\",\"inLanguage\":\"fi\",\"@id\":\"https:\/\/masterchem.ee\/fi\/#\/schema\/logo\/image\/\",\"url\":\"https:\/\/masterchem.ee\/wp-content\/uploads\/2018\/02\/master-chem_final-1.png\",\"contentUrl\":\"https:\/\/masterchem.ee\/wp-content\/uploads\/2018\/02\/master-chem_final-1.png\",\"width\":850,\"height\":356,\"caption\":\"Masterchem\"},\"image\":{\"@id\":\"https:\/\/masterchem.ee\/fi\/#\/schema\/logo\/image\/\"}}]}<\/script>\n<!-- \/ Yoast SEO plugin. -->","yoast_head_json":{"title":"Viuluhartsi (CAS 8050-09-7) - Chemistry For Industry - Solvents &amp; Chemicals - Masterchem.ee","description":"Viuluhartsi on kovetettua pihkaa. Se tunnetaan my\u00f6s nimill\u00e4 kolofoni tai jousihartsi.","robots":{"index":"index","follow":"follow","max-snippet":"max-snippet:-1","max-image-preview":"max-image-preview:large","max-video-preview":"max-video-preview:-1"},"canonical":"https:\/\/masterchem.ee\/fi\/tooted-ja-teenused\/viuluhartsi-cas-8050-09-7\/","twitter_card":"summary_large_image","twitter_title":"Viuluhartsi (CAS 8050-09-7) - Chemistry For Industry - Solvents &amp; Chemicals - Masterchem.ee","twitter_description":"Viuluhartsi on kovetettua pihkaa. Se tunnetaan my\u00f6s nimill\u00e4 kolofoni tai jousihartsi.","twitter_image":"https:\/\/masterchem.ee\/wp-content\/uploads\/2021\/08\/Kampol-25kg-MasterChem.jpg","schema":{"@context":"https:\/\/schema.org","@graph":[{"@type":"WebPage","@id":"https:\/\/masterchem.ee\/fi\/tooted-ja-teenused\/viuluhartsi-cas-8050-09-7\/","url":"https:\/\/masterchem.ee\/fi\/tooted-ja-teenused\/viuluhartsi-cas-8050-09-7\/","name":"Viuluhartsi (CAS 8050-09-7) - Chemistry For Industry - Solvents &amp; Chemicals - Masterchem.ee","isPartOf":{"@id":"https:\/\/masterchem.ee\/fi\/#website"},"primaryImageOfPage":{"@id":"https:\/\/masterchem.ee\/fi\/tooted-ja-teenused\/viuluhartsi-cas-8050-09-7\/#primaryimage"},"image":{"@id":"https:\/\/masterchem.ee\/fi\/tooted-ja-teenused\/viuluhartsi-cas-8050-09-7\/#primaryimage"},"thumbnailUrl":"https:\/\/masterchem.ee\/wp-content\/uploads\/2021\/08\/Kampol-25kg-MasterChem.jpg","datePublished":"2021-08-10T04:58:00+00:00","dateModified":"2021-08-10T05:07:23+00:00","description":"Viuluhartsi on kovetettua pihkaa. Se tunnetaan my\u00f6s nimill\u00e4 kolofoni tai jousihartsi.","breadcrumb":{"@id":"https:\/\/masterchem.ee\/fi\/tooted-ja-teenused\/viuluhartsi-cas-8050-09-7\/#breadcrumb"},"inLanguage":"fi","potentialAction":[{"@type":"ReadAction","target":["https:\/\/masterchem.ee\/fi\/tooted-ja-teenused\/viuluhartsi-cas-8050-09-7\/"]}]},{"@type":"ImageObject","inLanguage":"fi","@id":"https:\/\/masterchem.ee\/fi\/tooted-ja-teenused\/viuluhartsi-cas-8050-09-7\/#primaryimage","url":"https:\/\/masterchem.ee\/wp-content\/uploads\/2021\/08\/Kampol-25kg-MasterChem.jpg","contentUrl":"https:\/\/masterchem.ee\/wp-content\/uploads\/2021\/08\/Kampol-25kg-MasterChem.jpg","width":1000,"height":1000,"caption":"Viuluhartsi (CAS 8050-09-7)"},{"@type":"BreadcrumbList","@id":"https:\/\/masterchem.ee\/fi\/tooted-ja-teenused\/viuluhartsi-cas-8050-09-7\/#breadcrumb","itemListElement":[{"@type":"ListItem","position":1,"name":"Home","item":"https:\/\/masterchem.ee\/fi\/"},{"@type":"ListItem","position":2,"name":"Tooted ja teenused","item":"https:\/\/masterchem.ee\/tooted-ja-teenused\/"},{"@type":"ListItem","position":3,"name":"Viuluhartsi (CAS 8050-09-7)"}]},{"@type":"WebSite","@id":"https:\/\/masterchem.ee\/fi\/#website","url":"https:\/\/masterchem.ee\/fi\/","name":"Masterchem.ee","description":"Chemistry For Industry - Solvents &amp; Chemicals","publisher":{"@id":"https:\/\/masterchem.ee\/fi\/#organization"},"potentialAction":[{"@type":"SearchAction","target":{"@type":"EntryPoint","urlTemplate":"https:\/\/masterchem.ee\/fi\/?s={search_term_string}"},"query-input":{"@type":"PropertyValueSpecification","valueRequired":true,"valueName":"search_term_string"}}],"inLanguage":"fi"},{"@type":"Organization","@id":"https:\/\/masterchem.ee\/fi\/#organization","name":"Masterchem","url":"https:\/\/masterchem.ee\/fi\/","logo":{"@type":"ImageObject","inLanguage":"fi","@id":"https:\/\/masterchem.ee\/fi\/#\/schema\/logo\/image\/","url":"https:\/\/masterchem.ee\/wp-content\/uploads\/2018\/02\/master-chem_final-1.png","contentUrl":"https:\/\/masterchem.ee\/wp-content\/uploads\/2018\/02\/master-chem_final-1.png","width":850,"height":356,"caption":"Masterchem"},"image":{"@id":"https:\/\/masterchem.ee\/fi\/#\/schema\/logo\/image\/"}}]}},"_links":{"self":[{"href":"https:\/\/masterchem.ee\/fi\/wp-json\/wp\/v2\/product\/12764","targetHints":{"allow":["GET"]}}],"collection":[{"href":"https:\/\/masterchem.ee\/fi\/wp-json\/wp\/v2\/product"}],"about":[{"href":"https:\/\/masterchem.ee\/fi\/wp-json\/wp\/v2\/types\/product"}],"wp:featuredmedia":[{"embeddable":true,"href":"https:\/\/masterchem.ee\/fi\/wp-json\/wp\/v2\/media\/12774"}],"wp:attachment":[{"href":"https:\/\/masterchem.ee\/fi\/wp-json\/wp\/v2\/media?parent=12764"}],"wp:term":[{"taxonomy":"product_brand","embeddable":true,"href":"https:\/\/masterchem.ee\/fi\/wp-json\/wp\/v2\/product_brand?post=12764"},{"taxonomy":"product_cat","embeddable":true,"href":"https:\/\/masterchem.ee\/fi\/wp-json\/wp\/v2\/product_cat?post=12764"},{"taxonomy":"product_tag","embeddable":true,"href":"https:\/\/masterchem.ee\/fi\/wp-json\/wp\/v2\/product_tag?post=12764"}],"curies":[{"name":"wp","href":"https:\/\/api.w.org\/{rel}","templated":true}]}}