{"id":12745,"date":"2021-08-06T15:54:27","date_gmt":"2021-08-06T15:54:28","guid":{"rendered":"https:\/\/masterchem.ee\/?post_type=product&#038;p=12745"},"modified":"2021-08-25T05:15:40","modified_gmt":"2021-08-25T05:15:40","slug":"jodi-cas-7553-56-2","status":"publish","type":"product","link":"https:\/\/masterchem.ee\/fi\/tooted-ja-teenused\/jodi-cas-7553-56-2\/","title":{"rendered":"Jodi (CAS 7553-56-2)"},"content":{"rendered":"<p> <strong> Info<\/strong> <\/p>\n<p> Toimialat: kotitalouskemikaalit, l\u00e4\u00e4keteollisuus, elintarviketeollisuus <br \/>\nCAS-numero: 7553-56-2 <br \/>\nWE-numero: 231-442-4 <br \/>\nKemiallinen kaava: I <br \/>\nMoolimassa: 126,9 g \/mol <br \/>\nTullitariffi: 28012000 <\/p>\n<p> <strong> Muut fyysiset ominaisuudet <\/strong> <\/p>\n<p> Sulamis- \/ j\u00e4\u00e4tymispiste: 113,6 \u00b0 C, 1013 hPa <br \/>\nKiehumispiste \/ kiehumisalue: 184,4 \u00b0 C, 1013 hPa <br \/>\nSuhteellinen tiheys: 4,93 g \/cm3 w 20 \u00b0 C <br \/>\nLiukoisuus veteen: 330 mg\/l, 25 \u00b0 C <\/p>\n","protected":false},"excerpt":{"rendered":"<p> <strong> Jodi (CAS 7553-56-2) <\/strong> <\/p>\n<p> Jodi on kemiallinen alkuaine, jonka symboli on I ja atominumero 53. Raskain pysyvist\u00e4 halogeeneista, se on puolikiilt\u00e4v\u00e4, ei-metallinen kiinte\u00e4 aine vakio-olosuhteissa, joka sulaa muodostaen syv\u00e4n violetin nesteen 114 asteessa Celsius ja kiehuu violetiksi kaasuksi 184 celsiusasteessa. Elementin l\u00f6ysi ranskalainen kemisti Bernard Courtois vuonna 1811, ja Joseph Louis Gay-Lussac nimesi sen kaksi vuotta my\u00f6hemmin kreikkalaisen \u1f30\u03ce\u03b4\u03b7\u03c2 &#8221;violetinv\u00e4risen&#8221; mukaan. <\/p>\n<p> Jodia esiintyy monissa hapettumistiloissa, mukaan lukien jodidi (I\u2212), jodaatti (IO\u2212 <br \/>\n3) ja erilaiset periodaattianionit. Se on v\u00e4hiten runsas pysyvist\u00e4 halogeeneista, sill\u00e4 se on kuudenkymmenen ensimm\u00e4inen yleisin alkuaine. Se on raskain v\u00e4ltt\u00e4m\u00e4t\u00f6n mineraaliravinne. Jodi on v\u00e4ltt\u00e4m\u00e4t\u00f6n kilpirauhashormonien synteesiss\u00e4. Jodin puutos vaikuttaa noin kahteen miljardiin ihmiseen ja on johtava ehk\u00e4ist\u00e4viss\u00e4 oleva kehitysvammainen syy. <\/p>\n<p> Nyky\u00e4\u00e4n hallitsevat jodin tuottajat ovat Chile ja Japani. Jodia ja sen yhdisteit\u00e4 k\u00e4ytet\u00e4\u00e4n p\u00e4\u00e4asiassa ravitsemuksessa. Suuren atomiluvun ja helpon kiinnittymisen orgaanisiin yhdisteisiin ansiosta se on my\u00f6s saanut suosion myrkytt\u00f6m\u00e4n\u00e4 radiokontrastimateriaalina. Koska ihmiskeho ottaa sen erityisell\u00e4 tavalla, jodin radioaktiivisia isotooppeja voidaan k\u00e4ytt\u00e4\u00e4 my\u00f6s kilpirauhassy\u00f6v\u00e4n hoitoon. Jodia k\u00e4ytet\u00e4\u00e4n my\u00f6s katalyyttin\u00e4 etikkahapon ja joidenkin polymeerien teollisessa tuotannossa. <\/p>\n","protected":false},"featured_media":12751,"template":"","meta":[],"product_brand":[],"product_cat":[180,117,120,307],"product_tag":[],"class_list":{"0":"post-12745","1":"product","2":"type-product","3":"status-publish","4":"has-post-thumbnail","6":"product_cat-uncategorized-fi-2","7":"product_cat-kotitalouskemikaalit","8":"product_cat-laaketeollisuus","9":"product_cat-ruokateollisuus","11":"first","12":"instock","13":"taxable","14":"shipping-taxable","15":"purchasable","16":"product-type-variable","17":"has-default-attributes"},"yoast_head":"<!-- This site is optimized with the Yoast SEO plugin v26.2 - https:\/\/yoast.com\/wordpress\/plugins\/seo\/ -->\n<title>Jodi (CAS 7553-56-2) - Chemistry For Industry - Solvents &amp; Chemicals - Masterchem.ee<\/title>\n<meta name=\"description\" content=\"Jodi on kemiallinen alkuaine, jolla on symboli I ja atominumero 53. Raskain pysyvist\u00e4 halogeeneista, se esiintyy puolikiilt\u00e4v\u00e4n\u00e4, ei-metallisena kiinte\u00e4n\u00e4 aineena vakio-olosuhteissa, joka sulaa muodostaen syv\u00e4n violetin nesteen 114 celsiusasteessa, ja kiehuu violetiksi kaasuksi 184 celsiusasteessa.\" \/>\n<meta name=\"robots\" content=\"index, follow, max-snippet:-1, max-image-preview:large, max-video-preview:-1\" \/>\n<link rel=\"canonical\" href=\"https:\/\/masterchem.ee\/fi\/tooted-ja-teenused\/jodi-cas-7553-56-2\/\" \/>\n<meta name=\"twitter:card\" content=\"summary_large_image\" \/>\n<meta name=\"twitter:title\" content=\"Jodi (CAS 7553-56-2) - Chemistry For Industry - Solvents &amp; Chemicals - Masterchem.ee\" \/>\n<meta name=\"twitter:description\" content=\"Jodi on kemiallinen alkuaine, jolla on symboli I ja atominumero 53. Raskain pysyvist\u00e4 halogeeneista, se esiintyy puolikiilt\u00e4v\u00e4n\u00e4, ei-metallisena kiinte\u00e4n\u00e4 aineena vakio-olosuhteissa, joka sulaa muodostaen syv\u00e4n violetin nesteen 114 celsiusasteessa, ja kiehuu violetiksi kaasuksi 184 celsiusasteessa.\" \/>\n<meta name=\"twitter:image\" content=\"https:\/\/masterchem.ee\/wp-content\/uploads\/2021\/08\/Iodine-25kg-MasterChem.jpg\" \/>\n<script type=\"application\/ld+json\" class=\"yoast-schema-graph\">{\"@context\":\"https:\/\/schema.org\",\"@graph\":[{\"@type\":\"WebPage\",\"@id\":\"https:\/\/masterchem.ee\/fi\/tooted-ja-teenused\/jodi-cas-7553-56-2\/\",\"url\":\"https:\/\/masterchem.ee\/fi\/tooted-ja-teenused\/jodi-cas-7553-56-2\/\",\"name\":\"Jodi (CAS 7553-56-2) - Chemistry For Industry - Solvents &amp; Chemicals - Masterchem.ee\",\"isPartOf\":{\"@id\":\"https:\/\/masterchem.ee\/fi\/#website\"},\"primaryImageOfPage\":{\"@id\":\"https:\/\/masterchem.ee\/fi\/tooted-ja-teenused\/jodi-cas-7553-56-2\/#primaryimage\"},\"image\":{\"@id\":\"https:\/\/masterchem.ee\/fi\/tooted-ja-teenused\/jodi-cas-7553-56-2\/#primaryimage\"},\"thumbnailUrl\":\"https:\/\/masterchem.ee\/wp-content\/uploads\/2021\/08\/Iodine-25kg-MasterChem.jpg\",\"datePublished\":\"2021-08-06T15:54:28+00:00\",\"dateModified\":\"2021-08-25T05:15:40+00:00\",\"description\":\"Jodi on kemiallinen alkuaine, jolla on symboli I ja atominumero 53. Raskain pysyvist\u00e4 halogeeneista, se esiintyy puolikiilt\u00e4v\u00e4n\u00e4, ei-metallisena kiinte\u00e4n\u00e4 aineena vakio-olosuhteissa, joka sulaa muodostaen syv\u00e4n violetin nesteen 114 celsiusasteessa, ja kiehuu violetiksi kaasuksi 184 celsiusasteessa.\",\"breadcrumb\":{\"@id\":\"https:\/\/masterchem.ee\/fi\/tooted-ja-teenused\/jodi-cas-7553-56-2\/#breadcrumb\"},\"inLanguage\":\"fi\",\"potentialAction\":[{\"@type\":\"ReadAction\",\"target\":[\"https:\/\/masterchem.ee\/fi\/tooted-ja-teenused\/jodi-cas-7553-56-2\/\"]}]},{\"@type\":\"ImageObject\",\"inLanguage\":\"fi\",\"@id\":\"https:\/\/masterchem.ee\/fi\/tooted-ja-teenused\/jodi-cas-7553-56-2\/#primaryimage\",\"url\":\"https:\/\/masterchem.ee\/wp-content\/uploads\/2021\/08\/Iodine-25kg-MasterChem.jpg\",\"contentUrl\":\"https:\/\/masterchem.ee\/wp-content\/uploads\/2021\/08\/Iodine-25kg-MasterChem.jpg\",\"width\":1000,\"height\":1000,\"caption\":\"Jodi (CAS 7553-56-2) 25kg MasterChem\"},{\"@type\":\"BreadcrumbList\",\"@id\":\"https:\/\/masterchem.ee\/fi\/tooted-ja-teenused\/jodi-cas-7553-56-2\/#breadcrumb\",\"itemListElement\":[{\"@type\":\"ListItem\",\"position\":1,\"name\":\"Home\",\"item\":\"https:\/\/masterchem.ee\/fi\/\"},{\"@type\":\"ListItem\",\"position\":2,\"name\":\"Tooted ja teenused\",\"item\":\"https:\/\/masterchem.ee\/tooted-ja-teenused\/\"},{\"@type\":\"ListItem\",\"position\":3,\"name\":\"Jodi (CAS 7553-56-2)\"}]},{\"@type\":\"WebSite\",\"@id\":\"https:\/\/masterchem.ee\/fi\/#website\",\"url\":\"https:\/\/masterchem.ee\/fi\/\",\"name\":\"Masterchem.ee\",\"description\":\"Chemistry For Industry - Solvents &amp; Chemicals\",\"publisher\":{\"@id\":\"https:\/\/masterchem.ee\/fi\/#organization\"},\"potentialAction\":[{\"@type\":\"SearchAction\",\"target\":{\"@type\":\"EntryPoint\",\"urlTemplate\":\"https:\/\/masterchem.ee\/fi\/?s={search_term_string}\"},\"query-input\":{\"@type\":\"PropertyValueSpecification\",\"valueRequired\":true,\"valueName\":\"search_term_string\"}}],\"inLanguage\":\"fi\"},{\"@type\":\"Organization\",\"@id\":\"https:\/\/masterchem.ee\/fi\/#organization\",\"name\":\"Masterchem\",\"url\":\"https:\/\/masterchem.ee\/fi\/\",\"logo\":{\"@type\":\"ImageObject\",\"inLanguage\":\"fi\",\"@id\":\"https:\/\/masterchem.ee\/fi\/#\/schema\/logo\/image\/\",\"url\":\"https:\/\/masterchem.ee\/wp-content\/uploads\/2018\/02\/master-chem_final-1.png\",\"contentUrl\":\"https:\/\/masterchem.ee\/wp-content\/uploads\/2018\/02\/master-chem_final-1.png\",\"width\":850,\"height\":356,\"caption\":\"Masterchem\"},\"image\":{\"@id\":\"https:\/\/masterchem.ee\/fi\/#\/schema\/logo\/image\/\"}}]}<\/script>\n<!-- \/ Yoast SEO plugin. -->","yoast_head_json":{"title":"Jodi (CAS 7553-56-2) - Chemistry For Industry - Solvents &amp; Chemicals - Masterchem.ee","description":"Jodi on kemiallinen alkuaine, jolla on symboli I ja atominumero 53. Raskain pysyvist\u00e4 halogeeneista, se esiintyy puolikiilt\u00e4v\u00e4n\u00e4, ei-metallisena kiinte\u00e4n\u00e4 aineena vakio-olosuhteissa, joka sulaa muodostaen syv\u00e4n violetin nesteen 114 celsiusasteessa, ja kiehuu violetiksi kaasuksi 184 celsiusasteessa.","robots":{"index":"index","follow":"follow","max-snippet":"max-snippet:-1","max-image-preview":"max-image-preview:large","max-video-preview":"max-video-preview:-1"},"canonical":"https:\/\/masterchem.ee\/fi\/tooted-ja-teenused\/jodi-cas-7553-56-2\/","twitter_card":"summary_large_image","twitter_title":"Jodi (CAS 7553-56-2) - Chemistry For Industry - Solvents &amp; Chemicals - Masterchem.ee","twitter_description":"Jodi on kemiallinen alkuaine, jolla on symboli I ja atominumero 53. Raskain pysyvist\u00e4 halogeeneista, se esiintyy puolikiilt\u00e4v\u00e4n\u00e4, ei-metallisena kiinte\u00e4n\u00e4 aineena vakio-olosuhteissa, joka sulaa muodostaen syv\u00e4n violetin nesteen 114 celsiusasteessa, ja kiehuu violetiksi kaasuksi 184 celsiusasteessa.","twitter_image":"https:\/\/masterchem.ee\/wp-content\/uploads\/2021\/08\/Iodine-25kg-MasterChem.jpg","schema":{"@context":"https:\/\/schema.org","@graph":[{"@type":"WebPage","@id":"https:\/\/masterchem.ee\/fi\/tooted-ja-teenused\/jodi-cas-7553-56-2\/","url":"https:\/\/masterchem.ee\/fi\/tooted-ja-teenused\/jodi-cas-7553-56-2\/","name":"Jodi (CAS 7553-56-2) - Chemistry For Industry - Solvents &amp; Chemicals - Masterchem.ee","isPartOf":{"@id":"https:\/\/masterchem.ee\/fi\/#website"},"primaryImageOfPage":{"@id":"https:\/\/masterchem.ee\/fi\/tooted-ja-teenused\/jodi-cas-7553-56-2\/#primaryimage"},"image":{"@id":"https:\/\/masterchem.ee\/fi\/tooted-ja-teenused\/jodi-cas-7553-56-2\/#primaryimage"},"thumbnailUrl":"https:\/\/masterchem.ee\/wp-content\/uploads\/2021\/08\/Iodine-25kg-MasterChem.jpg","datePublished":"2021-08-06T15:54:28+00:00","dateModified":"2021-08-25T05:15:40+00:00","description":"Jodi on kemiallinen alkuaine, jolla on symboli I ja atominumero 53. Raskain pysyvist\u00e4 halogeeneista, se esiintyy puolikiilt\u00e4v\u00e4n\u00e4, ei-metallisena kiinte\u00e4n\u00e4 aineena vakio-olosuhteissa, joka sulaa muodostaen syv\u00e4n violetin nesteen 114 celsiusasteessa, ja kiehuu violetiksi kaasuksi 184 celsiusasteessa.","breadcrumb":{"@id":"https:\/\/masterchem.ee\/fi\/tooted-ja-teenused\/jodi-cas-7553-56-2\/#breadcrumb"},"inLanguage":"fi","potentialAction":[{"@type":"ReadAction","target":["https:\/\/masterchem.ee\/fi\/tooted-ja-teenused\/jodi-cas-7553-56-2\/"]}]},{"@type":"ImageObject","inLanguage":"fi","@id":"https:\/\/masterchem.ee\/fi\/tooted-ja-teenused\/jodi-cas-7553-56-2\/#primaryimage","url":"https:\/\/masterchem.ee\/wp-content\/uploads\/2021\/08\/Iodine-25kg-MasterChem.jpg","contentUrl":"https:\/\/masterchem.ee\/wp-content\/uploads\/2021\/08\/Iodine-25kg-MasterChem.jpg","width":1000,"height":1000,"caption":"Jodi (CAS 7553-56-2) 25kg MasterChem"},{"@type":"BreadcrumbList","@id":"https:\/\/masterchem.ee\/fi\/tooted-ja-teenused\/jodi-cas-7553-56-2\/#breadcrumb","itemListElement":[{"@type":"ListItem","position":1,"name":"Home","item":"https:\/\/masterchem.ee\/fi\/"},{"@type":"ListItem","position":2,"name":"Tooted ja teenused","item":"https:\/\/masterchem.ee\/tooted-ja-teenused\/"},{"@type":"ListItem","position":3,"name":"Jodi (CAS 7553-56-2)"}]},{"@type":"WebSite","@id":"https:\/\/masterchem.ee\/fi\/#website","url":"https:\/\/masterchem.ee\/fi\/","name":"Masterchem.ee","description":"Chemistry For Industry - Solvents &amp; Chemicals","publisher":{"@id":"https:\/\/masterchem.ee\/fi\/#organization"},"potentialAction":[{"@type":"SearchAction","target":{"@type":"EntryPoint","urlTemplate":"https:\/\/masterchem.ee\/fi\/?s={search_term_string}"},"query-input":{"@type":"PropertyValueSpecification","valueRequired":true,"valueName":"search_term_string"}}],"inLanguage":"fi"},{"@type":"Organization","@id":"https:\/\/masterchem.ee\/fi\/#organization","name":"Masterchem","url":"https:\/\/masterchem.ee\/fi\/","logo":{"@type":"ImageObject","inLanguage":"fi","@id":"https:\/\/masterchem.ee\/fi\/#\/schema\/logo\/image\/","url":"https:\/\/masterchem.ee\/wp-content\/uploads\/2018\/02\/master-chem_final-1.png","contentUrl":"https:\/\/masterchem.ee\/wp-content\/uploads\/2018\/02\/master-chem_final-1.png","width":850,"height":356,"caption":"Masterchem"},"image":{"@id":"https:\/\/masterchem.ee\/fi\/#\/schema\/logo\/image\/"}}]}},"_links":{"self":[{"href":"https:\/\/masterchem.ee\/fi\/wp-json\/wp\/v2\/product\/12745","targetHints":{"allow":["GET"]}}],"collection":[{"href":"https:\/\/masterchem.ee\/fi\/wp-json\/wp\/v2\/product"}],"about":[{"href":"https:\/\/masterchem.ee\/fi\/wp-json\/wp\/v2\/types\/product"}],"wp:featuredmedia":[{"embeddable":true,"href":"https:\/\/masterchem.ee\/fi\/wp-json\/wp\/v2\/media\/12751"}],"wp:attachment":[{"href":"https:\/\/masterchem.ee\/fi\/wp-json\/wp\/v2\/media?parent=12745"}],"wp:term":[{"taxonomy":"product_brand","embeddable":true,"href":"https:\/\/masterchem.ee\/fi\/wp-json\/wp\/v2\/product_brand?post=12745"},{"taxonomy":"product_cat","embeddable":true,"href":"https:\/\/masterchem.ee\/fi\/wp-json\/wp\/v2\/product_cat?post=12745"},{"taxonomy":"product_tag","embeddable":true,"href":"https:\/\/masterchem.ee\/fi\/wp-json\/wp\/v2\/product_tag?post=12745"}],"curies":[{"name":"wp","href":"https:\/\/api.w.org\/{rel}","templated":true}]}}