{"id":12712,"date":"2021-08-04T18:55:17","date_gmt":"2021-08-04T18:55:19","guid":{"rendered":"https:\/\/masterchem.ee\/?post_type=product&#038;p=12712"},"modified":"2021-08-04T19:02:38","modified_gmt":"2021-08-04T19:02:38","slug":"ksantaanikumi-cas-11138-66-2","status":"publish","type":"product","link":"https:\/\/masterchem.ee\/fi\/tooted-ja-teenused\/ksantaanikumi-cas-11138-66-2\/","title":{"rendered":"Ksantaanikumi (CAS 11138-66-2)"},"content":{"rendered":"<p> <strong> Info<\/strong> <\/p>\n<p>Toimialat: Kotitalouskemikaalit, Kosmetiikkateollisuus <br \/>\nCAS-numero: 11138-66-2 <br \/>\nWE-numero: 234-394-2 <\/p>\n<p> <strong> Muut fyysiset ominaisuudet <\/strong> <\/p>\n<p> Suhteellinen tiheys: 1,5 g\/cm3 <\/p>\n","protected":false},"excerpt":{"rendered":"<p> <strong> Ksantaanikumi (CAS 11138-66-2) <\/strong> <\/p>\n<p> Ksantaanikumi (\/\u02c8z\u00e6n\u03b8\u0259n\/) on polysakkaridi, jolla on monia teollisia k\u00e4ytt\u00f6tarkoituksia, my\u00f6s yleisen\u00e4 elintarvikelis\u00e4aineena. Se on tehokas sakeutusaine ja stabilointiaine, joka est\u00e4\u00e4 ainesosien erottumisen. Se voidaan valmistaa yksinkertaisista sokereista k\u00e4ymisprosessin avulla, ja se saa nimens\u00e4 k\u00e4ytettyjen bakteerilajien, Xanthomonas campestris. <\/p>\n","protected":false},"featured_media":12718,"template":"","meta":[],"product_brand":[],"product_cat":[180,294,117],"product_tag":[],"class_list":{"0":"post-12712","1":"product","2":"type-product","3":"status-publish","4":"has-post-thumbnail","6":"product_cat-uncategorized-fi-2","7":"product_cat-kosmetiikkateollisuus","8":"product_cat-kotitalouskemikaalit","10":"first","11":"instock","12":"taxable","13":"shipping-taxable","14":"purchasable","15":"product-type-variable","16":"has-default-attributes"},"yoast_head":"<!-- This site is optimized with the Yoast SEO plugin v26.2 - https:\/\/yoast.com\/wordpress\/plugins\/seo\/ -->\n<title>Ksantaanikumi (CAS 11138-66-2) - Chemistry For Industry - Solvents &amp; Chemicals - Masterchem.ee<\/title>\n<meta name=\"description\" content=\"Ksantaanikumi on polysakkaridi, jolla on monia teollisia k\u00e4ytt\u00f6tarkoituksia, my\u00f6s yleisen\u00e4 elintarvikelis\u00e4aineena.\" \/>\n<meta name=\"robots\" content=\"index, follow, max-snippet:-1, max-image-preview:large, max-video-preview:-1\" \/>\n<link rel=\"canonical\" href=\"https:\/\/masterchem.ee\/fi\/tooted-ja-teenused\/ksantaanikumi-cas-11138-66-2\/\" \/>\n<meta name=\"twitter:card\" content=\"summary_large_image\" \/>\n<meta name=\"twitter:title\" content=\"Ksantaanikumi (CAS 11138-66-2) - Chemistry For Industry - Solvents &amp; Chemicals - Masterchem.ee\" \/>\n<meta name=\"twitter:description\" content=\"Ksantaanikumi on polysakkaridi, jolla on monia teollisia k\u00e4ytt\u00f6tarkoituksia, my\u00f6s yleisen\u00e4 elintarvikelis\u00e4aineena.\" \/>\n<meta name=\"twitter:image\" content=\"https:\/\/masterchem.ee\/wp-content\/uploads\/2021\/08\/Ksantaan-25kg-MasterChem.jpg\" \/>\n<script type=\"application\/ld+json\" class=\"yoast-schema-graph\">{\"@context\":\"https:\/\/schema.org\",\"@graph\":[{\"@type\":\"WebPage\",\"@id\":\"https:\/\/masterchem.ee\/fi\/tooted-ja-teenused\/ksantaanikumi-cas-11138-66-2\/\",\"url\":\"https:\/\/masterchem.ee\/fi\/tooted-ja-teenused\/ksantaanikumi-cas-11138-66-2\/\",\"name\":\"Ksantaanikumi (CAS 11138-66-2) - Chemistry For Industry - Solvents &amp; Chemicals - Masterchem.ee\",\"isPartOf\":{\"@id\":\"https:\/\/masterchem.ee\/fi\/#website\"},\"primaryImageOfPage\":{\"@id\":\"https:\/\/masterchem.ee\/fi\/tooted-ja-teenused\/ksantaanikumi-cas-11138-66-2\/#primaryimage\"},\"image\":{\"@id\":\"https:\/\/masterchem.ee\/fi\/tooted-ja-teenused\/ksantaanikumi-cas-11138-66-2\/#primaryimage\"},\"thumbnailUrl\":\"https:\/\/masterchem.ee\/wp-content\/uploads\/2021\/08\/Ksantaan-25kg-MasterChem.jpg\",\"datePublished\":\"2021-08-04T18:55:19+00:00\",\"dateModified\":\"2021-08-04T19:02:38+00:00\",\"description\":\"Ksantaanikumi on polysakkaridi, jolla on monia teollisia k\u00e4ytt\u00f6tarkoituksia, my\u00f6s yleisen\u00e4 elintarvikelis\u00e4aineena.\",\"breadcrumb\":{\"@id\":\"https:\/\/masterchem.ee\/fi\/tooted-ja-teenused\/ksantaanikumi-cas-11138-66-2\/#breadcrumb\"},\"inLanguage\":\"fi\",\"potentialAction\":[{\"@type\":\"ReadAction\",\"target\":[\"https:\/\/masterchem.ee\/fi\/tooted-ja-teenused\/ksantaanikumi-cas-11138-66-2\/\"]}]},{\"@type\":\"ImageObject\",\"inLanguage\":\"fi\",\"@id\":\"https:\/\/masterchem.ee\/fi\/tooted-ja-teenused\/ksantaanikumi-cas-11138-66-2\/#primaryimage\",\"url\":\"https:\/\/masterchem.ee\/wp-content\/uploads\/2021\/08\/Ksantaan-25kg-MasterChem.jpg\",\"contentUrl\":\"https:\/\/masterchem.ee\/wp-content\/uploads\/2021\/08\/Ksantaan-25kg-MasterChem.jpg\",\"width\":1000,\"height\":1000,\"caption\":\"Ksantaanikumi (CAS 11138-66-2) 25kg MasterChem\"},{\"@type\":\"BreadcrumbList\",\"@id\":\"https:\/\/masterchem.ee\/fi\/tooted-ja-teenused\/ksantaanikumi-cas-11138-66-2\/#breadcrumb\",\"itemListElement\":[{\"@type\":\"ListItem\",\"position\":1,\"name\":\"Home\",\"item\":\"https:\/\/masterchem.ee\/fi\/\"},{\"@type\":\"ListItem\",\"position\":2,\"name\":\"Tooted ja teenused\",\"item\":\"https:\/\/masterchem.ee\/tooted-ja-teenused\/\"},{\"@type\":\"ListItem\",\"position\":3,\"name\":\"Ksantaanikumi (CAS 11138-66-2)\"}]},{\"@type\":\"WebSite\",\"@id\":\"https:\/\/masterchem.ee\/fi\/#website\",\"url\":\"https:\/\/masterchem.ee\/fi\/\",\"name\":\"Masterchem.ee\",\"description\":\"Chemistry For Industry - Solvents &amp; Chemicals\",\"publisher\":{\"@id\":\"https:\/\/masterchem.ee\/fi\/#organization\"},\"potentialAction\":[{\"@type\":\"SearchAction\",\"target\":{\"@type\":\"EntryPoint\",\"urlTemplate\":\"https:\/\/masterchem.ee\/fi\/?s={search_term_string}\"},\"query-input\":{\"@type\":\"PropertyValueSpecification\",\"valueRequired\":true,\"valueName\":\"search_term_string\"}}],\"inLanguage\":\"fi\"},{\"@type\":\"Organization\",\"@id\":\"https:\/\/masterchem.ee\/fi\/#organization\",\"name\":\"Masterchem\",\"url\":\"https:\/\/masterchem.ee\/fi\/\",\"logo\":{\"@type\":\"ImageObject\",\"inLanguage\":\"fi\",\"@id\":\"https:\/\/masterchem.ee\/fi\/#\/schema\/logo\/image\/\",\"url\":\"https:\/\/masterchem.ee\/wp-content\/uploads\/2018\/02\/master-chem_final-1.png\",\"contentUrl\":\"https:\/\/masterchem.ee\/wp-content\/uploads\/2018\/02\/master-chem_final-1.png\",\"width\":850,\"height\":356,\"caption\":\"Masterchem\"},\"image\":{\"@id\":\"https:\/\/masterchem.ee\/fi\/#\/schema\/logo\/image\/\"}}]}<\/script>\n<!-- \/ Yoast SEO plugin. -->","yoast_head_json":{"title":"Ksantaanikumi (CAS 11138-66-2) - Chemistry For Industry - Solvents &amp; Chemicals - Masterchem.ee","description":"Ksantaanikumi on polysakkaridi, jolla on monia teollisia k\u00e4ytt\u00f6tarkoituksia, my\u00f6s yleisen\u00e4 elintarvikelis\u00e4aineena.","robots":{"index":"index","follow":"follow","max-snippet":"max-snippet:-1","max-image-preview":"max-image-preview:large","max-video-preview":"max-video-preview:-1"},"canonical":"https:\/\/masterchem.ee\/fi\/tooted-ja-teenused\/ksantaanikumi-cas-11138-66-2\/","twitter_card":"summary_large_image","twitter_title":"Ksantaanikumi (CAS 11138-66-2) - Chemistry For Industry - Solvents &amp; Chemicals - Masterchem.ee","twitter_description":"Ksantaanikumi on polysakkaridi, jolla on monia teollisia k\u00e4ytt\u00f6tarkoituksia, my\u00f6s yleisen\u00e4 elintarvikelis\u00e4aineena.","twitter_image":"https:\/\/masterchem.ee\/wp-content\/uploads\/2021\/08\/Ksantaan-25kg-MasterChem.jpg","schema":{"@context":"https:\/\/schema.org","@graph":[{"@type":"WebPage","@id":"https:\/\/masterchem.ee\/fi\/tooted-ja-teenused\/ksantaanikumi-cas-11138-66-2\/","url":"https:\/\/masterchem.ee\/fi\/tooted-ja-teenused\/ksantaanikumi-cas-11138-66-2\/","name":"Ksantaanikumi (CAS 11138-66-2) - Chemistry For Industry - Solvents &amp; Chemicals - Masterchem.ee","isPartOf":{"@id":"https:\/\/masterchem.ee\/fi\/#website"},"primaryImageOfPage":{"@id":"https:\/\/masterchem.ee\/fi\/tooted-ja-teenused\/ksantaanikumi-cas-11138-66-2\/#primaryimage"},"image":{"@id":"https:\/\/masterchem.ee\/fi\/tooted-ja-teenused\/ksantaanikumi-cas-11138-66-2\/#primaryimage"},"thumbnailUrl":"https:\/\/masterchem.ee\/wp-content\/uploads\/2021\/08\/Ksantaan-25kg-MasterChem.jpg","datePublished":"2021-08-04T18:55:19+00:00","dateModified":"2021-08-04T19:02:38+00:00","description":"Ksantaanikumi on polysakkaridi, jolla on monia teollisia k\u00e4ytt\u00f6tarkoituksia, my\u00f6s yleisen\u00e4 elintarvikelis\u00e4aineena.","breadcrumb":{"@id":"https:\/\/masterchem.ee\/fi\/tooted-ja-teenused\/ksantaanikumi-cas-11138-66-2\/#breadcrumb"},"inLanguage":"fi","potentialAction":[{"@type":"ReadAction","target":["https:\/\/masterchem.ee\/fi\/tooted-ja-teenused\/ksantaanikumi-cas-11138-66-2\/"]}]},{"@type":"ImageObject","inLanguage":"fi","@id":"https:\/\/masterchem.ee\/fi\/tooted-ja-teenused\/ksantaanikumi-cas-11138-66-2\/#primaryimage","url":"https:\/\/masterchem.ee\/wp-content\/uploads\/2021\/08\/Ksantaan-25kg-MasterChem.jpg","contentUrl":"https:\/\/masterchem.ee\/wp-content\/uploads\/2021\/08\/Ksantaan-25kg-MasterChem.jpg","width":1000,"height":1000,"caption":"Ksantaanikumi (CAS 11138-66-2) 25kg MasterChem"},{"@type":"BreadcrumbList","@id":"https:\/\/masterchem.ee\/fi\/tooted-ja-teenused\/ksantaanikumi-cas-11138-66-2\/#breadcrumb","itemListElement":[{"@type":"ListItem","position":1,"name":"Home","item":"https:\/\/masterchem.ee\/fi\/"},{"@type":"ListItem","position":2,"name":"Tooted ja teenused","item":"https:\/\/masterchem.ee\/tooted-ja-teenused\/"},{"@type":"ListItem","position":3,"name":"Ksantaanikumi (CAS 11138-66-2)"}]},{"@type":"WebSite","@id":"https:\/\/masterchem.ee\/fi\/#website","url":"https:\/\/masterchem.ee\/fi\/","name":"Masterchem.ee","description":"Chemistry For Industry - Solvents &amp; Chemicals","publisher":{"@id":"https:\/\/masterchem.ee\/fi\/#organization"},"potentialAction":[{"@type":"SearchAction","target":{"@type":"EntryPoint","urlTemplate":"https:\/\/masterchem.ee\/fi\/?s={search_term_string}"},"query-input":{"@type":"PropertyValueSpecification","valueRequired":true,"valueName":"search_term_string"}}],"inLanguage":"fi"},{"@type":"Organization","@id":"https:\/\/masterchem.ee\/fi\/#organization","name":"Masterchem","url":"https:\/\/masterchem.ee\/fi\/","logo":{"@type":"ImageObject","inLanguage":"fi","@id":"https:\/\/masterchem.ee\/fi\/#\/schema\/logo\/image\/","url":"https:\/\/masterchem.ee\/wp-content\/uploads\/2018\/02\/master-chem_final-1.png","contentUrl":"https:\/\/masterchem.ee\/wp-content\/uploads\/2018\/02\/master-chem_final-1.png","width":850,"height":356,"caption":"Masterchem"},"image":{"@id":"https:\/\/masterchem.ee\/fi\/#\/schema\/logo\/image\/"}}]}},"_links":{"self":[{"href":"https:\/\/masterchem.ee\/fi\/wp-json\/wp\/v2\/product\/12712","targetHints":{"allow":["GET"]}}],"collection":[{"href":"https:\/\/masterchem.ee\/fi\/wp-json\/wp\/v2\/product"}],"about":[{"href":"https:\/\/masterchem.ee\/fi\/wp-json\/wp\/v2\/types\/product"}],"wp:featuredmedia":[{"embeddable":true,"href":"https:\/\/masterchem.ee\/fi\/wp-json\/wp\/v2\/media\/12718"}],"wp:attachment":[{"href":"https:\/\/masterchem.ee\/fi\/wp-json\/wp\/v2\/media?parent=12712"}],"wp:term":[{"taxonomy":"product_brand","embeddable":true,"href":"https:\/\/masterchem.ee\/fi\/wp-json\/wp\/v2\/product_brand?post=12712"},{"taxonomy":"product_cat","embeddable":true,"href":"https:\/\/masterchem.ee\/fi\/wp-json\/wp\/v2\/product_cat?post=12712"},{"taxonomy":"product_tag","embeddable":true,"href":"https:\/\/masterchem.ee\/fi\/wp-json\/wp\/v2\/product_tag?post=12712"}],"curies":[{"name":"wp","href":"https:\/\/api.w.org\/{rel}","templated":true}]}}