{"id":12697,"date":"2021-08-04T18:41:45","date_gmt":"2021-08-04T18:41:47","guid":{"rendered":"https:\/\/masterchem.ee\/?post_type=product&#038;p=12697"},"modified":"2021-08-04T18:48:53","modified_gmt":"2021-08-04T18:48:53","slug":"guarkumi-cas-9000-30-0","status":"publish","type":"product","link":"https:\/\/masterchem.ee\/fi\/tooted-ja-teenused\/guarkumi-cas-9000-30-0\/","title":{"rendered":"Guarkumi (CAS 9000-30-0)"},"content":{"rendered":"<p> <strong> Info<\/strong> <\/p>\n<p>Toimialat: Kotitalouskemikaalit, Kosmetiikkateollisuus, Elintarviketeollisuus <br \/>\nCAS-numero: 9000-30-0 <br \/>\nWE-numero: 232-536-8 <\/p>\n<p> <strong> Muut fyysiset ominaisuudet <\/strong> <\/p>\n<p> pH: 5,5 &#8211; 6,2 (1%) <br \/>\nSulamis- \/ j\u00e4\u00e4tymispiste: 72-77 \u00b0 C <br \/>\nSuhteellinen tiheys: 0,95 g\/cm3 (25 \u00b0 C) <\/p>\n","protected":false},"excerpt":{"rendered":"<p> <strong> Guarkumi (CAS 9000-30-0) <\/strong> <\/p>\n<p>Guarkumi on sy\u00f6t\u00e4v\u00e4ksi kelpaava luonnonkumi. Se on sakeuttamisaine, jota saadaan palkokasveihin kuuluvasta intialaista alkuper\u00e4\u00e4 olevasta guar-kasvin (Cyamopsis tetragonoloba) siemenist\u00e4.<\/p>\n<p>Guarkumi on kylm\u00e4\u00e4n veteen liukeneva polysakkaridi. Elintarvikkeiden lis\u00e4aineluettelossa guarkumi kuuluu sakeuttamisaineisiin ja sen E-koodi on E412. Guarkumin CAS-numero on 9000-30-0.<\/p>\n<p>Guarkumin tuontia Intiasta EU:hun on valvottu sen j\u00e4lkeen, kun siit\u00e4 l\u00f6ydettiin vuonna 2007 dioksiinia.<\/p>\n","protected":false},"featured_media":12703,"template":"","meta":[],"product_brand":[],"product_cat":[180,294,117,307],"product_tag":[],"class_list":{"0":"post-12697","1":"product","2":"type-product","3":"status-publish","4":"has-post-thumbnail","6":"product_cat-uncategorized-fi-2","7":"product_cat-kosmetiikkateollisuus","8":"product_cat-kotitalouskemikaalit","9":"product_cat-ruokateollisuus","11":"first","12":"instock","13":"taxable","14":"shipping-taxable","15":"purchasable","16":"product-type-variable","17":"has-default-attributes"},"yoast_head":"<!-- This site is optimized with the Yoast SEO plugin v26.2 - https:\/\/yoast.com\/wordpress\/plugins\/seo\/ -->\n<title>Guarkumi (CAS 9000-30-0) - Chemistry For Industry - Solvents &amp; Chemicals - Masterchem.ee<\/title>\n<meta name=\"description\" content=\"Guarkumi on sy\u00f6t\u00e4v\u00e4ksi kelpaava luonnonkumi. Se on sakeuttamisaine, jota saadaan palkokasveihin kuuluvasta intialaista alkuper\u00e4\u00e4 olevasta guar-kasvin (Cyamopsis tetragonoloba) siemenist\u00e4.\" \/>\n<meta name=\"robots\" content=\"index, follow, max-snippet:-1, max-image-preview:large, max-video-preview:-1\" \/>\n<link rel=\"canonical\" href=\"https:\/\/masterchem.ee\/fi\/tooted-ja-teenused\/guarkumi-cas-9000-30-0\/\" \/>\n<meta name=\"twitter:card\" content=\"summary_large_image\" \/>\n<meta name=\"twitter:title\" content=\"Guarkumi (CAS 9000-30-0) - Chemistry For Industry - Solvents &amp; Chemicals - Masterchem.ee\" \/>\n<meta name=\"twitter:description\" content=\"Guarkumi on sy\u00f6t\u00e4v\u00e4ksi kelpaava luonnonkumi. Se on sakeuttamisaine, jota saadaan palkokasveihin kuuluvasta intialaista alkuper\u00e4\u00e4 olevasta guar-kasvin (Cyamopsis tetragonoloba) siemenist\u00e4.\" \/>\n<meta name=\"twitter:image\" content=\"https:\/\/masterchem.ee\/wp-content\/uploads\/2021\/08\/Guarkummi-25kg-MasterChem.jpg\" \/>\n<script type=\"application\/ld+json\" class=\"yoast-schema-graph\">{\"@context\":\"https:\/\/schema.org\",\"@graph\":[{\"@type\":\"WebPage\",\"@id\":\"https:\/\/masterchem.ee\/fi\/tooted-ja-teenused\/guarkumi-cas-9000-30-0\/\",\"url\":\"https:\/\/masterchem.ee\/fi\/tooted-ja-teenused\/guarkumi-cas-9000-30-0\/\",\"name\":\"Guarkumi (CAS 9000-30-0) - Chemistry For Industry - Solvents &amp; Chemicals - Masterchem.ee\",\"isPartOf\":{\"@id\":\"https:\/\/masterchem.ee\/fi\/#website\"},\"primaryImageOfPage\":{\"@id\":\"https:\/\/masterchem.ee\/fi\/tooted-ja-teenused\/guarkumi-cas-9000-30-0\/#primaryimage\"},\"image\":{\"@id\":\"https:\/\/masterchem.ee\/fi\/tooted-ja-teenused\/guarkumi-cas-9000-30-0\/#primaryimage\"},\"thumbnailUrl\":\"https:\/\/masterchem.ee\/wp-content\/uploads\/2021\/08\/Guarkummi-25kg-MasterChem.jpg\",\"datePublished\":\"2021-08-04T18:41:47+00:00\",\"dateModified\":\"2021-08-04T18:48:53+00:00\",\"description\":\"Guarkumi on sy\u00f6t\u00e4v\u00e4ksi kelpaava luonnonkumi. Se on sakeuttamisaine, jota saadaan palkokasveihin kuuluvasta intialaista alkuper\u00e4\u00e4 olevasta guar-kasvin (Cyamopsis tetragonoloba) siemenist\u00e4.\",\"breadcrumb\":{\"@id\":\"https:\/\/masterchem.ee\/fi\/tooted-ja-teenused\/guarkumi-cas-9000-30-0\/#breadcrumb\"},\"inLanguage\":\"fi\",\"potentialAction\":[{\"@type\":\"ReadAction\",\"target\":[\"https:\/\/masterchem.ee\/fi\/tooted-ja-teenused\/guarkumi-cas-9000-30-0\/\"]}]},{\"@type\":\"ImageObject\",\"inLanguage\":\"fi\",\"@id\":\"https:\/\/masterchem.ee\/fi\/tooted-ja-teenused\/guarkumi-cas-9000-30-0\/#primaryimage\",\"url\":\"https:\/\/masterchem.ee\/wp-content\/uploads\/2021\/08\/Guarkummi-25kg-MasterChem.jpg\",\"contentUrl\":\"https:\/\/masterchem.ee\/wp-content\/uploads\/2021\/08\/Guarkummi-25kg-MasterChem.jpg\",\"width\":1000,\"height\":1000,\"caption\":\"Guarkumi (CAS 9000-30-0) 25kg MasterChem\"},{\"@type\":\"BreadcrumbList\",\"@id\":\"https:\/\/masterchem.ee\/fi\/tooted-ja-teenused\/guarkumi-cas-9000-30-0\/#breadcrumb\",\"itemListElement\":[{\"@type\":\"ListItem\",\"position\":1,\"name\":\"Home\",\"item\":\"https:\/\/masterchem.ee\/fi\/\"},{\"@type\":\"ListItem\",\"position\":2,\"name\":\"Tooted ja teenused\",\"item\":\"https:\/\/masterchem.ee\/tooted-ja-teenused\/\"},{\"@type\":\"ListItem\",\"position\":3,\"name\":\"Guarkumi (CAS 9000-30-0)\"}]},{\"@type\":\"WebSite\",\"@id\":\"https:\/\/masterchem.ee\/fi\/#website\",\"url\":\"https:\/\/masterchem.ee\/fi\/\",\"name\":\"Masterchem.ee\",\"description\":\"Chemistry For Industry - Solvents &amp; Chemicals\",\"publisher\":{\"@id\":\"https:\/\/masterchem.ee\/fi\/#organization\"},\"potentialAction\":[{\"@type\":\"SearchAction\",\"target\":{\"@type\":\"EntryPoint\",\"urlTemplate\":\"https:\/\/masterchem.ee\/fi\/?s={search_term_string}\"},\"query-input\":{\"@type\":\"PropertyValueSpecification\",\"valueRequired\":true,\"valueName\":\"search_term_string\"}}],\"inLanguage\":\"fi\"},{\"@type\":\"Organization\",\"@id\":\"https:\/\/masterchem.ee\/fi\/#organization\",\"name\":\"Masterchem\",\"url\":\"https:\/\/masterchem.ee\/fi\/\",\"logo\":{\"@type\":\"ImageObject\",\"inLanguage\":\"fi\",\"@id\":\"https:\/\/masterchem.ee\/fi\/#\/schema\/logo\/image\/\",\"url\":\"https:\/\/masterchem.ee\/wp-content\/uploads\/2018\/02\/master-chem_final-1.png\",\"contentUrl\":\"https:\/\/masterchem.ee\/wp-content\/uploads\/2018\/02\/master-chem_final-1.png\",\"width\":850,\"height\":356,\"caption\":\"Masterchem\"},\"image\":{\"@id\":\"https:\/\/masterchem.ee\/fi\/#\/schema\/logo\/image\/\"}}]}<\/script>\n<!-- \/ Yoast SEO plugin. -->","yoast_head_json":{"title":"Guarkumi (CAS 9000-30-0) - Chemistry For Industry - Solvents &amp; Chemicals - Masterchem.ee","description":"Guarkumi on sy\u00f6t\u00e4v\u00e4ksi kelpaava luonnonkumi. Se on sakeuttamisaine, jota saadaan palkokasveihin kuuluvasta intialaista alkuper\u00e4\u00e4 olevasta guar-kasvin (Cyamopsis tetragonoloba) siemenist\u00e4.","robots":{"index":"index","follow":"follow","max-snippet":"max-snippet:-1","max-image-preview":"max-image-preview:large","max-video-preview":"max-video-preview:-1"},"canonical":"https:\/\/masterchem.ee\/fi\/tooted-ja-teenused\/guarkumi-cas-9000-30-0\/","twitter_card":"summary_large_image","twitter_title":"Guarkumi (CAS 9000-30-0) - Chemistry For Industry - Solvents &amp; Chemicals - Masterchem.ee","twitter_description":"Guarkumi on sy\u00f6t\u00e4v\u00e4ksi kelpaava luonnonkumi. Se on sakeuttamisaine, jota saadaan palkokasveihin kuuluvasta intialaista alkuper\u00e4\u00e4 olevasta guar-kasvin (Cyamopsis tetragonoloba) siemenist\u00e4.","twitter_image":"https:\/\/masterchem.ee\/wp-content\/uploads\/2021\/08\/Guarkummi-25kg-MasterChem.jpg","schema":{"@context":"https:\/\/schema.org","@graph":[{"@type":"WebPage","@id":"https:\/\/masterchem.ee\/fi\/tooted-ja-teenused\/guarkumi-cas-9000-30-0\/","url":"https:\/\/masterchem.ee\/fi\/tooted-ja-teenused\/guarkumi-cas-9000-30-0\/","name":"Guarkumi (CAS 9000-30-0) - Chemistry For Industry - Solvents &amp; Chemicals - Masterchem.ee","isPartOf":{"@id":"https:\/\/masterchem.ee\/fi\/#website"},"primaryImageOfPage":{"@id":"https:\/\/masterchem.ee\/fi\/tooted-ja-teenused\/guarkumi-cas-9000-30-0\/#primaryimage"},"image":{"@id":"https:\/\/masterchem.ee\/fi\/tooted-ja-teenused\/guarkumi-cas-9000-30-0\/#primaryimage"},"thumbnailUrl":"https:\/\/masterchem.ee\/wp-content\/uploads\/2021\/08\/Guarkummi-25kg-MasterChem.jpg","datePublished":"2021-08-04T18:41:47+00:00","dateModified":"2021-08-04T18:48:53+00:00","description":"Guarkumi on sy\u00f6t\u00e4v\u00e4ksi kelpaava luonnonkumi. Se on sakeuttamisaine, jota saadaan palkokasveihin kuuluvasta intialaista alkuper\u00e4\u00e4 olevasta guar-kasvin (Cyamopsis tetragonoloba) siemenist\u00e4.","breadcrumb":{"@id":"https:\/\/masterchem.ee\/fi\/tooted-ja-teenused\/guarkumi-cas-9000-30-0\/#breadcrumb"},"inLanguage":"fi","potentialAction":[{"@type":"ReadAction","target":["https:\/\/masterchem.ee\/fi\/tooted-ja-teenused\/guarkumi-cas-9000-30-0\/"]}]},{"@type":"ImageObject","inLanguage":"fi","@id":"https:\/\/masterchem.ee\/fi\/tooted-ja-teenused\/guarkumi-cas-9000-30-0\/#primaryimage","url":"https:\/\/masterchem.ee\/wp-content\/uploads\/2021\/08\/Guarkummi-25kg-MasterChem.jpg","contentUrl":"https:\/\/masterchem.ee\/wp-content\/uploads\/2021\/08\/Guarkummi-25kg-MasterChem.jpg","width":1000,"height":1000,"caption":"Guarkumi (CAS 9000-30-0) 25kg MasterChem"},{"@type":"BreadcrumbList","@id":"https:\/\/masterchem.ee\/fi\/tooted-ja-teenused\/guarkumi-cas-9000-30-0\/#breadcrumb","itemListElement":[{"@type":"ListItem","position":1,"name":"Home","item":"https:\/\/masterchem.ee\/fi\/"},{"@type":"ListItem","position":2,"name":"Tooted ja teenused","item":"https:\/\/masterchem.ee\/tooted-ja-teenused\/"},{"@type":"ListItem","position":3,"name":"Guarkumi (CAS 9000-30-0)"}]},{"@type":"WebSite","@id":"https:\/\/masterchem.ee\/fi\/#website","url":"https:\/\/masterchem.ee\/fi\/","name":"Masterchem.ee","description":"Chemistry For Industry - Solvents &amp; Chemicals","publisher":{"@id":"https:\/\/masterchem.ee\/fi\/#organization"},"potentialAction":[{"@type":"SearchAction","target":{"@type":"EntryPoint","urlTemplate":"https:\/\/masterchem.ee\/fi\/?s={search_term_string}"},"query-input":{"@type":"PropertyValueSpecification","valueRequired":true,"valueName":"search_term_string"}}],"inLanguage":"fi"},{"@type":"Organization","@id":"https:\/\/masterchem.ee\/fi\/#organization","name":"Masterchem","url":"https:\/\/masterchem.ee\/fi\/","logo":{"@type":"ImageObject","inLanguage":"fi","@id":"https:\/\/masterchem.ee\/fi\/#\/schema\/logo\/image\/","url":"https:\/\/masterchem.ee\/wp-content\/uploads\/2018\/02\/master-chem_final-1.png","contentUrl":"https:\/\/masterchem.ee\/wp-content\/uploads\/2018\/02\/master-chem_final-1.png","width":850,"height":356,"caption":"Masterchem"},"image":{"@id":"https:\/\/masterchem.ee\/fi\/#\/schema\/logo\/image\/"}}]}},"_links":{"self":[{"href":"https:\/\/masterchem.ee\/fi\/wp-json\/wp\/v2\/product\/12697","targetHints":{"allow":["GET"]}}],"collection":[{"href":"https:\/\/masterchem.ee\/fi\/wp-json\/wp\/v2\/product"}],"about":[{"href":"https:\/\/masterchem.ee\/fi\/wp-json\/wp\/v2\/types\/product"}],"wp:featuredmedia":[{"embeddable":true,"href":"https:\/\/masterchem.ee\/fi\/wp-json\/wp\/v2\/media\/12703"}],"wp:attachment":[{"href":"https:\/\/masterchem.ee\/fi\/wp-json\/wp\/v2\/media?parent=12697"}],"wp:term":[{"taxonomy":"product_brand","embeddable":true,"href":"https:\/\/masterchem.ee\/fi\/wp-json\/wp\/v2\/product_brand?post=12697"},{"taxonomy":"product_cat","embeddable":true,"href":"https:\/\/masterchem.ee\/fi\/wp-json\/wp\/v2\/product_cat?post=12697"},{"taxonomy":"product_tag","embeddable":true,"href":"https:\/\/masterchem.ee\/fi\/wp-json\/wp\/v2\/product_tag?post=12697"}],"curies":[{"name":"wp","href":"https:\/\/api.w.org\/{rel}","templated":true}]}}