{"id":12682,"date":"2021-08-04T17:45:47","date_gmt":"2021-08-04T17:45:49","guid":{"rendered":"https:\/\/masterchem.ee\/?post_type=product&#038;p=12682"},"modified":"2021-08-04T17:53:52","modified_gmt":"2021-08-04T17:53:52","slug":"natriumglukonaatti-cas-527-07-1","status":"publish","type":"product","link":"https:\/\/masterchem.ee\/fi\/tooted-ja-teenused\/natriumglukonaatti-cas-527-07-1\/","title":{"rendered":"Natriumglukonaatti (CAS 527-07-1)"},"content":{"rendered":"<p> <strong> Info<\/strong> <\/p>\n<p>Toimialat: Kotitalouskemikaalit, Elintarviketeollisuus <br \/>\nCAS-numero: 527-07-1 <br \/>\nWE-numero: 208-407-7 <br \/>\nKemiallinen kaava: C6H11NaO7 <br \/>\nMoolimassa: 218,14 g \/mol <br \/>\nTullitariffi: 29181600 <\/p>\n<p> <strong> Muut fyysiset ominaisuudet <\/strong> <\/p>\n<p> pH: 7,0 &#8211; 8,0 (100 g \/l H20, 20 \u00b0 C) <br \/>\nKiehumispiste \/ kiehumisalue: 613,1 \u00b0 C <br \/>\nSuhteellinen tiheys: 1789 g \/cm3 (20 \u00b0 C) <br \/>\nLiukoisuus veteen: 590 g\/l (25 \u00b0 C) <\/p>\n","protected":false},"excerpt":{"rendered":"<p> <strong> Natriumglukonaatti (CAS 527-07-1) <\/strong> <\/p>\n<p> Natriumglukonaatti on yhdiste, jonka kaava on NaC6H11O7. Se on glukonihapon natriumsuola. Sen E -numero on E576. Natriumglukonaattia k\u00e4ytet\u00e4\u00e4n laajalti tekstiilien v\u00e4rj\u00e4yksess\u00e4, painamisessa ja metallien pintavesien k\u00e4sittelyss\u00e4. Sit\u00e4 k\u00e4ytet\u00e4\u00e4n my\u00f6s kelatointiaineena, ter\u00e4ksen pintojen puhdistusaineena, lasipullojen puhdistusaineena ja kelatointiaineena sementti-, pinnoitus- ja alumiinioksidiv\u00e4riteollisuudessa. Se on valkoinen jauhe, joka liukenee hyvin veteen. <\/p>\n","protected":false},"featured_media":12688,"template":"","meta":[],"product_brand":[],"product_cat":[180,117,307],"product_tag":[],"class_list":{"0":"post-12682","1":"product","2":"type-product","3":"status-publish","4":"has-post-thumbnail","6":"product_cat-uncategorized-fi-2","7":"product_cat-kotitalouskemikaalit","8":"product_cat-ruokateollisuus","10":"first","11":"instock","12":"taxable","13":"shipping-taxable","14":"purchasable","15":"product-type-variable","16":"has-default-attributes"},"yoast_head":"<!-- This site is optimized with the Yoast SEO plugin v26.2 - https:\/\/yoast.com\/wordpress\/plugins\/seo\/ -->\n<title>Natriumglukonaatti (CAS 527-07-1) - Chemistry For Industry - Solvents &amp; Chemicals - Masterchem.ee<\/title>\n<meta name=\"description\" content=\"Natriumglukonaatti on yhdiste, jolla on kaava NaC6H11O7. Se on glukonihapon natriumsuola. Sen E -numero on E576.\" \/>\n<meta name=\"robots\" content=\"index, follow, max-snippet:-1, max-image-preview:large, max-video-preview:-1\" \/>\n<link rel=\"canonical\" href=\"https:\/\/masterchem.ee\/fi\/tooted-ja-teenused\/natriumglukonaatti-cas-527-07-1\/\" \/>\n<meta name=\"twitter:card\" content=\"summary_large_image\" \/>\n<meta name=\"twitter:title\" content=\"Natriumglukonaatti (CAS 527-07-1) - Chemistry For Industry - Solvents &amp; Chemicals - Masterchem.ee\" \/>\n<meta name=\"twitter:description\" content=\"Natriumglukonaatti on yhdiste, jolla on kaava NaC6H11O7. Se on glukonihapon natriumsuola. Sen E -numero on E576.\" \/>\n<meta name=\"twitter:image\" content=\"https:\/\/masterchem.ee\/wp-content\/uploads\/2021\/08\/Naatriumglukonaat-25kg-MasterChem.jpg\" \/>\n<script type=\"application\/ld+json\" class=\"yoast-schema-graph\">{\"@context\":\"https:\/\/schema.org\",\"@graph\":[{\"@type\":\"WebPage\",\"@id\":\"https:\/\/masterchem.ee\/fi\/tooted-ja-teenused\/natriumglukonaatti-cas-527-07-1\/\",\"url\":\"https:\/\/masterchem.ee\/fi\/tooted-ja-teenused\/natriumglukonaatti-cas-527-07-1\/\",\"name\":\"Natriumglukonaatti (CAS 527-07-1) - Chemistry For Industry - Solvents &amp; Chemicals - Masterchem.ee\",\"isPartOf\":{\"@id\":\"https:\/\/masterchem.ee\/fi\/#website\"},\"primaryImageOfPage\":{\"@id\":\"https:\/\/masterchem.ee\/fi\/tooted-ja-teenused\/natriumglukonaatti-cas-527-07-1\/#primaryimage\"},\"image\":{\"@id\":\"https:\/\/masterchem.ee\/fi\/tooted-ja-teenused\/natriumglukonaatti-cas-527-07-1\/#primaryimage\"},\"thumbnailUrl\":\"https:\/\/masterchem.ee\/wp-content\/uploads\/2021\/08\/Naatriumglukonaat-25kg-MasterChem.jpg\",\"datePublished\":\"2021-08-04T17:45:49+00:00\",\"dateModified\":\"2021-08-04T17:53:52+00:00\",\"description\":\"Natriumglukonaatti on yhdiste, jolla on kaava NaC6H11O7. Se on glukonihapon natriumsuola. Sen E -numero on E576.\",\"breadcrumb\":{\"@id\":\"https:\/\/masterchem.ee\/fi\/tooted-ja-teenused\/natriumglukonaatti-cas-527-07-1\/#breadcrumb\"},\"inLanguage\":\"fi\",\"potentialAction\":[{\"@type\":\"ReadAction\",\"target\":[\"https:\/\/masterchem.ee\/fi\/tooted-ja-teenused\/natriumglukonaatti-cas-527-07-1\/\"]}]},{\"@type\":\"ImageObject\",\"inLanguage\":\"fi\",\"@id\":\"https:\/\/masterchem.ee\/fi\/tooted-ja-teenused\/natriumglukonaatti-cas-527-07-1\/#primaryimage\",\"url\":\"https:\/\/masterchem.ee\/wp-content\/uploads\/2021\/08\/Naatriumglukonaat-25kg-MasterChem.jpg\",\"contentUrl\":\"https:\/\/masterchem.ee\/wp-content\/uploads\/2021\/08\/Naatriumglukonaat-25kg-MasterChem.jpg\",\"width\":1000,\"height\":1000,\"caption\":\"Natriumglukonaatti (CAS 527-07-1) 25kg MasterChem\"},{\"@type\":\"BreadcrumbList\",\"@id\":\"https:\/\/masterchem.ee\/fi\/tooted-ja-teenused\/natriumglukonaatti-cas-527-07-1\/#breadcrumb\",\"itemListElement\":[{\"@type\":\"ListItem\",\"position\":1,\"name\":\"Home\",\"item\":\"https:\/\/masterchem.ee\/fi\/\"},{\"@type\":\"ListItem\",\"position\":2,\"name\":\"Tooted ja teenused\",\"item\":\"https:\/\/masterchem.ee\/tooted-ja-teenused\/\"},{\"@type\":\"ListItem\",\"position\":3,\"name\":\"Natriumglukonaatti (CAS 527-07-1)\"}]},{\"@type\":\"WebSite\",\"@id\":\"https:\/\/masterchem.ee\/fi\/#website\",\"url\":\"https:\/\/masterchem.ee\/fi\/\",\"name\":\"Masterchem.ee\",\"description\":\"Chemistry For Industry - Solvents &amp; Chemicals\",\"publisher\":{\"@id\":\"https:\/\/masterchem.ee\/fi\/#organization\"},\"potentialAction\":[{\"@type\":\"SearchAction\",\"target\":{\"@type\":\"EntryPoint\",\"urlTemplate\":\"https:\/\/masterchem.ee\/fi\/?s={search_term_string}\"},\"query-input\":{\"@type\":\"PropertyValueSpecification\",\"valueRequired\":true,\"valueName\":\"search_term_string\"}}],\"inLanguage\":\"fi\"},{\"@type\":\"Organization\",\"@id\":\"https:\/\/masterchem.ee\/fi\/#organization\",\"name\":\"Masterchem\",\"url\":\"https:\/\/masterchem.ee\/fi\/\",\"logo\":{\"@type\":\"ImageObject\",\"inLanguage\":\"fi\",\"@id\":\"https:\/\/masterchem.ee\/fi\/#\/schema\/logo\/image\/\",\"url\":\"https:\/\/masterchem.ee\/wp-content\/uploads\/2018\/02\/master-chem_final-1.png\",\"contentUrl\":\"https:\/\/masterchem.ee\/wp-content\/uploads\/2018\/02\/master-chem_final-1.png\",\"width\":850,\"height\":356,\"caption\":\"Masterchem\"},\"image\":{\"@id\":\"https:\/\/masterchem.ee\/fi\/#\/schema\/logo\/image\/\"}}]}<\/script>\n<!-- \/ Yoast SEO plugin. -->","yoast_head_json":{"title":"Natriumglukonaatti (CAS 527-07-1) - Chemistry For Industry - Solvents &amp; Chemicals - Masterchem.ee","description":"Natriumglukonaatti on yhdiste, jolla on kaava NaC6H11O7. Se on glukonihapon natriumsuola. Sen E -numero on E576.","robots":{"index":"index","follow":"follow","max-snippet":"max-snippet:-1","max-image-preview":"max-image-preview:large","max-video-preview":"max-video-preview:-1"},"canonical":"https:\/\/masterchem.ee\/fi\/tooted-ja-teenused\/natriumglukonaatti-cas-527-07-1\/","twitter_card":"summary_large_image","twitter_title":"Natriumglukonaatti (CAS 527-07-1) - Chemistry For Industry - Solvents &amp; Chemicals - Masterchem.ee","twitter_description":"Natriumglukonaatti on yhdiste, jolla on kaava NaC6H11O7. Se on glukonihapon natriumsuola. Sen E -numero on E576.","twitter_image":"https:\/\/masterchem.ee\/wp-content\/uploads\/2021\/08\/Naatriumglukonaat-25kg-MasterChem.jpg","schema":{"@context":"https:\/\/schema.org","@graph":[{"@type":"WebPage","@id":"https:\/\/masterchem.ee\/fi\/tooted-ja-teenused\/natriumglukonaatti-cas-527-07-1\/","url":"https:\/\/masterchem.ee\/fi\/tooted-ja-teenused\/natriumglukonaatti-cas-527-07-1\/","name":"Natriumglukonaatti (CAS 527-07-1) - Chemistry For Industry - Solvents &amp; Chemicals - Masterchem.ee","isPartOf":{"@id":"https:\/\/masterchem.ee\/fi\/#website"},"primaryImageOfPage":{"@id":"https:\/\/masterchem.ee\/fi\/tooted-ja-teenused\/natriumglukonaatti-cas-527-07-1\/#primaryimage"},"image":{"@id":"https:\/\/masterchem.ee\/fi\/tooted-ja-teenused\/natriumglukonaatti-cas-527-07-1\/#primaryimage"},"thumbnailUrl":"https:\/\/masterchem.ee\/wp-content\/uploads\/2021\/08\/Naatriumglukonaat-25kg-MasterChem.jpg","datePublished":"2021-08-04T17:45:49+00:00","dateModified":"2021-08-04T17:53:52+00:00","description":"Natriumglukonaatti on yhdiste, jolla on kaava NaC6H11O7. Se on glukonihapon natriumsuola. Sen E -numero on E576.","breadcrumb":{"@id":"https:\/\/masterchem.ee\/fi\/tooted-ja-teenused\/natriumglukonaatti-cas-527-07-1\/#breadcrumb"},"inLanguage":"fi","potentialAction":[{"@type":"ReadAction","target":["https:\/\/masterchem.ee\/fi\/tooted-ja-teenused\/natriumglukonaatti-cas-527-07-1\/"]}]},{"@type":"ImageObject","inLanguage":"fi","@id":"https:\/\/masterchem.ee\/fi\/tooted-ja-teenused\/natriumglukonaatti-cas-527-07-1\/#primaryimage","url":"https:\/\/masterchem.ee\/wp-content\/uploads\/2021\/08\/Naatriumglukonaat-25kg-MasterChem.jpg","contentUrl":"https:\/\/masterchem.ee\/wp-content\/uploads\/2021\/08\/Naatriumglukonaat-25kg-MasterChem.jpg","width":1000,"height":1000,"caption":"Natriumglukonaatti (CAS 527-07-1) 25kg MasterChem"},{"@type":"BreadcrumbList","@id":"https:\/\/masterchem.ee\/fi\/tooted-ja-teenused\/natriumglukonaatti-cas-527-07-1\/#breadcrumb","itemListElement":[{"@type":"ListItem","position":1,"name":"Home","item":"https:\/\/masterchem.ee\/fi\/"},{"@type":"ListItem","position":2,"name":"Tooted ja teenused","item":"https:\/\/masterchem.ee\/tooted-ja-teenused\/"},{"@type":"ListItem","position":3,"name":"Natriumglukonaatti (CAS 527-07-1)"}]},{"@type":"WebSite","@id":"https:\/\/masterchem.ee\/fi\/#website","url":"https:\/\/masterchem.ee\/fi\/","name":"Masterchem.ee","description":"Chemistry For Industry - Solvents &amp; Chemicals","publisher":{"@id":"https:\/\/masterchem.ee\/fi\/#organization"},"potentialAction":[{"@type":"SearchAction","target":{"@type":"EntryPoint","urlTemplate":"https:\/\/masterchem.ee\/fi\/?s={search_term_string}"},"query-input":{"@type":"PropertyValueSpecification","valueRequired":true,"valueName":"search_term_string"}}],"inLanguage":"fi"},{"@type":"Organization","@id":"https:\/\/masterchem.ee\/fi\/#organization","name":"Masterchem","url":"https:\/\/masterchem.ee\/fi\/","logo":{"@type":"ImageObject","inLanguage":"fi","@id":"https:\/\/masterchem.ee\/fi\/#\/schema\/logo\/image\/","url":"https:\/\/masterchem.ee\/wp-content\/uploads\/2018\/02\/master-chem_final-1.png","contentUrl":"https:\/\/masterchem.ee\/wp-content\/uploads\/2018\/02\/master-chem_final-1.png","width":850,"height":356,"caption":"Masterchem"},"image":{"@id":"https:\/\/masterchem.ee\/fi\/#\/schema\/logo\/image\/"}}]}},"_links":{"self":[{"href":"https:\/\/masterchem.ee\/fi\/wp-json\/wp\/v2\/product\/12682","targetHints":{"allow":["GET"]}}],"collection":[{"href":"https:\/\/masterchem.ee\/fi\/wp-json\/wp\/v2\/product"}],"about":[{"href":"https:\/\/masterchem.ee\/fi\/wp-json\/wp\/v2\/types\/product"}],"wp:featuredmedia":[{"embeddable":true,"href":"https:\/\/masterchem.ee\/fi\/wp-json\/wp\/v2\/media\/12688"}],"wp:attachment":[{"href":"https:\/\/masterchem.ee\/fi\/wp-json\/wp\/v2\/media?parent=12682"}],"wp:term":[{"taxonomy":"product_brand","embeddable":true,"href":"https:\/\/masterchem.ee\/fi\/wp-json\/wp\/v2\/product_brand?post=12682"},{"taxonomy":"product_cat","embeddable":true,"href":"https:\/\/masterchem.ee\/fi\/wp-json\/wp\/v2\/product_cat?post=12682"},{"taxonomy":"product_tag","embeddable":true,"href":"https:\/\/masterchem.ee\/fi\/wp-json\/wp\/v2\/product_tag?post=12682"}],"curies":[{"name":"wp","href":"https:\/\/api.w.org\/{rel}","templated":true}]}}