{"id":12610,"date":"2021-08-04T17:14:56","date_gmt":"2021-08-04T17:14:58","guid":{"rendered":"https:\/\/masterchem.ee\/?post_type=product&#038;p=12610"},"modified":"2021-08-04T17:31:23","modified_gmt":"2021-08-04T17:31:23","slug":"trietyleeniglykoli-cas-112-27-6","status":"publish","type":"product","link":"https:\/\/masterchem.ee\/fi\/tooted-ja-teenused\/trietyleeniglykoli-cas-112-27-6\/","title":{"rendered":"Trietyleeniglykoli (CAS 112-27-6)"},"content":{"rendered":"<p> <strong> Info<\/strong> <\/p>\n<p>Toimialat: Maalit ja lakat, Kotitalouskemikaalit, Lannoitteet, Kosmetiikkateollisuus, Liimat, \u00f6ljyt, rasvat, Hartsit, muovit, polyuretaanit <\/p>\n<p>CAS-numero: 112-27-6 <br \/>\nWE-numero: 203-953-2 <br \/>\nKemiallinen kaava: C6H14O4 <br \/>\nMoolimassa: 150,17 g \/mol <br \/>\nTullitariffi: 29094980 <\/p>\n<p> <strong> Muut fyysiset ominaisuudet <\/strong> <\/p>\n<p> pH: 8 <br \/>\nSulamis- \/ j\u00e4\u00e4tymispiste: <-7 \u00b0 C <br \/>\nKiehumispiste \/ kiehumisalue: 286,5 \u00b0 C (760 mmHg) <br \/>\nSuhteellinen tiheys: 1,13 g\/cm3 (15 \u00b0 C) <\/p>\n","protected":false},"excerpt":{"rendered":"<p> <strong>Trietyleeniglykoli (CAS 112-27-6)<\/strong> <\/p>\n<p>Trietyleeniglykoli (C6H14O4) on eetteriryhmi\u00e4 sis\u00e4lt\u00e4v\u00e4 dioli eli alkoholi, jossa on kaksi hydroksyyliryhm\u00e4\u00e4. Trietyleeniglykolia k\u00e4ytet\u00e4\u00e4n muun muassa kuivausaineena ja lis\u00e4aineena muoveissa. Yhdisteen muita nimi\u00e4 ovat triglykoli, 2,2&#8242;-(1,2-etaanidiyylibis(oksi))-bisetanoli ja 2,2&#8242;-etyleenidioksibis(etanoli).<\/p>\n<p>Huoneenl\u00e4mp\u00f6tilassa trietyleeniglykoli on v\u00e4rit\u00f6nt\u00e4 ja vett\u00e4 sitovaa eli hygroskooppista nestett\u00e4, joka liukenee hyvin veteen. Hygroskooppinen ominaisuus johtuu trietyleeniglykolin kyvyst\u00e4 muodostaa hyvin vahvoja vetysidoksia vesimolekyylien kanssa.<\/p>\n","protected":false},"featured_media":12676,"template":"","meta":[],"product_brand":[],"product_cat":[180,294,117,323,258],"product_tag":[],"class_list":{"0":"post-12610","1":"product","2":"type-product","3":"status-publish","4":"has-post-thumbnail","6":"product_cat-uncategorized-fi-2","7":"product_cat-kosmetiikkateollisuus","8":"product_cat-kotitalouskemikaalit","9":"product_cat-lannoitteet","10":"product_cat-muovi-fi","11":"pif-has-gallery","13":"first","14":"instock","15":"taxable","16":"shipping-taxable","17":"purchasable","18":"product-type-variable","19":"has-default-attributes"},"yoast_head":"<!-- This site is optimized with the Yoast SEO plugin v26.2 - https:\/\/yoast.com\/wordpress\/plugins\/seo\/ -->\n<title>Trietyleeniglykoli (CAS 112-27-6) - Chemistry For Industry - Solvents &amp; Chemicals - Masterchem.ee<\/title>\n<meta name=\"description\" content=\"Trietyleeniglykoli (C6H14O4) on eetteriryhmi\u00e4 sis\u00e4lt\u00e4v\u00e4 dioli eli alkoholi, jossa on kaksi hydroksyyliryhm\u00e4\u00e4.\" \/>\n<meta name=\"robots\" content=\"index, follow, max-snippet:-1, max-image-preview:large, max-video-preview:-1\" \/>\n<link rel=\"canonical\" href=\"https:\/\/masterchem.ee\/fi\/tooted-ja-teenused\/trietyleeniglykoli-cas-112-27-6\/\" \/>\n<meta name=\"twitter:card\" content=\"summary_large_image\" \/>\n<meta name=\"twitter:title\" content=\"Trietyleeniglykoli (CAS 112-27-6) - Chemistry For Industry - Solvents &amp; Chemicals - Masterchem.ee\" \/>\n<meta name=\"twitter:description\" content=\"Trietyleeniglykoli (C6H14O4) on eetteriryhmi\u00e4 sis\u00e4lt\u00e4v\u00e4 dioli eli alkoholi, jossa on kaksi hydroksyyliryhm\u00e4\u00e4.\" \/>\n<meta name=\"twitter:image\" content=\"https:\/\/masterchem.ee\/wp-content\/uploads\/2021\/08\/Trietuleenglukool-1000l-MasterChem.jpg\" \/>\n<script type=\"application\/ld+json\" class=\"yoast-schema-graph\">{\"@context\":\"https:\/\/schema.org\",\"@graph\":[{\"@type\":\"WebPage\",\"@id\":\"https:\/\/masterchem.ee\/fi\/tooted-ja-teenused\/trietyleeniglykoli-cas-112-27-6\/\",\"url\":\"https:\/\/masterchem.ee\/fi\/tooted-ja-teenused\/trietyleeniglykoli-cas-112-27-6\/\",\"name\":\"Trietyleeniglykoli (CAS 112-27-6) - Chemistry For Industry - Solvents &amp; Chemicals - Masterchem.ee\",\"isPartOf\":{\"@id\":\"https:\/\/masterchem.ee\/fi\/#website\"},\"primaryImageOfPage\":{\"@id\":\"https:\/\/masterchem.ee\/fi\/tooted-ja-teenused\/trietyleeniglykoli-cas-112-27-6\/#primaryimage\"},\"image\":{\"@id\":\"https:\/\/masterchem.ee\/fi\/tooted-ja-teenused\/trietyleeniglykoli-cas-112-27-6\/#primaryimage\"},\"thumbnailUrl\":\"https:\/\/masterchem.ee\/wp-content\/uploads\/2021\/08\/Trietuleenglukool-1000l-MasterChem.jpg\",\"datePublished\":\"2021-08-04T17:14:58+00:00\",\"dateModified\":\"2021-08-04T17:31:23+00:00\",\"description\":\"Trietyleeniglykoli (C6H14O4) on eetteriryhmi\u00e4 sis\u00e4lt\u00e4v\u00e4 dioli eli alkoholi, jossa on kaksi hydroksyyliryhm\u00e4\u00e4.\",\"breadcrumb\":{\"@id\":\"https:\/\/masterchem.ee\/fi\/tooted-ja-teenused\/trietyleeniglykoli-cas-112-27-6\/#breadcrumb\"},\"inLanguage\":\"fi\",\"potentialAction\":[{\"@type\":\"ReadAction\",\"target\":[\"https:\/\/masterchem.ee\/fi\/tooted-ja-teenused\/trietyleeniglykoli-cas-112-27-6\/\"]}]},{\"@type\":\"ImageObject\",\"inLanguage\":\"fi\",\"@id\":\"https:\/\/masterchem.ee\/fi\/tooted-ja-teenused\/trietyleeniglykoli-cas-112-27-6\/#primaryimage\",\"url\":\"https:\/\/masterchem.ee\/wp-content\/uploads\/2021\/08\/Trietuleenglukool-1000l-MasterChem.jpg\",\"contentUrl\":\"https:\/\/masterchem.ee\/wp-content\/uploads\/2021\/08\/Trietuleenglukool-1000l-MasterChem.jpg\",\"width\":1000,\"height\":1000,\"caption\":\"Trietyleeniglykoli (CAS 112-27-6) 1000l MaterChem\"},{\"@type\":\"BreadcrumbList\",\"@id\":\"https:\/\/masterchem.ee\/fi\/tooted-ja-teenused\/trietyleeniglykoli-cas-112-27-6\/#breadcrumb\",\"itemListElement\":[{\"@type\":\"ListItem\",\"position\":1,\"name\":\"Home\",\"item\":\"https:\/\/masterchem.ee\/fi\/\"},{\"@type\":\"ListItem\",\"position\":2,\"name\":\"Tooted ja teenused\",\"item\":\"https:\/\/masterchem.ee\/tooted-ja-teenused\/\"},{\"@type\":\"ListItem\",\"position\":3,\"name\":\"Trietyleeniglykoli (CAS 112-27-6)\"}]},{\"@type\":\"WebSite\",\"@id\":\"https:\/\/masterchem.ee\/fi\/#website\",\"url\":\"https:\/\/masterchem.ee\/fi\/\",\"name\":\"Masterchem.ee\",\"description\":\"Chemistry For Industry - Solvents &amp; Chemicals\",\"publisher\":{\"@id\":\"https:\/\/masterchem.ee\/fi\/#organization\"},\"potentialAction\":[{\"@type\":\"SearchAction\",\"target\":{\"@type\":\"EntryPoint\",\"urlTemplate\":\"https:\/\/masterchem.ee\/fi\/?s={search_term_string}\"},\"query-input\":{\"@type\":\"PropertyValueSpecification\",\"valueRequired\":true,\"valueName\":\"search_term_string\"}}],\"inLanguage\":\"fi\"},{\"@type\":\"Organization\",\"@id\":\"https:\/\/masterchem.ee\/fi\/#organization\",\"name\":\"Masterchem\",\"url\":\"https:\/\/masterchem.ee\/fi\/\",\"logo\":{\"@type\":\"ImageObject\",\"inLanguage\":\"fi\",\"@id\":\"https:\/\/masterchem.ee\/fi\/#\/schema\/logo\/image\/\",\"url\":\"https:\/\/masterchem.ee\/wp-content\/uploads\/2018\/02\/master-chem_final-1.png\",\"contentUrl\":\"https:\/\/masterchem.ee\/wp-content\/uploads\/2018\/02\/master-chem_final-1.png\",\"width\":850,\"height\":356,\"caption\":\"Masterchem\"},\"image\":{\"@id\":\"https:\/\/masterchem.ee\/fi\/#\/schema\/logo\/image\/\"}}]}<\/script>\n<!-- \/ Yoast SEO plugin. -->","yoast_head_json":{"title":"Trietyleeniglykoli (CAS 112-27-6) - Chemistry For Industry - Solvents &amp; Chemicals - Masterchem.ee","description":"Trietyleeniglykoli (C6H14O4) on eetteriryhmi\u00e4 sis\u00e4lt\u00e4v\u00e4 dioli eli alkoholi, jossa on kaksi hydroksyyliryhm\u00e4\u00e4.","robots":{"index":"index","follow":"follow","max-snippet":"max-snippet:-1","max-image-preview":"max-image-preview:large","max-video-preview":"max-video-preview:-1"},"canonical":"https:\/\/masterchem.ee\/fi\/tooted-ja-teenused\/trietyleeniglykoli-cas-112-27-6\/","twitter_card":"summary_large_image","twitter_title":"Trietyleeniglykoli (CAS 112-27-6) - Chemistry For Industry - Solvents &amp; Chemicals - Masterchem.ee","twitter_description":"Trietyleeniglykoli (C6H14O4) on eetteriryhmi\u00e4 sis\u00e4lt\u00e4v\u00e4 dioli eli alkoholi, jossa on kaksi hydroksyyliryhm\u00e4\u00e4.","twitter_image":"https:\/\/masterchem.ee\/wp-content\/uploads\/2021\/08\/Trietuleenglukool-1000l-MasterChem.jpg","schema":{"@context":"https:\/\/schema.org","@graph":[{"@type":"WebPage","@id":"https:\/\/masterchem.ee\/fi\/tooted-ja-teenused\/trietyleeniglykoli-cas-112-27-6\/","url":"https:\/\/masterchem.ee\/fi\/tooted-ja-teenused\/trietyleeniglykoli-cas-112-27-6\/","name":"Trietyleeniglykoli (CAS 112-27-6) - Chemistry For Industry - Solvents &amp; Chemicals - Masterchem.ee","isPartOf":{"@id":"https:\/\/masterchem.ee\/fi\/#website"},"primaryImageOfPage":{"@id":"https:\/\/masterchem.ee\/fi\/tooted-ja-teenused\/trietyleeniglykoli-cas-112-27-6\/#primaryimage"},"image":{"@id":"https:\/\/masterchem.ee\/fi\/tooted-ja-teenused\/trietyleeniglykoli-cas-112-27-6\/#primaryimage"},"thumbnailUrl":"https:\/\/masterchem.ee\/wp-content\/uploads\/2021\/08\/Trietuleenglukool-1000l-MasterChem.jpg","datePublished":"2021-08-04T17:14:58+00:00","dateModified":"2021-08-04T17:31:23+00:00","description":"Trietyleeniglykoli (C6H14O4) on eetteriryhmi\u00e4 sis\u00e4lt\u00e4v\u00e4 dioli eli alkoholi, jossa on kaksi hydroksyyliryhm\u00e4\u00e4.","breadcrumb":{"@id":"https:\/\/masterchem.ee\/fi\/tooted-ja-teenused\/trietyleeniglykoli-cas-112-27-6\/#breadcrumb"},"inLanguage":"fi","potentialAction":[{"@type":"ReadAction","target":["https:\/\/masterchem.ee\/fi\/tooted-ja-teenused\/trietyleeniglykoli-cas-112-27-6\/"]}]},{"@type":"ImageObject","inLanguage":"fi","@id":"https:\/\/masterchem.ee\/fi\/tooted-ja-teenused\/trietyleeniglykoli-cas-112-27-6\/#primaryimage","url":"https:\/\/masterchem.ee\/wp-content\/uploads\/2021\/08\/Trietuleenglukool-1000l-MasterChem.jpg","contentUrl":"https:\/\/masterchem.ee\/wp-content\/uploads\/2021\/08\/Trietuleenglukool-1000l-MasterChem.jpg","width":1000,"height":1000,"caption":"Trietyleeniglykoli (CAS 112-27-6) 1000l MaterChem"},{"@type":"BreadcrumbList","@id":"https:\/\/masterchem.ee\/fi\/tooted-ja-teenused\/trietyleeniglykoli-cas-112-27-6\/#breadcrumb","itemListElement":[{"@type":"ListItem","position":1,"name":"Home","item":"https:\/\/masterchem.ee\/fi\/"},{"@type":"ListItem","position":2,"name":"Tooted ja teenused","item":"https:\/\/masterchem.ee\/tooted-ja-teenused\/"},{"@type":"ListItem","position":3,"name":"Trietyleeniglykoli (CAS 112-27-6)"}]},{"@type":"WebSite","@id":"https:\/\/masterchem.ee\/fi\/#website","url":"https:\/\/masterchem.ee\/fi\/","name":"Masterchem.ee","description":"Chemistry For Industry - Solvents &amp; Chemicals","publisher":{"@id":"https:\/\/masterchem.ee\/fi\/#organization"},"potentialAction":[{"@type":"SearchAction","target":{"@type":"EntryPoint","urlTemplate":"https:\/\/masterchem.ee\/fi\/?s={search_term_string}"},"query-input":{"@type":"PropertyValueSpecification","valueRequired":true,"valueName":"search_term_string"}}],"inLanguage":"fi"},{"@type":"Organization","@id":"https:\/\/masterchem.ee\/fi\/#organization","name":"Masterchem","url":"https:\/\/masterchem.ee\/fi\/","logo":{"@type":"ImageObject","inLanguage":"fi","@id":"https:\/\/masterchem.ee\/fi\/#\/schema\/logo\/image\/","url":"https:\/\/masterchem.ee\/wp-content\/uploads\/2018\/02\/master-chem_final-1.png","contentUrl":"https:\/\/masterchem.ee\/wp-content\/uploads\/2018\/02\/master-chem_final-1.png","width":850,"height":356,"caption":"Masterchem"},"image":{"@id":"https:\/\/masterchem.ee\/fi\/#\/schema\/logo\/image\/"}}]}},"_links":{"self":[{"href":"https:\/\/masterchem.ee\/fi\/wp-json\/wp\/v2\/product\/12610","targetHints":{"allow":["GET"]}}],"collection":[{"href":"https:\/\/masterchem.ee\/fi\/wp-json\/wp\/v2\/product"}],"about":[{"href":"https:\/\/masterchem.ee\/fi\/wp-json\/wp\/v2\/types\/product"}],"wp:featuredmedia":[{"embeddable":true,"href":"https:\/\/masterchem.ee\/fi\/wp-json\/wp\/v2\/media\/12676"}],"wp:attachment":[{"href":"https:\/\/masterchem.ee\/fi\/wp-json\/wp\/v2\/media?parent=12610"}],"wp:term":[{"taxonomy":"product_brand","embeddable":true,"href":"https:\/\/masterchem.ee\/fi\/wp-json\/wp\/v2\/product_brand?post=12610"},{"taxonomy":"product_cat","embeddable":true,"href":"https:\/\/masterchem.ee\/fi\/wp-json\/wp\/v2\/product_cat?post=12610"},{"taxonomy":"product_tag","embeddable":true,"href":"https:\/\/masterchem.ee\/fi\/wp-json\/wp\/v2\/product_tag?post=12610"}],"curies":[{"name":"wp","href":"https:\/\/api.w.org\/{rel}","templated":true}]}}