{"id":12594,"date":"2021-08-04T14:17:38","date_gmt":"2021-08-04T14:17:40","guid":{"rendered":"https:\/\/masterchem.ee\/?post_type=product&#038;p=12594"},"modified":"2021-08-04T14:41:35","modified_gmt":"2021-08-04T14:41:35","slug":"etanoliamiini-cas-141-43-5","status":"publish","type":"product","link":"https:\/\/masterchem.ee\/fi\/tooted-ja-teenused\/etanoliamiini-cas-141-43-5\/","title":{"rendered":"Etanoliamiini (CAS 141-43-5)"},"content":{"rendered":"<p> <strong> Info<\/strong> <\/p>\n<p>Toimialat: Maalit ja lakat, Kotitalouskemikaalit, Lannoitteet, Kosmetiikkateollisuus, Liimat, \u00f6ljyt, rasvat, Rakennuskemia, Hartsit, muovit, polyuretaanit <\/p>\n<p>CAS-numero: 141-43-5 <br \/>\nWE-numero: 205-483-3 <br \/>\nIndeksinumero: 603-030-00-8 <br \/>\nKemiallinen kaava: C2H7NO <br \/>\nMoolimassa: 61,08 g \/mol <br \/>\nTullitariffi: 29221100 <br \/>\nADR: UN2491 <\/p>\n<p> <strong> Muut fyysiset ominaisuudet <\/strong> <\/p>\n<p> Sulamis- \/ j\u00e4\u00e4tymispiste: 10,5 \u00b0 C <br \/>\nKiehumispiste \/ kiehumisalue: 170,3 \u00b0 C (1013,25 gPa) <br \/>\nSuhteellinen tiheys: 1,02 g \/cm3 (20 \u00b0 C) <br \/>\nLiukoisuus veteen:> 1000 g\/l przy 20 \u00b0 C (ph 12,1) <\/p>\n","protected":false},"excerpt":{"rendered":"<p> <strong> Etanoliamiini (CAS 141-43-5) <\/strong> <\/p>\n<p> Etanoliamiini (2-aminoetanoli, monoetanoliamiini, ETA tai MEA) on orgaaninen kemiallinen yhdiste, jolla on kaava HOCH2CH2NH2 (C2H7NO). Molekyyli on bifunktionaalinen ja sis\u00e4lt\u00e4\u00e4 sek\u00e4 primaarisen amiinin ett\u00e4 prim\u00e4\u00e4risen alkoholin. Etanoliamiini on v\u00e4rit\u00f6n, viskoosi neste, jonka haju muistuttaa ammoniakkia. Sen johdannaiset ovat luonteeltaan yleisi\u00e4; esim. lipidit useiden N-asyylietanoliamiinien (NAE) edelt\u00e4jin\u00e4, jotka moduloivat useita el\u00e4inten ja kasvien fysiologisia prosesseja, kuten siementen it\u00e4mist\u00e4, kasvien ja patogeenien vuorovaikutuksia, kloroplastien kehityst\u00e4 ja kukintaa, sek\u00e4 edelt\u00e4j\u00e4 yhdistettyn\u00e4 arakidonihappoon ( C20H32O2; 20: 4, \u03c9-6) endokannabinoidianandamidin muodostamiseksi (AEA: C22H37NO2; 20: 4, \u03c9-6). <\/p>\n<p> Etanoliamiinit sis\u00e4lt\u00e4v\u00e4t ryhm\u00e4n aminoalkoholeja. Antihistamiiniluokka tunnistetaan etanoliamiiniksi, johon kuuluvat karbinoksamiini, klemastiini, dimenhydrinaatti, kloorifenoksamiini, difenhydramiini ja doksyyliamiini. <\/p>\n","protected":false},"featured_media":12600,"template":"","meta":[],"product_brand":[],"product_cat":[180,294,117,120,323,286,258,114],"product_tag":[],"class_list":{"0":"post-12594","1":"product","2":"type-product","3":"status-publish","4":"has-post-thumbnail","6":"product_cat-uncategorized-fi-2","7":"product_cat-kosmetiikkateollisuus","8":"product_cat-kotitalouskemikaalit","9":"product_cat-laaketeollisuus","10":"product_cat-lannoitteet","11":"product_cat-maalit-ja-lakat","12":"product_cat-muovi-fi","13":"product_cat-rakennusteollisuus","15":"first","16":"instock","17":"taxable","18":"shipping-taxable","19":"purchasable","20":"product-type-variable","21":"has-default-attributes"},"yoast_head":"<!-- This site is optimized with the Yoast SEO plugin v26.2 - https:\/\/yoast.com\/wordpress\/plugins\/seo\/ -->\n<title>Etanoliamiini (CAS 141-43-5) - Chemistry For Industry - Solvents &amp; Chemicals - Masterchem.ee<\/title>\n<meta name=\"description\" content=\"Etanoliamiini (2-aminoetanoli, monoetanoliamiini, ETA tai MEA) on orgaaninen kemiallinen yhdiste, jolla on kaava HOCH2CH2NH2 (C2H7NO).\" \/>\n<meta name=\"robots\" content=\"index, follow, max-snippet:-1, max-image-preview:large, max-video-preview:-1\" \/>\n<link rel=\"canonical\" href=\"https:\/\/masterchem.ee\/fi\/tooted-ja-teenused\/etanoliamiini-cas-141-43-5\/\" \/>\n<meta name=\"twitter:card\" content=\"summary_large_image\" \/>\n<meta name=\"twitter:title\" content=\"Etanoliamiini (CAS 141-43-5) - Chemistry For Industry - Solvents &amp; Chemicals - Masterchem.ee\" \/>\n<meta name=\"twitter:description\" content=\"Etanoliamiini (2-aminoetanoli, monoetanoliamiini, ETA tai MEA) on orgaaninen kemiallinen yhdiste, jolla on kaava HOCH2CH2NH2 (C2H7NO).\" \/>\n<meta name=\"twitter:image\" content=\"https:\/\/masterchem.ee\/wp-content\/uploads\/2021\/08\/Etanoolamiin-25kg-MasterChem.jpg\" \/>\n<script type=\"application\/ld+json\" class=\"yoast-schema-graph\">{\"@context\":\"https:\/\/schema.org\",\"@graph\":[{\"@type\":\"WebPage\",\"@id\":\"https:\/\/masterchem.ee\/fi\/tooted-ja-teenused\/etanoliamiini-cas-141-43-5\/\",\"url\":\"https:\/\/masterchem.ee\/fi\/tooted-ja-teenused\/etanoliamiini-cas-141-43-5\/\",\"name\":\"Etanoliamiini (CAS 141-43-5) - Chemistry For Industry - Solvents &amp; Chemicals - Masterchem.ee\",\"isPartOf\":{\"@id\":\"https:\/\/masterchem.ee\/fi\/#website\"},\"primaryImageOfPage\":{\"@id\":\"https:\/\/masterchem.ee\/fi\/tooted-ja-teenused\/etanoliamiini-cas-141-43-5\/#primaryimage\"},\"image\":{\"@id\":\"https:\/\/masterchem.ee\/fi\/tooted-ja-teenused\/etanoliamiini-cas-141-43-5\/#primaryimage\"},\"thumbnailUrl\":\"https:\/\/masterchem.ee\/wp-content\/uploads\/2021\/08\/Etanoolamiin-25kg-MasterChem.jpg\",\"datePublished\":\"2021-08-04T14:17:40+00:00\",\"dateModified\":\"2021-08-04T14:41:35+00:00\",\"description\":\"Etanoliamiini (2-aminoetanoli, monoetanoliamiini, ETA tai MEA) on orgaaninen kemiallinen yhdiste, jolla on kaava HOCH2CH2NH2 (C2H7NO).\",\"breadcrumb\":{\"@id\":\"https:\/\/masterchem.ee\/fi\/tooted-ja-teenused\/etanoliamiini-cas-141-43-5\/#breadcrumb\"},\"inLanguage\":\"fi\",\"potentialAction\":[{\"@type\":\"ReadAction\",\"target\":[\"https:\/\/masterchem.ee\/fi\/tooted-ja-teenused\/etanoliamiini-cas-141-43-5\/\"]}]},{\"@type\":\"ImageObject\",\"inLanguage\":\"fi\",\"@id\":\"https:\/\/masterchem.ee\/fi\/tooted-ja-teenused\/etanoliamiini-cas-141-43-5\/#primaryimage\",\"url\":\"https:\/\/masterchem.ee\/wp-content\/uploads\/2021\/08\/Etanoolamiin-25kg-MasterChem.jpg\",\"contentUrl\":\"https:\/\/masterchem.ee\/wp-content\/uploads\/2021\/08\/Etanoolamiin-25kg-MasterChem.jpg\",\"width\":1000,\"height\":1000,\"caption\":\"Etanoliamiini (CAS 141-43-5) 25kg MasterChem\"},{\"@type\":\"BreadcrumbList\",\"@id\":\"https:\/\/masterchem.ee\/fi\/tooted-ja-teenused\/etanoliamiini-cas-141-43-5\/#breadcrumb\",\"itemListElement\":[{\"@type\":\"ListItem\",\"position\":1,\"name\":\"Home\",\"item\":\"https:\/\/masterchem.ee\/fi\/\"},{\"@type\":\"ListItem\",\"position\":2,\"name\":\"Tooted ja teenused\",\"item\":\"https:\/\/masterchem.ee\/tooted-ja-teenused\/\"},{\"@type\":\"ListItem\",\"position\":3,\"name\":\"Etanoliamiini (CAS 141-43-5)\"}]},{\"@type\":\"WebSite\",\"@id\":\"https:\/\/masterchem.ee\/fi\/#website\",\"url\":\"https:\/\/masterchem.ee\/fi\/\",\"name\":\"Masterchem.ee\",\"description\":\"Chemistry For Industry - Solvents &amp; Chemicals\",\"publisher\":{\"@id\":\"https:\/\/masterchem.ee\/fi\/#organization\"},\"potentialAction\":[{\"@type\":\"SearchAction\",\"target\":{\"@type\":\"EntryPoint\",\"urlTemplate\":\"https:\/\/masterchem.ee\/fi\/?s={search_term_string}\"},\"query-input\":{\"@type\":\"PropertyValueSpecification\",\"valueRequired\":true,\"valueName\":\"search_term_string\"}}],\"inLanguage\":\"fi\"},{\"@type\":\"Organization\",\"@id\":\"https:\/\/masterchem.ee\/fi\/#organization\",\"name\":\"Masterchem\",\"url\":\"https:\/\/masterchem.ee\/fi\/\",\"logo\":{\"@type\":\"ImageObject\",\"inLanguage\":\"fi\",\"@id\":\"https:\/\/masterchem.ee\/fi\/#\/schema\/logo\/image\/\",\"url\":\"https:\/\/masterchem.ee\/wp-content\/uploads\/2018\/02\/master-chem_final-1.png\",\"contentUrl\":\"https:\/\/masterchem.ee\/wp-content\/uploads\/2018\/02\/master-chem_final-1.png\",\"width\":850,\"height\":356,\"caption\":\"Masterchem\"},\"image\":{\"@id\":\"https:\/\/masterchem.ee\/fi\/#\/schema\/logo\/image\/\"}}]}<\/script>\n<!-- \/ Yoast SEO plugin. -->","yoast_head_json":{"title":"Etanoliamiini (CAS 141-43-5) - Chemistry For Industry - Solvents &amp; Chemicals - Masterchem.ee","description":"Etanoliamiini (2-aminoetanoli, monoetanoliamiini, ETA tai MEA) on orgaaninen kemiallinen yhdiste, jolla on kaava HOCH2CH2NH2 (C2H7NO).","robots":{"index":"index","follow":"follow","max-snippet":"max-snippet:-1","max-image-preview":"max-image-preview:large","max-video-preview":"max-video-preview:-1"},"canonical":"https:\/\/masterchem.ee\/fi\/tooted-ja-teenused\/etanoliamiini-cas-141-43-5\/","twitter_card":"summary_large_image","twitter_title":"Etanoliamiini (CAS 141-43-5) - Chemistry For Industry - Solvents &amp; Chemicals - Masterchem.ee","twitter_description":"Etanoliamiini (2-aminoetanoli, monoetanoliamiini, ETA tai MEA) on orgaaninen kemiallinen yhdiste, jolla on kaava HOCH2CH2NH2 (C2H7NO).","twitter_image":"https:\/\/masterchem.ee\/wp-content\/uploads\/2021\/08\/Etanoolamiin-25kg-MasterChem.jpg","schema":{"@context":"https:\/\/schema.org","@graph":[{"@type":"WebPage","@id":"https:\/\/masterchem.ee\/fi\/tooted-ja-teenused\/etanoliamiini-cas-141-43-5\/","url":"https:\/\/masterchem.ee\/fi\/tooted-ja-teenused\/etanoliamiini-cas-141-43-5\/","name":"Etanoliamiini (CAS 141-43-5) - Chemistry For Industry - Solvents &amp; Chemicals - Masterchem.ee","isPartOf":{"@id":"https:\/\/masterchem.ee\/fi\/#website"},"primaryImageOfPage":{"@id":"https:\/\/masterchem.ee\/fi\/tooted-ja-teenused\/etanoliamiini-cas-141-43-5\/#primaryimage"},"image":{"@id":"https:\/\/masterchem.ee\/fi\/tooted-ja-teenused\/etanoliamiini-cas-141-43-5\/#primaryimage"},"thumbnailUrl":"https:\/\/masterchem.ee\/wp-content\/uploads\/2021\/08\/Etanoolamiin-25kg-MasterChem.jpg","datePublished":"2021-08-04T14:17:40+00:00","dateModified":"2021-08-04T14:41:35+00:00","description":"Etanoliamiini (2-aminoetanoli, monoetanoliamiini, ETA tai MEA) on orgaaninen kemiallinen yhdiste, jolla on kaava HOCH2CH2NH2 (C2H7NO).","breadcrumb":{"@id":"https:\/\/masterchem.ee\/fi\/tooted-ja-teenused\/etanoliamiini-cas-141-43-5\/#breadcrumb"},"inLanguage":"fi","potentialAction":[{"@type":"ReadAction","target":["https:\/\/masterchem.ee\/fi\/tooted-ja-teenused\/etanoliamiini-cas-141-43-5\/"]}]},{"@type":"ImageObject","inLanguage":"fi","@id":"https:\/\/masterchem.ee\/fi\/tooted-ja-teenused\/etanoliamiini-cas-141-43-5\/#primaryimage","url":"https:\/\/masterchem.ee\/wp-content\/uploads\/2021\/08\/Etanoolamiin-25kg-MasterChem.jpg","contentUrl":"https:\/\/masterchem.ee\/wp-content\/uploads\/2021\/08\/Etanoolamiin-25kg-MasterChem.jpg","width":1000,"height":1000,"caption":"Etanoliamiini (CAS 141-43-5) 25kg MasterChem"},{"@type":"BreadcrumbList","@id":"https:\/\/masterchem.ee\/fi\/tooted-ja-teenused\/etanoliamiini-cas-141-43-5\/#breadcrumb","itemListElement":[{"@type":"ListItem","position":1,"name":"Home","item":"https:\/\/masterchem.ee\/fi\/"},{"@type":"ListItem","position":2,"name":"Tooted ja teenused","item":"https:\/\/masterchem.ee\/tooted-ja-teenused\/"},{"@type":"ListItem","position":3,"name":"Etanoliamiini (CAS 141-43-5)"}]},{"@type":"WebSite","@id":"https:\/\/masterchem.ee\/fi\/#website","url":"https:\/\/masterchem.ee\/fi\/","name":"Masterchem.ee","description":"Chemistry For Industry - Solvents &amp; Chemicals","publisher":{"@id":"https:\/\/masterchem.ee\/fi\/#organization"},"potentialAction":[{"@type":"SearchAction","target":{"@type":"EntryPoint","urlTemplate":"https:\/\/masterchem.ee\/fi\/?s={search_term_string}"},"query-input":{"@type":"PropertyValueSpecification","valueRequired":true,"valueName":"search_term_string"}}],"inLanguage":"fi"},{"@type":"Organization","@id":"https:\/\/masterchem.ee\/fi\/#organization","name":"Masterchem","url":"https:\/\/masterchem.ee\/fi\/","logo":{"@type":"ImageObject","inLanguage":"fi","@id":"https:\/\/masterchem.ee\/fi\/#\/schema\/logo\/image\/","url":"https:\/\/masterchem.ee\/wp-content\/uploads\/2018\/02\/master-chem_final-1.png","contentUrl":"https:\/\/masterchem.ee\/wp-content\/uploads\/2018\/02\/master-chem_final-1.png","width":850,"height":356,"caption":"Masterchem"},"image":{"@id":"https:\/\/masterchem.ee\/fi\/#\/schema\/logo\/image\/"}}]}},"_links":{"self":[{"href":"https:\/\/masterchem.ee\/fi\/wp-json\/wp\/v2\/product\/12594","targetHints":{"allow":["GET"]}}],"collection":[{"href":"https:\/\/masterchem.ee\/fi\/wp-json\/wp\/v2\/product"}],"about":[{"href":"https:\/\/masterchem.ee\/fi\/wp-json\/wp\/v2\/types\/product"}],"wp:featuredmedia":[{"embeddable":true,"href":"https:\/\/masterchem.ee\/fi\/wp-json\/wp\/v2\/media\/12600"}],"wp:attachment":[{"href":"https:\/\/masterchem.ee\/fi\/wp-json\/wp\/v2\/media?parent=12594"}],"wp:term":[{"taxonomy":"product_brand","embeddable":true,"href":"https:\/\/masterchem.ee\/fi\/wp-json\/wp\/v2\/product_brand?post=12594"},{"taxonomy":"product_cat","embeddable":true,"href":"https:\/\/masterchem.ee\/fi\/wp-json\/wp\/v2\/product_cat?post=12594"},{"taxonomy":"product_tag","embeddable":true,"href":"https:\/\/masterchem.ee\/fi\/wp-json\/wp\/v2\/product_tag?post=12594"}],"curies":[{"name":"wp","href":"https:\/\/api.w.org\/{rel}","templated":true}]}}