{"id":12578,"date":"2021-08-04T13:53:06","date_gmt":"2021-08-04T13:53:08","guid":{"rendered":"https:\/\/masterchem.ee\/?post_type=product&#038;p=12578"},"modified":"2022-03-28T14:20:11","modified_gmt":"2022-03-28T14:20:11","slug":"booraksi-cas-12179-04-3","status":"publish","type":"product","link":"https:\/\/masterchem.ee\/fi\/tooted-ja-teenused\/booraksi-cas-12179-04-3\/","title":{"rendered":"Booraksi (CAS 12179-04-3)"},"content":{"rendered":"<p> <strong> Info<\/strong> <\/p>\n<p>Toimialat: maalit ja lakat, kotitalouskemikaalit, lannoitteet, lasi ja keramiikka, liimat, \u00f6ljyt, rasvat, puutarhanhoito, hartsit, muovit, polyuretaanit <\/p>\n<p>CAS-numero: 1330-43-4 <br \/>\nWE-numero: 215-540-4 <br \/>\nIndeksinumero: 005-011-00-5 <br \/>\nKemiallinen kaava: Na2B4O7 <br \/>\nMoolimassa: 201,22 g \/mol <br \/>\nTullitariffi: 28401100 <\/p>\n<p> <strong> Muut fyysiset ominaisuudet <\/strong> <\/p>\n<p>pH: 9,2 (1%, 20 \u00b0 C) <br \/>\nSulamis- \/ j\u00e4\u00e4tymispiste: 741 \u00b0 C <br \/>\nKiehumispiste \/ kiehumisalue: 1575 \u00b0 C <br \/>\nSuhteellinen tiheys: 2,37 g \/cm3 (20 \u00b0 C) <br \/>\nLiukoisuus veteen: 2,48% (20 \u00b0 C) <\/p>\n","protected":false},"excerpt":{"rendered":"<p><strong>Booraksi (CAS 12179-04-3)<\/strong><\/p>\n<p>Booraksi eli dinatriumtetraboraattidekahydraatti, josta puhekieless\u00e4 k\u00e4ytet\u00e4\u00e4n my\u00f6s harhaanjohtavia nimityksi\u00e4 natriumboraatti ja natriumtetraboraatti, E285 (engl. Borax, lat. Natrium Boricum) on monik\u00e4ytt\u00f6inen booriyhdiste, mineraali (boorimalmi) ja boorihapon suola.<\/p>\n<p>Booraksia k\u00e4ytet\u00e4\u00e4n kotitalouksissa muun muassa homeenestoon, puhdistukseen ja hy\u00f6nteistorjuntaan. Sill\u00e4 on lukuisia k\u00e4ytt\u00f6tarkoituksia my\u00f6s teollisuudessa. N\u00e4ist\u00e4 yleisimm\u00e4t liittyv\u00e4t booraksin kykyyn alentaa ty\u00f6stett\u00e4vien metallien tai lasin sulamisl\u00e4mp\u00f6tilaa. Booraksi on my\u00f6s p\u00e4\u00e4l\u00e4hde boorihapolle. Yksi eksoottisimmista k\u00e4ytt\u00f6tarkoituksista liittyy booraksin kykyyn absorboida neutroneja. T\u00e4m\u00e4n ansiosta sit\u00e4 k\u00e4ytet\u00e4\u00e4n ydinreaktoreiden ja k\u00e4ytetyn ydinpolttoaineen yhteydess\u00e4 sek\u00e4 fissioreaktion hallitsemiseen ett\u00e4 lopulliseen ketjureaktion pys\u00e4ytt\u00e4miseen.<\/p>\n","protected":false},"featured_media":12584,"template":"","meta":[],"product_brand":[],"product_cat":[180,117,258],"product_tag":[],"class_list":{"0":"post-12578","1":"product","2":"type-product","3":"status-publish","4":"has-post-thumbnail","6":"product_cat-uncategorized-fi-2","7":"product_cat-kotitalouskemikaalit","8":"product_cat-muovi-fi","9":"product_shipping_class-tavallinen","11":"first","12":"instock","13":"taxable","14":"shipping-taxable","15":"purchasable","16":"product-type-variable","17":"has-default-attributes"},"yoast_head":"<!-- This site is optimized with the Yoast SEO plugin v26.2 - https:\/\/yoast.com\/wordpress\/plugins\/seo\/ -->\n<title>Booraksi (CAS 12179-04-3) - Chemistry For Industry - Solvents &amp; Chemicals - Masterchem.ee<\/title>\n<meta name=\"description\" content=\"Booraksi eli dinatriumtetraboraattidekahydraatti, josta puhekieless\u00e4 k\u00e4ytet\u00e4\u00e4n my\u00f6s harhaanjohtavia nimityksi\u00e4 natriumboraatti ja natriumtetraboraatti, E285\" \/>\n<meta name=\"robots\" content=\"index, follow, max-snippet:-1, max-image-preview:large, max-video-preview:-1\" \/>\n<link rel=\"canonical\" href=\"https:\/\/masterchem.ee\/fi\/tooted-ja-teenused\/booraksi-cas-12179-04-3\/\" \/>\n<meta name=\"twitter:card\" content=\"summary_large_image\" \/>\n<meta name=\"twitter:title\" content=\"Booraksi (CAS 12179-04-3) - Chemistry For Industry - Solvents &amp; Chemicals - Masterchem.ee\" \/>\n<meta name=\"twitter:description\" content=\"Booraksi eli dinatriumtetraboraattidekahydraatti, josta puhekieless\u00e4 k\u00e4ytet\u00e4\u00e4n my\u00f6s harhaanjohtavia nimityksi\u00e4 natriumboraatti ja natriumtetraboraatti, E285\" \/>\n<meta name=\"twitter:image\" content=\"https:\/\/masterchem.ee\/wp-content\/uploads\/2021\/08\/Booraks-25kg-MasterChem.jpg\" \/>\n<script type=\"application\/ld+json\" class=\"yoast-schema-graph\">{\"@context\":\"https:\/\/schema.org\",\"@graph\":[{\"@type\":\"WebPage\",\"@id\":\"https:\/\/masterchem.ee\/fi\/tooted-ja-teenused\/booraksi-cas-12179-04-3\/\",\"url\":\"https:\/\/masterchem.ee\/fi\/tooted-ja-teenused\/booraksi-cas-12179-04-3\/\",\"name\":\"Booraksi (CAS 12179-04-3) - Chemistry For Industry - Solvents &amp; Chemicals - Masterchem.ee\",\"isPartOf\":{\"@id\":\"https:\/\/masterchem.ee\/fi\/#website\"},\"primaryImageOfPage\":{\"@id\":\"https:\/\/masterchem.ee\/fi\/tooted-ja-teenused\/booraksi-cas-12179-04-3\/#primaryimage\"},\"image\":{\"@id\":\"https:\/\/masterchem.ee\/fi\/tooted-ja-teenused\/booraksi-cas-12179-04-3\/#primaryimage\"},\"thumbnailUrl\":\"https:\/\/masterchem.ee\/wp-content\/uploads\/2021\/08\/Booraks-25kg-MasterChem.jpg\",\"datePublished\":\"2021-08-04T13:53:08+00:00\",\"dateModified\":\"2022-03-28T14:20:11+00:00\",\"description\":\"Booraksi eli dinatriumtetraboraattidekahydraatti, josta puhekieless\u00e4 k\u00e4ytet\u00e4\u00e4n my\u00f6s harhaanjohtavia nimityksi\u00e4 natriumboraatti ja natriumtetraboraatti, E285\",\"breadcrumb\":{\"@id\":\"https:\/\/masterchem.ee\/fi\/tooted-ja-teenused\/booraksi-cas-12179-04-3\/#breadcrumb\"},\"inLanguage\":\"fi\",\"potentialAction\":[{\"@type\":\"ReadAction\",\"target\":[\"https:\/\/masterchem.ee\/fi\/tooted-ja-teenused\/booraksi-cas-12179-04-3\/\"]}]},{\"@type\":\"ImageObject\",\"inLanguage\":\"fi\",\"@id\":\"https:\/\/masterchem.ee\/fi\/tooted-ja-teenused\/booraksi-cas-12179-04-3\/#primaryimage\",\"url\":\"https:\/\/masterchem.ee\/wp-content\/uploads\/2021\/08\/Booraks-25kg-MasterChem.jpg\",\"contentUrl\":\"https:\/\/masterchem.ee\/wp-content\/uploads\/2021\/08\/Booraks-25kg-MasterChem.jpg\",\"width\":1000,\"height\":1000,\"caption\":\"Booraksi (CAS 12179-04-3) 25kg MasterChem\"},{\"@type\":\"BreadcrumbList\",\"@id\":\"https:\/\/masterchem.ee\/fi\/tooted-ja-teenused\/booraksi-cas-12179-04-3\/#breadcrumb\",\"itemListElement\":[{\"@type\":\"ListItem\",\"position\":1,\"name\":\"Home\",\"item\":\"https:\/\/masterchem.ee\/fi\/\"},{\"@type\":\"ListItem\",\"position\":2,\"name\":\"Tooted ja teenused\",\"item\":\"https:\/\/masterchem.ee\/tooted-ja-teenused\/\"},{\"@type\":\"ListItem\",\"position\":3,\"name\":\"Booraksi (CAS 12179-04-3)\"}]},{\"@type\":\"WebSite\",\"@id\":\"https:\/\/masterchem.ee\/fi\/#website\",\"url\":\"https:\/\/masterchem.ee\/fi\/\",\"name\":\"Masterchem.ee\",\"description\":\"Chemistry For Industry - Solvents &amp; Chemicals\",\"publisher\":{\"@id\":\"https:\/\/masterchem.ee\/fi\/#organization\"},\"potentialAction\":[{\"@type\":\"SearchAction\",\"target\":{\"@type\":\"EntryPoint\",\"urlTemplate\":\"https:\/\/masterchem.ee\/fi\/?s={search_term_string}\"},\"query-input\":{\"@type\":\"PropertyValueSpecification\",\"valueRequired\":true,\"valueName\":\"search_term_string\"}}],\"inLanguage\":\"fi\"},{\"@type\":\"Organization\",\"@id\":\"https:\/\/masterchem.ee\/fi\/#organization\",\"name\":\"Masterchem\",\"url\":\"https:\/\/masterchem.ee\/fi\/\",\"logo\":{\"@type\":\"ImageObject\",\"inLanguage\":\"fi\",\"@id\":\"https:\/\/masterchem.ee\/fi\/#\/schema\/logo\/image\/\",\"url\":\"https:\/\/masterchem.ee\/wp-content\/uploads\/2018\/02\/master-chem_final-1.png\",\"contentUrl\":\"https:\/\/masterchem.ee\/wp-content\/uploads\/2018\/02\/master-chem_final-1.png\",\"width\":850,\"height\":356,\"caption\":\"Masterchem\"},\"image\":{\"@id\":\"https:\/\/masterchem.ee\/fi\/#\/schema\/logo\/image\/\"}}]}<\/script>\n<!-- \/ Yoast SEO plugin. -->","yoast_head_json":{"title":"Booraksi (CAS 12179-04-3) - Chemistry For Industry - Solvents &amp; Chemicals - Masterchem.ee","description":"Booraksi eli dinatriumtetraboraattidekahydraatti, josta puhekieless\u00e4 k\u00e4ytet\u00e4\u00e4n my\u00f6s harhaanjohtavia nimityksi\u00e4 natriumboraatti ja natriumtetraboraatti, E285","robots":{"index":"index","follow":"follow","max-snippet":"max-snippet:-1","max-image-preview":"max-image-preview:large","max-video-preview":"max-video-preview:-1"},"canonical":"https:\/\/masterchem.ee\/fi\/tooted-ja-teenused\/booraksi-cas-12179-04-3\/","twitter_card":"summary_large_image","twitter_title":"Booraksi (CAS 12179-04-3) - Chemistry For Industry - Solvents &amp; Chemicals - Masterchem.ee","twitter_description":"Booraksi eli dinatriumtetraboraattidekahydraatti, josta puhekieless\u00e4 k\u00e4ytet\u00e4\u00e4n my\u00f6s harhaanjohtavia nimityksi\u00e4 natriumboraatti ja natriumtetraboraatti, E285","twitter_image":"https:\/\/masterchem.ee\/wp-content\/uploads\/2021\/08\/Booraks-25kg-MasterChem.jpg","schema":{"@context":"https:\/\/schema.org","@graph":[{"@type":"WebPage","@id":"https:\/\/masterchem.ee\/fi\/tooted-ja-teenused\/booraksi-cas-12179-04-3\/","url":"https:\/\/masterchem.ee\/fi\/tooted-ja-teenused\/booraksi-cas-12179-04-3\/","name":"Booraksi (CAS 12179-04-3) - Chemistry For Industry - Solvents &amp; Chemicals - Masterchem.ee","isPartOf":{"@id":"https:\/\/masterchem.ee\/fi\/#website"},"primaryImageOfPage":{"@id":"https:\/\/masterchem.ee\/fi\/tooted-ja-teenused\/booraksi-cas-12179-04-3\/#primaryimage"},"image":{"@id":"https:\/\/masterchem.ee\/fi\/tooted-ja-teenused\/booraksi-cas-12179-04-3\/#primaryimage"},"thumbnailUrl":"https:\/\/masterchem.ee\/wp-content\/uploads\/2021\/08\/Booraks-25kg-MasterChem.jpg","datePublished":"2021-08-04T13:53:08+00:00","dateModified":"2022-03-28T14:20:11+00:00","description":"Booraksi eli dinatriumtetraboraattidekahydraatti, josta puhekieless\u00e4 k\u00e4ytet\u00e4\u00e4n my\u00f6s harhaanjohtavia nimityksi\u00e4 natriumboraatti ja natriumtetraboraatti, E285","breadcrumb":{"@id":"https:\/\/masterchem.ee\/fi\/tooted-ja-teenused\/booraksi-cas-12179-04-3\/#breadcrumb"},"inLanguage":"fi","potentialAction":[{"@type":"ReadAction","target":["https:\/\/masterchem.ee\/fi\/tooted-ja-teenused\/booraksi-cas-12179-04-3\/"]}]},{"@type":"ImageObject","inLanguage":"fi","@id":"https:\/\/masterchem.ee\/fi\/tooted-ja-teenused\/booraksi-cas-12179-04-3\/#primaryimage","url":"https:\/\/masterchem.ee\/wp-content\/uploads\/2021\/08\/Booraks-25kg-MasterChem.jpg","contentUrl":"https:\/\/masterchem.ee\/wp-content\/uploads\/2021\/08\/Booraks-25kg-MasterChem.jpg","width":1000,"height":1000,"caption":"Booraksi (CAS 12179-04-3) 25kg MasterChem"},{"@type":"BreadcrumbList","@id":"https:\/\/masterchem.ee\/fi\/tooted-ja-teenused\/booraksi-cas-12179-04-3\/#breadcrumb","itemListElement":[{"@type":"ListItem","position":1,"name":"Home","item":"https:\/\/masterchem.ee\/fi\/"},{"@type":"ListItem","position":2,"name":"Tooted ja teenused","item":"https:\/\/masterchem.ee\/tooted-ja-teenused\/"},{"@type":"ListItem","position":3,"name":"Booraksi (CAS 12179-04-3)"}]},{"@type":"WebSite","@id":"https:\/\/masterchem.ee\/fi\/#website","url":"https:\/\/masterchem.ee\/fi\/","name":"Masterchem.ee","description":"Chemistry For Industry - Solvents &amp; Chemicals","publisher":{"@id":"https:\/\/masterchem.ee\/fi\/#organization"},"potentialAction":[{"@type":"SearchAction","target":{"@type":"EntryPoint","urlTemplate":"https:\/\/masterchem.ee\/fi\/?s={search_term_string}"},"query-input":{"@type":"PropertyValueSpecification","valueRequired":true,"valueName":"search_term_string"}}],"inLanguage":"fi"},{"@type":"Organization","@id":"https:\/\/masterchem.ee\/fi\/#organization","name":"Masterchem","url":"https:\/\/masterchem.ee\/fi\/","logo":{"@type":"ImageObject","inLanguage":"fi","@id":"https:\/\/masterchem.ee\/fi\/#\/schema\/logo\/image\/","url":"https:\/\/masterchem.ee\/wp-content\/uploads\/2018\/02\/master-chem_final-1.png","contentUrl":"https:\/\/masterchem.ee\/wp-content\/uploads\/2018\/02\/master-chem_final-1.png","width":850,"height":356,"caption":"Masterchem"},"image":{"@id":"https:\/\/masterchem.ee\/fi\/#\/schema\/logo\/image\/"}}]}},"_links":{"self":[{"href":"https:\/\/masterchem.ee\/fi\/wp-json\/wp\/v2\/product\/12578","targetHints":{"allow":["GET"]}}],"collection":[{"href":"https:\/\/masterchem.ee\/fi\/wp-json\/wp\/v2\/product"}],"about":[{"href":"https:\/\/masterchem.ee\/fi\/wp-json\/wp\/v2\/types\/product"}],"wp:featuredmedia":[{"embeddable":true,"href":"https:\/\/masterchem.ee\/fi\/wp-json\/wp\/v2\/media\/12584"}],"wp:attachment":[{"href":"https:\/\/masterchem.ee\/fi\/wp-json\/wp\/v2\/media?parent=12578"}],"wp:term":[{"taxonomy":"product_brand","embeddable":true,"href":"https:\/\/masterchem.ee\/fi\/wp-json\/wp\/v2\/product_brand?post=12578"},{"taxonomy":"product_cat","embeddable":true,"href":"https:\/\/masterchem.ee\/fi\/wp-json\/wp\/v2\/product_cat?post=12578"},{"taxonomy":"product_tag","embeddable":true,"href":"https:\/\/masterchem.ee\/fi\/wp-json\/wp\/v2\/product_tag?post=12578"}],"curies":[{"name":"wp","href":"https:\/\/api.w.org\/{rel}","templated":true}]}}