{"id":12563,"date":"2021-08-04T10:59:40","date_gmt":"2021-08-04T10:59:42","guid":{"rendered":"https:\/\/masterchem.ee\/?post_type=product&#038;p=12563"},"modified":"2021-08-04T11:09:04","modified_gmt":"2021-08-04T11:09:04","slug":"kolesteroli-cas-57-88-5","status":"publish","type":"product","link":"https:\/\/masterchem.ee\/fi\/tooted-ja-teenused\/kolesteroli-cas-57-88-5\/","title":{"rendered":"Kolesteroli (CAS 57-88-5)"},"content":{"rendered":"<p> <strong> Info<\/strong> <br \/>\nT\u00f6\u00f6stusharud: kodukeemia, v\u00e4etised, aiandus, farmaatsiat\u00f6\u00f6stus, ehituskeemia <\/p>\n<p> CASi number: 57-88-5 <br \/>\nWE number: 200-353-2 <br \/>\nKeemiline valem: C27H46O <br \/>\nMolaarmass: 386,65 g \/mol <br \/>\nTollitariifikood: 29061310 <\/p>\n<p> <strong> Muud f\u00fc\u00fcsilised omadused <\/strong> <\/p>\n<p> Sulamis- \/ k\u00fclmumistemperatuur: 147-150 \u00b0 C <br \/>\nKeemistemperatuur \/ keemistemperatuur: ~ 359 \u00b0 C <br \/>\nLahustuvus vees: Nierozpuszczalny <\/p>\n","protected":false},"excerpt":{"rendered":"<p><strong>Kolesteroli (CAS 57-88-5)<\/strong><\/p>\n<p>Kolesteroli (C27H46O) on ihmisen ja muiden el\u00e4inten kudoksissa, etenkin maksassa, tuotettu steroideihin kuuluva tyydyttym\u00e4t\u00f6n, rengasrakenteinen, veteen liukenematon kiteinen alkoholi.<\/p>\n<p>Kolesteroli on ihmisen ja el\u00e4inten kaikkien kudosten toiminnalle v\u00e4ltt\u00e4m\u00e4t\u00f6n aine, jota esiintyy runsaasti varsinkin \u00e4idinmaidossa, rasvakudoksessa, aivoissa, hermoissa, maksassa ja munuaisissa. Usein puhutaan kansanomaisesti &#8221;hyv\u00e4st\u00e4&#8221; ja &#8221;pahasta&#8221; kolesterolista, mutta kaikki kolesteroli on silti kemialliselta rakenteeltaan t\u00e4ysin samanlaista.<\/p>\n<p>Kolesteroli toimii muun muassa steroidien ja solukalvojen rakennusaineena, vaurioituneiden kudosten korjausaineena, myeliinin eli hermosoluja ymp\u00e4r\u00f6iv\u00e4n s\u00e4hk\u00f6\u00e4 erist\u00e4v\u00e4n kudoksen rakennusaineena sek\u00e4 D-vitamiinihormonin esiasteena.<\/p>\n<p>Kolesterolia esiintyy monien eli\u00f6iden semiokemikaalina. Kolesterolia ei esiinny kasvikunnassa, mutta kasvikunnassa esiintyy vastaavankaltaisia aineita kuten kasvisterolit ja kasvistanolit.<\/p>\n","protected":false},"featured_media":12569,"template":"","meta":[],"product_brand":[],"product_cat":[180,117,120,323,351,114],"product_tag":[],"class_list":{"0":"post-12563","1":"product","2":"type-product","3":"status-publish","4":"has-post-thumbnail","6":"product_cat-uncategorized-fi-2","7":"product_cat-kotitalouskemikaalit","8":"product_cat-laaketeollisuus","9":"product_cat-lannoitteet","10":"product_cat-puutarhanhoito","11":"product_cat-rakennusteollisuus","13":"first","14":"instock","15":"taxable","16":"shipping-taxable","17":"purchasable","18":"product-type-variable","19":"has-default-attributes"},"yoast_head":"<!-- This site is optimized with the Yoast SEO plugin v26.2 - https:\/\/yoast.com\/wordpress\/plugins\/seo\/ -->\n<title>Kolesteroli (CAS 57-88-5) - Chemistry For Industry - Solvents &amp; Chemicals - Masterchem.ee<\/title>\n<meta name=\"description\" content=\"Kolesteroli (C27H46O) on ihmisen ja muiden el\u00e4inten kudoksissa, etenkin maksassa, tuotettu steroideihin kuuluva tyydyttym\u00e4t\u00f6n, rengasrakenteinen, veteen liukenematon kiteinen alkoholi.\" \/>\n<meta name=\"robots\" content=\"index, follow, max-snippet:-1, max-image-preview:large, max-video-preview:-1\" \/>\n<link rel=\"canonical\" href=\"https:\/\/masterchem.ee\/fi\/tooted-ja-teenused\/kolesteroli-cas-57-88-5\/\" \/>\n<meta name=\"twitter:card\" content=\"summary_large_image\" \/>\n<meta name=\"twitter:title\" content=\"Kolesteroli (CAS 57-88-5) - Chemistry For Industry - Solvents &amp; Chemicals - Masterchem.ee\" \/>\n<meta name=\"twitter:description\" content=\"Kolesteroli (C27H46O) on ihmisen ja muiden el\u00e4inten kudoksissa, etenkin maksassa, tuotettu steroideihin kuuluva tyydyttym\u00e4t\u00f6n, rengasrakenteinen, veteen liukenematon kiteinen alkoholi.\" \/>\n<meta name=\"twitter:image\" content=\"https:\/\/masterchem.ee\/wp-content\/uploads\/2021\/08\/Kolesterool-25kg-MasterChem.jpg\" \/>\n<script type=\"application\/ld+json\" class=\"yoast-schema-graph\">{\"@context\":\"https:\/\/schema.org\",\"@graph\":[{\"@type\":\"WebPage\",\"@id\":\"https:\/\/masterchem.ee\/fi\/tooted-ja-teenused\/kolesteroli-cas-57-88-5\/\",\"url\":\"https:\/\/masterchem.ee\/fi\/tooted-ja-teenused\/kolesteroli-cas-57-88-5\/\",\"name\":\"Kolesteroli (CAS 57-88-5) - Chemistry For Industry - Solvents &amp; Chemicals - Masterchem.ee\",\"isPartOf\":{\"@id\":\"https:\/\/masterchem.ee\/fi\/#website\"},\"primaryImageOfPage\":{\"@id\":\"https:\/\/masterchem.ee\/fi\/tooted-ja-teenused\/kolesteroli-cas-57-88-5\/#primaryimage\"},\"image\":{\"@id\":\"https:\/\/masterchem.ee\/fi\/tooted-ja-teenused\/kolesteroli-cas-57-88-5\/#primaryimage\"},\"thumbnailUrl\":\"https:\/\/masterchem.ee\/wp-content\/uploads\/2021\/08\/Kolesterool-25kg-MasterChem.jpg\",\"datePublished\":\"2021-08-04T10:59:42+00:00\",\"dateModified\":\"2021-08-04T11:09:04+00:00\",\"description\":\"Kolesteroli (C27H46O) on ihmisen ja muiden el\u00e4inten kudoksissa, etenkin maksassa, tuotettu steroideihin kuuluva tyydyttym\u00e4t\u00f6n, rengasrakenteinen, veteen liukenematon kiteinen alkoholi.\",\"breadcrumb\":{\"@id\":\"https:\/\/masterchem.ee\/fi\/tooted-ja-teenused\/kolesteroli-cas-57-88-5\/#breadcrumb\"},\"inLanguage\":\"fi\",\"potentialAction\":[{\"@type\":\"ReadAction\",\"target\":[\"https:\/\/masterchem.ee\/fi\/tooted-ja-teenused\/kolesteroli-cas-57-88-5\/\"]}]},{\"@type\":\"ImageObject\",\"inLanguage\":\"fi\",\"@id\":\"https:\/\/masterchem.ee\/fi\/tooted-ja-teenused\/kolesteroli-cas-57-88-5\/#primaryimage\",\"url\":\"https:\/\/masterchem.ee\/wp-content\/uploads\/2021\/08\/Kolesterool-25kg-MasterChem.jpg\",\"contentUrl\":\"https:\/\/masterchem.ee\/wp-content\/uploads\/2021\/08\/Kolesterool-25kg-MasterChem.jpg\",\"width\":1000,\"height\":1000,\"caption\":\"Kolesteroli (CAS 57-88-5) 25kg MasterChem\"},{\"@type\":\"BreadcrumbList\",\"@id\":\"https:\/\/masterchem.ee\/fi\/tooted-ja-teenused\/kolesteroli-cas-57-88-5\/#breadcrumb\",\"itemListElement\":[{\"@type\":\"ListItem\",\"position\":1,\"name\":\"Home\",\"item\":\"https:\/\/masterchem.ee\/fi\/\"},{\"@type\":\"ListItem\",\"position\":2,\"name\":\"Tooted ja teenused\",\"item\":\"https:\/\/masterchem.ee\/tooted-ja-teenused\/\"},{\"@type\":\"ListItem\",\"position\":3,\"name\":\"Kolesteroli (CAS 57-88-5)\"}]},{\"@type\":\"WebSite\",\"@id\":\"https:\/\/masterchem.ee\/fi\/#website\",\"url\":\"https:\/\/masterchem.ee\/fi\/\",\"name\":\"Masterchem.ee\",\"description\":\"Chemistry For Industry - Solvents &amp; Chemicals\",\"publisher\":{\"@id\":\"https:\/\/masterchem.ee\/fi\/#organization\"},\"potentialAction\":[{\"@type\":\"SearchAction\",\"target\":{\"@type\":\"EntryPoint\",\"urlTemplate\":\"https:\/\/masterchem.ee\/fi\/?s={search_term_string}\"},\"query-input\":{\"@type\":\"PropertyValueSpecification\",\"valueRequired\":true,\"valueName\":\"search_term_string\"}}],\"inLanguage\":\"fi\"},{\"@type\":\"Organization\",\"@id\":\"https:\/\/masterchem.ee\/fi\/#organization\",\"name\":\"Masterchem\",\"url\":\"https:\/\/masterchem.ee\/fi\/\",\"logo\":{\"@type\":\"ImageObject\",\"inLanguage\":\"fi\",\"@id\":\"https:\/\/masterchem.ee\/fi\/#\/schema\/logo\/image\/\",\"url\":\"https:\/\/masterchem.ee\/wp-content\/uploads\/2018\/02\/master-chem_final-1.png\",\"contentUrl\":\"https:\/\/masterchem.ee\/wp-content\/uploads\/2018\/02\/master-chem_final-1.png\",\"width\":850,\"height\":356,\"caption\":\"Masterchem\"},\"image\":{\"@id\":\"https:\/\/masterchem.ee\/fi\/#\/schema\/logo\/image\/\"}}]}<\/script>\n<!-- \/ Yoast SEO plugin. -->","yoast_head_json":{"title":"Kolesteroli (CAS 57-88-5) - Chemistry For Industry - Solvents &amp; Chemicals - Masterchem.ee","description":"Kolesteroli (C27H46O) on ihmisen ja muiden el\u00e4inten kudoksissa, etenkin maksassa, tuotettu steroideihin kuuluva tyydyttym\u00e4t\u00f6n, rengasrakenteinen, veteen liukenematon kiteinen alkoholi.","robots":{"index":"index","follow":"follow","max-snippet":"max-snippet:-1","max-image-preview":"max-image-preview:large","max-video-preview":"max-video-preview:-1"},"canonical":"https:\/\/masterchem.ee\/fi\/tooted-ja-teenused\/kolesteroli-cas-57-88-5\/","twitter_card":"summary_large_image","twitter_title":"Kolesteroli (CAS 57-88-5) - Chemistry For Industry - Solvents &amp; Chemicals - Masterchem.ee","twitter_description":"Kolesteroli (C27H46O) on ihmisen ja muiden el\u00e4inten kudoksissa, etenkin maksassa, tuotettu steroideihin kuuluva tyydyttym\u00e4t\u00f6n, rengasrakenteinen, veteen liukenematon kiteinen alkoholi.","twitter_image":"https:\/\/masterchem.ee\/wp-content\/uploads\/2021\/08\/Kolesterool-25kg-MasterChem.jpg","schema":{"@context":"https:\/\/schema.org","@graph":[{"@type":"WebPage","@id":"https:\/\/masterchem.ee\/fi\/tooted-ja-teenused\/kolesteroli-cas-57-88-5\/","url":"https:\/\/masterchem.ee\/fi\/tooted-ja-teenused\/kolesteroli-cas-57-88-5\/","name":"Kolesteroli (CAS 57-88-5) - Chemistry For Industry - Solvents &amp; Chemicals - Masterchem.ee","isPartOf":{"@id":"https:\/\/masterchem.ee\/fi\/#website"},"primaryImageOfPage":{"@id":"https:\/\/masterchem.ee\/fi\/tooted-ja-teenused\/kolesteroli-cas-57-88-5\/#primaryimage"},"image":{"@id":"https:\/\/masterchem.ee\/fi\/tooted-ja-teenused\/kolesteroli-cas-57-88-5\/#primaryimage"},"thumbnailUrl":"https:\/\/masterchem.ee\/wp-content\/uploads\/2021\/08\/Kolesterool-25kg-MasterChem.jpg","datePublished":"2021-08-04T10:59:42+00:00","dateModified":"2021-08-04T11:09:04+00:00","description":"Kolesteroli (C27H46O) on ihmisen ja muiden el\u00e4inten kudoksissa, etenkin maksassa, tuotettu steroideihin kuuluva tyydyttym\u00e4t\u00f6n, rengasrakenteinen, veteen liukenematon kiteinen alkoholi.","breadcrumb":{"@id":"https:\/\/masterchem.ee\/fi\/tooted-ja-teenused\/kolesteroli-cas-57-88-5\/#breadcrumb"},"inLanguage":"fi","potentialAction":[{"@type":"ReadAction","target":["https:\/\/masterchem.ee\/fi\/tooted-ja-teenused\/kolesteroli-cas-57-88-5\/"]}]},{"@type":"ImageObject","inLanguage":"fi","@id":"https:\/\/masterchem.ee\/fi\/tooted-ja-teenused\/kolesteroli-cas-57-88-5\/#primaryimage","url":"https:\/\/masterchem.ee\/wp-content\/uploads\/2021\/08\/Kolesterool-25kg-MasterChem.jpg","contentUrl":"https:\/\/masterchem.ee\/wp-content\/uploads\/2021\/08\/Kolesterool-25kg-MasterChem.jpg","width":1000,"height":1000,"caption":"Kolesteroli (CAS 57-88-5) 25kg MasterChem"},{"@type":"BreadcrumbList","@id":"https:\/\/masterchem.ee\/fi\/tooted-ja-teenused\/kolesteroli-cas-57-88-5\/#breadcrumb","itemListElement":[{"@type":"ListItem","position":1,"name":"Home","item":"https:\/\/masterchem.ee\/fi\/"},{"@type":"ListItem","position":2,"name":"Tooted ja teenused","item":"https:\/\/masterchem.ee\/tooted-ja-teenused\/"},{"@type":"ListItem","position":3,"name":"Kolesteroli (CAS 57-88-5)"}]},{"@type":"WebSite","@id":"https:\/\/masterchem.ee\/fi\/#website","url":"https:\/\/masterchem.ee\/fi\/","name":"Masterchem.ee","description":"Chemistry For Industry - Solvents &amp; Chemicals","publisher":{"@id":"https:\/\/masterchem.ee\/fi\/#organization"},"potentialAction":[{"@type":"SearchAction","target":{"@type":"EntryPoint","urlTemplate":"https:\/\/masterchem.ee\/fi\/?s={search_term_string}"},"query-input":{"@type":"PropertyValueSpecification","valueRequired":true,"valueName":"search_term_string"}}],"inLanguage":"fi"},{"@type":"Organization","@id":"https:\/\/masterchem.ee\/fi\/#organization","name":"Masterchem","url":"https:\/\/masterchem.ee\/fi\/","logo":{"@type":"ImageObject","inLanguage":"fi","@id":"https:\/\/masterchem.ee\/fi\/#\/schema\/logo\/image\/","url":"https:\/\/masterchem.ee\/wp-content\/uploads\/2018\/02\/master-chem_final-1.png","contentUrl":"https:\/\/masterchem.ee\/wp-content\/uploads\/2018\/02\/master-chem_final-1.png","width":850,"height":356,"caption":"Masterchem"},"image":{"@id":"https:\/\/masterchem.ee\/fi\/#\/schema\/logo\/image\/"}}]}},"_links":{"self":[{"href":"https:\/\/masterchem.ee\/fi\/wp-json\/wp\/v2\/product\/12563","targetHints":{"allow":["GET"]}}],"collection":[{"href":"https:\/\/masterchem.ee\/fi\/wp-json\/wp\/v2\/product"}],"about":[{"href":"https:\/\/masterchem.ee\/fi\/wp-json\/wp\/v2\/types\/product"}],"wp:featuredmedia":[{"embeddable":true,"href":"https:\/\/masterchem.ee\/fi\/wp-json\/wp\/v2\/media\/12569"}],"wp:attachment":[{"href":"https:\/\/masterchem.ee\/fi\/wp-json\/wp\/v2\/media?parent=12563"}],"wp:term":[{"taxonomy":"product_brand","embeddable":true,"href":"https:\/\/masterchem.ee\/fi\/wp-json\/wp\/v2\/product_brand?post=12563"},{"taxonomy":"product_cat","embeddable":true,"href":"https:\/\/masterchem.ee\/fi\/wp-json\/wp\/v2\/product_cat?post=12563"},{"taxonomy":"product_tag","embeddable":true,"href":"https:\/\/masterchem.ee\/fi\/wp-json\/wp\/v2\/product_tag?post=12563"}],"curies":[{"name":"wp","href":"https:\/\/api.w.org\/{rel}","templated":true}]}}