{"id":12521,"date":"2021-08-04T09:15:34","date_gmt":"2021-08-04T09:15:36","guid":{"rendered":"https:\/\/masterchem.ee\/?post_type=product&#038;p=12521"},"modified":"2021-08-04T09:19:11","modified_gmt":"2021-08-04T09:19:11","slug":"natriumkloridi-suola-tabletit-cas-7647-14-5","status":"publish","type":"product","link":"https:\/\/masterchem.ee\/fi\/tooted-ja-teenused\/natriumkloridi-suola-tabletit-cas-7647-14-5\/","title":{"rendered":"Natriumkloridi [suola tabletit] (CAS 7647-14-5)"},"content":{"rendered":"<p> <strong> Info<\/strong> <br \/>\nToimialat: kotitalouskemikaalit, l\u00e4\u00e4keteollisuus, elintarviketeollisuus, rehuteollisuus <\/p>\n<p> CAS-numero: 7647-14-5 <br \/>\nWE-numero: 231-598-3 <br \/>\nKemiallinen kaava: NaCl <br \/>\nMoolimassa: 58,44 g \/mol <br \/>\nTullitariffi: 25010099 <\/p>\n<p> <strong> Muut fyysiset ominaisuudet <\/strong> <\/p>\n<p> pH: ~ 7 (1 % roztw\u00f3r wodny w 25 \u00b0 C), 8-9 (5 % roztw\u00f3r wodny w 25 \u00b0 C)) <br \/>\nSulamis- \/ j\u00e4\u00e4tymispiste: 801 \u00b0 C <br \/>\nLiukoisuus veteen: 358 g\/l (20 \u00b0 C) <\/p>\n","protected":false},"excerpt":{"rendered":"<p> <strong>Natriumkloridi [suola tabletit] (CAS 7647-14-5) <\/strong> <\/p>\n<p> Natriumkloridi \/\u02ccso\u028adi\u0259m \u02c8kl\u0254\u02d0ra\u026ad \/, joka tunnetaan yleisesti suolana (vaikka merisuola sis\u00e4lt\u00e4\u00e4 my\u00f6s muita kemiallisia suoloja), on ioninen yhdiste, jonka kemiallinen kaava on NaCl, joka edustaa natrium- ja kloridi -ionien suhdetta 1: 1. Kun moolimassa on 22,99 ja vastaavasti 35,45 g\/mol, 100 g NaCl sis\u00e4lt\u00e4\u00e4 39,34 g Na ja 60,66 g Cl. Natriumkloridi on suola, joka on eniten vastuussa meriveden ja monisoluisten organismien solunulkoisen nesteen suolapitoisuudesta. Sy\u00f6t\u00e4v\u00e4ss\u00e4 ruokasuolassa sit\u00e4 k\u00e4ytet\u00e4\u00e4n yleisesti mausteena ja elintarvikkeiden s\u00e4il\u00f6nt\u00e4aineena. Suuria m\u00e4\u00e4ri\u00e4 natriumkloridia k\u00e4ytet\u00e4\u00e4n monissa teollisissa prosesseissa, ja se on t\u00e4rke\u00e4 natrium- ja klooriyhdisteiden l\u00e4hde, jota k\u00e4ytet\u00e4\u00e4n raaka -aineena lis\u00e4kemiallisissa synteeseiss\u00e4. Toinen merkitt\u00e4v\u00e4 natriumkloridin k\u00e4ytt\u00f6kohde on teiden j\u00e4\u00e4npoisto pakkasella. <\/p>\n","protected":false},"featured_media":12512,"template":"","meta":[],"product_brand":[],"product_cat":[180,117,120,258,290,307],"product_tag":[],"class_list":{"0":"post-12521","1":"product","2":"type-product","3":"status-publish","4":"has-post-thumbnail","6":"product_cat-uncategorized-fi-2","7":"product_cat-kotitalouskemikaalit","8":"product_cat-laaketeollisuus","9":"product_cat-muovi-fi","10":"product_cat-rehuteollisuus","11":"product_cat-ruokateollisuus","13":"first","14":"instock","15":"taxable","16":"shipping-taxable","17":"purchasable","18":"product-type-variable","19":"has-default-attributes"},"yoast_head":"<!-- This site is optimized with the Yoast SEO plugin v26.2 - https:\/\/yoast.com\/wordpress\/plugins\/seo\/ -->\n<title>Natriumkloridi [suola tabletit] (CAS 7647-14-5) - Chemistry For Industry - Solvents &amp; Chemicals - Masterchem.ee<\/title>\n<meta name=\"description\" content=\"Kaliumkloridi (KCl tai kaliumsuola) on metallihalidisuola, joka koostuu kaliumista ja kloorista. Se on hajuton ja siin\u00e4 on valkoinen tai v\u00e4rit\u00f6n lasimainen kide.\" \/>\n<meta name=\"robots\" content=\"index, follow, max-snippet:-1, max-image-preview:large, max-video-preview:-1\" \/>\n<link rel=\"canonical\" href=\"https:\/\/masterchem.ee\/fi\/tooted-ja-teenused\/natriumkloridi-suola-tabletit-cas-7647-14-5\/\" \/>\n<meta name=\"twitter:card\" content=\"summary_large_image\" \/>\n<meta name=\"twitter:title\" content=\"Natriumkloridi [suola tabletit] (CAS 7647-14-5) - Chemistry For Industry - Solvents &amp; Chemicals - Masterchem.ee\" \/>\n<meta name=\"twitter:description\" content=\"Kaliumkloridi (KCl tai kaliumsuola) on metallihalidisuola, joka koostuu kaliumista ja kloorista. Se on hajuton ja siin\u00e4 on valkoinen tai v\u00e4rit\u00f6n lasimainen kide.\" \/>\n<meta name=\"twitter:image\" content=\"https:\/\/masterchem.ee\/wp-content\/uploads\/2021\/08\/Naatriumkloriid-25kg-MasterChem.jpg\" \/>\n<script type=\"application\/ld+json\" class=\"yoast-schema-graph\">{\"@context\":\"https:\/\/schema.org\",\"@graph\":[{\"@type\":\"WebPage\",\"@id\":\"https:\/\/masterchem.ee\/fi\/tooted-ja-teenused\/natriumkloridi-suola-tabletit-cas-7647-14-5\/\",\"url\":\"https:\/\/masterchem.ee\/fi\/tooted-ja-teenused\/natriumkloridi-suola-tabletit-cas-7647-14-5\/\",\"name\":\"Natriumkloridi [suola tabletit] (CAS 7647-14-5) - Chemistry For Industry - Solvents &amp; Chemicals - Masterchem.ee\",\"isPartOf\":{\"@id\":\"https:\/\/masterchem.ee\/fi\/#website\"},\"primaryImageOfPage\":{\"@id\":\"https:\/\/masterchem.ee\/fi\/tooted-ja-teenused\/natriumkloridi-suola-tabletit-cas-7647-14-5\/#primaryimage\"},\"image\":{\"@id\":\"https:\/\/masterchem.ee\/fi\/tooted-ja-teenused\/natriumkloridi-suola-tabletit-cas-7647-14-5\/#primaryimage\"},\"thumbnailUrl\":\"https:\/\/masterchem.ee\/wp-content\/uploads\/2021\/08\/Naatriumkloriid-25kg-MasterChem.jpg\",\"datePublished\":\"2021-08-04T09:15:36+00:00\",\"dateModified\":\"2021-08-04T09:19:11+00:00\",\"description\":\"Kaliumkloridi (KCl tai kaliumsuola) on metallihalidisuola, joka koostuu kaliumista ja kloorista. Se on hajuton ja siin\u00e4 on valkoinen tai v\u00e4rit\u00f6n lasimainen kide.\",\"breadcrumb\":{\"@id\":\"https:\/\/masterchem.ee\/fi\/tooted-ja-teenused\/natriumkloridi-suola-tabletit-cas-7647-14-5\/#breadcrumb\"},\"inLanguage\":\"fi\",\"potentialAction\":[{\"@type\":\"ReadAction\",\"target\":[\"https:\/\/masterchem.ee\/fi\/tooted-ja-teenused\/natriumkloridi-suola-tabletit-cas-7647-14-5\/\"]}]},{\"@type\":\"ImageObject\",\"inLanguage\":\"fi\",\"@id\":\"https:\/\/masterchem.ee\/fi\/tooted-ja-teenused\/natriumkloridi-suola-tabletit-cas-7647-14-5\/#primaryimage\",\"url\":\"https:\/\/masterchem.ee\/wp-content\/uploads\/2021\/08\/Naatriumkloriid-25kg-MasterChem.jpg\",\"contentUrl\":\"https:\/\/masterchem.ee\/wp-content\/uploads\/2021\/08\/Naatriumkloriid-25kg-MasterChem.jpg\",\"width\":1000,\"height\":1000,\"caption\":\"Natriumkloridi [suola tabletit] (CAS 7647-14-5) 25kg MasterChem\"},{\"@type\":\"BreadcrumbList\",\"@id\":\"https:\/\/masterchem.ee\/fi\/tooted-ja-teenused\/natriumkloridi-suola-tabletit-cas-7647-14-5\/#breadcrumb\",\"itemListElement\":[{\"@type\":\"ListItem\",\"position\":1,\"name\":\"Home\",\"item\":\"https:\/\/masterchem.ee\/fi\/\"},{\"@type\":\"ListItem\",\"position\":2,\"name\":\"Tooted ja teenused\",\"item\":\"https:\/\/masterchem.ee\/tooted-ja-teenused\/\"},{\"@type\":\"ListItem\",\"position\":3,\"name\":\"Natriumkloridi [suola tabletit] (CAS 7647-14-5)\"}]},{\"@type\":\"WebSite\",\"@id\":\"https:\/\/masterchem.ee\/fi\/#website\",\"url\":\"https:\/\/masterchem.ee\/fi\/\",\"name\":\"Masterchem.ee\",\"description\":\"Chemistry For Industry - Solvents &amp; Chemicals\",\"publisher\":{\"@id\":\"https:\/\/masterchem.ee\/fi\/#organization\"},\"potentialAction\":[{\"@type\":\"SearchAction\",\"target\":{\"@type\":\"EntryPoint\",\"urlTemplate\":\"https:\/\/masterchem.ee\/fi\/?s={search_term_string}\"},\"query-input\":{\"@type\":\"PropertyValueSpecification\",\"valueRequired\":true,\"valueName\":\"search_term_string\"}}],\"inLanguage\":\"fi\"},{\"@type\":\"Organization\",\"@id\":\"https:\/\/masterchem.ee\/fi\/#organization\",\"name\":\"Masterchem\",\"url\":\"https:\/\/masterchem.ee\/fi\/\",\"logo\":{\"@type\":\"ImageObject\",\"inLanguage\":\"fi\",\"@id\":\"https:\/\/masterchem.ee\/fi\/#\/schema\/logo\/image\/\",\"url\":\"https:\/\/masterchem.ee\/wp-content\/uploads\/2018\/02\/master-chem_final-1.png\",\"contentUrl\":\"https:\/\/masterchem.ee\/wp-content\/uploads\/2018\/02\/master-chem_final-1.png\",\"width\":850,\"height\":356,\"caption\":\"Masterchem\"},\"image\":{\"@id\":\"https:\/\/masterchem.ee\/fi\/#\/schema\/logo\/image\/\"}}]}<\/script>\n<!-- \/ Yoast SEO plugin. -->","yoast_head_json":{"title":"Natriumkloridi [suola tabletit] (CAS 7647-14-5) - Chemistry For Industry - Solvents &amp; Chemicals - Masterchem.ee","description":"Kaliumkloridi (KCl tai kaliumsuola) on metallihalidisuola, joka koostuu kaliumista ja kloorista. Se on hajuton ja siin\u00e4 on valkoinen tai v\u00e4rit\u00f6n lasimainen kide.","robots":{"index":"index","follow":"follow","max-snippet":"max-snippet:-1","max-image-preview":"max-image-preview:large","max-video-preview":"max-video-preview:-1"},"canonical":"https:\/\/masterchem.ee\/fi\/tooted-ja-teenused\/natriumkloridi-suola-tabletit-cas-7647-14-5\/","twitter_card":"summary_large_image","twitter_title":"Natriumkloridi [suola tabletit] (CAS 7647-14-5) - Chemistry For Industry - Solvents &amp; Chemicals - Masterchem.ee","twitter_description":"Kaliumkloridi (KCl tai kaliumsuola) on metallihalidisuola, joka koostuu kaliumista ja kloorista. Se on hajuton ja siin\u00e4 on valkoinen tai v\u00e4rit\u00f6n lasimainen kide.","twitter_image":"https:\/\/masterchem.ee\/wp-content\/uploads\/2021\/08\/Naatriumkloriid-25kg-MasterChem.jpg","schema":{"@context":"https:\/\/schema.org","@graph":[{"@type":"WebPage","@id":"https:\/\/masterchem.ee\/fi\/tooted-ja-teenused\/natriumkloridi-suola-tabletit-cas-7647-14-5\/","url":"https:\/\/masterchem.ee\/fi\/tooted-ja-teenused\/natriumkloridi-suola-tabletit-cas-7647-14-5\/","name":"Natriumkloridi [suola tabletit] (CAS 7647-14-5) - Chemistry For Industry - Solvents &amp; Chemicals - Masterchem.ee","isPartOf":{"@id":"https:\/\/masterchem.ee\/fi\/#website"},"primaryImageOfPage":{"@id":"https:\/\/masterchem.ee\/fi\/tooted-ja-teenused\/natriumkloridi-suola-tabletit-cas-7647-14-5\/#primaryimage"},"image":{"@id":"https:\/\/masterchem.ee\/fi\/tooted-ja-teenused\/natriumkloridi-suola-tabletit-cas-7647-14-5\/#primaryimage"},"thumbnailUrl":"https:\/\/masterchem.ee\/wp-content\/uploads\/2021\/08\/Naatriumkloriid-25kg-MasterChem.jpg","datePublished":"2021-08-04T09:15:36+00:00","dateModified":"2021-08-04T09:19:11+00:00","description":"Kaliumkloridi (KCl tai kaliumsuola) on metallihalidisuola, joka koostuu kaliumista ja kloorista. Se on hajuton ja siin\u00e4 on valkoinen tai v\u00e4rit\u00f6n lasimainen kide.","breadcrumb":{"@id":"https:\/\/masterchem.ee\/fi\/tooted-ja-teenused\/natriumkloridi-suola-tabletit-cas-7647-14-5\/#breadcrumb"},"inLanguage":"fi","potentialAction":[{"@type":"ReadAction","target":["https:\/\/masterchem.ee\/fi\/tooted-ja-teenused\/natriumkloridi-suola-tabletit-cas-7647-14-5\/"]}]},{"@type":"ImageObject","inLanguage":"fi","@id":"https:\/\/masterchem.ee\/fi\/tooted-ja-teenused\/natriumkloridi-suola-tabletit-cas-7647-14-5\/#primaryimage","url":"https:\/\/masterchem.ee\/wp-content\/uploads\/2021\/08\/Naatriumkloriid-25kg-MasterChem.jpg","contentUrl":"https:\/\/masterchem.ee\/wp-content\/uploads\/2021\/08\/Naatriumkloriid-25kg-MasterChem.jpg","width":1000,"height":1000,"caption":"Natriumkloridi [suola tabletit] (CAS 7647-14-5) 25kg MasterChem"},{"@type":"BreadcrumbList","@id":"https:\/\/masterchem.ee\/fi\/tooted-ja-teenused\/natriumkloridi-suola-tabletit-cas-7647-14-5\/#breadcrumb","itemListElement":[{"@type":"ListItem","position":1,"name":"Home","item":"https:\/\/masterchem.ee\/fi\/"},{"@type":"ListItem","position":2,"name":"Tooted ja teenused","item":"https:\/\/masterchem.ee\/tooted-ja-teenused\/"},{"@type":"ListItem","position":3,"name":"Natriumkloridi [suola tabletit] (CAS 7647-14-5)"}]},{"@type":"WebSite","@id":"https:\/\/masterchem.ee\/fi\/#website","url":"https:\/\/masterchem.ee\/fi\/","name":"Masterchem.ee","description":"Chemistry For Industry - Solvents &amp; Chemicals","publisher":{"@id":"https:\/\/masterchem.ee\/fi\/#organization"},"potentialAction":[{"@type":"SearchAction","target":{"@type":"EntryPoint","urlTemplate":"https:\/\/masterchem.ee\/fi\/?s={search_term_string}"},"query-input":{"@type":"PropertyValueSpecification","valueRequired":true,"valueName":"search_term_string"}}],"inLanguage":"fi"},{"@type":"Organization","@id":"https:\/\/masterchem.ee\/fi\/#organization","name":"Masterchem","url":"https:\/\/masterchem.ee\/fi\/","logo":{"@type":"ImageObject","inLanguage":"fi","@id":"https:\/\/masterchem.ee\/fi\/#\/schema\/logo\/image\/","url":"https:\/\/masterchem.ee\/wp-content\/uploads\/2018\/02\/master-chem_final-1.png","contentUrl":"https:\/\/masterchem.ee\/wp-content\/uploads\/2018\/02\/master-chem_final-1.png","width":850,"height":356,"caption":"Masterchem"},"image":{"@id":"https:\/\/masterchem.ee\/fi\/#\/schema\/logo\/image\/"}}]}},"_links":{"self":[{"href":"https:\/\/masterchem.ee\/fi\/wp-json\/wp\/v2\/product\/12521","targetHints":{"allow":["GET"]}}],"collection":[{"href":"https:\/\/masterchem.ee\/fi\/wp-json\/wp\/v2\/product"}],"about":[{"href":"https:\/\/masterchem.ee\/fi\/wp-json\/wp\/v2\/types\/product"}],"wp:featuredmedia":[{"embeddable":true,"href":"https:\/\/masterchem.ee\/fi\/wp-json\/wp\/v2\/media\/12512"}],"wp:attachment":[{"href":"https:\/\/masterchem.ee\/fi\/wp-json\/wp\/v2\/media?parent=12521"}],"wp:term":[{"taxonomy":"product_brand","embeddable":true,"href":"https:\/\/masterchem.ee\/fi\/wp-json\/wp\/v2\/product_brand?post=12521"},{"taxonomy":"product_cat","embeddable":true,"href":"https:\/\/masterchem.ee\/fi\/wp-json\/wp\/v2\/product_cat?post=12521"},{"taxonomy":"product_tag","embeddable":true,"href":"https:\/\/masterchem.ee\/fi\/wp-json\/wp\/v2\/product_tag?post=12521"}],"curies":[{"name":"wp","href":"https:\/\/api.w.org\/{rel}","templated":true}]}}