{"id":12460,"date":"2021-08-04T06:59:55","date_gmt":"2021-08-04T06:59:57","guid":{"rendered":"https:\/\/masterchem.ee\/?post_type=product&#038;p=12460"},"modified":"2021-08-04T07:07:13","modified_gmt":"2021-08-04T07:07:13","slug":"natriumbentsoaatti-cas-532-32-1","status":"publish","type":"product","link":"https:\/\/masterchem.ee\/fi\/tooted-ja-teenused\/natriumbentsoaatti-cas-532-32-1\/","title":{"rendered":"Natriumbentsoaatti (CAS 532-32-1)"},"content":{"rendered":"<p> <strong> Tiedot <\/strong> <br \/>\nToimialat: Kotitalouskemikaalit, Kosmetiikkateollisuus, A-Z-luettelo, Elintarviketeollisuus, Rehuteollisuus <br \/>\nKoostumus: Tuotteet A -Z, suolat &#8211; muut, natriumyhdisteet <br \/>\nCAS-numero: 532-32-1 <br \/>\nWE-numero: 208-543-8 <br \/>\nKemiallinen kaava: C6H5COONa <br \/>\nMoolimassa: 144,11 g\/mol <\/p>\n<p> <strong> Muut fyysiset ominaisuudet <\/strong> <\/p>\n<p> pH: 9 (100 g \/l H2O, 20 \u00b0 C) <br \/>\nSulamis- \/ j\u00e4\u00e4tymispiste: 410 &#8211; 430 \u00b0 C <br \/>\nSuhteellinen tiheys: 1,44 g \/cm3 (20 \u00b0 C) <br \/>\nLiukoisuus veteen: 556 g\/l (20 \u00b0 C) <\/p>\n","protected":false},"excerpt":{"rendered":"<p> <strong>Natriumbentsoaatti (CAS 532-32-1)<\/strong> <\/p>\n<p>Natriumbentsoaatti on bentsoehapon suola. Sen kemiallinen kaava on C6H5COONa, moolimassa 144,11 g\/mol, sulamispiste > 300 \u00b0C, tiheys 1,44 g\/cm3 (vesi = 1,0 g\/cm3), leimahduspiste > 100 \u00b0C, itsesyttymisl\u00e4mp\u00f6tila > 500 \u00b0C ja CAS-numero 532-32-1. Natriumbentsoaattia valmistetaan natriumhydroksidista (lipe\u00e4st\u00e4) ja bentsoehaposta.<\/p>\n<p>Natriumbentsoaatti on yleinen s\u00e4il\u00f6nt\u00e4aine, jota k\u00e4ytet\u00e4\u00e4n sek\u00e4 kotis\u00e4il\u00f6nn\u00e4ss\u00e4 ett\u00e4 elintarviketeollisuudessa. Se tuhoaa suuren osan hiivoista, bakteereista ja sienist\u00e4, mutta on toimivin happamissa olosuhteissa (pH < 3,6), mink\u00e4 vuoksi sit\u00e4 k\u00e4ytet\u00e4\u00e4n muun muassa hilloissa ja mehuissa. Natriumbentsoaatti on happamuudeltaan neutraalia. Useissa s\u00e4il\u00f6nt\u00e4ohjeissa mainittava natriumbentsoaatti on elintarviketeollisuuden tuotteissa merkitty elintarvikelis\u00e4ainekoodilla E211.\n\n\n\n<\/p>\n","protected":false},"featured_media":12466,"template":"","meta":[],"product_brand":[],"product_cat":[180,294,117,290,307],"product_tag":[],"class_list":{"0":"post-12460","1":"product","2":"type-product","3":"status-publish","4":"has-post-thumbnail","6":"product_cat-uncategorized-fi-2","7":"product_cat-kosmetiikkateollisuus","8":"product_cat-kotitalouskemikaalit","9":"product_cat-rehuteollisuus","10":"product_cat-ruokateollisuus","12":"first","13":"instock","14":"taxable","15":"shipping-taxable","16":"purchasable","17":"product-type-variable","18":"has-default-attributes"},"yoast_head":"<!-- This site is optimized with the Yoast SEO plugin v26.2 - https:\/\/yoast.com\/wordpress\/plugins\/seo\/ -->\n<title>Natriumbentsoaatti (CAS 532-32-1) - Chemistry For Industry - Solvents &amp; Chemicals - Masterchem.ee<\/title>\n<meta name=\"description\" content=\"Natriumbentsoaatti on bentsoehapon natriumsuola, jota k\u00e4ytet\u00e4\u00e4n laajalti elintarvikkeiden s\u00e4il\u00f6nt\u00e4aineena ja peittausaineena. Valkoinen kiteinen kemikaali, jolla on kaava C6H5COONa, sen E -luku on E211.\" \/>\n<meta name=\"robots\" content=\"index, follow, max-snippet:-1, max-image-preview:large, max-video-preview:-1\" \/>\n<link rel=\"canonical\" href=\"https:\/\/masterchem.ee\/fi\/tooted-ja-teenused\/natriumbentsoaatti-cas-532-32-1\/\" \/>\n<meta name=\"twitter:card\" content=\"summary_large_image\" \/>\n<meta name=\"twitter:title\" content=\"Natriumbentsoaatti (CAS 532-32-1) - Chemistry For Industry - Solvents &amp; Chemicals - Masterchem.ee\" \/>\n<meta name=\"twitter:description\" content=\"Natriumbentsoaatti on bentsoehapon natriumsuola, jota k\u00e4ytet\u00e4\u00e4n laajalti elintarvikkeiden s\u00e4il\u00f6nt\u00e4aineena ja peittausaineena. Valkoinen kiteinen kemikaali, jolla on kaava C6H5COONa, sen E -luku on E211.\" \/>\n<meta name=\"twitter:image\" content=\"https:\/\/masterchem.ee\/wp-content\/uploads\/2021\/08\/Naatriumbensoaat-25kg-MasterChem.jpg\" \/>\n<script type=\"application\/ld+json\" class=\"yoast-schema-graph\">{\"@context\":\"https:\/\/schema.org\",\"@graph\":[{\"@type\":\"WebPage\",\"@id\":\"https:\/\/masterchem.ee\/fi\/tooted-ja-teenused\/natriumbentsoaatti-cas-532-32-1\/\",\"url\":\"https:\/\/masterchem.ee\/fi\/tooted-ja-teenused\/natriumbentsoaatti-cas-532-32-1\/\",\"name\":\"Natriumbentsoaatti (CAS 532-32-1) - Chemistry For Industry - Solvents &amp; Chemicals - Masterchem.ee\",\"isPartOf\":{\"@id\":\"https:\/\/masterchem.ee\/fi\/#website\"},\"primaryImageOfPage\":{\"@id\":\"https:\/\/masterchem.ee\/fi\/tooted-ja-teenused\/natriumbentsoaatti-cas-532-32-1\/#primaryimage\"},\"image\":{\"@id\":\"https:\/\/masterchem.ee\/fi\/tooted-ja-teenused\/natriumbentsoaatti-cas-532-32-1\/#primaryimage\"},\"thumbnailUrl\":\"https:\/\/masterchem.ee\/wp-content\/uploads\/2021\/08\/Naatriumbensoaat-25kg-MasterChem.jpg\",\"datePublished\":\"2021-08-04T06:59:57+00:00\",\"dateModified\":\"2021-08-04T07:07:13+00:00\",\"description\":\"Natriumbentsoaatti on bentsoehapon natriumsuola, jota k\u00e4ytet\u00e4\u00e4n laajalti elintarvikkeiden s\u00e4il\u00f6nt\u00e4aineena ja peittausaineena. Valkoinen kiteinen kemikaali, jolla on kaava C6H5COONa, sen E -luku on E211.\",\"breadcrumb\":{\"@id\":\"https:\/\/masterchem.ee\/fi\/tooted-ja-teenused\/natriumbentsoaatti-cas-532-32-1\/#breadcrumb\"},\"inLanguage\":\"fi\",\"potentialAction\":[{\"@type\":\"ReadAction\",\"target\":[\"https:\/\/masterchem.ee\/fi\/tooted-ja-teenused\/natriumbentsoaatti-cas-532-32-1\/\"]}]},{\"@type\":\"ImageObject\",\"inLanguage\":\"fi\",\"@id\":\"https:\/\/masterchem.ee\/fi\/tooted-ja-teenused\/natriumbentsoaatti-cas-532-32-1\/#primaryimage\",\"url\":\"https:\/\/masterchem.ee\/wp-content\/uploads\/2021\/08\/Naatriumbensoaat-25kg-MasterChem.jpg\",\"contentUrl\":\"https:\/\/masterchem.ee\/wp-content\/uploads\/2021\/08\/Naatriumbensoaat-25kg-MasterChem.jpg\",\"width\":1000,\"height\":1000,\"caption\":\"Natriumbentsoaatti (CAS 532-32-1) 25kg MasterChem\"},{\"@type\":\"BreadcrumbList\",\"@id\":\"https:\/\/masterchem.ee\/fi\/tooted-ja-teenused\/natriumbentsoaatti-cas-532-32-1\/#breadcrumb\",\"itemListElement\":[{\"@type\":\"ListItem\",\"position\":1,\"name\":\"Home\",\"item\":\"https:\/\/masterchem.ee\/fi\/\"},{\"@type\":\"ListItem\",\"position\":2,\"name\":\"Tooted ja teenused\",\"item\":\"https:\/\/masterchem.ee\/tooted-ja-teenused\/\"},{\"@type\":\"ListItem\",\"position\":3,\"name\":\"Natriumbentsoaatti (CAS 532-32-1)\"}]},{\"@type\":\"WebSite\",\"@id\":\"https:\/\/masterchem.ee\/fi\/#website\",\"url\":\"https:\/\/masterchem.ee\/fi\/\",\"name\":\"Masterchem.ee\",\"description\":\"Chemistry For Industry - Solvents &amp; Chemicals\",\"publisher\":{\"@id\":\"https:\/\/masterchem.ee\/fi\/#organization\"},\"potentialAction\":[{\"@type\":\"SearchAction\",\"target\":{\"@type\":\"EntryPoint\",\"urlTemplate\":\"https:\/\/masterchem.ee\/fi\/?s={search_term_string}\"},\"query-input\":{\"@type\":\"PropertyValueSpecification\",\"valueRequired\":true,\"valueName\":\"search_term_string\"}}],\"inLanguage\":\"fi\"},{\"@type\":\"Organization\",\"@id\":\"https:\/\/masterchem.ee\/fi\/#organization\",\"name\":\"Masterchem\",\"url\":\"https:\/\/masterchem.ee\/fi\/\",\"logo\":{\"@type\":\"ImageObject\",\"inLanguage\":\"fi\",\"@id\":\"https:\/\/masterchem.ee\/fi\/#\/schema\/logo\/image\/\",\"url\":\"https:\/\/masterchem.ee\/wp-content\/uploads\/2018\/02\/master-chem_final-1.png\",\"contentUrl\":\"https:\/\/masterchem.ee\/wp-content\/uploads\/2018\/02\/master-chem_final-1.png\",\"width\":850,\"height\":356,\"caption\":\"Masterchem\"},\"image\":{\"@id\":\"https:\/\/masterchem.ee\/fi\/#\/schema\/logo\/image\/\"}}]}<\/script>\n<!-- \/ Yoast SEO plugin. -->","yoast_head_json":{"title":"Natriumbentsoaatti (CAS 532-32-1) - Chemistry For Industry - Solvents &amp; Chemicals - Masterchem.ee","description":"Natriumbentsoaatti on bentsoehapon natriumsuola, jota k\u00e4ytet\u00e4\u00e4n laajalti elintarvikkeiden s\u00e4il\u00f6nt\u00e4aineena ja peittausaineena. Valkoinen kiteinen kemikaali, jolla on kaava C6H5COONa, sen E -luku on E211.","robots":{"index":"index","follow":"follow","max-snippet":"max-snippet:-1","max-image-preview":"max-image-preview:large","max-video-preview":"max-video-preview:-1"},"canonical":"https:\/\/masterchem.ee\/fi\/tooted-ja-teenused\/natriumbentsoaatti-cas-532-32-1\/","twitter_card":"summary_large_image","twitter_title":"Natriumbentsoaatti (CAS 532-32-1) - Chemistry For Industry - Solvents &amp; Chemicals - Masterchem.ee","twitter_description":"Natriumbentsoaatti on bentsoehapon natriumsuola, jota k\u00e4ytet\u00e4\u00e4n laajalti elintarvikkeiden s\u00e4il\u00f6nt\u00e4aineena ja peittausaineena. Valkoinen kiteinen kemikaali, jolla on kaava C6H5COONa, sen E -luku on E211.","twitter_image":"https:\/\/masterchem.ee\/wp-content\/uploads\/2021\/08\/Naatriumbensoaat-25kg-MasterChem.jpg","schema":{"@context":"https:\/\/schema.org","@graph":[{"@type":"WebPage","@id":"https:\/\/masterchem.ee\/fi\/tooted-ja-teenused\/natriumbentsoaatti-cas-532-32-1\/","url":"https:\/\/masterchem.ee\/fi\/tooted-ja-teenused\/natriumbentsoaatti-cas-532-32-1\/","name":"Natriumbentsoaatti (CAS 532-32-1) - Chemistry For Industry - Solvents &amp; Chemicals - Masterchem.ee","isPartOf":{"@id":"https:\/\/masterchem.ee\/fi\/#website"},"primaryImageOfPage":{"@id":"https:\/\/masterchem.ee\/fi\/tooted-ja-teenused\/natriumbentsoaatti-cas-532-32-1\/#primaryimage"},"image":{"@id":"https:\/\/masterchem.ee\/fi\/tooted-ja-teenused\/natriumbentsoaatti-cas-532-32-1\/#primaryimage"},"thumbnailUrl":"https:\/\/masterchem.ee\/wp-content\/uploads\/2021\/08\/Naatriumbensoaat-25kg-MasterChem.jpg","datePublished":"2021-08-04T06:59:57+00:00","dateModified":"2021-08-04T07:07:13+00:00","description":"Natriumbentsoaatti on bentsoehapon natriumsuola, jota k\u00e4ytet\u00e4\u00e4n laajalti elintarvikkeiden s\u00e4il\u00f6nt\u00e4aineena ja peittausaineena. Valkoinen kiteinen kemikaali, jolla on kaava C6H5COONa, sen E -luku on E211.","breadcrumb":{"@id":"https:\/\/masterchem.ee\/fi\/tooted-ja-teenused\/natriumbentsoaatti-cas-532-32-1\/#breadcrumb"},"inLanguage":"fi","potentialAction":[{"@type":"ReadAction","target":["https:\/\/masterchem.ee\/fi\/tooted-ja-teenused\/natriumbentsoaatti-cas-532-32-1\/"]}]},{"@type":"ImageObject","inLanguage":"fi","@id":"https:\/\/masterchem.ee\/fi\/tooted-ja-teenused\/natriumbentsoaatti-cas-532-32-1\/#primaryimage","url":"https:\/\/masterchem.ee\/wp-content\/uploads\/2021\/08\/Naatriumbensoaat-25kg-MasterChem.jpg","contentUrl":"https:\/\/masterchem.ee\/wp-content\/uploads\/2021\/08\/Naatriumbensoaat-25kg-MasterChem.jpg","width":1000,"height":1000,"caption":"Natriumbentsoaatti (CAS 532-32-1) 25kg MasterChem"},{"@type":"BreadcrumbList","@id":"https:\/\/masterchem.ee\/fi\/tooted-ja-teenused\/natriumbentsoaatti-cas-532-32-1\/#breadcrumb","itemListElement":[{"@type":"ListItem","position":1,"name":"Home","item":"https:\/\/masterchem.ee\/fi\/"},{"@type":"ListItem","position":2,"name":"Tooted ja teenused","item":"https:\/\/masterchem.ee\/tooted-ja-teenused\/"},{"@type":"ListItem","position":3,"name":"Natriumbentsoaatti (CAS 532-32-1)"}]},{"@type":"WebSite","@id":"https:\/\/masterchem.ee\/fi\/#website","url":"https:\/\/masterchem.ee\/fi\/","name":"Masterchem.ee","description":"Chemistry For Industry - Solvents &amp; Chemicals","publisher":{"@id":"https:\/\/masterchem.ee\/fi\/#organization"},"potentialAction":[{"@type":"SearchAction","target":{"@type":"EntryPoint","urlTemplate":"https:\/\/masterchem.ee\/fi\/?s={search_term_string}"},"query-input":{"@type":"PropertyValueSpecification","valueRequired":true,"valueName":"search_term_string"}}],"inLanguage":"fi"},{"@type":"Organization","@id":"https:\/\/masterchem.ee\/fi\/#organization","name":"Masterchem","url":"https:\/\/masterchem.ee\/fi\/","logo":{"@type":"ImageObject","inLanguage":"fi","@id":"https:\/\/masterchem.ee\/fi\/#\/schema\/logo\/image\/","url":"https:\/\/masterchem.ee\/wp-content\/uploads\/2018\/02\/master-chem_final-1.png","contentUrl":"https:\/\/masterchem.ee\/wp-content\/uploads\/2018\/02\/master-chem_final-1.png","width":850,"height":356,"caption":"Masterchem"},"image":{"@id":"https:\/\/masterchem.ee\/fi\/#\/schema\/logo\/image\/"}}]}},"_links":{"self":[{"href":"https:\/\/masterchem.ee\/fi\/wp-json\/wp\/v2\/product\/12460","targetHints":{"allow":["GET"]}}],"collection":[{"href":"https:\/\/masterchem.ee\/fi\/wp-json\/wp\/v2\/product"}],"about":[{"href":"https:\/\/masterchem.ee\/fi\/wp-json\/wp\/v2\/types\/product"}],"wp:featuredmedia":[{"embeddable":true,"href":"https:\/\/masterchem.ee\/fi\/wp-json\/wp\/v2\/media\/12466"}],"wp:attachment":[{"href":"https:\/\/masterchem.ee\/fi\/wp-json\/wp\/v2\/media?parent=12460"}],"wp:term":[{"taxonomy":"product_brand","embeddable":true,"href":"https:\/\/masterchem.ee\/fi\/wp-json\/wp\/v2\/product_brand?post=12460"},{"taxonomy":"product_cat","embeddable":true,"href":"https:\/\/masterchem.ee\/fi\/wp-json\/wp\/v2\/product_cat?post=12460"},{"taxonomy":"product_tag","embeddable":true,"href":"https:\/\/masterchem.ee\/fi\/wp-json\/wp\/v2\/product_tag?post=12460"}],"curies":[{"name":"wp","href":"https:\/\/api.w.org\/{rel}","templated":true}]}}