{"id":12443,"date":"2021-08-02T05:34:23","date_gmt":"2021-08-02T05:34:25","guid":{"rendered":"https:\/\/masterchem.ee\/?post_type=product&#038;p=12443"},"modified":"2021-08-02T05:42:52","modified_gmt":"2021-08-02T05:42:52","slug":"natriumnitraatti-cas-7631-99-4","status":"publish","type":"product","link":"https:\/\/masterchem.ee\/fi\/tooted-ja-teenused\/natriumnitraatti-cas-7631-99-4\/","title":{"rendered":"Natriumnitraatti (CAS 7631-99-4)"},"content":{"rendered":"<p> <strong> Teave <\/strong> <br \/>\nT\u00f6\u00f6stusharud: kodukeemia, v\u00e4etised, kataloog A-Z, klaas ja keraamika, aiandus, toiduainet\u00f6\u00f6stus <br \/>\nKoostis: tooted A -Z, l\u00e4mmastikhappe soolad &#8211; nitraadid, naatrium\u00fchendid, l\u00e4mmastiku\u00fchendid <br \/>\nCASi number: 7631-99-4 <br \/>\nWE number: 231-554-3 <br \/>\nIndeksinumber: 007-010-00-4 <br \/>\nKeemiline valem: NaNO3 <br \/>\nMolaarmass: 84,99 g \/mol <br \/>\nADR: UN1498 <\/p>\n<p> <strong> Muud f\u00fc\u00fcsilised omadused <\/strong> <\/p>\n<p> pH: Okei. 5-9 w temp. 25 \u00b0 C 10% r-r <br \/>\nSulamis- \/ k\u00fclmumistemperatuur: 307 \u00b0 C, 1013 hPa <br \/>\nSuhteline tihedus: 2,26 g\/cm3 w temp. 20 \u00b0 C <br \/>\nLahustuvus vees:> 100 g\/l, temperatuuril 20 \u00b0 C <\/p>\n","protected":false},"excerpt":{"rendered":"<p> <strong> Natriumnitraatti (CAS 7631-99-4)<\/strong> <\/p>\n<p>Natriumnitraatti (NaNO3) on valkoinen kiinte\u00e4 suola, joka liukenee hyvin veteen. Natriumnitraattia kutsutaan my\u00f6s nimill\u00e4 chilen- ja perunsalpietari erotuksena perinteisest\u00e4 salpietarista, joka on kaliumnitraattia.<\/p>\n<p>Natriumnitraattia k\u00e4ytet\u00e4\u00e4n lannoitteisiin, pyrotekniikassa, s\u00e4il\u00f6nt\u00e4aineena, rakettien polttoaineessa, nitrauskemikaalina, hapettimena sek\u00e4 lasin ja keramiikan valmistuksessa.<\/p>\n<p>Chilen, Perun ja Bolivian v\u00e4linen Tyynenmeren sota sai osittain alkunsa taistelusta alueen rikkaista natriumnitraattivaroista. Maailman suurimmat salpietarimalmiesiintym\u00e4t oli Atacaman aavikolla. Natriumnitraattia kaivettiin alueella runsaasti 1940-luvulle saakka. Natriumnitraatin arvo oli laskenut koko 1900-luvun, mihin vaikutti Haber-Bosch-menetelm\u00e4n kehitt\u00e4minen.<\/p>\n<p>Salpietarimalmia kaivetaan Chilest\u00e4 edelleen. Siit\u00e4 saadaan natriumnitraatin lis\u00e4ksi kaliumnitraattia, natriumsulfaattia ja jodia. Natriumnitraattia valmistetaan my\u00f6s keinotekoisesti neutralisoimalla typpihappoa soodalla.<\/p>\n<p>Elintarvikkeissa k\u00e4ytett\u00e4v\u00e4 natriumnitraatin E-koodi on E251.<\/p>\n","protected":false},"featured_media":12449,"template":"","meta":[],"product_brand":[],"product_cat":[180,117,323,298,351,307],"product_tag":[],"class_list":{"0":"post-12443","1":"product","2":"type-product","3":"status-publish","4":"has-post-thumbnail","6":"product_cat-uncategorized-fi-2","7":"product_cat-kotitalouskemikaalit","8":"product_cat-lannoitteet","9":"product_cat-lasi-ja-keramiikka","10":"product_cat-puutarhanhoito","11":"product_cat-ruokateollisuus","13":"first","14":"instock","15":"taxable","16":"shipping-taxable","17":"purchasable","18":"product-type-variable","19":"has-default-attributes"},"yoast_head":"<!-- This site is optimized with the Yoast SEO plugin v26.2 - https:\/\/yoast.com\/wordpress\/plugins\/seo\/ -->\n<title>Natriumnitraatti (CAS 7631-99-4) - Chemistry For Industry - Solvents &amp; Chemicals - Masterchem.ee<\/title>\n<meta name=\"description\" content=\"Natriumnitraatti (NaNO3) on valkoinen kiinte\u00e4 suola, joka liukenee hyvin veteen. Natriumnitraattia kutsutaan my\u00f6s nimill\u00e4 chilen- ja perunsalpietari erotuksena perinteisest\u00e4 salpietarista, joka on kaliumnitraattia.\" \/>\n<meta name=\"robots\" content=\"index, follow, max-snippet:-1, max-image-preview:large, max-video-preview:-1\" \/>\n<link rel=\"canonical\" href=\"https:\/\/masterchem.ee\/fi\/tooted-ja-teenused\/natriumnitraatti-cas-7631-99-4\/\" \/>\n<meta name=\"twitter:card\" content=\"summary_large_image\" \/>\n<meta name=\"twitter:title\" content=\"Natriumnitraatti (CAS 7631-99-4) - Chemistry For Industry - Solvents &amp; Chemicals - Masterchem.ee\" \/>\n<meta name=\"twitter:description\" content=\"Natriumnitraatti (NaNO3) on valkoinen kiinte\u00e4 suola, joka liukenee hyvin veteen. Natriumnitraattia kutsutaan my\u00f6s nimill\u00e4 chilen- ja perunsalpietari erotuksena perinteisest\u00e4 salpietarista, joka on kaliumnitraattia.\" \/>\n<meta name=\"twitter:image\" content=\"https:\/\/masterchem.ee\/wp-content\/uploads\/2021\/08\/Naatriumnitraat-25kg-MasterChem.jpg\" \/>\n<script type=\"application\/ld+json\" class=\"yoast-schema-graph\">{\"@context\":\"https:\/\/schema.org\",\"@graph\":[{\"@type\":\"WebPage\",\"@id\":\"https:\/\/masterchem.ee\/fi\/tooted-ja-teenused\/natriumnitraatti-cas-7631-99-4\/\",\"url\":\"https:\/\/masterchem.ee\/fi\/tooted-ja-teenused\/natriumnitraatti-cas-7631-99-4\/\",\"name\":\"Natriumnitraatti (CAS 7631-99-4) - Chemistry For Industry - Solvents &amp; Chemicals - Masterchem.ee\",\"isPartOf\":{\"@id\":\"https:\/\/masterchem.ee\/fi\/#website\"},\"primaryImageOfPage\":{\"@id\":\"https:\/\/masterchem.ee\/fi\/tooted-ja-teenused\/natriumnitraatti-cas-7631-99-4\/#primaryimage\"},\"image\":{\"@id\":\"https:\/\/masterchem.ee\/fi\/tooted-ja-teenused\/natriumnitraatti-cas-7631-99-4\/#primaryimage\"},\"thumbnailUrl\":\"https:\/\/masterchem.ee\/wp-content\/uploads\/2021\/08\/Naatriumnitraat-25kg-MasterChem.jpg\",\"datePublished\":\"2021-08-02T05:34:25+00:00\",\"dateModified\":\"2021-08-02T05:42:52+00:00\",\"description\":\"Natriumnitraatti (NaNO3) on valkoinen kiinte\u00e4 suola, joka liukenee hyvin veteen. Natriumnitraattia kutsutaan my\u00f6s nimill\u00e4 chilen- ja perunsalpietari erotuksena perinteisest\u00e4 salpietarista, joka on kaliumnitraattia.\",\"breadcrumb\":{\"@id\":\"https:\/\/masterchem.ee\/fi\/tooted-ja-teenused\/natriumnitraatti-cas-7631-99-4\/#breadcrumb\"},\"inLanguage\":\"fi\",\"potentialAction\":[{\"@type\":\"ReadAction\",\"target\":[\"https:\/\/masterchem.ee\/fi\/tooted-ja-teenused\/natriumnitraatti-cas-7631-99-4\/\"]}]},{\"@type\":\"ImageObject\",\"inLanguage\":\"fi\",\"@id\":\"https:\/\/masterchem.ee\/fi\/tooted-ja-teenused\/natriumnitraatti-cas-7631-99-4\/#primaryimage\",\"url\":\"https:\/\/masterchem.ee\/wp-content\/uploads\/2021\/08\/Naatriumnitraat-25kg-MasterChem.jpg\",\"contentUrl\":\"https:\/\/masterchem.ee\/wp-content\/uploads\/2021\/08\/Naatriumnitraat-25kg-MasterChem.jpg\",\"width\":1000,\"height\":1000,\"caption\":\"Natriumnitraatti (CAS 7631-99-4) 25kg MasterChem\"},{\"@type\":\"BreadcrumbList\",\"@id\":\"https:\/\/masterchem.ee\/fi\/tooted-ja-teenused\/natriumnitraatti-cas-7631-99-4\/#breadcrumb\",\"itemListElement\":[{\"@type\":\"ListItem\",\"position\":1,\"name\":\"Home\",\"item\":\"https:\/\/masterchem.ee\/fi\/\"},{\"@type\":\"ListItem\",\"position\":2,\"name\":\"Tooted ja teenused\",\"item\":\"https:\/\/masterchem.ee\/tooted-ja-teenused\/\"},{\"@type\":\"ListItem\",\"position\":3,\"name\":\"Natriumnitraatti (CAS 7631-99-4)\"}]},{\"@type\":\"WebSite\",\"@id\":\"https:\/\/masterchem.ee\/fi\/#website\",\"url\":\"https:\/\/masterchem.ee\/fi\/\",\"name\":\"Masterchem.ee\",\"description\":\"Chemistry For Industry - Solvents &amp; Chemicals\",\"publisher\":{\"@id\":\"https:\/\/masterchem.ee\/fi\/#organization\"},\"potentialAction\":[{\"@type\":\"SearchAction\",\"target\":{\"@type\":\"EntryPoint\",\"urlTemplate\":\"https:\/\/masterchem.ee\/fi\/?s={search_term_string}\"},\"query-input\":{\"@type\":\"PropertyValueSpecification\",\"valueRequired\":true,\"valueName\":\"search_term_string\"}}],\"inLanguage\":\"fi\"},{\"@type\":\"Organization\",\"@id\":\"https:\/\/masterchem.ee\/fi\/#organization\",\"name\":\"Masterchem\",\"url\":\"https:\/\/masterchem.ee\/fi\/\",\"logo\":{\"@type\":\"ImageObject\",\"inLanguage\":\"fi\",\"@id\":\"https:\/\/masterchem.ee\/fi\/#\/schema\/logo\/image\/\",\"url\":\"https:\/\/masterchem.ee\/wp-content\/uploads\/2018\/02\/master-chem_final-1.png\",\"contentUrl\":\"https:\/\/masterchem.ee\/wp-content\/uploads\/2018\/02\/master-chem_final-1.png\",\"width\":850,\"height\":356,\"caption\":\"Masterchem\"},\"image\":{\"@id\":\"https:\/\/masterchem.ee\/fi\/#\/schema\/logo\/image\/\"}}]}<\/script>\n<!-- \/ Yoast SEO plugin. -->","yoast_head_json":{"title":"Natriumnitraatti (CAS 7631-99-4) - Chemistry For Industry - Solvents &amp; Chemicals - Masterchem.ee","description":"Natriumnitraatti (NaNO3) on valkoinen kiinte\u00e4 suola, joka liukenee hyvin veteen. Natriumnitraattia kutsutaan my\u00f6s nimill\u00e4 chilen- ja perunsalpietari erotuksena perinteisest\u00e4 salpietarista, joka on kaliumnitraattia.","robots":{"index":"index","follow":"follow","max-snippet":"max-snippet:-1","max-image-preview":"max-image-preview:large","max-video-preview":"max-video-preview:-1"},"canonical":"https:\/\/masterchem.ee\/fi\/tooted-ja-teenused\/natriumnitraatti-cas-7631-99-4\/","twitter_card":"summary_large_image","twitter_title":"Natriumnitraatti (CAS 7631-99-4) - Chemistry For Industry - Solvents &amp; Chemicals - Masterchem.ee","twitter_description":"Natriumnitraatti (NaNO3) on valkoinen kiinte\u00e4 suola, joka liukenee hyvin veteen. Natriumnitraattia kutsutaan my\u00f6s nimill\u00e4 chilen- ja perunsalpietari erotuksena perinteisest\u00e4 salpietarista, joka on kaliumnitraattia.","twitter_image":"https:\/\/masterchem.ee\/wp-content\/uploads\/2021\/08\/Naatriumnitraat-25kg-MasterChem.jpg","schema":{"@context":"https:\/\/schema.org","@graph":[{"@type":"WebPage","@id":"https:\/\/masterchem.ee\/fi\/tooted-ja-teenused\/natriumnitraatti-cas-7631-99-4\/","url":"https:\/\/masterchem.ee\/fi\/tooted-ja-teenused\/natriumnitraatti-cas-7631-99-4\/","name":"Natriumnitraatti (CAS 7631-99-4) - Chemistry For Industry - Solvents &amp; Chemicals - Masterchem.ee","isPartOf":{"@id":"https:\/\/masterchem.ee\/fi\/#website"},"primaryImageOfPage":{"@id":"https:\/\/masterchem.ee\/fi\/tooted-ja-teenused\/natriumnitraatti-cas-7631-99-4\/#primaryimage"},"image":{"@id":"https:\/\/masterchem.ee\/fi\/tooted-ja-teenused\/natriumnitraatti-cas-7631-99-4\/#primaryimage"},"thumbnailUrl":"https:\/\/masterchem.ee\/wp-content\/uploads\/2021\/08\/Naatriumnitraat-25kg-MasterChem.jpg","datePublished":"2021-08-02T05:34:25+00:00","dateModified":"2021-08-02T05:42:52+00:00","description":"Natriumnitraatti (NaNO3) on valkoinen kiinte\u00e4 suola, joka liukenee hyvin veteen. Natriumnitraattia kutsutaan my\u00f6s nimill\u00e4 chilen- ja perunsalpietari erotuksena perinteisest\u00e4 salpietarista, joka on kaliumnitraattia.","breadcrumb":{"@id":"https:\/\/masterchem.ee\/fi\/tooted-ja-teenused\/natriumnitraatti-cas-7631-99-4\/#breadcrumb"},"inLanguage":"fi","potentialAction":[{"@type":"ReadAction","target":["https:\/\/masterchem.ee\/fi\/tooted-ja-teenused\/natriumnitraatti-cas-7631-99-4\/"]}]},{"@type":"ImageObject","inLanguage":"fi","@id":"https:\/\/masterchem.ee\/fi\/tooted-ja-teenused\/natriumnitraatti-cas-7631-99-4\/#primaryimage","url":"https:\/\/masterchem.ee\/wp-content\/uploads\/2021\/08\/Naatriumnitraat-25kg-MasterChem.jpg","contentUrl":"https:\/\/masterchem.ee\/wp-content\/uploads\/2021\/08\/Naatriumnitraat-25kg-MasterChem.jpg","width":1000,"height":1000,"caption":"Natriumnitraatti (CAS 7631-99-4) 25kg MasterChem"},{"@type":"BreadcrumbList","@id":"https:\/\/masterchem.ee\/fi\/tooted-ja-teenused\/natriumnitraatti-cas-7631-99-4\/#breadcrumb","itemListElement":[{"@type":"ListItem","position":1,"name":"Home","item":"https:\/\/masterchem.ee\/fi\/"},{"@type":"ListItem","position":2,"name":"Tooted ja teenused","item":"https:\/\/masterchem.ee\/tooted-ja-teenused\/"},{"@type":"ListItem","position":3,"name":"Natriumnitraatti (CAS 7631-99-4)"}]},{"@type":"WebSite","@id":"https:\/\/masterchem.ee\/fi\/#website","url":"https:\/\/masterchem.ee\/fi\/","name":"Masterchem.ee","description":"Chemistry For Industry - Solvents &amp; Chemicals","publisher":{"@id":"https:\/\/masterchem.ee\/fi\/#organization"},"potentialAction":[{"@type":"SearchAction","target":{"@type":"EntryPoint","urlTemplate":"https:\/\/masterchem.ee\/fi\/?s={search_term_string}"},"query-input":{"@type":"PropertyValueSpecification","valueRequired":true,"valueName":"search_term_string"}}],"inLanguage":"fi"},{"@type":"Organization","@id":"https:\/\/masterchem.ee\/fi\/#organization","name":"Masterchem","url":"https:\/\/masterchem.ee\/fi\/","logo":{"@type":"ImageObject","inLanguage":"fi","@id":"https:\/\/masterchem.ee\/fi\/#\/schema\/logo\/image\/","url":"https:\/\/masterchem.ee\/wp-content\/uploads\/2018\/02\/master-chem_final-1.png","contentUrl":"https:\/\/masterchem.ee\/wp-content\/uploads\/2018\/02\/master-chem_final-1.png","width":850,"height":356,"caption":"Masterchem"},"image":{"@id":"https:\/\/masterchem.ee\/fi\/#\/schema\/logo\/image\/"}}]}},"_links":{"self":[{"href":"https:\/\/masterchem.ee\/fi\/wp-json\/wp\/v2\/product\/12443","targetHints":{"allow":["GET"]}}],"collection":[{"href":"https:\/\/masterchem.ee\/fi\/wp-json\/wp\/v2\/product"}],"about":[{"href":"https:\/\/masterchem.ee\/fi\/wp-json\/wp\/v2\/types\/product"}],"wp:featuredmedia":[{"embeddable":true,"href":"https:\/\/masterchem.ee\/fi\/wp-json\/wp\/v2\/media\/12449"}],"wp:attachment":[{"href":"https:\/\/masterchem.ee\/fi\/wp-json\/wp\/v2\/media?parent=12443"}],"wp:term":[{"taxonomy":"product_brand","embeddable":true,"href":"https:\/\/masterchem.ee\/fi\/wp-json\/wp\/v2\/product_brand?post=12443"},{"taxonomy":"product_cat","embeddable":true,"href":"https:\/\/masterchem.ee\/fi\/wp-json\/wp\/v2\/product_cat?post=12443"},{"taxonomy":"product_tag","embeddable":true,"href":"https:\/\/masterchem.ee\/fi\/wp-json\/wp\/v2\/product_tag?post=12443"}],"curies":[{"name":"wp","href":"https:\/\/api.w.org\/{rel}","templated":true}]}}