{"id":1241,"date":"2018-08-07T10:55:14","date_gmt":"2018-08-07T10:55:17","guid":{"rendered":"https:\/\/masterchem.ee\/?post_type=product&#038;p=1241"},"modified":"2021-06-27T13:15:20","modified_gmt":"2021-06-27T13:15:20","slug":"trikloorietyleeni-1","status":"publish","type":"product","link":"https:\/\/masterchem.ee\/fi\/tooted-ja-teenused\/trikloorietyleeni-1\/","title":{"rendered":"Trikloorietyleeni (CAS 79-01-6)"},"content":{"rendered":"<p style=\"text-align: justify;\">Trikloorietyleeni on tehokas liuotin monenlaisiin orgaanisiin materiaaleihin.<\/p>\n<p style=\"text-align: justify;\">Kun se tuotettiin laajalti 1920-luvulla, trikloorietyleenin p\u00e4\u00e4asiallinen k\u00e4ytt\u00f6 oli kasvi\u00f6ljyjen kasvattaminen kasvimateriaaleista, kuten soija, kookos ja palmu. Elintarviketeollisuuden muihin k\u00e4ytt\u00f6tarkoituksiin sis\u00e4ltyi kahvin kofeiininesto sek\u00e4 humalan ja mausteiden aromiaineiden valmistelu. Sit\u00e4 on k\u00e4ytetty my\u00f6s kuivan veden loppuosaan 100% etanolin tuottamiseksi.<\/p>\n","protected":false},"excerpt":{"rendered":"<p style=\"text-align: justify;\"><b>Trikloorietyleeni<\/b>\u00a0(trikloroetyleeni, trileeni) C<sub>2<\/sub>HCl<sub>3<\/sub>\u00a0on kirkas, helposti haihtuva\u00a0<a title=\"Neste\" href=\"https:\/\/fi.wikipedia.org\/wiki\/Neste\">neste<\/a>, jonka\u00a0<a title=\"Rakennekaava\" href=\"https:\/\/fi.wikipedia.org\/wiki\/Rakennekaava\">rakennekaava<\/a>\u00a0on ClCH=CCl<sub>2<\/sub>,\u00a0<a title=\"Moolimassa\" href=\"https:\/\/fi.wikipedia.org\/wiki\/Moolimassa\">moolimassa<\/a>\u00a0131,4 g\/mol,\u00a0<a class=\"mw-redirect\" title=\"Ominaispaino\" href=\"https:\/\/fi.wikipedia.org\/wiki\/Ominaispaino\">ominaispaino<\/a>\u00a01.466,\u00a0<a title=\"Sulamispiste\" href=\"https:\/\/fi.wikipedia.org\/wiki\/Sulamispiste\">sulamispiste<\/a>\u00a0\u2212 73 \u00b0C,\u00a0<a title=\"Kiehumispiste\" href=\"https:\/\/fi.wikipedia.org\/wiki\/Kiehumispiste\">kiehumispiste<\/a>\u00a087 \u00b0C,\u00a0<a title=\"Itsesyttymisl\u00e4mp\u00f6tila\" href=\"https:\/\/fi.wikipedia.org\/wiki\/Itsesyttymisl%C3%A4mp%C3%B6tila\">itsesyttymisl\u00e4mp\u00f6tila<\/a>\u00a0410 \u00b0C ja\u00a0<a title=\"CAS-numero\" href=\"https:\/\/fi.wikipedia.org\/wiki\/CAS-numero\">CAS-numero<\/a>\u00a079-01-6. Trikloorietyleenia liukenee veteen 20 \u00b0C:n l\u00e4mp\u00f6tilassa 0,1g\/100 ml.<\/p>\n<p style=\"text-align: justify;\">\n<p>CAS: 79-01-6<\/p>\n","protected":false},"featured_media":7130,"template":"","meta":[],"product_brand":[],"product_cat":[180,117,118,153,114,152],"product_tag":[],"class_list":{"0":"post-1241","1":"product","2":"type-product","3":"status-publish","4":"has-post-thumbnail","6":"product_cat-uncategorized-fi-2","7":"product_cat-kotitalouskemikaalit","8":"product_cat-metallikemikaalit","9":"product_cat-puunjalostuskemikaalit","10":"product_cat-rakennusteollisuus","11":"product_cat-tipografiset-kemikaalit","12":"pif-has-gallery","14":"first","15":"instock","16":"taxable","17":"shipping-taxable","18":"purchasable","19":"product-type-variable","20":"has-default-attributes"},"yoast_head":"<!-- This site is optimized with the Yoast SEO plugin v26.2 - https:\/\/yoast.com\/wordpress\/plugins\/seo\/ -->\n<title>Trikloorietyleeni (CAS 79-01-6) - Chemistry For Industry - Solvents &amp; Chemicals - Masterchem.ee<\/title>\n<meta name=\"description\" content=\"Trikloorietyleeni (trikloroetyleeni, trileeni) C2HCl3 on kirkas, helposti haihtuva neste, jonka rakennekaava on ClCH=CCl2, moolimassa 131,4 g\/mol, ominaispaino 1.466, sulamispiste \u2212 73 \u00b0C, kiehumispiste 87 \u00b0C, itsesyttymisl\u00e4mp\u00f6tila 410 \u00b0C ja CAS-numero 79-01-6. CAS: 79-01-6\" \/>\n<meta name=\"robots\" content=\"index, follow, max-snippet:-1, max-image-preview:large, max-video-preview:-1\" \/>\n<link rel=\"canonical\" href=\"https:\/\/masterchem.ee\/fi\/tooted-ja-teenused\/trikloorietyleeni-1\/\" \/>\n<meta name=\"twitter:card\" content=\"summary_large_image\" \/>\n<meta name=\"twitter:title\" content=\"Trikloorietyleeni (CAS 79-01-6) - Chemistry For Industry - Solvents &amp; Chemicals - Masterchem.ee\" \/>\n<meta name=\"twitter:description\" content=\"Trikloorietyleeni (trikloroetyleeni, trileeni) C2HCl3 on kirkas, helposti haihtuva neste, jonka rakennekaava on ClCH=CCl2, moolimassa 131,4 g\/mol, ominaispaino 1.466, sulamispiste \u2212 73 \u00b0C, kiehumispiste 87 \u00b0C, itsesyttymisl\u00e4mp\u00f6tila 410 \u00b0C ja CAS-numero 79-01-6. CAS: 79-01-6\" \/>\n<meta name=\"twitter:image\" content=\"https:\/\/masterchem.ee\/wp-content\/uploads\/2018\/08\/TRICHLOROETHYLENE-1000l-MasterChem.jpg\" \/>\n<script type=\"application\/ld+json\" class=\"yoast-schema-graph\">{\"@context\":\"https:\/\/schema.org\",\"@graph\":[{\"@type\":\"WebPage\",\"@id\":\"https:\/\/masterchem.ee\/fi\/tooted-ja-teenused\/trikloorietyleeni-1\/\",\"url\":\"https:\/\/masterchem.ee\/fi\/tooted-ja-teenused\/trikloorietyleeni-1\/\",\"name\":\"Trikloorietyleeni (CAS 79-01-6) - Chemistry For Industry - Solvents &amp; Chemicals - Masterchem.ee\",\"isPartOf\":{\"@id\":\"https:\/\/masterchem.ee\/fi\/#website\"},\"primaryImageOfPage\":{\"@id\":\"https:\/\/masterchem.ee\/fi\/tooted-ja-teenused\/trikloorietyleeni-1\/#primaryimage\"},\"image\":{\"@id\":\"https:\/\/masterchem.ee\/fi\/tooted-ja-teenused\/trikloorietyleeni-1\/#primaryimage\"},\"thumbnailUrl\":\"https:\/\/masterchem.ee\/wp-content\/uploads\/2018\/08\/TRICHLOROETHYLENE-1000l-MasterChem.jpg\",\"datePublished\":\"2018-08-07T10:55:17+00:00\",\"dateModified\":\"2021-06-27T13:15:20+00:00\",\"description\":\"Trikloorietyleeni (trikloroetyleeni, trileeni) C2HCl3 on kirkas, helposti haihtuva neste, jonka rakennekaava on ClCH=CCl2, moolimassa 131,4 g\/mol, ominaispaino 1.466, sulamispiste \u2212 73 \u00b0C, kiehumispiste 87 \u00b0C, itsesyttymisl\u00e4mp\u00f6tila 410 \u00b0C ja CAS-numero 79-01-6. CAS: 79-01-6\",\"breadcrumb\":{\"@id\":\"https:\/\/masterchem.ee\/fi\/tooted-ja-teenused\/trikloorietyleeni-1\/#breadcrumb\"},\"inLanguage\":\"fi\",\"potentialAction\":[{\"@type\":\"ReadAction\",\"target\":[\"https:\/\/masterchem.ee\/fi\/tooted-ja-teenused\/trikloorietyleeni-1\/\"]}]},{\"@type\":\"ImageObject\",\"inLanguage\":\"fi\",\"@id\":\"https:\/\/masterchem.ee\/fi\/tooted-ja-teenused\/trikloorietyleeni-1\/#primaryimage\",\"url\":\"https:\/\/masterchem.ee\/wp-content\/uploads\/2018\/08\/TRICHLOROETHYLENE-1000l-MasterChem.jpg\",\"contentUrl\":\"https:\/\/masterchem.ee\/wp-content\/uploads\/2018\/08\/TRICHLOROETHYLENE-1000l-MasterChem.jpg\",\"width\":1000,\"height\":1000,\"caption\":\"Trikloorietyleeni 1000l MasterChem\"},{\"@type\":\"BreadcrumbList\",\"@id\":\"https:\/\/masterchem.ee\/fi\/tooted-ja-teenused\/trikloorietyleeni-1\/#breadcrumb\",\"itemListElement\":[{\"@type\":\"ListItem\",\"position\":1,\"name\":\"Home\",\"item\":\"https:\/\/masterchem.ee\/fi\/\"},{\"@type\":\"ListItem\",\"position\":2,\"name\":\"Tooted ja teenused\",\"item\":\"https:\/\/masterchem.ee\/tooted-ja-teenused\/\"},{\"@type\":\"ListItem\",\"position\":3,\"name\":\"Trikloorietyleeni (CAS 79-01-6)\"}]},{\"@type\":\"WebSite\",\"@id\":\"https:\/\/masterchem.ee\/fi\/#website\",\"url\":\"https:\/\/masterchem.ee\/fi\/\",\"name\":\"Masterchem.ee\",\"description\":\"Chemistry For Industry - Solvents &amp; Chemicals\",\"publisher\":{\"@id\":\"https:\/\/masterchem.ee\/fi\/#organization\"},\"potentialAction\":[{\"@type\":\"SearchAction\",\"target\":{\"@type\":\"EntryPoint\",\"urlTemplate\":\"https:\/\/masterchem.ee\/fi\/?s={search_term_string}\"},\"query-input\":{\"@type\":\"PropertyValueSpecification\",\"valueRequired\":true,\"valueName\":\"search_term_string\"}}],\"inLanguage\":\"fi\"},{\"@type\":\"Organization\",\"@id\":\"https:\/\/masterchem.ee\/fi\/#organization\",\"name\":\"Masterchem\",\"url\":\"https:\/\/masterchem.ee\/fi\/\",\"logo\":{\"@type\":\"ImageObject\",\"inLanguage\":\"fi\",\"@id\":\"https:\/\/masterchem.ee\/fi\/#\/schema\/logo\/image\/\",\"url\":\"https:\/\/masterchem.ee\/wp-content\/uploads\/2018\/02\/master-chem_final-1.png\",\"contentUrl\":\"https:\/\/masterchem.ee\/wp-content\/uploads\/2018\/02\/master-chem_final-1.png\",\"width\":850,\"height\":356,\"caption\":\"Masterchem\"},\"image\":{\"@id\":\"https:\/\/masterchem.ee\/fi\/#\/schema\/logo\/image\/\"}}]}<\/script>\n<!-- \/ Yoast SEO plugin. -->","yoast_head_json":{"title":"Trikloorietyleeni (CAS 79-01-6) - Chemistry For Industry - Solvents &amp; Chemicals - Masterchem.ee","description":"Trikloorietyleeni (trikloroetyleeni, trileeni) C2HCl3 on kirkas, helposti haihtuva neste, jonka rakennekaava on ClCH=CCl2, moolimassa 131,4 g\/mol, ominaispaino 1.466, sulamispiste \u2212 73 \u00b0C, kiehumispiste 87 \u00b0C, itsesyttymisl\u00e4mp\u00f6tila 410 \u00b0C ja CAS-numero 79-01-6. CAS: 79-01-6","robots":{"index":"index","follow":"follow","max-snippet":"max-snippet:-1","max-image-preview":"max-image-preview:large","max-video-preview":"max-video-preview:-1"},"canonical":"https:\/\/masterchem.ee\/fi\/tooted-ja-teenused\/trikloorietyleeni-1\/","twitter_card":"summary_large_image","twitter_title":"Trikloorietyleeni (CAS 79-01-6) - Chemistry For Industry - Solvents &amp; Chemicals - Masterchem.ee","twitter_description":"Trikloorietyleeni (trikloroetyleeni, trileeni) C2HCl3 on kirkas, helposti haihtuva neste, jonka rakennekaava on ClCH=CCl2, moolimassa 131,4 g\/mol, ominaispaino 1.466, sulamispiste \u2212 73 \u00b0C, kiehumispiste 87 \u00b0C, itsesyttymisl\u00e4mp\u00f6tila 410 \u00b0C ja CAS-numero 79-01-6. CAS: 79-01-6","twitter_image":"https:\/\/masterchem.ee\/wp-content\/uploads\/2018\/08\/TRICHLOROETHYLENE-1000l-MasterChem.jpg","schema":{"@context":"https:\/\/schema.org","@graph":[{"@type":"WebPage","@id":"https:\/\/masterchem.ee\/fi\/tooted-ja-teenused\/trikloorietyleeni-1\/","url":"https:\/\/masterchem.ee\/fi\/tooted-ja-teenused\/trikloorietyleeni-1\/","name":"Trikloorietyleeni (CAS 79-01-6) - Chemistry For Industry - Solvents &amp; Chemicals - Masterchem.ee","isPartOf":{"@id":"https:\/\/masterchem.ee\/fi\/#website"},"primaryImageOfPage":{"@id":"https:\/\/masterchem.ee\/fi\/tooted-ja-teenused\/trikloorietyleeni-1\/#primaryimage"},"image":{"@id":"https:\/\/masterchem.ee\/fi\/tooted-ja-teenused\/trikloorietyleeni-1\/#primaryimage"},"thumbnailUrl":"https:\/\/masterchem.ee\/wp-content\/uploads\/2018\/08\/TRICHLOROETHYLENE-1000l-MasterChem.jpg","datePublished":"2018-08-07T10:55:17+00:00","dateModified":"2021-06-27T13:15:20+00:00","description":"Trikloorietyleeni (trikloroetyleeni, trileeni) C2HCl3 on kirkas, helposti haihtuva neste, jonka rakennekaava on ClCH=CCl2, moolimassa 131,4 g\/mol, ominaispaino 1.466, sulamispiste \u2212 73 \u00b0C, kiehumispiste 87 \u00b0C, itsesyttymisl\u00e4mp\u00f6tila 410 \u00b0C ja CAS-numero 79-01-6. CAS: 79-01-6","breadcrumb":{"@id":"https:\/\/masterchem.ee\/fi\/tooted-ja-teenused\/trikloorietyleeni-1\/#breadcrumb"},"inLanguage":"fi","potentialAction":[{"@type":"ReadAction","target":["https:\/\/masterchem.ee\/fi\/tooted-ja-teenused\/trikloorietyleeni-1\/"]}]},{"@type":"ImageObject","inLanguage":"fi","@id":"https:\/\/masterchem.ee\/fi\/tooted-ja-teenused\/trikloorietyleeni-1\/#primaryimage","url":"https:\/\/masterchem.ee\/wp-content\/uploads\/2018\/08\/TRICHLOROETHYLENE-1000l-MasterChem.jpg","contentUrl":"https:\/\/masterchem.ee\/wp-content\/uploads\/2018\/08\/TRICHLOROETHYLENE-1000l-MasterChem.jpg","width":1000,"height":1000,"caption":"Trikloorietyleeni 1000l MasterChem"},{"@type":"BreadcrumbList","@id":"https:\/\/masterchem.ee\/fi\/tooted-ja-teenused\/trikloorietyleeni-1\/#breadcrumb","itemListElement":[{"@type":"ListItem","position":1,"name":"Home","item":"https:\/\/masterchem.ee\/fi\/"},{"@type":"ListItem","position":2,"name":"Tooted ja teenused","item":"https:\/\/masterchem.ee\/tooted-ja-teenused\/"},{"@type":"ListItem","position":3,"name":"Trikloorietyleeni (CAS 79-01-6)"}]},{"@type":"WebSite","@id":"https:\/\/masterchem.ee\/fi\/#website","url":"https:\/\/masterchem.ee\/fi\/","name":"Masterchem.ee","description":"Chemistry For Industry - Solvents &amp; Chemicals","publisher":{"@id":"https:\/\/masterchem.ee\/fi\/#organization"},"potentialAction":[{"@type":"SearchAction","target":{"@type":"EntryPoint","urlTemplate":"https:\/\/masterchem.ee\/fi\/?s={search_term_string}"},"query-input":{"@type":"PropertyValueSpecification","valueRequired":true,"valueName":"search_term_string"}}],"inLanguage":"fi"},{"@type":"Organization","@id":"https:\/\/masterchem.ee\/fi\/#organization","name":"Masterchem","url":"https:\/\/masterchem.ee\/fi\/","logo":{"@type":"ImageObject","inLanguage":"fi","@id":"https:\/\/masterchem.ee\/fi\/#\/schema\/logo\/image\/","url":"https:\/\/masterchem.ee\/wp-content\/uploads\/2018\/02\/master-chem_final-1.png","contentUrl":"https:\/\/masterchem.ee\/wp-content\/uploads\/2018\/02\/master-chem_final-1.png","width":850,"height":356,"caption":"Masterchem"},"image":{"@id":"https:\/\/masterchem.ee\/fi\/#\/schema\/logo\/image\/"}}]}},"_links":{"self":[{"href":"https:\/\/masterchem.ee\/fi\/wp-json\/wp\/v2\/product\/1241","targetHints":{"allow":["GET"]}}],"collection":[{"href":"https:\/\/masterchem.ee\/fi\/wp-json\/wp\/v2\/product"}],"about":[{"href":"https:\/\/masterchem.ee\/fi\/wp-json\/wp\/v2\/types\/product"}],"wp:featuredmedia":[{"embeddable":true,"href":"https:\/\/masterchem.ee\/fi\/wp-json\/wp\/v2\/media\/7130"}],"wp:attachment":[{"href":"https:\/\/masterchem.ee\/fi\/wp-json\/wp\/v2\/media?parent=1241"}],"wp:term":[{"taxonomy":"product_brand","embeddable":true,"href":"https:\/\/masterchem.ee\/fi\/wp-json\/wp\/v2\/product_brand?post=1241"},{"taxonomy":"product_cat","embeddable":true,"href":"https:\/\/masterchem.ee\/fi\/wp-json\/wp\/v2\/product_cat?post=1241"},{"taxonomy":"product_tag","embeddable":true,"href":"https:\/\/masterchem.ee\/fi\/wp-json\/wp\/v2\/product_tag?post=1241"}],"curies":[{"name":"wp","href":"https:\/\/api.w.org\/{rel}","templated":true}]}}