{"id":12294,"date":"2021-07-15T18:14:42","date_gmt":"2021-07-15T18:14:47","guid":{"rendered":"https:\/\/masterchem.ee\/?post_type=product&#038;p=12294"},"modified":"2021-07-15T18:50:49","modified_gmt":"2021-07-15T18:50:49","slug":"yleispuhdistusaine-isanta-siivooja-hit-11","status":"publish","type":"product","link":"https:\/\/masterchem.ee\/fi\/tooted-ja-teenused\/yleispuhdistusaine-isanta-siivooja-hit-11\/","title":{"rendered":"Master Cleaner Hit 11"},"content":{"rendered":"<p> <strong> K\u00e4ytt\u00f6ohjeet. <\/strong> <br \/>\n1. Valmistele k\u00e4ytt\u00f6liuos. Huomio: V\u00e4ltt\u00e4\u00e4ksesi voimakasta vaahtoamista pesuaineliuosta valmistellessasi, <br \/>\ntulisi lis\u00e4t\u00e4 tuote veteen eik\u00e4 p\u00e4invastoin. On suositeltavaa k\u00e4ytt\u00e4\u00e4 neutraalia vett\u00e4. Mik\u00e4 tahansa vesi voi olla <br \/>\nk\u00e4ytet\u00e4\u00e4n lian poistamiseen saastuneilta pinnoilta ja huuhtelusta. <br \/>\n2. Levit\u00e4 ty\u00f6liuos ruiskulla, liinalla tai sienell\u00e4 likaantuneelle pinnalle (jos k\u00e4ytet\u00e4\u00e4n kercheri\u00e4 <br \/>\nlaite: Liit\u00e4 laite neutraaliin veteen. Levit\u00e4 saatu liuos kastelemalla saastunutta pintaa <br \/>\nalhaalta yl\u00f6s.) <br \/>\n3. J\u00e4t\u00e4 hetkeksi kuivumatta <br \/>\n\u2022 Tiettyjen ep\u00e4puhtauksien poistamiseksi niiden mekaaninen poisto on sallittua. Puhdistamiseen \u00e4\u00e4rimm\u00e4isist\u00e4 ep\u00e4puhtauksista <br \/>\n(\u00f6ljyt mukaan lukien) on suositeltavaa k\u00e4ytt\u00e4\u00e4 k\u00e4ytt\u00f6liuosta, joka sis\u00e4lt\u00e4\u00e4 40% tuotetta 60% vett\u00e4; <br \/>\n\u2022 Vahvoille ep\u00e4puhtauksille &#8211; 30% tuotetta 70% vett\u00e4 <br \/>\n\u2022 Pesuaineen pitoisuuden nostaminen yli 50%: iin ei paranna pesuaineen ominaisuuksia. Laimentamaton vedell\u00e4 <br \/>\ntuote ei toimi lainkaan <br \/>\n\u2022 Tavanomaisia \u200b\u200bep\u00e4puhtauksia puhdistettaessa tuotteen pitoisuutta voidaan v\u00e4hent\u00e4\u00e4 5 prosentista 0,1 prosenttiin <br \/>\n(Riippuen saastumistyypist\u00e4 ja -asteesta). <br \/>\n\u2022 4.\u0412 pese ty\u00f6pinta k\u00e4sittelyn lopussa vedell\u00e4 (paineen alla tai manuaalisesti). <br \/>\n\u2022 Varastointiolosuhteet: S\u00e4ilyt\u00e4 alkuper\u00e4ispakkauksessa v\u00e4hint\u00e4\u00e4n 4 \u00b0 C: n l\u00e4mp\u00f6tilassa. <\/p>\n<p>H225 &#8211; Helposti syttyv\u00e4 neste ja h\u00f6yry; H304 &#8211; Voi olla tappavaa nieltyn\u00e4 ja joutuessaan hengitysteihin; H315 &#8211; \u00c4rsytt\u00e4\u00e4 ihoa; H335 &#8211; Voi aiheuttaa hengitysteiden \u00e4rsytyst\u00e4; H336 &#8211; Voi aiheuttaa uneliaisuutta tai huimausta; H361d &#8211; Ep\u00e4ill\u00e4\u00e4n vahingoittavan syntym\u00e4tt\u00f6m\u00e4\u00e4 lasta; H373 &#8211; Saattaa vahingoittaa elimi\u00e4 pitk\u00e4aikaisessa tai toistuvassa altistumisessa; P201 &#8211; Hanki erityisohjeet ennen k\u00e4ytt\u00f6\u00e4; P210 &#8211; Suojaa l\u00e4mm\u00f6lt\u00e4 \/ kipin\u00f6ilt\u00e4 \/ avotulelta \/ kuumilta pinnoilta. Tupakointi kielletty; P260 &#8211; \u00c4l\u00e4 aiheuta p\u00f6ly\u00e4 \/ savua \/ kaasua \/ sumua \/ h\u00f6yryj\u00e4 \/ suihketta; P280 &#8211; K\u00e4yt\u00e4 suojak\u00e4sineit\u00e4 \/ suojavaatetusta \/ silmiensuojainta \/ kasvonsuojainta; P314 &#8211; Hakeudu l\u00e4\u00e4k\u00e4riin, jos ilmenee pahoinvointia. P403 + P235 &#8211; Varastoi paikassa, jossa on hyv\u00e4 ilmanvaihto. Pid\u00e4 viile\u00e4. <br \/>\nVain ammattik\u00e4ytt\u00f6\u00f6n. Varoitus! V\u00e4lt\u00e4 altistumista ja lue ohjeet ennen k\u00e4ytt\u00f6\u00e4! <\/p>\n","protected":false},"excerpt":{"rendered":"<p><strong> V\u00e4kev\u00f6i em\u00e4ksisill\u00e4 ominaisuuksilla varustettu yleispuhdistusaine vesipohjaan. <\/strong> <br \/>\nMaster Cleaner Hit 11 MasterChem-. On v\u00e4kev\u00f6ity yleinen puhdistusaine, jolla on em\u00e4ksisi\u00e4 ominaisuuksia veden perusteella. (pH-konsentraatti 12). Poistaa helposti \u00f6ljyn, rasvakontaminaation, skotin, maalin, merkinn\u00e4t &#8230; Sit\u00e4 voidaan k\u00e4ytt\u00e4\u00e4 useilla pinnoilla, mutta ei-rautametallien kanssa ty\u00f6skennelt\u00e4ess\u00e4 on oltava varovainen!<\/p>\n<p> Sill\u00e4 on eritt\u00e4in puhdistus- ja rasvanpoisto-ominaisuudet, mik\u00e4 s\u00e4\u00e4st\u00e4\u00e4 jopa 70% ajasta. <br \/>\nLuo antistaattisen vaikutuksen voidaan k\u00e4ytt\u00e4\u00e4 h\u00f6yrynkehittimiss\u00e4 ja kuuma sumu kasvien puhdistaa syv\u00e4 ja nopea &#8211; s\u00e4\u00e4st\u00e4\u00e4 jopa 70% tavallisesti k\u00e4ytetyst\u00e4 ajasta poistaa helposti ep\u00e4puhtaudet, \u00f6ljy mukaan lukien, erilaisilta pinnoilta poistaa ep\u00e4miellytt\u00e4v\u00e4t hajut, jotka ovat turvallisia nahalle ja vaatteille sis\u00e4lt\u00e4\u00e4 fosfaatteja, biohajoavia, palamattomia, haihtumattomia kustannustehokkaita k\u00e4ytt\u00e4\u00e4 Suositeltava l\u00e4mp\u00f6tila k\u00e4ytt\u00f6liuoksessa 30-60 \u00b0 C &#8211; l\u00e4mp\u00f6tilan noustessa tehokkuustuote kasvaa<\/p>\n","protected":false},"featured_media":12367,"template":"","meta":[],"product_brand":[],"product_cat":[180,115,117,118,153,114],"product_tag":[],"class_list":{"0":"post-12294","1":"product","2":"type-product","3":"status-publish","4":"has-post-thumbnail","6":"product_cat-uncategorized-fi-2","7":"product_cat-auton-ja-koneiden-kemikaalit","8":"product_cat-kotitalouskemikaalit","9":"product_cat-metallikemikaalit","10":"product_cat-puunjalostuskemikaalit","11":"product_cat-rakennusteollisuus","12":"pif-has-gallery","14":"first","15":"instock","16":"taxable","17":"shipping-taxable","18":"purchasable","19":"product-type-variable","20":"has-default-attributes"},"yoast_head":"<!-- This site is optimized with the Yoast SEO plugin v26.2 - https:\/\/yoast.com\/wordpress\/plugins\/seo\/ -->\n<title>Master Cleaner Hit 11 - Chemistry For Industry - Solvents &amp; Chemicals - Masterchem.ee<\/title>\n<meta name=\"description\" content=\"Master Cleaner Hit 11 MasterChem-. On v\u00e4kev\u00f6ity yleinen puhdistusaine, jolla on em\u00e4ksisi\u00e4 ominaisuuksia veden perusteella.\" \/>\n<meta name=\"robots\" content=\"index, follow, max-snippet:-1, max-image-preview:large, max-video-preview:-1\" \/>\n<link rel=\"canonical\" href=\"https:\/\/masterchem.ee\/fi\/tooted-ja-teenused\/yleispuhdistusaine-isanta-siivooja-hit-11\/\" \/>\n<meta name=\"twitter:card\" content=\"summary_large_image\" \/>\n<meta name=\"twitter:title\" content=\"Master Cleaner Hit 11 - Chemistry For Industry - Solvents &amp; Chemicals - Masterchem.ee\" \/>\n<meta name=\"twitter:description\" content=\"Master Cleaner Hit 11 MasterChem-. On v\u00e4kev\u00f6ity yleinen puhdistusaine, jolla on em\u00e4ksisi\u00e4 ominaisuuksia veden perusteella.\" \/>\n<meta name=\"twitter:image\" content=\"https:\/\/masterchem.ee\/wp-content\/uploads\/2021\/07\/Master-Cleaner-Hit-11-1000l-MaterChem.jpg\" \/>\n<meta name=\"twitter:label1\" content=\"Arvioitu lukuaika\" \/>\n\t<meta name=\"twitter:data1\" content=\"1 minuutti\" \/>\n<script type=\"application\/ld+json\" class=\"yoast-schema-graph\">{\"@context\":\"https:\/\/schema.org\",\"@graph\":[{\"@type\":\"WebPage\",\"@id\":\"https:\/\/masterchem.ee\/fi\/tooted-ja-teenused\/yleispuhdistusaine-isanta-siivooja-hit-11\/\",\"url\":\"https:\/\/masterchem.ee\/fi\/tooted-ja-teenused\/yleispuhdistusaine-isanta-siivooja-hit-11\/\",\"name\":\"Master Cleaner Hit 11 - Chemistry For Industry - Solvents &amp; Chemicals - Masterchem.ee\",\"isPartOf\":{\"@id\":\"https:\/\/masterchem.ee\/fi\/#website\"},\"primaryImageOfPage\":{\"@id\":\"https:\/\/masterchem.ee\/fi\/tooted-ja-teenused\/yleispuhdistusaine-isanta-siivooja-hit-11\/#primaryimage\"},\"image\":{\"@id\":\"https:\/\/masterchem.ee\/fi\/tooted-ja-teenused\/yleispuhdistusaine-isanta-siivooja-hit-11\/#primaryimage\"},\"thumbnailUrl\":\"https:\/\/masterchem.ee\/wp-content\/uploads\/2021\/07\/Master-Cleaner-Hit-11-1000l-MaterChem.jpg\",\"datePublished\":\"2021-07-15T18:14:47+00:00\",\"dateModified\":\"2021-07-15T18:50:49+00:00\",\"description\":\"Master Cleaner Hit 11 MasterChem-. On v\u00e4kev\u00f6ity yleinen puhdistusaine, jolla on em\u00e4ksisi\u00e4 ominaisuuksia veden perusteella.\",\"breadcrumb\":{\"@id\":\"https:\/\/masterchem.ee\/fi\/tooted-ja-teenused\/yleispuhdistusaine-isanta-siivooja-hit-11\/#breadcrumb\"},\"inLanguage\":\"fi\",\"potentialAction\":[{\"@type\":\"ReadAction\",\"target\":[\"https:\/\/masterchem.ee\/fi\/tooted-ja-teenused\/yleispuhdistusaine-isanta-siivooja-hit-11\/\"]}]},{\"@type\":\"ImageObject\",\"inLanguage\":\"fi\",\"@id\":\"https:\/\/masterchem.ee\/fi\/tooted-ja-teenused\/yleispuhdistusaine-isanta-siivooja-hit-11\/#primaryimage\",\"url\":\"https:\/\/masterchem.ee\/wp-content\/uploads\/2021\/07\/Master-Cleaner-Hit-11-1000l-MaterChem.jpg\",\"contentUrl\":\"https:\/\/masterchem.ee\/wp-content\/uploads\/2021\/07\/Master-Cleaner-Hit-11-1000l-MaterChem.jpg\",\"width\":1000,\"height\":1000,\"caption\":\"Master Cleaner Hit 11 1000l MaterChem\"},{\"@type\":\"BreadcrumbList\",\"@id\":\"https:\/\/masterchem.ee\/fi\/tooted-ja-teenused\/yleispuhdistusaine-isanta-siivooja-hit-11\/#breadcrumb\",\"itemListElement\":[{\"@type\":\"ListItem\",\"position\":1,\"name\":\"Home\",\"item\":\"https:\/\/masterchem.ee\/fi\/\"},{\"@type\":\"ListItem\",\"position\":2,\"name\":\"Tooted ja teenused\",\"item\":\"https:\/\/masterchem.ee\/tooted-ja-teenused\/\"},{\"@type\":\"ListItem\",\"position\":3,\"name\":\"Master Cleaner Hit 11\"}]},{\"@type\":\"WebSite\",\"@id\":\"https:\/\/masterchem.ee\/fi\/#website\",\"url\":\"https:\/\/masterchem.ee\/fi\/\",\"name\":\"Masterchem.ee\",\"description\":\"Chemistry For Industry - Solvents &amp; Chemicals\",\"publisher\":{\"@id\":\"https:\/\/masterchem.ee\/fi\/#organization\"},\"potentialAction\":[{\"@type\":\"SearchAction\",\"target\":{\"@type\":\"EntryPoint\",\"urlTemplate\":\"https:\/\/masterchem.ee\/fi\/?s={search_term_string}\"},\"query-input\":{\"@type\":\"PropertyValueSpecification\",\"valueRequired\":true,\"valueName\":\"search_term_string\"}}],\"inLanguage\":\"fi\"},{\"@type\":\"Organization\",\"@id\":\"https:\/\/masterchem.ee\/fi\/#organization\",\"name\":\"Masterchem\",\"url\":\"https:\/\/masterchem.ee\/fi\/\",\"logo\":{\"@type\":\"ImageObject\",\"inLanguage\":\"fi\",\"@id\":\"https:\/\/masterchem.ee\/fi\/#\/schema\/logo\/image\/\",\"url\":\"https:\/\/masterchem.ee\/wp-content\/uploads\/2018\/02\/master-chem_final-1.png\",\"contentUrl\":\"https:\/\/masterchem.ee\/wp-content\/uploads\/2018\/02\/master-chem_final-1.png\",\"width\":850,\"height\":356,\"caption\":\"Masterchem\"},\"image\":{\"@id\":\"https:\/\/masterchem.ee\/fi\/#\/schema\/logo\/image\/\"}}]}<\/script>\n<!-- \/ Yoast SEO plugin. -->","yoast_head_json":{"title":"Master Cleaner Hit 11 - Chemistry For Industry - Solvents &amp; Chemicals - Masterchem.ee","description":"Master Cleaner Hit 11 MasterChem-. On v\u00e4kev\u00f6ity yleinen puhdistusaine, jolla on em\u00e4ksisi\u00e4 ominaisuuksia veden perusteella.","robots":{"index":"index","follow":"follow","max-snippet":"max-snippet:-1","max-image-preview":"max-image-preview:large","max-video-preview":"max-video-preview:-1"},"canonical":"https:\/\/masterchem.ee\/fi\/tooted-ja-teenused\/yleispuhdistusaine-isanta-siivooja-hit-11\/","twitter_card":"summary_large_image","twitter_title":"Master Cleaner Hit 11 - Chemistry For Industry - Solvents &amp; Chemicals - Masterchem.ee","twitter_description":"Master Cleaner Hit 11 MasterChem-. On v\u00e4kev\u00f6ity yleinen puhdistusaine, jolla on em\u00e4ksisi\u00e4 ominaisuuksia veden perusteella.","twitter_image":"https:\/\/masterchem.ee\/wp-content\/uploads\/2021\/07\/Master-Cleaner-Hit-11-1000l-MaterChem.jpg","twitter_misc":{"Arvioitu lukuaika":"1 minuutti"},"schema":{"@context":"https:\/\/schema.org","@graph":[{"@type":"WebPage","@id":"https:\/\/masterchem.ee\/fi\/tooted-ja-teenused\/yleispuhdistusaine-isanta-siivooja-hit-11\/","url":"https:\/\/masterchem.ee\/fi\/tooted-ja-teenused\/yleispuhdistusaine-isanta-siivooja-hit-11\/","name":"Master Cleaner Hit 11 - Chemistry For Industry - Solvents &amp; Chemicals - Masterchem.ee","isPartOf":{"@id":"https:\/\/masterchem.ee\/fi\/#website"},"primaryImageOfPage":{"@id":"https:\/\/masterchem.ee\/fi\/tooted-ja-teenused\/yleispuhdistusaine-isanta-siivooja-hit-11\/#primaryimage"},"image":{"@id":"https:\/\/masterchem.ee\/fi\/tooted-ja-teenused\/yleispuhdistusaine-isanta-siivooja-hit-11\/#primaryimage"},"thumbnailUrl":"https:\/\/masterchem.ee\/wp-content\/uploads\/2021\/07\/Master-Cleaner-Hit-11-1000l-MaterChem.jpg","datePublished":"2021-07-15T18:14:47+00:00","dateModified":"2021-07-15T18:50:49+00:00","description":"Master Cleaner Hit 11 MasterChem-. On v\u00e4kev\u00f6ity yleinen puhdistusaine, jolla on em\u00e4ksisi\u00e4 ominaisuuksia veden perusteella.","breadcrumb":{"@id":"https:\/\/masterchem.ee\/fi\/tooted-ja-teenused\/yleispuhdistusaine-isanta-siivooja-hit-11\/#breadcrumb"},"inLanguage":"fi","potentialAction":[{"@type":"ReadAction","target":["https:\/\/masterchem.ee\/fi\/tooted-ja-teenused\/yleispuhdistusaine-isanta-siivooja-hit-11\/"]}]},{"@type":"ImageObject","inLanguage":"fi","@id":"https:\/\/masterchem.ee\/fi\/tooted-ja-teenused\/yleispuhdistusaine-isanta-siivooja-hit-11\/#primaryimage","url":"https:\/\/masterchem.ee\/wp-content\/uploads\/2021\/07\/Master-Cleaner-Hit-11-1000l-MaterChem.jpg","contentUrl":"https:\/\/masterchem.ee\/wp-content\/uploads\/2021\/07\/Master-Cleaner-Hit-11-1000l-MaterChem.jpg","width":1000,"height":1000,"caption":"Master Cleaner Hit 11 1000l MaterChem"},{"@type":"BreadcrumbList","@id":"https:\/\/masterchem.ee\/fi\/tooted-ja-teenused\/yleispuhdistusaine-isanta-siivooja-hit-11\/#breadcrumb","itemListElement":[{"@type":"ListItem","position":1,"name":"Home","item":"https:\/\/masterchem.ee\/fi\/"},{"@type":"ListItem","position":2,"name":"Tooted ja teenused","item":"https:\/\/masterchem.ee\/tooted-ja-teenused\/"},{"@type":"ListItem","position":3,"name":"Master Cleaner Hit 11"}]},{"@type":"WebSite","@id":"https:\/\/masterchem.ee\/fi\/#website","url":"https:\/\/masterchem.ee\/fi\/","name":"Masterchem.ee","description":"Chemistry For Industry - Solvents &amp; Chemicals","publisher":{"@id":"https:\/\/masterchem.ee\/fi\/#organization"},"potentialAction":[{"@type":"SearchAction","target":{"@type":"EntryPoint","urlTemplate":"https:\/\/masterchem.ee\/fi\/?s={search_term_string}"},"query-input":{"@type":"PropertyValueSpecification","valueRequired":true,"valueName":"search_term_string"}}],"inLanguage":"fi"},{"@type":"Organization","@id":"https:\/\/masterchem.ee\/fi\/#organization","name":"Masterchem","url":"https:\/\/masterchem.ee\/fi\/","logo":{"@type":"ImageObject","inLanguage":"fi","@id":"https:\/\/masterchem.ee\/fi\/#\/schema\/logo\/image\/","url":"https:\/\/masterchem.ee\/wp-content\/uploads\/2018\/02\/master-chem_final-1.png","contentUrl":"https:\/\/masterchem.ee\/wp-content\/uploads\/2018\/02\/master-chem_final-1.png","width":850,"height":356,"caption":"Masterchem"},"image":{"@id":"https:\/\/masterchem.ee\/fi\/#\/schema\/logo\/image\/"}}]}},"_links":{"self":[{"href":"https:\/\/masterchem.ee\/fi\/wp-json\/wp\/v2\/product\/12294","targetHints":{"allow":["GET"]}}],"collection":[{"href":"https:\/\/masterchem.ee\/fi\/wp-json\/wp\/v2\/product"}],"about":[{"href":"https:\/\/masterchem.ee\/fi\/wp-json\/wp\/v2\/types\/product"}],"wp:featuredmedia":[{"embeddable":true,"href":"https:\/\/masterchem.ee\/fi\/wp-json\/wp\/v2\/media\/12367"}],"wp:attachment":[{"href":"https:\/\/masterchem.ee\/fi\/wp-json\/wp\/v2\/media?parent=12294"}],"wp:term":[{"taxonomy":"product_brand","embeddable":true,"href":"https:\/\/masterchem.ee\/fi\/wp-json\/wp\/v2\/product_brand?post=12294"},{"taxonomy":"product_cat","embeddable":true,"href":"https:\/\/masterchem.ee\/fi\/wp-json\/wp\/v2\/product_cat?post=12294"},{"taxonomy":"product_tag","embeddable":true,"href":"https:\/\/masterchem.ee\/fi\/wp-json\/wp\/v2\/product_tag?post=12294"}],"curies":[{"name":"wp","href":"https:\/\/api.w.org\/{rel}","templated":true}]}}