{"id":12189,"date":"2021-07-12T20:07:54","date_gmt":"2021-07-12T20:08:00","guid":{"rendered":"https:\/\/masterchem.ee\/?post_type=product&#038;p=12189"},"modified":"2021-07-12T20:24:53","modified_gmt":"2021-07-12T20:24:53","slug":"ohenne-bc06-3019","status":"publish","type":"product","link":"https:\/\/masterchem.ee\/fi\/tooted-ja-teenused\/ohenne-bc06-3019\/","title":{"rendered":"Ohenne BC06-3019"},"content":{"rendered":"<p>H226 Syttyv\u00e4 neste ja h\u00f6yry; <br \/>\nH332 &#8211; Haitallista hengitettyn\u00e4; <br \/>\nH312 Haitallista joutuessaan iholle; <br \/>\nH315 &#8211; \u00c4rsytt\u00e4\u00e4 ihoa; <br \/>\nH304 &#8211; Voi olla tappavaa nieltyn\u00e4 ja joutuessaan; <br \/>\nP201 &#8211; Hanki erityisohjeet ennen k\u00e4ytt\u00f6\u00e4; <br \/>\nP280 &#8211; K\u00e4yt\u00e4 suojak\u00e4sineit\u00e4 \/ suojavaatetusta \/ silmiensuojainta \/ kasvonsuojainta; <br \/>\nP261 &#8211; V\u00e4lt\u00e4 p\u00f6lyn \/ savun \/ kaasun \/ suurimman osan \/ h\u00f6yryjen \/ suihkeen hengitt\u00e4mist\u00e4; <br \/>\nP301 + P310 &#8211; JOS NIELTY: Ota v\u00e4litt\u00f6m\u00e4sti yhteys MYRKYTYSTIETOKESKUKSEEN tai l\u00e4\u00e4k\u00e4riin; <br \/>\nP302 + P352 &#8211; JOS KEMIKAALIA JOUTUU IHOLLE: Pese saippualla ja vedell\u00e4; <br \/>\nP305 + P351 + P338 &#8211; JOS KEMIKAALIA JOUTUU SILMIIN: Huuhtele varovasti vedell\u00e4 useita minuutteja. Poista piilolinssit, jos niit\u00e4 on ja se on helppo tehd\u00e4. Jatka huuhtelua; <br \/>\nP331 &#8211; \u00c4L\u00c4 oksennuta; <br \/>\nP403 + P235 + P233 &#8211; Varastoi paikassa, jossa on hyv\u00e4 ilmanvaihto. Pid\u00e4 astiat viile\u00e4ss\u00e4 ja tiiviisti suljettuna. <br \/>\nVain ammattik\u00e4ytt\u00f6\u00f6n. Varoitus! V\u00e4lt\u00e4 altistumista ja lue ohjeet ennen k\u00e4ytt\u00f6\u00e4! <\/p>\n","protected":false},"excerpt":{"rendered":"<p> Liuotin BC06-3019 &#8211; jarrupuhdistin, joka poistaa tehokkaasti lian. <br \/>\nEritt\u00e4in nopeasti haihtuva puhdistusaine, joka poistaa pienimm\u00e4t \u00f6ljypartikkelit pinnalta. <br \/>\nTuotteemme on ainutlaatuinen, koska se on t\u00e4ysin haihtuva eik\u00e4 j\u00e4t\u00e4 mit\u00e4\u00e4n j\u00e4\u00e4mi\u00e4. Ei sis\u00e4ll\u00e4 asetonia tai asetaatteja. Ei aiheuta korroosiota. Voidaan k\u00e4ytt\u00e4\u00e4 erityyppisten muovien kanssa. Saattaa vahingoittaa kumituotteita. <br \/>\nK\u00e4ytet\u00e4\u00e4n rasvan, \u00f6ljyn, noken, jarrup\u00f6lyn ja nesteen poistamiseen. Nopean kuivumisaikansa ansiosta puhdistetut osat voidaan k\u00e4ytt\u00e4\u00e4 melkein v\u00e4litt\u00f6m\u00e4sti ja jatkaa ty\u00f6t\u00e4. <br \/>\nSe soveltuu k\u00e4ytett\u00e4v\u00e4ksi my\u00f6s kaikkien mekaanisten osien yleisen\u00e4 teknisen\u00e4 puhdistusaineena \u00f6ljyn ja muiden ep\u00e4puhtauksien puhdistamiseen. <br \/>\nLiuotinta BC06-3019 voidaan k\u00e4ytt\u00e4\u00e4 my\u00f6s s\u00e4hk\u00f6isten koskettimien ja liitosten puhdistamiseen <\/p>\n<p> Fysikaaliset ja kemialliset ominaisuudet: <br \/>\nV\u00e4ri: l\u00e4pin\u00e4kyv\u00e4, v\u00e4rit\u00f6n. <br \/>\nHaju: liev\u00e4 erikoishaju <\/p>\n","protected":false},"featured_media":12261,"template":"","meta":[],"product_brand":[],"product_cat":[180,117,114],"product_tag":[],"class_list":{"0":"post-12189","1":"product","2":"type-product","3":"status-publish","4":"has-post-thumbnail","6":"product_cat-uncategorized-fi-2","7":"product_cat-kotitalouskemikaalit","8":"product_cat-rakennusteollisuus","9":"pif-has-gallery","11":"first","12":"instock","13":"taxable","14":"shipping-taxable","15":"purchasable","16":"product-type-variable","17":"has-default-attributes"},"yoast_head":"<!-- This site is optimized with the Yoast SEO plugin v26.2 - https:\/\/yoast.com\/wordpress\/plugins\/seo\/ -->\n<title>Ohenne BC06-3019 - Chemistry For Industry - Solvents &amp; Chemicals - Masterchem.ee<\/title>\n<meta name=\"description\" content=\"Liuotin BC06-3019 - jarrujen puhdistusaine, joka poistaa tehokkaasti lian. Eritt\u00e4in nopeasti haihtuva puhdistusaine, joka poistaa pienimm\u00e4t \u00f6ljypartikkelit pinnalta.\" \/>\n<meta name=\"robots\" content=\"index, follow, max-snippet:-1, max-image-preview:large, max-video-preview:-1\" \/>\n<link rel=\"canonical\" href=\"https:\/\/masterchem.ee\/fi\/tooted-ja-teenused\/ohenne-bc06-3019\/\" \/>\n<meta name=\"twitter:card\" content=\"summary_large_image\" \/>\n<meta name=\"twitter:title\" content=\"Ohenne BC06-3019 - Chemistry For Industry - Solvents &amp; Chemicals - Masterchem.ee\" \/>\n<meta name=\"twitter:description\" content=\"Liuotin BC06-3019 - jarrujen puhdistusaine, joka poistaa tehokkaasti lian. Eritt\u00e4in nopeasti haihtuva puhdistusaine, joka poistaa pienimm\u00e4t \u00f6ljypartikkelit pinnalta.\" \/>\n<meta name=\"twitter:image\" content=\"https:\/\/masterchem.ee\/wp-content\/uploads\/2021\/07\/Lahusti-BC06-3019-1000l-MaterChem.jpg\" \/>\n<meta name=\"twitter:label1\" content=\"Arvioitu lukuaika\" \/>\n\t<meta name=\"twitter:data1\" content=\"1 minuutti\" \/>\n<script type=\"application\/ld+json\" class=\"yoast-schema-graph\">{\"@context\":\"https:\/\/schema.org\",\"@graph\":[{\"@type\":\"WebPage\",\"@id\":\"https:\/\/masterchem.ee\/fi\/tooted-ja-teenused\/ohenne-bc06-3019\/\",\"url\":\"https:\/\/masterchem.ee\/fi\/tooted-ja-teenused\/ohenne-bc06-3019\/\",\"name\":\"Ohenne BC06-3019 - Chemistry For Industry - Solvents &amp; Chemicals - Masterchem.ee\",\"isPartOf\":{\"@id\":\"https:\/\/masterchem.ee\/fi\/#website\"},\"primaryImageOfPage\":{\"@id\":\"https:\/\/masterchem.ee\/fi\/tooted-ja-teenused\/ohenne-bc06-3019\/#primaryimage\"},\"image\":{\"@id\":\"https:\/\/masterchem.ee\/fi\/tooted-ja-teenused\/ohenne-bc06-3019\/#primaryimage\"},\"thumbnailUrl\":\"https:\/\/masterchem.ee\/wp-content\/uploads\/2021\/07\/Lahusti-BC06-3019-1000l-MaterChem.jpg\",\"datePublished\":\"2021-07-12T20:08:00+00:00\",\"dateModified\":\"2021-07-12T20:24:53+00:00\",\"description\":\"Liuotin BC06-3019 - jarrujen puhdistusaine, joka poistaa tehokkaasti lian. Eritt\u00e4in nopeasti haihtuva puhdistusaine, joka poistaa pienimm\u00e4t \u00f6ljypartikkelit pinnalta.\",\"breadcrumb\":{\"@id\":\"https:\/\/masterchem.ee\/fi\/tooted-ja-teenused\/ohenne-bc06-3019\/#breadcrumb\"},\"inLanguage\":\"fi\",\"potentialAction\":[{\"@type\":\"ReadAction\",\"target\":[\"https:\/\/masterchem.ee\/fi\/tooted-ja-teenused\/ohenne-bc06-3019\/\"]}]},{\"@type\":\"ImageObject\",\"inLanguage\":\"fi\",\"@id\":\"https:\/\/masterchem.ee\/fi\/tooted-ja-teenused\/ohenne-bc06-3019\/#primaryimage\",\"url\":\"https:\/\/masterchem.ee\/wp-content\/uploads\/2021\/07\/Lahusti-BC06-3019-1000l-MaterChem.jpg\",\"contentUrl\":\"https:\/\/masterchem.ee\/wp-content\/uploads\/2021\/07\/Lahusti-BC06-3019-1000l-MaterChem.jpg\",\"width\":1000,\"height\":1000,\"caption\":\"Ohenne BC06-3019 1000l MaterChem\"},{\"@type\":\"BreadcrumbList\",\"@id\":\"https:\/\/masterchem.ee\/fi\/tooted-ja-teenused\/ohenne-bc06-3019\/#breadcrumb\",\"itemListElement\":[{\"@type\":\"ListItem\",\"position\":1,\"name\":\"Home\",\"item\":\"https:\/\/masterchem.ee\/fi\/\"},{\"@type\":\"ListItem\",\"position\":2,\"name\":\"Tooted ja teenused\",\"item\":\"https:\/\/masterchem.ee\/tooted-ja-teenused\/\"},{\"@type\":\"ListItem\",\"position\":3,\"name\":\"Ohenne BC06-3019\"}]},{\"@type\":\"WebSite\",\"@id\":\"https:\/\/masterchem.ee\/fi\/#website\",\"url\":\"https:\/\/masterchem.ee\/fi\/\",\"name\":\"Masterchem.ee\",\"description\":\"Chemistry For Industry - Solvents &amp; Chemicals\",\"publisher\":{\"@id\":\"https:\/\/masterchem.ee\/fi\/#organization\"},\"potentialAction\":[{\"@type\":\"SearchAction\",\"target\":{\"@type\":\"EntryPoint\",\"urlTemplate\":\"https:\/\/masterchem.ee\/fi\/?s={search_term_string}\"},\"query-input\":{\"@type\":\"PropertyValueSpecification\",\"valueRequired\":true,\"valueName\":\"search_term_string\"}}],\"inLanguage\":\"fi\"},{\"@type\":\"Organization\",\"@id\":\"https:\/\/masterchem.ee\/fi\/#organization\",\"name\":\"Masterchem\",\"url\":\"https:\/\/masterchem.ee\/fi\/\",\"logo\":{\"@type\":\"ImageObject\",\"inLanguage\":\"fi\",\"@id\":\"https:\/\/masterchem.ee\/fi\/#\/schema\/logo\/image\/\",\"url\":\"https:\/\/masterchem.ee\/wp-content\/uploads\/2018\/02\/master-chem_final-1.png\",\"contentUrl\":\"https:\/\/masterchem.ee\/wp-content\/uploads\/2018\/02\/master-chem_final-1.png\",\"width\":850,\"height\":356,\"caption\":\"Masterchem\"},\"image\":{\"@id\":\"https:\/\/masterchem.ee\/fi\/#\/schema\/logo\/image\/\"}}]}<\/script>\n<!-- \/ Yoast SEO plugin. -->","yoast_head_json":{"title":"Ohenne BC06-3019 - Chemistry For Industry - Solvents &amp; Chemicals - Masterchem.ee","description":"Liuotin BC06-3019 - jarrujen puhdistusaine, joka poistaa tehokkaasti lian. Eritt\u00e4in nopeasti haihtuva puhdistusaine, joka poistaa pienimm\u00e4t \u00f6ljypartikkelit pinnalta.","robots":{"index":"index","follow":"follow","max-snippet":"max-snippet:-1","max-image-preview":"max-image-preview:large","max-video-preview":"max-video-preview:-1"},"canonical":"https:\/\/masterchem.ee\/fi\/tooted-ja-teenused\/ohenne-bc06-3019\/","twitter_card":"summary_large_image","twitter_title":"Ohenne BC06-3019 - Chemistry For Industry - Solvents &amp; Chemicals - Masterchem.ee","twitter_description":"Liuotin BC06-3019 - jarrujen puhdistusaine, joka poistaa tehokkaasti lian. Eritt\u00e4in nopeasti haihtuva puhdistusaine, joka poistaa pienimm\u00e4t \u00f6ljypartikkelit pinnalta.","twitter_image":"https:\/\/masterchem.ee\/wp-content\/uploads\/2021\/07\/Lahusti-BC06-3019-1000l-MaterChem.jpg","twitter_misc":{"Arvioitu lukuaika":"1 minuutti"},"schema":{"@context":"https:\/\/schema.org","@graph":[{"@type":"WebPage","@id":"https:\/\/masterchem.ee\/fi\/tooted-ja-teenused\/ohenne-bc06-3019\/","url":"https:\/\/masterchem.ee\/fi\/tooted-ja-teenused\/ohenne-bc06-3019\/","name":"Ohenne BC06-3019 - Chemistry For Industry - Solvents &amp; Chemicals - Masterchem.ee","isPartOf":{"@id":"https:\/\/masterchem.ee\/fi\/#website"},"primaryImageOfPage":{"@id":"https:\/\/masterchem.ee\/fi\/tooted-ja-teenused\/ohenne-bc06-3019\/#primaryimage"},"image":{"@id":"https:\/\/masterchem.ee\/fi\/tooted-ja-teenused\/ohenne-bc06-3019\/#primaryimage"},"thumbnailUrl":"https:\/\/masterchem.ee\/wp-content\/uploads\/2021\/07\/Lahusti-BC06-3019-1000l-MaterChem.jpg","datePublished":"2021-07-12T20:08:00+00:00","dateModified":"2021-07-12T20:24:53+00:00","description":"Liuotin BC06-3019 - jarrujen puhdistusaine, joka poistaa tehokkaasti lian. Eritt\u00e4in nopeasti haihtuva puhdistusaine, joka poistaa pienimm\u00e4t \u00f6ljypartikkelit pinnalta.","breadcrumb":{"@id":"https:\/\/masterchem.ee\/fi\/tooted-ja-teenused\/ohenne-bc06-3019\/#breadcrumb"},"inLanguage":"fi","potentialAction":[{"@type":"ReadAction","target":["https:\/\/masterchem.ee\/fi\/tooted-ja-teenused\/ohenne-bc06-3019\/"]}]},{"@type":"ImageObject","inLanguage":"fi","@id":"https:\/\/masterchem.ee\/fi\/tooted-ja-teenused\/ohenne-bc06-3019\/#primaryimage","url":"https:\/\/masterchem.ee\/wp-content\/uploads\/2021\/07\/Lahusti-BC06-3019-1000l-MaterChem.jpg","contentUrl":"https:\/\/masterchem.ee\/wp-content\/uploads\/2021\/07\/Lahusti-BC06-3019-1000l-MaterChem.jpg","width":1000,"height":1000,"caption":"Ohenne BC06-3019 1000l MaterChem"},{"@type":"BreadcrumbList","@id":"https:\/\/masterchem.ee\/fi\/tooted-ja-teenused\/ohenne-bc06-3019\/#breadcrumb","itemListElement":[{"@type":"ListItem","position":1,"name":"Home","item":"https:\/\/masterchem.ee\/fi\/"},{"@type":"ListItem","position":2,"name":"Tooted ja teenused","item":"https:\/\/masterchem.ee\/tooted-ja-teenused\/"},{"@type":"ListItem","position":3,"name":"Ohenne BC06-3019"}]},{"@type":"WebSite","@id":"https:\/\/masterchem.ee\/fi\/#website","url":"https:\/\/masterchem.ee\/fi\/","name":"Masterchem.ee","description":"Chemistry For Industry - Solvents &amp; Chemicals","publisher":{"@id":"https:\/\/masterchem.ee\/fi\/#organization"},"potentialAction":[{"@type":"SearchAction","target":{"@type":"EntryPoint","urlTemplate":"https:\/\/masterchem.ee\/fi\/?s={search_term_string}"},"query-input":{"@type":"PropertyValueSpecification","valueRequired":true,"valueName":"search_term_string"}}],"inLanguage":"fi"},{"@type":"Organization","@id":"https:\/\/masterchem.ee\/fi\/#organization","name":"Masterchem","url":"https:\/\/masterchem.ee\/fi\/","logo":{"@type":"ImageObject","inLanguage":"fi","@id":"https:\/\/masterchem.ee\/fi\/#\/schema\/logo\/image\/","url":"https:\/\/masterchem.ee\/wp-content\/uploads\/2018\/02\/master-chem_final-1.png","contentUrl":"https:\/\/masterchem.ee\/wp-content\/uploads\/2018\/02\/master-chem_final-1.png","width":850,"height":356,"caption":"Masterchem"},"image":{"@id":"https:\/\/masterchem.ee\/fi\/#\/schema\/logo\/image\/"}}]}},"_links":{"self":[{"href":"https:\/\/masterchem.ee\/fi\/wp-json\/wp\/v2\/product\/12189","targetHints":{"allow":["GET"]}}],"collection":[{"href":"https:\/\/masterchem.ee\/fi\/wp-json\/wp\/v2\/product"}],"about":[{"href":"https:\/\/masterchem.ee\/fi\/wp-json\/wp\/v2\/types\/product"}],"wp:featuredmedia":[{"embeddable":true,"href":"https:\/\/masterchem.ee\/fi\/wp-json\/wp\/v2\/media\/12261"}],"wp:attachment":[{"href":"https:\/\/masterchem.ee\/fi\/wp-json\/wp\/v2\/media?parent=12189"}],"wp:term":[{"taxonomy":"product_brand","embeddable":true,"href":"https:\/\/masterchem.ee\/fi\/wp-json\/wp\/v2\/product_brand?post=12189"},{"taxonomy":"product_cat","embeddable":true,"href":"https:\/\/masterchem.ee\/fi\/wp-json\/wp\/v2\/product_cat?post=12189"},{"taxonomy":"product_tag","embeddable":true,"href":"https:\/\/masterchem.ee\/fi\/wp-json\/wp\/v2\/product_tag?post=12189"}],"curies":[{"name":"wp","href":"https:\/\/api.w.org\/{rel}","templated":true}]}}