{"id":12110,"date":"2021-07-12T09:17:45","date_gmt":"2021-07-12T09:17:47","guid":{"rendered":"https:\/\/masterchem.ee\/?post_type=product&#038;p=12110"},"modified":"2021-07-12T09:46:50","modified_gmt":"2021-07-12T09:46:50","slug":"nestemainen-takka-bioetanoli","status":"publish","type":"product","link":"https:\/\/masterchem.ee\/fi\/tooted-ja-teenused\/nestemainen-takka-bioetanoli\/","title":{"rendered":"Nestem\u00e4inen takka (bioetanoli)"},"content":{"rendered":"<p>Etanoli (etyylialkoholi, metyylikarbinooli, vinyylialkoholi tai alkanoli, usein puhekielisesti yksinkertaisesti &#8221;alkoholi&#8221;) on monohydroksialkoholi, jolla on kaava C2H5OH (empiirinen kaava C2H6O), rationaalinen kaava on CH3-CH2-OH, yhden ja saman etanolin lyhenne on toinen standardiolosuhteissa haihtuva, palava, v\u00e4rit\u00f6n l\u00e4pin\u00e4kyv\u00e4 neste. Tarjoamme vain denaturoitua alkoholia.<br \/>\nCAS-numero 64-17-5<br \/>\nEY-numero 200-578-6<br \/>\nSovellus ja k\u00e4ytt\u00f6:<br \/>\nEtyylialkoholia k\u00e4ytet\u00e4\u00e4n:<br \/>\n&#8211; Apteekki ulkoisena antiseptisena aineena k\u00e4sien ja kirurgisten instrumenttien desinfiointiin<br \/>\n&#8211; kosmetiikan valmistuksessa k\u00e4ytett\u00e4v\u00e4t hajusteet, jotka ovat p\u00e4\u00e4osa aerosoleista, hajusteista, k\u00f6lneist\u00e4, ja my\u00f6s osa kosmetiikkaa, kuten shampoot, suihkugeelit, hammastahnat<br \/>\n&#8211; Autokorjaamoissa t\u00e4t\u00e4 nestett\u00e4 k\u00e4ytet\u00e4\u00e4n metallipinnan rasvanpoistoon, korin maalaamiseen, aggregaattien puhdistamiseen (etyylialkoholi EA8099)<br \/>\n&#8211; kotitalousk\u00e4ytt\u00f6\u00f6n rasvan ja \u00f6ljyjen pinnan puhdistaminen on tilan l\u00e4mmitys, ruoanlaitto, pesuaine ja k\u00e4sinpesuaine (esimerkiksi etyylialkoholi EA8099).<br \/>\n&#8211; c, j\u00e4\u00e4tym\u00e4t\u00f6nt\u00e4 nestett\u00e4 maasilmukoiden l\u00e4mmitysj\u00e4rjestelmiss\u00e4, olemme esitt\u00e4neet tuotteita, joilla on erilaiset j\u00e4\u00e4tymisl\u00e4mp\u00f6tilat ja erilaiset pakkaukset<br \/>\n&#8211; kemianteollisuus on liuotin, sit\u00e4 k\u00e4ytet\u00e4\u00e4n raaka-aineena tiettyjen kemikaalien tuotantoon, autojen lasinpesuaineen valmistuksen komponentiksi (meill\u00e4 on tuotteita, joilla on erilaiset j\u00e4\u00e4tymisl\u00e4mp\u00f6tilat ja erilaiset pakkaukset).<br \/>\n&#8211; painotalossa liuottimena pesulaitteille. Tarjoamme sek\u00e4 puhdasta tuotetta (etyylialkoholi EA8099) ett\u00e4 seosta, jossa 90% etanolia ja 10% etyyliasetaattia on liuotintuote EE-9010.<br \/>\n&#8211; maali- ja lakkateollisuudessa k\u00e4ytet\u00e4\u00e4n tahrojen, v\u00e4riaineiden tuotantoon,<br \/>\nhuuhtelulaitteiden liuottimet.<br \/>\n&#8211; lasiteollisuudessa pintojen rasvanpoistoon<br \/>\n&#8211; nahkateollisuudessa t\u00e4m\u00e4 on olennainen osa nahan parkitsemista<br \/>\n&#8211; elektroniikassa: mikropiirien valmistuksessa tarvittavana aineena laitteiden kunnossapidossa (esimerkiksi niiden puhdistamiseksi)<\/p>\n","protected":false},"excerpt":{"rendered":"<p> &#8211; Turvallisin nestem\u00e4inen polttoaine sis\u00e4tiloissa toimivaan bioetanolin ilmanvaihtotakkaan. Erityisesti sis\u00e4k\u00e4ytt\u00f6\u00f6n, mutta loistava my\u00f6s ulkona <\/p>\n<p>&#8211;  Ei vaarallisia h\u00f6yryj\u00e4 tai myrkkyj\u00e4 &#8211; puhdasta bioetanoli-polttoainetta <\/p>\n<p>&#8211;  Puhdista palava, ei nokea tai tuhkaa <\/p>\n<p>&#8211;  Palamisaika jopa 5 tuntia, riippuen takan mallista ja polttimen rakenteesta. <\/p>\n","protected":false},"featured_media":12142,"template":"","meta":[],"product_brand":[],"product_cat":[180,117,114],"product_tag":[],"class_list":{"0":"post-12110","1":"product","2":"type-product","3":"status-publish","4":"has-post-thumbnail","6":"product_cat-uncategorized-fi-2","7":"product_cat-kotitalouskemikaalit","8":"product_cat-rakennusteollisuus","9":"pif-has-gallery","11":"first","12":"instock","13":"taxable","14":"shipping-taxable","15":"purchasable","16":"product-type-variable","17":"has-default-attributes"},"yoast_head":"<!-- This site is optimized with the Yoast SEO plugin v26.2 - https:\/\/yoast.com\/wordpress\/plugins\/seo\/ -->\n<title>Nestem\u00e4inen takka (bioetanoli) - Chemistry For Industry - Solvents &amp; Chemicals - Masterchem.ee<\/title>\n<meta name=\"description\" content=\"Turvallisin nestem\u00e4inen polttoaine sis\u00e4tiloissa olevaan ilman etanolia sis\u00e4lt\u00e4v\u00e4\u00e4n ilmanvaihtoon. Erityisesti sis\u00e4k\u00e4ytt\u00f6\u00f6n, mutta loistava my\u00f6s ulkona. Puhdista palava, ei nokea tai tuhkaa.\" \/>\n<meta name=\"robots\" content=\"index, follow, max-snippet:-1, max-image-preview:large, max-video-preview:-1\" \/>\n<link rel=\"canonical\" href=\"https:\/\/masterchem.ee\/fi\/tooted-ja-teenused\/nestemainen-takka-bioetanoli\/\" \/>\n<meta name=\"twitter:card\" content=\"summary_large_image\" \/>\n<meta name=\"twitter:title\" content=\"Nestem\u00e4inen takka (bioetanoli) - Chemistry For Industry - Solvents &amp; Chemicals - Masterchem.ee\" \/>\n<meta name=\"twitter:description\" content=\"Turvallisin nestem\u00e4inen polttoaine sis\u00e4tiloissa olevaan ilman etanolia sis\u00e4lt\u00e4v\u00e4\u00e4n ilmanvaihtoon. Erityisesti sis\u00e4k\u00e4ytt\u00f6\u00f6n, mutta loistava my\u00f6s ulkona. Puhdista palava, ei nokea tai tuhkaa.\" \/>\n<meta name=\"twitter:image\" content=\"https:\/\/masterchem.ee\/wp-content\/uploads\/2021\/07\/Poletusvedelik-kaminatele-bioetanool-1000l-MasterChem.jpg\" \/>\n<meta name=\"twitter:label1\" content=\"Arvioitu lukuaika\" \/>\n\t<meta name=\"twitter:data1\" content=\"1 minuutti\" \/>\n<script type=\"application\/ld+json\" class=\"yoast-schema-graph\">{\"@context\":\"https:\/\/schema.org\",\"@graph\":[{\"@type\":\"WebPage\",\"@id\":\"https:\/\/masterchem.ee\/fi\/tooted-ja-teenused\/nestemainen-takka-bioetanoli\/\",\"url\":\"https:\/\/masterchem.ee\/fi\/tooted-ja-teenused\/nestemainen-takka-bioetanoli\/\",\"name\":\"Nestem\u00e4inen takka (bioetanoli) - Chemistry For Industry - Solvents &amp; Chemicals - Masterchem.ee\",\"isPartOf\":{\"@id\":\"https:\/\/masterchem.ee\/fi\/#website\"},\"primaryImageOfPage\":{\"@id\":\"https:\/\/masterchem.ee\/fi\/tooted-ja-teenused\/nestemainen-takka-bioetanoli\/#primaryimage\"},\"image\":{\"@id\":\"https:\/\/masterchem.ee\/fi\/tooted-ja-teenused\/nestemainen-takka-bioetanoli\/#primaryimage\"},\"thumbnailUrl\":\"https:\/\/masterchem.ee\/wp-content\/uploads\/2021\/07\/Poletusvedelik-kaminatele-bioetanool-1000l-MasterChem.jpg\",\"datePublished\":\"2021-07-12T09:17:47+00:00\",\"dateModified\":\"2021-07-12T09:46:50+00:00\",\"description\":\"Turvallisin nestem\u00e4inen polttoaine sis\u00e4tiloissa olevaan ilman etanolia sis\u00e4lt\u00e4v\u00e4\u00e4n ilmanvaihtoon. Erityisesti sis\u00e4k\u00e4ytt\u00f6\u00f6n, mutta loistava my\u00f6s ulkona. Puhdista palava, ei nokea tai tuhkaa.\",\"breadcrumb\":{\"@id\":\"https:\/\/masterchem.ee\/fi\/tooted-ja-teenused\/nestemainen-takka-bioetanoli\/#breadcrumb\"},\"inLanguage\":\"fi\",\"potentialAction\":[{\"@type\":\"ReadAction\",\"target\":[\"https:\/\/masterchem.ee\/fi\/tooted-ja-teenused\/nestemainen-takka-bioetanoli\/\"]}]},{\"@type\":\"ImageObject\",\"inLanguage\":\"fi\",\"@id\":\"https:\/\/masterchem.ee\/fi\/tooted-ja-teenused\/nestemainen-takka-bioetanoli\/#primaryimage\",\"url\":\"https:\/\/masterchem.ee\/wp-content\/uploads\/2021\/07\/Poletusvedelik-kaminatele-bioetanool-1000l-MasterChem.jpg\",\"contentUrl\":\"https:\/\/masterchem.ee\/wp-content\/uploads\/2021\/07\/Poletusvedelik-kaminatele-bioetanool-1000l-MasterChem.jpg\",\"width\":1000,\"height\":1000,\"caption\":\"Nestem\u00e4inen takka (bioetanoli) 1000l MaterChem\"},{\"@type\":\"BreadcrumbList\",\"@id\":\"https:\/\/masterchem.ee\/fi\/tooted-ja-teenused\/nestemainen-takka-bioetanoli\/#breadcrumb\",\"itemListElement\":[{\"@type\":\"ListItem\",\"position\":1,\"name\":\"Home\",\"item\":\"https:\/\/masterchem.ee\/fi\/\"},{\"@type\":\"ListItem\",\"position\":2,\"name\":\"Tooted ja teenused\",\"item\":\"https:\/\/masterchem.ee\/tooted-ja-teenused\/\"},{\"@type\":\"ListItem\",\"position\":3,\"name\":\"Nestem\u00e4inen takka (bioetanoli)\"}]},{\"@type\":\"WebSite\",\"@id\":\"https:\/\/masterchem.ee\/fi\/#website\",\"url\":\"https:\/\/masterchem.ee\/fi\/\",\"name\":\"Masterchem.ee\",\"description\":\"Chemistry For Industry - Solvents &amp; Chemicals\",\"publisher\":{\"@id\":\"https:\/\/masterchem.ee\/fi\/#organization\"},\"potentialAction\":[{\"@type\":\"SearchAction\",\"target\":{\"@type\":\"EntryPoint\",\"urlTemplate\":\"https:\/\/masterchem.ee\/fi\/?s={search_term_string}\"},\"query-input\":{\"@type\":\"PropertyValueSpecification\",\"valueRequired\":true,\"valueName\":\"search_term_string\"}}],\"inLanguage\":\"fi\"},{\"@type\":\"Organization\",\"@id\":\"https:\/\/masterchem.ee\/fi\/#organization\",\"name\":\"Masterchem\",\"url\":\"https:\/\/masterchem.ee\/fi\/\",\"logo\":{\"@type\":\"ImageObject\",\"inLanguage\":\"fi\",\"@id\":\"https:\/\/masterchem.ee\/fi\/#\/schema\/logo\/image\/\",\"url\":\"https:\/\/masterchem.ee\/wp-content\/uploads\/2018\/02\/master-chem_final-1.png\",\"contentUrl\":\"https:\/\/masterchem.ee\/wp-content\/uploads\/2018\/02\/master-chem_final-1.png\",\"width\":850,\"height\":356,\"caption\":\"Masterchem\"},\"image\":{\"@id\":\"https:\/\/masterchem.ee\/fi\/#\/schema\/logo\/image\/\"}}]}<\/script>\n<!-- \/ Yoast SEO plugin. -->","yoast_head_json":{"title":"Nestem\u00e4inen takka (bioetanoli) - Chemistry For Industry - Solvents &amp; Chemicals - Masterchem.ee","description":"Turvallisin nestem\u00e4inen polttoaine sis\u00e4tiloissa olevaan ilman etanolia sis\u00e4lt\u00e4v\u00e4\u00e4n ilmanvaihtoon. Erityisesti sis\u00e4k\u00e4ytt\u00f6\u00f6n, mutta loistava my\u00f6s ulkona. Puhdista palava, ei nokea tai tuhkaa.","robots":{"index":"index","follow":"follow","max-snippet":"max-snippet:-1","max-image-preview":"max-image-preview:large","max-video-preview":"max-video-preview:-1"},"canonical":"https:\/\/masterchem.ee\/fi\/tooted-ja-teenused\/nestemainen-takka-bioetanoli\/","twitter_card":"summary_large_image","twitter_title":"Nestem\u00e4inen takka (bioetanoli) - Chemistry For Industry - Solvents &amp; Chemicals - Masterchem.ee","twitter_description":"Turvallisin nestem\u00e4inen polttoaine sis\u00e4tiloissa olevaan ilman etanolia sis\u00e4lt\u00e4v\u00e4\u00e4n ilmanvaihtoon. Erityisesti sis\u00e4k\u00e4ytt\u00f6\u00f6n, mutta loistava my\u00f6s ulkona. Puhdista palava, ei nokea tai tuhkaa.","twitter_image":"https:\/\/masterchem.ee\/wp-content\/uploads\/2021\/07\/Poletusvedelik-kaminatele-bioetanool-1000l-MasterChem.jpg","twitter_misc":{"Arvioitu lukuaika":"1 minuutti"},"schema":{"@context":"https:\/\/schema.org","@graph":[{"@type":"WebPage","@id":"https:\/\/masterchem.ee\/fi\/tooted-ja-teenused\/nestemainen-takka-bioetanoli\/","url":"https:\/\/masterchem.ee\/fi\/tooted-ja-teenused\/nestemainen-takka-bioetanoli\/","name":"Nestem\u00e4inen takka (bioetanoli) - Chemistry For Industry - Solvents &amp; Chemicals - Masterchem.ee","isPartOf":{"@id":"https:\/\/masterchem.ee\/fi\/#website"},"primaryImageOfPage":{"@id":"https:\/\/masterchem.ee\/fi\/tooted-ja-teenused\/nestemainen-takka-bioetanoli\/#primaryimage"},"image":{"@id":"https:\/\/masterchem.ee\/fi\/tooted-ja-teenused\/nestemainen-takka-bioetanoli\/#primaryimage"},"thumbnailUrl":"https:\/\/masterchem.ee\/wp-content\/uploads\/2021\/07\/Poletusvedelik-kaminatele-bioetanool-1000l-MasterChem.jpg","datePublished":"2021-07-12T09:17:47+00:00","dateModified":"2021-07-12T09:46:50+00:00","description":"Turvallisin nestem\u00e4inen polttoaine sis\u00e4tiloissa olevaan ilman etanolia sis\u00e4lt\u00e4v\u00e4\u00e4n ilmanvaihtoon. Erityisesti sis\u00e4k\u00e4ytt\u00f6\u00f6n, mutta loistava my\u00f6s ulkona. Puhdista palava, ei nokea tai tuhkaa.","breadcrumb":{"@id":"https:\/\/masterchem.ee\/fi\/tooted-ja-teenused\/nestemainen-takka-bioetanoli\/#breadcrumb"},"inLanguage":"fi","potentialAction":[{"@type":"ReadAction","target":["https:\/\/masterchem.ee\/fi\/tooted-ja-teenused\/nestemainen-takka-bioetanoli\/"]}]},{"@type":"ImageObject","inLanguage":"fi","@id":"https:\/\/masterchem.ee\/fi\/tooted-ja-teenused\/nestemainen-takka-bioetanoli\/#primaryimage","url":"https:\/\/masterchem.ee\/wp-content\/uploads\/2021\/07\/Poletusvedelik-kaminatele-bioetanool-1000l-MasterChem.jpg","contentUrl":"https:\/\/masterchem.ee\/wp-content\/uploads\/2021\/07\/Poletusvedelik-kaminatele-bioetanool-1000l-MasterChem.jpg","width":1000,"height":1000,"caption":"Nestem\u00e4inen takka (bioetanoli) 1000l MaterChem"},{"@type":"BreadcrumbList","@id":"https:\/\/masterchem.ee\/fi\/tooted-ja-teenused\/nestemainen-takka-bioetanoli\/#breadcrumb","itemListElement":[{"@type":"ListItem","position":1,"name":"Home","item":"https:\/\/masterchem.ee\/fi\/"},{"@type":"ListItem","position":2,"name":"Tooted ja teenused","item":"https:\/\/masterchem.ee\/tooted-ja-teenused\/"},{"@type":"ListItem","position":3,"name":"Nestem\u00e4inen takka (bioetanoli)"}]},{"@type":"WebSite","@id":"https:\/\/masterchem.ee\/fi\/#website","url":"https:\/\/masterchem.ee\/fi\/","name":"Masterchem.ee","description":"Chemistry For Industry - Solvents &amp; Chemicals","publisher":{"@id":"https:\/\/masterchem.ee\/fi\/#organization"},"potentialAction":[{"@type":"SearchAction","target":{"@type":"EntryPoint","urlTemplate":"https:\/\/masterchem.ee\/fi\/?s={search_term_string}"},"query-input":{"@type":"PropertyValueSpecification","valueRequired":true,"valueName":"search_term_string"}}],"inLanguage":"fi"},{"@type":"Organization","@id":"https:\/\/masterchem.ee\/fi\/#organization","name":"Masterchem","url":"https:\/\/masterchem.ee\/fi\/","logo":{"@type":"ImageObject","inLanguage":"fi","@id":"https:\/\/masterchem.ee\/fi\/#\/schema\/logo\/image\/","url":"https:\/\/masterchem.ee\/wp-content\/uploads\/2018\/02\/master-chem_final-1.png","contentUrl":"https:\/\/masterchem.ee\/wp-content\/uploads\/2018\/02\/master-chem_final-1.png","width":850,"height":356,"caption":"Masterchem"},"image":{"@id":"https:\/\/masterchem.ee\/fi\/#\/schema\/logo\/image\/"}}]}},"_links":{"self":[{"href":"https:\/\/masterchem.ee\/fi\/wp-json\/wp\/v2\/product\/12110","targetHints":{"allow":["GET"]}}],"collection":[{"href":"https:\/\/masterchem.ee\/fi\/wp-json\/wp\/v2\/product"}],"about":[{"href":"https:\/\/masterchem.ee\/fi\/wp-json\/wp\/v2\/types\/product"}],"wp:featuredmedia":[{"embeddable":true,"href":"https:\/\/masterchem.ee\/fi\/wp-json\/wp\/v2\/media\/12142"}],"wp:attachment":[{"href":"https:\/\/masterchem.ee\/fi\/wp-json\/wp\/v2\/media?parent=12110"}],"wp:term":[{"taxonomy":"product_brand","embeddable":true,"href":"https:\/\/masterchem.ee\/fi\/wp-json\/wp\/v2\/product_brand?post=12110"},{"taxonomy":"product_cat","embeddable":true,"href":"https:\/\/masterchem.ee\/fi\/wp-json\/wp\/v2\/product_cat?post=12110"},{"taxonomy":"product_tag","embeddable":true,"href":"https:\/\/masterchem.ee\/fi\/wp-json\/wp\/v2\/product_tag?post=12110"}],"curies":[{"name":"wp","href":"https:\/\/api.w.org\/{rel}","templated":true}]}}