{"id":11114,"date":"2021-03-24T19:45:24","date_gmt":"2021-03-24T19:45:27","guid":{"rendered":"https:\/\/masterchem.ee\/?post_type=product&#038;p=11114"},"modified":"2024-11-20T10:09:19","modified_gmt":"2024-11-20T10:09:19","slug":"typpihappo-56-58-cas-7697-37-2","status":"publish","type":"product","link":"https:\/\/masterchem.ee\/fi\/tooted-ja-teenused\/typpihappo-56-58-cas-7697-37-2\/","title":{"rendered":"Typpihappo 56-58% (CAS 7697-37-2)"},"content":{"rendered":"<p><strong> Fysikaaliset ja kemialliset ominaisuudet <\/strong><\/p>\n<p>Kaupallisesti saatavissa oleva typpihappo on atseotrooppi, jossa on vett\u00e4 pitoisuutena 68% HNO3. T\u00e4m\u00e4n liuoksen kiehumisl\u00e4mp\u00f6tila on 120,5 \u00b0 C 1 atm. Se tunnetaan nimell\u00e4 &#8221;v\u00e4kev\u00e4 typpihappo&#8221;. Puhdas v\u00e4kev\u00e4 typpihappo on v\u00e4rit\u00f6n neste huoneenl\u00e4mp\u00f6tilassa.<\/p>\n<p>Tunnetaan kaksi kiinte\u00e4\u00e4 hydraattia: monohydraatti (HN03 \u00b7 H2O tai [H3O] NO3) ja trihydraatti (HNO3 \u00b7 3H2O).<\/p>\n<p>Vanhempi tiheysasteikko on joskus havaittavissa v\u00e4kev\u00e4ll\u00e4 typpihapolla, joka on m\u00e4\u00e4ritelty 42 \u00b0 Baum\u00e9.<\/p>\n<p><strong> K\u00e4yt\u00e4 hapettimena <\/strong><br \/>\nNailonin esiaste, adipiinihappo, tuotetaan laajamittaisesti hapettamalla &#8221;KA-\u00f6ljy&#8221; &#8211; sykloheksanonin ja sykloheksanolin seos &#8211; typpihapolla.<\/p>\n<p><strong> Metallinjalostus <\/strong><br \/>\nTyppihappoa voidaan k\u00e4ytt\u00e4\u00e4 metallien muuntamiseen hapettuneiksi muodoiksi, kuten muuntaa kuparimetalli kupari-nitraatiksi. Sit\u00e4 voidaan k\u00e4ytt\u00e4\u00e4 my\u00f6s yhdess\u00e4 kloorivetyhapon kanssa vesiregiona jalometallien, kuten kulta (kloorihappo) liuottamiseksi. N\u00e4it\u00e4 suoloja voidaan k\u00e4ytt\u00e4\u00e4 kullan ja muiden metallien puhdistamiseen yli 99,9%: n puhtaudesta uudelleenkiteytt\u00e4mismenetelmill\u00e4 ja selektiivisell\u00e4 saostuksella.<\/p>\n<p><strong> Analyyttinen reagenssi <\/strong><br \/>\nICP-MS: n, ICP-AES: n, GFAA: n ja Flame AA: n alkuaineanalyysiss\u00e4 laimennettua typpihappoa (0,5\u20135,0%) k\u00e4ytet\u00e4\u00e4n matriisiyhdisteen\u00e4 metallij\u00e4\u00e4mien liukenemisten m\u00e4\u00e4ritt\u00e4miseksi. T\u00e4llaiseen m\u00e4\u00e4ritykseen tarvitaan eritt\u00e4in puhdasta hivenainehappoa, koska pienet m\u00e4\u00e4r\u00e4t metalli-ioneja voivat vaikuttaa analyysin tulokseen.<\/p>\n<p>Sit\u00e4 k\u00e4ytet\u00e4\u00e4n tyypillisesti my\u00f6s sameiden vesin\u00e4ytteiden, lieten\u00e4ytteiden, kiinteiden n\u00e4ytteiden sek\u00e4 muun tyyppisten ainutlaatuisten n\u00e4ytteiden pilkkomisprosessissa, jotka edellytt\u00e4v\u00e4t alkuaineanalyysi\u00e4 ICP-MS: n, ICP-OES: n, ICP-AES: n, GFAA: n ja liekin atomiabsorptiospektroskopian avulla. . Tyypillisesti n\u00e4m\u00e4 pilkkomiset k\u00e4ytt\u00e4v\u00e4t ostetun HNO: n 50-prosenttista liuosta<br \/>\n3 sekoitettuna tyypin 1 DI-veteen.<\/p>\n<p>Elektrokemiassa typpihappoa k\u00e4ytet\u00e4\u00e4n kemiallisena seostusaineena orgaanisille puolijohteille ja raakahiilen nanoputkien puhdistusprosesseissa.<\/p>\n<p><strong> Puunty\u00f6st\u00f6 <\/strong><br \/>\nPienin\u00e4 pitoisuuksina (noin 10%) typpihappoa k\u00e4ytet\u00e4\u00e4n usein m\u00e4nnyn ja vaahteran keinotekoiseen vanhentamiseen. Tuotettu v\u00e4ri on harmaa-kulta, aivan kuten hyvin vanha vahalla tai \u00f6ljyll\u00e4 viimeistelty puu (puun viimeistely).<\/p>\n<p><strong> Etsaus ja puhdistusaine <\/strong><br \/>\nTyppihapon sy\u00f6vytt\u00e4vi\u00e4 vaikutuksia hy\u00f6dynnet\u00e4\u00e4n joissakin erikoissovelluksissa, kuten sy\u00f6vytys painotalossa, ruostumattoman ter\u00e4ksen peittaus tai piikiekkojen puhdistus elektroniikassa.<\/p>\n<p>Typpihapon, veden ja alkoholin Nital-liuosta k\u00e4ytet\u00e4\u00e4n metallien sy\u00f6vytt\u00e4miseen mikrorakenteen paljastamiseksi. ISO 14104 on yksi standardeista, jotka kuvaavat t\u00e4t\u00e4 tunnettua menettelytapaa.<\/p>\n<p>Typpihappoa k\u00e4ytet\u00e4\u00e4n joko yhdistelm\u00e4n\u00e4 kloorivetyhapon kanssa tai yksin\u00e4\u00e4n lasin peitelasien ja lasilasien puhdistamiseen huippuluokan mikroskooppisovelluksia varten. Sit\u00e4 k\u00e4ytet\u00e4\u00e4n my\u00f6s lasin puhdistamiseen ennen hopeanv\u00e4rist\u00e4 tekemist\u00e4 hopeapeilej\u00e4.<\/p>\n<p>Kaupallisesti saatavissa olevia vesipitoisia seoksia, joissa on 5\u201330% typpihappoa ja 15\u201340% fosforihappoa, k\u00e4ytet\u00e4\u00e4n yleisesti elintarvike- ja meijerilaitteiden puhdistamiseen ensisijaisesti saostuneiden kalsium- ja magnesiumyhdisteiden poistamiseksi (joko kerrostuneena prosessivirrasta tai kovan veden k\u00e4yt\u00f6st\u00e4) tuotannon ja puhdistuksen aikana). Fosforihappopitoisuus auttaa passivoimaan rautaseoksia laimennetun typpihapon korroosiota vastaan.<br \/>\nTyppihappoa voidaan k\u00e4ytt\u00e4\u00e4 pistekokeena alkaloideille, kuten LSD: lle, mik\u00e4 antaa erilaisia \u200b\u200bv\u00e4rej\u00e4 alkaloidista riippuen.<\/p>\n<p><strong> Turvallisuus <\/strong><br \/>\nTyppihappo on sy\u00f6vytt\u00e4v\u00e4 happo ja voimakas hapetin. Suurin sen aiheuttama vaara on kemialliset palovammat, koska se suorittaa happojen hydrolyysin proteiineilla (amidi) ja rasvoilla (esteri), mik\u00e4 hajottaa el\u00e4v\u00e4\u00e4 kudosta (esim. Iho ja liha). V\u00e4kev\u00e4 typpihappo v\u00e4rj\u00e4\u00e4 ihmisen ihon keltaiseksi, koska se reagoi keratiinin kanssa. N\u00e4m\u00e4 keltaiset tahrat muuttuvat oranseiksi neutraloidessaan. Systeemiset vaikutukset ovat kuitenkin ep\u00e4todenn\u00e4k\u00f6isi\u00e4, eik\u00e4 ainetta pidet\u00e4 karsinogeenina tai mutageenina.<\/p>\n<p>Normaali ensiavun hoito happovuodoille iholle on muiden sy\u00f6vytt\u00e4vien aineiden tapaan kastelu suurilla vesim\u00e4\u00e4rill\u00e4. Pesu jatkuu v\u00e4hint\u00e4\u00e4n 10\u201315 minuuttia happopaloa ymp\u00e4r\u00f6iv\u00e4n kudoksen j\u00e4\u00e4hdytt\u00e4miseksi ja toissijaisten vaurioiden est\u00e4miseksi. Saastuneet vaatteet poistetaan v\u00e4litt\u00f6m\u00e4sti ja iho pest\u00e4\u00e4n perusteellisesti.<\/p>\n<p>Koska typpihappo on vahva hapetin, se voi reagoida voimakkaasti ja hypergolisesti (ts. Itsesyttyvin\u00e4) sellaisten yhdisteiden kanssa kuin syanidit, karbidit tai metallijauheet r\u00e4j\u00e4hdysm\u00e4isesti ja monien orgaanisten yhdisteiden, kuten t\u00e4rp\u00e4tin kanssa. Siksi se tulisi varastoida kaukana em\u00e4ksist\u00e4 ja orgaanisista aineista.<\/p>\n","protected":false},"excerpt":{"rendered":"<p>Puhdas yhdiste on v\u00e4rit\u00f6n, mutta vanhemmat n\u00e4ytteet pyrkiv\u00e4t saamaan keltaisen valun johtuen hajoamisesta typen ja veden oksideiksi. Useimpien kaupallisesti saatavien typpihappojen pitoisuus vedess\u00e4 on 68%. Kun liuos sis\u00e4lt\u00e4\u00e4 yli 86% HNO3: ta, sit\u00e4 kutsutaan savuavaksi typpihapoksi. L\u00e4sn\u00e4 olevan typpidioksidin m\u00e4\u00e4r\u00e4st\u00e4 riippuen savuavalle typpihapolle on lis\u00e4ksi ominaista punainen savuava typpihappo pitoisuuksina yli 86% tai valkoinen savuava typpihappo pitoisuuksina yli 95%.<\/p>\n<p>Typpihappo on ensisijainen reagenssi, jota k\u00e4ytet\u00e4\u00e4n nitrointiin &#8211; nitroryhm\u00e4n lis\u00e4\u00e4minen, tyypillisesti orgaaniseen molekyyliin. Vaikka jotkut tuloksena olevat nitroyhdisteet ovat isku- ja l\u00e4mp\u00f6herkki\u00e4 r\u00e4j\u00e4hteit\u00e4, muutamat ovat riitt\u00e4v\u00e4n stabiileja k\u00e4ytett\u00e4v\u00e4ksi ammuksissa ja purkuissa, kun taas toiset ovat edelleen vakaampia ja niit\u00e4 k\u00e4ytet\u00e4\u00e4n pigmenttein\u00e4 musteissa ja v\u00e4riaineissa. Typpihappoa k\u00e4ytet\u00e4\u00e4n my\u00f6s yleisesti vahvana hapettimena.<\/p>\n<p>CAS: 7697-37-2<\/p>\n<p><a class=\"download-doc-button-danger\" href=\"https:\/\/masterchem.ee\/wp-content\/uploads\/2024\/11\/Nouded-kliendiandmetele-lohkeainete-ostmisel-ee.docx\"><img decoding=\"async\" src=\"https:\/\/masterchem.ee\/wp-content\/uploads\/2024\/11\/doc-icon.png\">N\u00f5uded kliendiandmetele l\u00f5hkeainete ostmisel (doc)<\/a><\/p>\n<p><label class=\"buy-buttton-guard-label\"><input type=\"checkbox\" class=\"buy-buttton-guard\" data-default=\"Pyyd\u00e4 hintaa\" data-notificaion=\"Lomake on t\u00e4ytett\u00e4v\u00e4\"> &#8211; T\u00e4ytin ja l\u00e4hetin lomakkeen osoitteeseen <\/label> <a href=\"mailto:info@masterchem.ee\">info@masterchem.ee<\/a><\/p>\n","protected":false},"featured_media":11219,"template":"","meta":[],"product_brand":[],"product_cat":[180,115,117,120,323,118,153,351,114,122],"product_tag":[],"class_list":{"0":"post-11114","1":"product","2":"type-product","3":"status-publish","4":"has-post-thumbnail","6":"product_cat-uncategorized-fi-2","7":"product_cat-auton-ja-koneiden-kemikaalit","8":"product_cat-kotitalouskemikaalit","9":"product_cat-laaketeollisuus","10":"product_cat-lannoitteet","11":"product_cat-metallikemikaalit","12":"product_cat-puunjalostuskemikaalit","13":"product_cat-puutarhanhoito","14":"product_cat-rakennusteollisuus","15":"product_cat-teollisuuskemikaalit","16":"pif-has-gallery","18":"first","19":"instock","20":"taxable","21":"shipping-taxable","22":"purchasable","23":"product-type-variable","24":"has-default-attributes"},"yoast_head":"<!-- This site is optimized with the Yoast SEO plugin v26.2 - https:\/\/yoast.com\/wordpress\/plugins\/seo\/ -->\n<title>Typpihappo 56-58% (CAS 7697-37-2) - Chemistry For Industry - Solvents &amp; Chemicals - Masterchem.ee<\/title>\n<meta name=\"description\" content=\"Puhdas yhdiste on v\u00e4rit\u00f6n, mutta vanhemmat n\u00e4ytteet pyrkiv\u00e4t saamaan keltaisen valun johtuen hajoamisesta typen ja veden oksideiksi. CAS: 7697-37-2. Useimpien kaupallisesti saatavien typpihappojen pitoisuus vedess\u00e4 on 68%. Kun liuos sis\u00e4lt\u00e4\u00e4 yli 86% HNO3: ta, sit\u00e4 kutsutaan savuavaksi typpihapoksi.\" \/>\n<meta name=\"robots\" content=\"index, follow, max-snippet:-1, max-image-preview:large, max-video-preview:-1\" \/>\n<link rel=\"canonical\" href=\"https:\/\/masterchem.ee\/fi\/tooted-ja-teenused\/typpihappo-56-58-cas-7697-37-2\/\" \/>\n<meta name=\"twitter:card\" content=\"summary_large_image\" \/>\n<meta name=\"twitter:title\" content=\"Typpihappo 56-58% (CAS 7697-37-2) - Chemistry For Industry - Solvents &amp; Chemicals - Masterchem.ee\" \/>\n<meta name=\"twitter:description\" content=\"Puhdas yhdiste on v\u00e4rit\u00f6n, mutta vanhemmat n\u00e4ytteet pyrkiv\u00e4t saamaan keltaisen valun johtuen hajoamisesta typen ja veden oksideiksi. CAS: 7697-37-2. Useimpien kaupallisesti saatavien typpihappojen pitoisuus vedess\u00e4 on 68%. Kun liuos sis\u00e4lt\u00e4\u00e4 yli 86% HNO3: ta, sit\u00e4 kutsutaan savuavaksi typpihapoksi.\" \/>\n<meta name=\"twitter:image\" content=\"https:\/\/masterchem.ee\/wp-content\/uploads\/2021\/03\/LAMMASTIKHAPE-1000l-MasterChem-1.jpg\" \/>\n<meta name=\"twitter:label1\" content=\"Arvioitu lukuaika\" \/>\n\t<meta name=\"twitter:data1\" content=\"3 minuuttia\" \/>\n<script type=\"application\/ld+json\" class=\"yoast-schema-graph\">{\"@context\":\"https:\/\/schema.org\",\"@graph\":[{\"@type\":\"WebPage\",\"@id\":\"https:\/\/masterchem.ee\/fi\/tooted-ja-teenused\/typpihappo-56-58-cas-7697-37-2\/\",\"url\":\"https:\/\/masterchem.ee\/fi\/tooted-ja-teenused\/typpihappo-56-58-cas-7697-37-2\/\",\"name\":\"Typpihappo 56-58% (CAS 7697-37-2) - Chemistry For Industry - Solvents &amp; Chemicals - Masterchem.ee\",\"isPartOf\":{\"@id\":\"https:\/\/masterchem.ee\/fi\/#website\"},\"primaryImageOfPage\":{\"@id\":\"https:\/\/masterchem.ee\/fi\/tooted-ja-teenused\/typpihappo-56-58-cas-7697-37-2\/#primaryimage\"},\"image\":{\"@id\":\"https:\/\/masterchem.ee\/fi\/tooted-ja-teenused\/typpihappo-56-58-cas-7697-37-2\/#primaryimage\"},\"thumbnailUrl\":\"https:\/\/masterchem.ee\/wp-content\/uploads\/2021\/03\/LAMMASTIKHAPE-1000l-MasterChem-1.jpg\",\"datePublished\":\"2021-03-24T19:45:27+00:00\",\"dateModified\":\"2024-11-20T10:09:19+00:00\",\"description\":\"Puhdas yhdiste on v\u00e4rit\u00f6n, mutta vanhemmat n\u00e4ytteet pyrkiv\u00e4t saamaan keltaisen valun johtuen hajoamisesta typen ja veden oksideiksi. CAS: 7697-37-2. Useimpien kaupallisesti saatavien typpihappojen pitoisuus vedess\u00e4 on 68%. Kun liuos sis\u00e4lt\u00e4\u00e4 yli 86% HNO3: ta, sit\u00e4 kutsutaan savuavaksi typpihapoksi.\",\"breadcrumb\":{\"@id\":\"https:\/\/masterchem.ee\/fi\/tooted-ja-teenused\/typpihappo-56-58-cas-7697-37-2\/#breadcrumb\"},\"inLanguage\":\"fi\",\"potentialAction\":[{\"@type\":\"ReadAction\",\"target\":[\"https:\/\/masterchem.ee\/fi\/tooted-ja-teenused\/typpihappo-56-58-cas-7697-37-2\/\"]}]},{\"@type\":\"ImageObject\",\"inLanguage\":\"fi\",\"@id\":\"https:\/\/masterchem.ee\/fi\/tooted-ja-teenused\/typpihappo-56-58-cas-7697-37-2\/#primaryimage\",\"url\":\"https:\/\/masterchem.ee\/wp-content\/uploads\/2021\/03\/LAMMASTIKHAPE-1000l-MasterChem-1.jpg\",\"contentUrl\":\"https:\/\/masterchem.ee\/wp-content\/uploads\/2021\/03\/LAMMASTIKHAPE-1000l-MasterChem-1.jpg\",\"width\":1000,\"height\":1000,\"caption\":\"Typpihappo 56-58% 1000l MaterChem\"},{\"@type\":\"BreadcrumbList\",\"@id\":\"https:\/\/masterchem.ee\/fi\/tooted-ja-teenused\/typpihappo-56-58-cas-7697-37-2\/#breadcrumb\",\"itemListElement\":[{\"@type\":\"ListItem\",\"position\":1,\"name\":\"Home\",\"item\":\"https:\/\/masterchem.ee\/fi\/\"},{\"@type\":\"ListItem\",\"position\":2,\"name\":\"Tooted ja teenused\",\"item\":\"https:\/\/masterchem.ee\/tooted-ja-teenused\/\"},{\"@type\":\"ListItem\",\"position\":3,\"name\":\"Typpihappo 56-58% (CAS 7697-37-2)\"}]},{\"@type\":\"WebSite\",\"@id\":\"https:\/\/masterchem.ee\/fi\/#website\",\"url\":\"https:\/\/masterchem.ee\/fi\/\",\"name\":\"Masterchem.ee\",\"description\":\"Chemistry For Industry - Solvents &amp; Chemicals\",\"publisher\":{\"@id\":\"https:\/\/masterchem.ee\/fi\/#organization\"},\"potentialAction\":[{\"@type\":\"SearchAction\",\"target\":{\"@type\":\"EntryPoint\",\"urlTemplate\":\"https:\/\/masterchem.ee\/fi\/?s={search_term_string}\"},\"query-input\":{\"@type\":\"PropertyValueSpecification\",\"valueRequired\":true,\"valueName\":\"search_term_string\"}}],\"inLanguage\":\"fi\"},{\"@type\":\"Organization\",\"@id\":\"https:\/\/masterchem.ee\/fi\/#organization\",\"name\":\"Masterchem\",\"url\":\"https:\/\/masterchem.ee\/fi\/\",\"logo\":{\"@type\":\"ImageObject\",\"inLanguage\":\"fi\",\"@id\":\"https:\/\/masterchem.ee\/fi\/#\/schema\/logo\/image\/\",\"url\":\"https:\/\/masterchem.ee\/wp-content\/uploads\/2018\/02\/master-chem_final-1.png\",\"contentUrl\":\"https:\/\/masterchem.ee\/wp-content\/uploads\/2018\/02\/master-chem_final-1.png\",\"width\":850,\"height\":356,\"caption\":\"Masterchem\"},\"image\":{\"@id\":\"https:\/\/masterchem.ee\/fi\/#\/schema\/logo\/image\/\"}}]}<\/script>\n<!-- \/ Yoast SEO plugin. -->","yoast_head_json":{"title":"Typpihappo 56-58% (CAS 7697-37-2) - Chemistry For Industry - Solvents &amp; Chemicals - Masterchem.ee","description":"Puhdas yhdiste on v\u00e4rit\u00f6n, mutta vanhemmat n\u00e4ytteet pyrkiv\u00e4t saamaan keltaisen valun johtuen hajoamisesta typen ja veden oksideiksi. CAS: 7697-37-2. Useimpien kaupallisesti saatavien typpihappojen pitoisuus vedess\u00e4 on 68%. Kun liuos sis\u00e4lt\u00e4\u00e4 yli 86% HNO3: ta, sit\u00e4 kutsutaan savuavaksi typpihapoksi.","robots":{"index":"index","follow":"follow","max-snippet":"max-snippet:-1","max-image-preview":"max-image-preview:large","max-video-preview":"max-video-preview:-1"},"canonical":"https:\/\/masterchem.ee\/fi\/tooted-ja-teenused\/typpihappo-56-58-cas-7697-37-2\/","twitter_card":"summary_large_image","twitter_title":"Typpihappo 56-58% (CAS 7697-37-2) - Chemistry For Industry - Solvents &amp; Chemicals - Masterchem.ee","twitter_description":"Puhdas yhdiste on v\u00e4rit\u00f6n, mutta vanhemmat n\u00e4ytteet pyrkiv\u00e4t saamaan keltaisen valun johtuen hajoamisesta typen ja veden oksideiksi. CAS: 7697-37-2. Useimpien kaupallisesti saatavien typpihappojen pitoisuus vedess\u00e4 on 68%. Kun liuos sis\u00e4lt\u00e4\u00e4 yli 86% HNO3: ta, sit\u00e4 kutsutaan savuavaksi typpihapoksi.","twitter_image":"https:\/\/masterchem.ee\/wp-content\/uploads\/2021\/03\/LAMMASTIKHAPE-1000l-MasterChem-1.jpg","twitter_misc":{"Arvioitu lukuaika":"3 minuuttia"},"schema":{"@context":"https:\/\/schema.org","@graph":[{"@type":"WebPage","@id":"https:\/\/masterchem.ee\/fi\/tooted-ja-teenused\/typpihappo-56-58-cas-7697-37-2\/","url":"https:\/\/masterchem.ee\/fi\/tooted-ja-teenused\/typpihappo-56-58-cas-7697-37-2\/","name":"Typpihappo 56-58% (CAS 7697-37-2) - Chemistry For Industry - Solvents &amp; Chemicals - Masterchem.ee","isPartOf":{"@id":"https:\/\/masterchem.ee\/fi\/#website"},"primaryImageOfPage":{"@id":"https:\/\/masterchem.ee\/fi\/tooted-ja-teenused\/typpihappo-56-58-cas-7697-37-2\/#primaryimage"},"image":{"@id":"https:\/\/masterchem.ee\/fi\/tooted-ja-teenused\/typpihappo-56-58-cas-7697-37-2\/#primaryimage"},"thumbnailUrl":"https:\/\/masterchem.ee\/wp-content\/uploads\/2021\/03\/LAMMASTIKHAPE-1000l-MasterChem-1.jpg","datePublished":"2021-03-24T19:45:27+00:00","dateModified":"2024-11-20T10:09:19+00:00","description":"Puhdas yhdiste on v\u00e4rit\u00f6n, mutta vanhemmat n\u00e4ytteet pyrkiv\u00e4t saamaan keltaisen valun johtuen hajoamisesta typen ja veden oksideiksi. CAS: 7697-37-2. Useimpien kaupallisesti saatavien typpihappojen pitoisuus vedess\u00e4 on 68%. Kun liuos sis\u00e4lt\u00e4\u00e4 yli 86% HNO3: ta, sit\u00e4 kutsutaan savuavaksi typpihapoksi.","breadcrumb":{"@id":"https:\/\/masterchem.ee\/fi\/tooted-ja-teenused\/typpihappo-56-58-cas-7697-37-2\/#breadcrumb"},"inLanguage":"fi","potentialAction":[{"@type":"ReadAction","target":["https:\/\/masterchem.ee\/fi\/tooted-ja-teenused\/typpihappo-56-58-cas-7697-37-2\/"]}]},{"@type":"ImageObject","inLanguage":"fi","@id":"https:\/\/masterchem.ee\/fi\/tooted-ja-teenused\/typpihappo-56-58-cas-7697-37-2\/#primaryimage","url":"https:\/\/masterchem.ee\/wp-content\/uploads\/2021\/03\/LAMMASTIKHAPE-1000l-MasterChem-1.jpg","contentUrl":"https:\/\/masterchem.ee\/wp-content\/uploads\/2021\/03\/LAMMASTIKHAPE-1000l-MasterChem-1.jpg","width":1000,"height":1000,"caption":"Typpihappo 56-58% 1000l MaterChem"},{"@type":"BreadcrumbList","@id":"https:\/\/masterchem.ee\/fi\/tooted-ja-teenused\/typpihappo-56-58-cas-7697-37-2\/#breadcrumb","itemListElement":[{"@type":"ListItem","position":1,"name":"Home","item":"https:\/\/masterchem.ee\/fi\/"},{"@type":"ListItem","position":2,"name":"Tooted ja teenused","item":"https:\/\/masterchem.ee\/tooted-ja-teenused\/"},{"@type":"ListItem","position":3,"name":"Typpihappo 56-58% (CAS 7697-37-2)"}]},{"@type":"WebSite","@id":"https:\/\/masterchem.ee\/fi\/#website","url":"https:\/\/masterchem.ee\/fi\/","name":"Masterchem.ee","description":"Chemistry For Industry - Solvents &amp; Chemicals","publisher":{"@id":"https:\/\/masterchem.ee\/fi\/#organization"},"potentialAction":[{"@type":"SearchAction","target":{"@type":"EntryPoint","urlTemplate":"https:\/\/masterchem.ee\/fi\/?s={search_term_string}"},"query-input":{"@type":"PropertyValueSpecification","valueRequired":true,"valueName":"search_term_string"}}],"inLanguage":"fi"},{"@type":"Organization","@id":"https:\/\/masterchem.ee\/fi\/#organization","name":"Masterchem","url":"https:\/\/masterchem.ee\/fi\/","logo":{"@type":"ImageObject","inLanguage":"fi","@id":"https:\/\/masterchem.ee\/fi\/#\/schema\/logo\/image\/","url":"https:\/\/masterchem.ee\/wp-content\/uploads\/2018\/02\/master-chem_final-1.png","contentUrl":"https:\/\/masterchem.ee\/wp-content\/uploads\/2018\/02\/master-chem_final-1.png","width":850,"height":356,"caption":"Masterchem"},"image":{"@id":"https:\/\/masterchem.ee\/fi\/#\/schema\/logo\/image\/"}}]}},"_links":{"self":[{"href":"https:\/\/masterchem.ee\/fi\/wp-json\/wp\/v2\/product\/11114","targetHints":{"allow":["GET"]}}],"collection":[{"href":"https:\/\/masterchem.ee\/fi\/wp-json\/wp\/v2\/product"}],"about":[{"href":"https:\/\/masterchem.ee\/fi\/wp-json\/wp\/v2\/types\/product"}],"wp:featuredmedia":[{"embeddable":true,"href":"https:\/\/masterchem.ee\/fi\/wp-json\/wp\/v2\/media\/11219"}],"wp:attachment":[{"href":"https:\/\/masterchem.ee\/fi\/wp-json\/wp\/v2\/media?parent=11114"}],"wp:term":[{"taxonomy":"product_brand","embeddable":true,"href":"https:\/\/masterchem.ee\/fi\/wp-json\/wp\/v2\/product_brand?post=11114"},{"taxonomy":"product_cat","embeddable":true,"href":"https:\/\/masterchem.ee\/fi\/wp-json\/wp\/v2\/product_cat?post=11114"},{"taxonomy":"product_tag","embeddable":true,"href":"https:\/\/masterchem.ee\/fi\/wp-json\/wp\/v2\/product_tag?post=11114"}],"curies":[{"name":"wp","href":"https:\/\/api.w.org\/{rel}","templated":true}]}}