{"id":10996,"date":"2021-02-17T22:41:42","date_gmt":"2021-02-17T22:41:45","guid":{"rendered":"https:\/\/masterchem.ee\/?post_type=product&#038;p=10996"},"modified":"2022-01-17T11:24:37","modified_gmt":"2022-01-17T11:24:37","slug":"etyleeniglykoli-40-master-ews-40","status":"publish","type":"product","link":"https:\/\/masterchem.ee\/fi\/tooted-ja-teenused\/etyleeniglykoli-40-master-ews-40\/","title":{"rendered":"Etyleeniglykoli 40% Master EWS-40 (CAS 107-21-1)"},"content":{"rendered":"<p><strong>T\u00e4m\u00e4 tuote on Viron markkinoiden kysytyin.<\/strong><br \/>\nAlkaessaan j\u00e4\u00e4ty\u00e4 ja kiteyty\u00e4, yhdiste saa hyytel\u00f6m\u00e4isen koostumuksen ja kasvaa vain v\u00e4h\u00e4n tilavuudessa. N\u00e4iden ominaisuuksien ansiosta sit\u00e4 alettiin k\u00e4ytt\u00e4\u00e4 j\u00e4\u00e4hdytysnesteen\u00e4 l\u00e4mmitysj\u00e4rjestelmiss\u00e4, koska toisin kuin vesi ja muut vastaavat nesteet, reagenssi ei vahingoita j\u00e4\u00e4hdyttimi\u00e4 ja putkia, vaikka l\u00e4mp\u00f6tila laskisi j\u00e4\u00e4tymispisteen alapuolelle.<\/p>\n<p>Materiaalilla ei ole aggressiivista vaikutusta tekstiileist\u00e4, muovista, kumista, metallista valmistettuihin tuotteisiin, mutta sen k\u00e4ytt\u00f6\u00e4 sinkittyjen putkien j\u00e4rjestelmiss\u00e4 ei suositella kuorinnan todenn\u00e4k\u00f6isyyden vuoksi. My\u00f6sk\u00e4\u00e4n AGR: \u00e4\u00e4 ei pid\u00e4 sekoittaa muiden em\u00e4sten liuoksiin.<\/p>\n<p><strong>K\u00e4ytt\u00f6alue<\/strong><br \/>\n40-prosenttista etyleeniglykoliliuosta, jonka hinta on yrityksess\u00e4mme edullinen, k\u00e4ytet\u00e4\u00e4n l\u00e4mm\u00f6nsiirtoaineena (pakkas- ja pakkasneste) l\u00e4mp\u00f6tilav\u00e4lill\u00e4 -25 \u00b0 C &#8211; 100 \u00b0 C keskitetyiss\u00e4 ilmastointij\u00e4rjestelmiss\u00e4 ja autonomisissa l\u00e4mmityspiireiss\u00e4, j\u00e4\u00e4j\u00e4\u00e4hdytysj\u00e4rjestelmien palatseissa ja muissa urheilutiloissa, joissa on suljetut tekniset verkot, teollisuustilojen sammutusj\u00e4rjestelmiss\u00e4, yritysten teollisissa ilmastointij\u00e4rjestelmiss\u00e4 jne.<\/p>\n<p>Materiaalia suositellaan k\u00e4ytett\u00e4v\u00e4ksi sis\u00e4tiloissa, joita k\u00e4ytet\u00e4\u00e4n ymp\u00e4ri vuoden ilman talvis\u00e4ilytyst\u00e4. Voit ostaa sen korroosionestoaineilla ja v\u00e4riaineilla tai ilman niit\u00e4 kohtuuhintaan Masterchemiss\u00e4. Meill\u00e4 on yli 20 vuoden kokemus vesipitoisista glykoliliuoksista.<br \/>\nAutamme sinua aina laskemaan tarvittavan ratkaisun tilavuuden putken halkaisijan ja pituuden perusteella.<\/p>\n<p><strong>Turvatoimet<\/strong><br \/>\nReagenssi on palamaton, palo- ja r\u00e4j\u00e4hdyssuojattu, mutta myrkyllinen. Se on tarkoitettu yksinomaan tekniseen k\u00e4ytt\u00f6\u00f6n, joten sen p\u00e4\u00e4sy juomaveteen ja ruokaan ei ole sallittua myrkytyksen v\u00e4ltt\u00e4miseksi.<\/p>\n<p>Lyhytaikaisessa kosketuksessa vaatteiden ja kehon paljaiden osien kanssa AGR pest\u00e4\u00e4n helposti vedell\u00e4, j\u00e4tt\u00e4en palovammoja tai \u00e4rsytyksi\u00e4. Ihmiskehoon kohdistuvan vaikutuksen mukaan se kuuluu kohtalaisen vaarallisten aineiden luokkaan. Kun ty\u00f6skentelet sen kanssa, on suositeltavaa k\u00e4ytt\u00e4\u00e4 erikoisvaatteita, kenki\u00e4, suojak\u00e4sineit\u00e4, muovilaseja ja hengityssuojainta.<\/p>\n<p><strong>Varastointi- ja kuljetusolosuhteet<\/strong><br \/>\n40-prosenttinen etyleeniglykoli, jonka hinta on maassamme alhainen, on s\u00e4ilytett\u00e4v\u00e4 ilmatiiviiss\u00e4 astiassa kuivissa, l\u00e4mmitt\u00e4m\u00e4tt\u00f6miss\u00e4 varastotiloissa, suojattuna suoralta auringonvalolta, erill\u00e4\u00e4n ruoasta. Kestoaika &#8211; 5 vuotta valmistusp\u00e4iv\u00e4st\u00e4.<\/p>\n<p>Yhteys voidaan kuljettaa mill\u00e4 tahansa katetulla ajoneuvolla t\u00e4m\u00e4n tyyppiselle kuljetukselle voimassa olevien tavarankuljetusta koskevien s\u00e4\u00e4nt\u00f6jen ja m\u00e4\u00e4r\u00e4ysten mukaisesti.<\/p>\n<p>Jos olet kiinnostunut ostamaan Master EWS-40 Professional -tuotteen, napsauta vain sinist\u00e4 &#8221;k\u00fcsi hinda&#8221; -painiketta tuotem\u00e4\u00e4r\u00e4n vieress\u00e4 ja sy\u00f6t\u00e4 tarvittavat tiedot avautuvaan ikkunaan.<br \/>\nTy\u00f6ntekij\u00e4mme ottaa sinuun yhteytt\u00e4 aukioloaikoina selvitt\u00e4\u00e4kseen ostoksen yksityiskohdat.<\/p>\n<p><\/p>\n<h3>L\u00e4mmitysj\u00e4rjestelm\u00e4n tilavuuden laskenta<\/h3>\n<div class=\"heating_system_capacity\">\n<table>\n<tr>\n<th><label for=\"vid_radiatorov\">Valitse j\u00e4\u00e4hdyttimen tyyppi<\/label><\/th>\n<td><select id=\"vid_radiatorov\" name=\"vid_radiatorov\" size=\"1\"><option selected=\"selected\" value=\"3\">Oletus<\/option><option value=\"2.4\">Alumiininen poikkileikkaus &nbsp;&nbsp;&nbsp;&nbsp;&nbsp;&nbsp;<\/option><option value=\"3\">Ter\u00e4spaneeli<\/option><\/select><\/td>\n<\/tr>\n<tr>\n<th><label for=\"moshnost_radiatorov\">Patterien kokonaisteho<\/label><\/th>\n<td><input id=\"moshnost_radiatorov\" name=\"moshnost_radiatorov\" onchange=\"return proverka_fin(this);\" size=\"6\" type=\"text\"> &nbsp;&nbsp;kW<\/td>\n<\/tr>\n<tr>\n<th><label for=\"objom_kotelnoy\">Tilavuus kattilahuoneessa, ker\u00e4imet, liittimet<\/label><\/th>\n<td><input id=\"objom_kotelnoy\" name=\"objom_kotelnoy\" onchange=\"return proverka_fin(this);\" size=\"6\" type=\"text\" value=\"0\"> &nbsp;&nbsp; litraa<\/td>\n<\/tr>\n<tr>\n<th><label for=\"objom_rash_bak\">Paisuntas\u00e4ili\u00f6n t\u00e4ysi tilavuus<\/label><\/th>\n<td><input id=\"objom_rash_bak\" name=\"objom_rash_bak\" onchange=\"return proverka_fin(this);\" size=\"6\" type=\"text\" value=\"0\"> &nbsp;&nbsp; litraa (lask. t\u00e4ytt\u00f6 25%)<\/td>\n<\/tr>\n<\/table>\n<p><\/p>\n<table>\n<tbody>\n<tr>\n<th>Putken halkaisija, mm<\/th>\n<th>Putken pituus, m<\/th>\n<\/tr>\n<tr>\n<td>16\u04452.0<\/td>\n<td><input id=\"d16x20\" name=\"d16x20\" onchange=\"return proverka_fin(this);\" size=\"6\" type=\"text\"><\/td>\n<\/tr>\n<tr>\n<td>20\u04452.0<\/td>\n<td><input id=\"d20x20\" name=\"d20x20\" onchange=\"return proverka_fin(this);\" size=\"6\" type=\"text\"><\/td>\n<\/tr>\n<tr>\n<td>26\u04453.0<\/td>\n<td><input id=\"d26x30\" name=\"d26x30\" onchange=\"return proverka_fin(this);\" size=\"6\" type=\"text\"><\/td>\n<\/tr>\n<tr>\n<td>32\u04453.0<\/td>\n<td><input id=\"d32x30\" name=\"d32x30\" onchange=\"return proverka_fin(this);\" size=\"6\" type=\"text\"><\/td>\n<\/tr>\n<tr>\n<td>20\u04453.4<\/td>\n<td><input id=\"d20x34\" name=\"d20x34\" onchange=\"return proverka_fin(this);\" size=\"6\" type=\"text\"><\/td>\n<\/tr>\n<tr>\n<td>25\u04454.2<\/td>\n<td><input id=\"d25x42\" name=\"d25x42\" onchange=\"return proverka_fin(this);\" size=\"6\" type=\"text\"><\/td>\n<\/tr>\n<tr>\n<td>32\u04455.4<\/td>\n<td><input id=\"d32x54\" name=\"d32x54\" onchange=\"return proverka_fin(this);\" size=\"6\" type=\"text\"><\/td>\n<\/tr>\n<tr>\n<td>40\u04456.7<\/td>\n<td><input id=\"d40x67\" name=\"d16\" onchange=\"return proverka_fin(this);\" size=\"6\" type=\"text\"><\/td>\n<\/tr>\n<\/tbody>\n<\/table>\n<p><button onclick=\"objom_sistemi()\">Laskea<\/button><\/p>\n<div id=\"heating_calculation_report\" style=\"display:none\">\n<p>J\u00e4\u00e4hdyttimet: <span id=\"heating_calculation_report_radiators\"><\/span> litraa<\/p>\n<p>Kattila, ker\u00e4imet, varusteet: <span id=\"heating_calculation_report_boiler_collectors\"><\/span> litraa<\/p>\n<p>Paisuntas\u00e4ili\u00f6: <span id=\"heating_calculation_report_expansion_tank\"><\/span> litraa<\/p>\n<p>Putket: <span id=\"heating_calculation_report_pipes\"><\/span> litraa<\/p>\n<p><strong>Summa: <span id=\"heating_calculation_report_total\"><\/span> litraa<\/strong><\/p>\n<\/div>\n<\/div>\n","protected":false},"excerpt":{"rendered":"<p>40-prosenttinen etyleeniglykoli (Master EWS-40, vesiglykoliliuos) on korkealaatuisen eteeniglykolin ja tislatun veden seos \u00f6ljyisen hygroskooppisen nesteen muodossa, jonka kiteytymisl\u00e4mp\u00f6tila on -25 \u00b0 C.<\/p>\n<p>CAS: 107-21-1<\/p>\n<ul>\n<li><a href=\"\/fi\/tuote\/etyleeniglykoli-35-master-ews35\/\">Etyleeniglykoli 35%<\/a><\/li>\n<li><b>Etyleeniglykoli 40%<\/b><\/li>\n<li><a href=\"\/fi\/tuote\/pakkasneste-36-c-vihrea\/\">Etyleeniglykoli 50%<\/a><\/li>\n<li><a href=\"\/fi\/tuote\/etyleeniglykoli\/\">Etyleeniglykoli 100%<\/a><\/li>\n<\/ul>\n","protected":false},"featured_media":6831,"template":"","meta":[],"product_brand":[],"product_cat":[180,109,115,302,294,117,323,114],"product_tag":[],"class_list":{"0":"post-10996","1":"product","2":"type-product","3":"status-publish","4":"has-post-thumbnail","6":"product_cat-uncategorized-fi-2","7":"product_cat-anti-jaatymisnesteet","8":"product_cat-auton-ja-koneiden-kemikaalit","9":"product_cat-jaahdytysnesteet","10":"product_cat-kosmetiikkateollisuus","11":"product_cat-kotitalouskemikaalit","12":"product_cat-lannoitteet","13":"product_cat-rakennusteollisuus","14":"pif-has-gallery","16":"first","17":"instock","18":"featured","19":"taxable","20":"shipping-taxable","21":"purchasable","22":"product-type-variable","23":"has-default-attributes"},"yoast_head":"<!-- This site is optimized with the Yoast SEO plugin v26.2 - https:\/\/yoast.com\/wordpress\/plugins\/seo\/ -->\n<title>Etyleeniglykoli 40% Master EWS-40 (CAS 107-21-1) - Chemistry For Industry - Solvents &amp; Chemicals - Masterchem.ee<\/title>\n<meta name=\"description\" content=\"40-prosenttinen etyleeniglykoli (Master EWS-40, vesiglykoliliuos) on korkealaatuisen eteeniglykolin ja tislatun veden seos \u00f6ljyisen hygroskooppisen nesteen muodossa, jonka kiteytymisl\u00e4mp\u00f6tila on -25 \u00b0 C. CAS: 107-21-1\" \/>\n<meta name=\"robots\" content=\"index, follow, max-snippet:-1, max-image-preview:large, max-video-preview:-1\" \/>\n<link rel=\"canonical\" href=\"https:\/\/masterchem.ee\/fi\/tooted-ja-teenused\/etyleeniglykoli-40-master-ews-40\/\" \/>\n<meta name=\"twitter:card\" content=\"summary_large_image\" \/>\n<meta name=\"twitter:title\" content=\"Etyleeniglykoli 40% Master EWS-40 (CAS 107-21-1) - Chemistry For Industry - Solvents &amp; Chemicals - Masterchem.ee\" \/>\n<meta name=\"twitter:description\" content=\"40-prosenttinen etyleeniglykoli (Master EWS-40, vesiglykoliliuos) on korkealaatuisen eteeniglykolin ja tislatun veden seos \u00f6ljyisen hygroskooppisen nesteen muodossa, jonka kiteytymisl\u00e4mp\u00f6tila on -25 \u00b0 C. CAS: 107-21-1\" \/>\n<meta name=\"twitter:image\" content=\"https:\/\/masterchem.ee\/wp-content\/uploads\/2018\/02\/MONOETHYLENE-GLYCOL-1000l-MasterChem.jpg\" \/>\n<meta name=\"twitter:label1\" content=\"Arvioitu lukuaika\" \/>\n\t<meta name=\"twitter:data1\" content=\"2 minuuttia\" \/>\n<script type=\"application\/ld+json\" class=\"yoast-schema-graph\">{\"@context\":\"https:\/\/schema.org\",\"@graph\":[{\"@type\":\"WebPage\",\"@id\":\"https:\/\/masterchem.ee\/fi\/tooted-ja-teenused\/etyleeniglykoli-40-master-ews-40\/\",\"url\":\"https:\/\/masterchem.ee\/fi\/tooted-ja-teenused\/etyleeniglykoli-40-master-ews-40\/\",\"name\":\"Etyleeniglykoli 40% Master EWS-40 (CAS 107-21-1) - Chemistry For Industry - Solvents &amp; Chemicals - Masterchem.ee\",\"isPartOf\":{\"@id\":\"https:\/\/masterchem.ee\/fi\/#website\"},\"primaryImageOfPage\":{\"@id\":\"https:\/\/masterchem.ee\/fi\/tooted-ja-teenused\/etyleeniglykoli-40-master-ews-40\/#primaryimage\"},\"image\":{\"@id\":\"https:\/\/masterchem.ee\/fi\/tooted-ja-teenused\/etyleeniglykoli-40-master-ews-40\/#primaryimage\"},\"thumbnailUrl\":\"https:\/\/masterchem.ee\/wp-content\/uploads\/2018\/02\/MONOETHYLENE-GLYCOL-1000l-MasterChem.jpg\",\"datePublished\":\"2021-02-17T22:41:45+00:00\",\"dateModified\":\"2022-01-17T11:24:37+00:00\",\"description\":\"40-prosenttinen etyleeniglykoli (Master EWS-40, vesiglykoliliuos) on korkealaatuisen eteeniglykolin ja tislatun veden seos \u00f6ljyisen hygroskooppisen nesteen muodossa, jonka kiteytymisl\u00e4mp\u00f6tila on -25 \u00b0 C. CAS: 107-21-1\",\"breadcrumb\":{\"@id\":\"https:\/\/masterchem.ee\/fi\/tooted-ja-teenused\/etyleeniglykoli-40-master-ews-40\/#breadcrumb\"},\"inLanguage\":\"fi\",\"potentialAction\":[{\"@type\":\"ReadAction\",\"target\":[\"https:\/\/masterchem.ee\/fi\/tooted-ja-teenused\/etyleeniglykoli-40-master-ews-40\/\"]}]},{\"@type\":\"ImageObject\",\"inLanguage\":\"fi\",\"@id\":\"https:\/\/masterchem.ee\/fi\/tooted-ja-teenused\/etyleeniglykoli-40-master-ews-40\/#primaryimage\",\"url\":\"https:\/\/masterchem.ee\/wp-content\/uploads\/2018\/02\/MONOETHYLENE-GLYCOL-1000l-MasterChem.jpg\",\"contentUrl\":\"https:\/\/masterchem.ee\/wp-content\/uploads\/2018\/02\/MONOETHYLENE-GLYCOL-1000l-MasterChem.jpg\",\"width\":1000,\"height\":1000,\"caption\":\"Ethylene glycol 1000l MasterChem\"},{\"@type\":\"BreadcrumbList\",\"@id\":\"https:\/\/masterchem.ee\/fi\/tooted-ja-teenused\/etyleeniglykoli-40-master-ews-40\/#breadcrumb\",\"itemListElement\":[{\"@type\":\"ListItem\",\"position\":1,\"name\":\"Home\",\"item\":\"https:\/\/masterchem.ee\/fi\/\"},{\"@type\":\"ListItem\",\"position\":2,\"name\":\"Tooted ja teenused\",\"item\":\"https:\/\/masterchem.ee\/tooted-ja-teenused\/\"},{\"@type\":\"ListItem\",\"position\":3,\"name\":\"Etyleeniglykoli 40% Master EWS-40 (CAS 107-21-1)\"}]},{\"@type\":\"WebSite\",\"@id\":\"https:\/\/masterchem.ee\/fi\/#website\",\"url\":\"https:\/\/masterchem.ee\/fi\/\",\"name\":\"Masterchem.ee\",\"description\":\"Chemistry For Industry - Solvents &amp; Chemicals\",\"publisher\":{\"@id\":\"https:\/\/masterchem.ee\/fi\/#organization\"},\"potentialAction\":[{\"@type\":\"SearchAction\",\"target\":{\"@type\":\"EntryPoint\",\"urlTemplate\":\"https:\/\/masterchem.ee\/fi\/?s={search_term_string}\"},\"query-input\":{\"@type\":\"PropertyValueSpecification\",\"valueRequired\":true,\"valueName\":\"search_term_string\"}}],\"inLanguage\":\"fi\"},{\"@type\":\"Organization\",\"@id\":\"https:\/\/masterchem.ee\/fi\/#organization\",\"name\":\"Masterchem\",\"url\":\"https:\/\/masterchem.ee\/fi\/\",\"logo\":{\"@type\":\"ImageObject\",\"inLanguage\":\"fi\",\"@id\":\"https:\/\/masterchem.ee\/fi\/#\/schema\/logo\/image\/\",\"url\":\"https:\/\/masterchem.ee\/wp-content\/uploads\/2018\/02\/master-chem_final-1.png\",\"contentUrl\":\"https:\/\/masterchem.ee\/wp-content\/uploads\/2018\/02\/master-chem_final-1.png\",\"width\":850,\"height\":356,\"caption\":\"Masterchem\"},\"image\":{\"@id\":\"https:\/\/masterchem.ee\/fi\/#\/schema\/logo\/image\/\"}}]}<\/script>\n<!-- \/ Yoast SEO plugin. -->","yoast_head_json":{"title":"Etyleeniglykoli 40% Master EWS-40 (CAS 107-21-1) - Chemistry For Industry - Solvents &amp; Chemicals - Masterchem.ee","description":"40-prosenttinen etyleeniglykoli (Master EWS-40, vesiglykoliliuos) on korkealaatuisen eteeniglykolin ja tislatun veden seos \u00f6ljyisen hygroskooppisen nesteen muodossa, jonka kiteytymisl\u00e4mp\u00f6tila on -25 \u00b0 C. CAS: 107-21-1","robots":{"index":"index","follow":"follow","max-snippet":"max-snippet:-1","max-image-preview":"max-image-preview:large","max-video-preview":"max-video-preview:-1"},"canonical":"https:\/\/masterchem.ee\/fi\/tooted-ja-teenused\/etyleeniglykoli-40-master-ews-40\/","twitter_card":"summary_large_image","twitter_title":"Etyleeniglykoli 40% Master EWS-40 (CAS 107-21-1) - Chemistry For Industry - Solvents &amp; Chemicals - Masterchem.ee","twitter_description":"40-prosenttinen etyleeniglykoli (Master EWS-40, vesiglykoliliuos) on korkealaatuisen eteeniglykolin ja tislatun veden seos \u00f6ljyisen hygroskooppisen nesteen muodossa, jonka kiteytymisl\u00e4mp\u00f6tila on -25 \u00b0 C. CAS: 107-21-1","twitter_image":"https:\/\/masterchem.ee\/wp-content\/uploads\/2018\/02\/MONOETHYLENE-GLYCOL-1000l-MasterChem.jpg","twitter_misc":{"Arvioitu lukuaika":"2 minuuttia"},"schema":{"@context":"https:\/\/schema.org","@graph":[{"@type":"WebPage","@id":"https:\/\/masterchem.ee\/fi\/tooted-ja-teenused\/etyleeniglykoli-40-master-ews-40\/","url":"https:\/\/masterchem.ee\/fi\/tooted-ja-teenused\/etyleeniglykoli-40-master-ews-40\/","name":"Etyleeniglykoli 40% Master EWS-40 (CAS 107-21-1) - Chemistry For Industry - Solvents &amp; Chemicals - Masterchem.ee","isPartOf":{"@id":"https:\/\/masterchem.ee\/fi\/#website"},"primaryImageOfPage":{"@id":"https:\/\/masterchem.ee\/fi\/tooted-ja-teenused\/etyleeniglykoli-40-master-ews-40\/#primaryimage"},"image":{"@id":"https:\/\/masterchem.ee\/fi\/tooted-ja-teenused\/etyleeniglykoli-40-master-ews-40\/#primaryimage"},"thumbnailUrl":"https:\/\/masterchem.ee\/wp-content\/uploads\/2018\/02\/MONOETHYLENE-GLYCOL-1000l-MasterChem.jpg","datePublished":"2021-02-17T22:41:45+00:00","dateModified":"2022-01-17T11:24:37+00:00","description":"40-prosenttinen etyleeniglykoli (Master EWS-40, vesiglykoliliuos) on korkealaatuisen eteeniglykolin ja tislatun veden seos \u00f6ljyisen hygroskooppisen nesteen muodossa, jonka kiteytymisl\u00e4mp\u00f6tila on -25 \u00b0 C. CAS: 107-21-1","breadcrumb":{"@id":"https:\/\/masterchem.ee\/fi\/tooted-ja-teenused\/etyleeniglykoli-40-master-ews-40\/#breadcrumb"},"inLanguage":"fi","potentialAction":[{"@type":"ReadAction","target":["https:\/\/masterchem.ee\/fi\/tooted-ja-teenused\/etyleeniglykoli-40-master-ews-40\/"]}]},{"@type":"ImageObject","inLanguage":"fi","@id":"https:\/\/masterchem.ee\/fi\/tooted-ja-teenused\/etyleeniglykoli-40-master-ews-40\/#primaryimage","url":"https:\/\/masterchem.ee\/wp-content\/uploads\/2018\/02\/MONOETHYLENE-GLYCOL-1000l-MasterChem.jpg","contentUrl":"https:\/\/masterchem.ee\/wp-content\/uploads\/2018\/02\/MONOETHYLENE-GLYCOL-1000l-MasterChem.jpg","width":1000,"height":1000,"caption":"Ethylene glycol 1000l MasterChem"},{"@type":"BreadcrumbList","@id":"https:\/\/masterchem.ee\/fi\/tooted-ja-teenused\/etyleeniglykoli-40-master-ews-40\/#breadcrumb","itemListElement":[{"@type":"ListItem","position":1,"name":"Home","item":"https:\/\/masterchem.ee\/fi\/"},{"@type":"ListItem","position":2,"name":"Tooted ja teenused","item":"https:\/\/masterchem.ee\/tooted-ja-teenused\/"},{"@type":"ListItem","position":3,"name":"Etyleeniglykoli 40% Master EWS-40 (CAS 107-21-1)"}]},{"@type":"WebSite","@id":"https:\/\/masterchem.ee\/fi\/#website","url":"https:\/\/masterchem.ee\/fi\/","name":"Masterchem.ee","description":"Chemistry For Industry - Solvents &amp; Chemicals","publisher":{"@id":"https:\/\/masterchem.ee\/fi\/#organization"},"potentialAction":[{"@type":"SearchAction","target":{"@type":"EntryPoint","urlTemplate":"https:\/\/masterchem.ee\/fi\/?s={search_term_string}"},"query-input":{"@type":"PropertyValueSpecification","valueRequired":true,"valueName":"search_term_string"}}],"inLanguage":"fi"},{"@type":"Organization","@id":"https:\/\/masterchem.ee\/fi\/#organization","name":"Masterchem","url":"https:\/\/masterchem.ee\/fi\/","logo":{"@type":"ImageObject","inLanguage":"fi","@id":"https:\/\/masterchem.ee\/fi\/#\/schema\/logo\/image\/","url":"https:\/\/masterchem.ee\/wp-content\/uploads\/2018\/02\/master-chem_final-1.png","contentUrl":"https:\/\/masterchem.ee\/wp-content\/uploads\/2018\/02\/master-chem_final-1.png","width":850,"height":356,"caption":"Masterchem"},"image":{"@id":"https:\/\/masterchem.ee\/fi\/#\/schema\/logo\/image\/"}}]}},"_links":{"self":[{"href":"https:\/\/masterchem.ee\/fi\/wp-json\/wp\/v2\/product\/10996","targetHints":{"allow":["GET"]}}],"collection":[{"href":"https:\/\/masterchem.ee\/fi\/wp-json\/wp\/v2\/product"}],"about":[{"href":"https:\/\/masterchem.ee\/fi\/wp-json\/wp\/v2\/types\/product"}],"wp:featuredmedia":[{"embeddable":true,"href":"https:\/\/masterchem.ee\/fi\/wp-json\/wp\/v2\/media\/6831"}],"wp:attachment":[{"href":"https:\/\/masterchem.ee\/fi\/wp-json\/wp\/v2\/media?parent=10996"}],"wp:term":[{"taxonomy":"product_brand","embeddable":true,"href":"https:\/\/masterchem.ee\/fi\/wp-json\/wp\/v2\/product_brand?post=10996"},{"taxonomy":"product_cat","embeddable":true,"href":"https:\/\/masterchem.ee\/fi\/wp-json\/wp\/v2\/product_cat?post=10996"},{"taxonomy":"product_tag","embeddable":true,"href":"https:\/\/masterchem.ee\/fi\/wp-json\/wp\/v2\/product_tag?post=10996"}],"curies":[{"name":"wp","href":"https:\/\/api.w.org\/{rel}","templated":true}]}}