{"id":10935,"date":"2021-02-17T22:18:31","date_gmt":"2021-02-17T22:18:34","guid":{"rendered":"https:\/\/masterchem.ee\/?post_type=product&#038;p=10935"},"modified":"2021-09-20T06:07:45","modified_gmt":"2021-09-20T06:07:45","slug":"etyleeniglykoli-35-master-ews35","status":"publish","type":"product","link":"https:\/\/masterchem.ee\/fi\/tooted-ja-teenused\/etyleeniglykoli-35-master-ews35\/","title":{"rendered":"Etyleeniglykoli 35% &#8211; Master EWS35 (CAS 107-21-1)"},"content":{"rendered":"<p>Freezing point of ethylene glycol solutions:<\/p>\n<table>\n<tbody>\n<tr>\n<td>Concetratsion<\/td>\n<td>j\u00e4\u00e4tymispiste<\/td>\n<td>tiheys<\/td>\n<\/tr>\n<tr>\n<td>99,9%<\/td>\n<td>-12<\/td>\n<td>1,15<\/td>\n<\/tr>\n<tr>\n<td>20%<\/td>\n<td>-8<\/td>\n<td>1,025<\/td>\n<\/tr>\n<tr>\n<td>30%<\/td>\n<td>-15<\/td>\n<td>1,042<\/td>\n<\/tr>\n<tr>\n<td>35%<\/td>\n<td>-18<\/td>\n<td>1,05<\/td>\n<\/tr>\n<tr>\n<td>40%<\/td>\n<td>-24<\/td>\n<td>1,056<\/td>\n<\/tr>\n<tr>\n<td>45%<\/td>\n<td>-30<\/td>\n<td>1,062<\/td>\n<\/tr>\n<tr>\n<td>50%<\/td>\n<td>-37<\/td>\n<td>1,068<\/td>\n<\/tr>\n<tr>\n<td>55%<\/td>\n<td>-46<\/td>\n<td>1,075<\/td>\n<\/tr>\n<tr>\n<td>60%<\/td>\n<td>-54<\/td>\n<td>1,08<\/td>\n<\/tr>\n<tr>\n<td>65%<\/td>\n<td>-65<\/td>\n<td>1,085<\/td>\n<\/tr>\n<tr>\n<td>70%<\/td>\n<td>-62<\/td>\n<td>1,091<\/td>\n<\/tr>\n<tr>\n<td>75%<\/td>\n<td>-55<\/td>\n<td>1,096<\/td>\n<\/tr>\n<tr>\n<td>80%<\/td>\n<td>-47<\/td>\n<td>1,1<\/td>\n<\/tr>\n<\/tbody>\n<\/table>\n<p>Etyleeniglykoli-35 (vesipitoinen glykoliliuos, Master EWS35) &#8211; on korkealaatuisen eteeniglykolin ja pehmennetyn veden yhdistelm\u00e4 hygroskooppisen siirappinesteen muodossa, joka alkaa kiteyty\u00e4 -20 \u00b0 C: ssa. Vakiintunut Viron markkinoilla.<br \/>\nPakastettaessa yhdiste ei muodosta kiinte\u00e4\u00e4 ainetta, vaan irtonaisen massan ja sen tilavuus kasvaa hieman &#8211; mutta enint\u00e4\u00e4n 0,25-0,3%. N\u00e4m\u00e4 ominaisuudet ovat johtaneet laajaan k\u00e4ytt\u00f6\u00f6n l\u00e4mm\u00f6nsiirtoaineena erityyppisiss\u00e4 l\u00e4mmitys- ja j\u00e4\u00e4hdytysj\u00e4rjestelmiss\u00e4.<\/p>\n<p>Etyleeniglykoliliuoksella on hyv\u00e4 l\u00e4mm\u00f6njohtavuus, alhainen sy\u00f6vytt\u00e4vyys erilaisille metalleille, matala vaahtoamisominaisuus ja alhainen l\u00e4mp\u00f6laajenemiskerroin. Se ei vaadi laimennusta vedell\u00e4, sit\u00e4 k\u00e4ytet\u00e4\u00e4n valmiissa polymeeri- ja ter\u00e4sj\u00e4rjestelmiss\u00e4. Materiaalia ei suositella k\u00e4ytett\u00e4v\u00e4ksi galvanoiduissa putkij\u00e4rjestelmiss\u00e4, sit\u00e4 ei ole suositeltavaa sekoittaa muihin j\u00e4\u00e4hdytysnesteisiin ja saattaa kiehuvaksi k\u00e4yt\u00f6n aikana.<\/p>\n<p><strong>Sovellus<\/strong><\/p>\n<p>35-prosenttista etyleeniglykolia k\u00e4ytet\u00e4\u00e4n erityyppisiss\u00e4 ilmastointilaitteissa ja l\u00e4mmitysj\u00e4rjestelmiss\u00e4, teollisessa tuotannossa k\u00e4ytt\u00f6aineena (j\u00e4\u00e4hdytysliuotin ja l\u00e4mm\u00f6nsiirtoaine).<\/p>\n<p><strong>Sit\u00e4 k\u00e4ytet\u00e4\u00e4n:<\/strong><br \/>\naurinkol\u00e4mmitysj\u00e4rjestelmiss\u00e4;<br \/>\nteollisissa ja paikallisissa j\u00e4\u00e4hdytys- ja l\u00e4mmitysj\u00e4rjestelmiss\u00e4;<br \/>\nmaal\u00e4mp\u00f6pumput;<br \/>\nl\u00e4mm\u00f6n talteenottoj\u00e4rjestelm\u00e4t.<br \/>\nT\u00e4t\u00e4 yhdistett\u00e4 k\u00e4ytet\u00e4\u00e4n my\u00f6s pakkasnesteen, jarrunesteiden, j\u00e4\u00e4hdytysnesteiden ja polymeerien valmistuksessa. Voit ostaa sen meilt\u00e4 korroosionestoaineiden ja v\u00e4riaineiden kanssa tai ilman niit\u00e4.<\/p>\n<p><strong>Turvallisuusvaatimukset<\/strong><\/p>\n<p>Master EWS35 on myrkyllinen, syttym\u00e4t\u00f6n ja r\u00e4j\u00e4ht\u00e4m\u00e4t\u00f6n. Myrkytyksen est\u00e4miseksi se ei saa joutua kosketuksiin ruoan ja juomaveden kanssa. Aine on tarkoitettu vain tekniseen k\u00e4ytt\u00f6\u00f6n.<br \/>\nYhdiste kuuluu kolmanteen vaaraluokkaan ihmisen altistumisasteen suhteen. Sinun on k\u00e4ytett\u00e4v\u00e4 erityisi\u00e4 vaatteita ja kenki\u00e4, kumik\u00e4sineit\u00e4 sek\u00e4 silm\u00e4- ja hengityssuojaimia ty\u00f6skennelless\u00e4si niiden kanssa. Lyhytaikaisessa kosketuksessa reagenssi ei vaikuta haitallisesti ihmisiin.<\/p>\n<p><strong>Kuljetus- ja varastointiominaisuudet<\/strong><br \/>\n35% meille eritt\u00e4in edullisesta eteeniglykolista kuljetetaan kaikissa liikennemuodoissa t\u00e4m\u00e4ntyyppisten kuljetusten kuljetusm\u00e4\u00e4r\u00e4ysten ja -m\u00e4\u00e4r\u00e4ysten mukaisesti.<\/p>\n<p>Yhdiste tulee varastoida suljetuissa astioissa kuivissa, l\u00e4mmitt\u00e4m\u00e4tt\u00f6miss\u00e4, ilmastoiduissa varastotiloissa, suojattuna suoralta auringonvalolta, poissa ruoasta. Viimeinen voimassaolop\u00e4iv\u00e4 &#8211; 60 kuukautta valmistusp\u00e4iv\u00e4st\u00e4.<\/p>\n<p><strong>Master EWS35: mist\u00e4 ostaa?<\/strong><\/p>\n<p>Jos haluat ostaa parasta laatua olevia kemikaaleja kohtuuhintaan, l\u00f6yd\u00e4t t\u00e4\u00e4lt\u00e4 juuri sen mit\u00e4 etsit. Asiakkaamme on helppo tulla: napsauta sinist\u00e4 &#8221;lis\u00e4\u00e4 ostoskoriin \/ kysy hintaa&#8221; -painiketta ja kirjoita tarvittavat tiedot avautuvaan ikkunaan. Asiantuntijamme ottaa sinuun yhteytt\u00e4 pian keskustellakseen tilauksesi yksityiskohdista.<\/p>\n","protected":false},"excerpt":{"rendered":"<p>Etyleeniglykoli-35 (vesipitoinen glykoliliuos, Master EWS35) &#8211; on korkealaatuisen eteeniglykolin ja pehmennetyn veden yhdistelm\u00e4 hygroskooppisen siirappinesteen muodossa, joka alkaa kiteyty\u00e4 -20 \u00b0 C: ssa. Vakiintunut Viron markkinoilla.<\/p>\n<p>CAS: 107-21-1<\/p>\n<ul>\n<li><b>Etyleeniglykoli 35%<\/b><\/li>\n<li><a href=\"\/fi\/tuote\/etyleeniglykoli-40-master-ews-40\/\">Etyleeniglykoli 40%<\/a><\/li>\n<li><a href=\"\/fi\/tuote\/pakkasneste-36-c-vihrea\/\">Etyleeniglykoli 50%<\/a><\/li>\n<li><a href=\"\/fi\/tuote\/etyleeniglykoli\/\">Etyleeniglykoli 100%<\/a><\/li>\n<\/ul>\n","protected":false},"featured_media":6831,"template":"","meta":[],"product_brand":[],"product_cat":[180,109,115,302,294,117,323,114],"product_tag":[],"class_list":{"0":"post-10935","1":"product","2":"type-product","3":"status-publish","4":"has-post-thumbnail","6":"product_cat-uncategorized-fi-2","7":"product_cat-anti-jaatymisnesteet","8":"product_cat-auton-ja-koneiden-kemikaalit","9":"product_cat-jaahdytysnesteet","10":"product_cat-kosmetiikkateollisuus","11":"product_cat-kotitalouskemikaalit","12":"product_cat-lannoitteet","13":"product_cat-rakennusteollisuus","14":"pif-has-gallery","16":"first","17":"instock","18":"taxable","19":"shipping-taxable","20":"purchasable","21":"product-type-variable","22":"has-default-attributes"},"yoast_head":"<!-- This site is optimized with the Yoast SEO plugin v26.2 - https:\/\/yoast.com\/wordpress\/plugins\/seo\/ -->\n<title>Etyleeniglykoli 35% - Master EWS35 (CAS 107-21-1) - Chemistry For Industry - Solvents &amp; Chemicals - Masterchem.ee<\/title>\n<meta name=\"description\" content=\"Etyleeniglykoli-35 (vesipitoinen glykoliliuos, Master EWS35) - on korkealaatuisen eteeniglykolin ja pehmennetyn veden yhdistelm\u00e4 hygroskooppisen siirappinesteen muodossa, joka alkaa kiteyty\u00e4 -20 \u00b0 C: ssa. CAS: 107-21-1\" \/>\n<meta name=\"robots\" content=\"index, follow, max-snippet:-1, max-image-preview:large, max-video-preview:-1\" \/>\n<link rel=\"canonical\" href=\"https:\/\/masterchem.ee\/fi\/tooted-ja-teenused\/etyleeniglykoli-35-master-ews35\/\" \/>\n<meta name=\"twitter:card\" content=\"summary_large_image\" \/>\n<meta name=\"twitter:title\" content=\"Etyleeniglykoli 35% - Master EWS35 (CAS 107-21-1) - Chemistry For Industry - Solvents &amp; Chemicals - Masterchem.ee\" \/>\n<meta name=\"twitter:description\" content=\"Etyleeniglykoli-35 (vesipitoinen glykoliliuos, Master EWS35) - on korkealaatuisen eteeniglykolin ja pehmennetyn veden yhdistelm\u00e4 hygroskooppisen siirappinesteen muodossa, joka alkaa kiteyty\u00e4 -20 \u00b0 C: ssa. CAS: 107-21-1\" \/>\n<meta name=\"twitter:image\" content=\"https:\/\/masterchem.ee\/wp-content\/uploads\/2018\/02\/MONOETHYLENE-GLYCOL-1000l-MasterChem.jpg\" \/>\n<meta name=\"twitter:label1\" content=\"Arvioitu lukuaika\" \/>\n\t<meta name=\"twitter:data1\" content=\"2 minuuttia\" \/>\n<script type=\"application\/ld+json\" class=\"yoast-schema-graph\">{\"@context\":\"https:\/\/schema.org\",\"@graph\":[{\"@type\":\"WebPage\",\"@id\":\"https:\/\/masterchem.ee\/fi\/tooted-ja-teenused\/etyleeniglykoli-35-master-ews35\/\",\"url\":\"https:\/\/masterchem.ee\/fi\/tooted-ja-teenused\/etyleeniglykoli-35-master-ews35\/\",\"name\":\"Etyleeniglykoli 35% - Master EWS35 (CAS 107-21-1) - Chemistry For Industry - Solvents &amp; Chemicals - Masterchem.ee\",\"isPartOf\":{\"@id\":\"https:\/\/masterchem.ee\/fi\/#website\"},\"primaryImageOfPage\":{\"@id\":\"https:\/\/masterchem.ee\/fi\/tooted-ja-teenused\/etyleeniglykoli-35-master-ews35\/#primaryimage\"},\"image\":{\"@id\":\"https:\/\/masterchem.ee\/fi\/tooted-ja-teenused\/etyleeniglykoli-35-master-ews35\/#primaryimage\"},\"thumbnailUrl\":\"https:\/\/masterchem.ee\/wp-content\/uploads\/2018\/02\/MONOETHYLENE-GLYCOL-1000l-MasterChem.jpg\",\"datePublished\":\"2021-02-17T22:18:34+00:00\",\"dateModified\":\"2021-09-20T06:07:45+00:00\",\"description\":\"Etyleeniglykoli-35 (vesipitoinen glykoliliuos, Master EWS35) - on korkealaatuisen eteeniglykolin ja pehmennetyn veden yhdistelm\u00e4 hygroskooppisen siirappinesteen muodossa, joka alkaa kiteyty\u00e4 -20 \u00b0 C: ssa. CAS: 107-21-1\",\"breadcrumb\":{\"@id\":\"https:\/\/masterchem.ee\/fi\/tooted-ja-teenused\/etyleeniglykoli-35-master-ews35\/#breadcrumb\"},\"inLanguage\":\"fi\",\"potentialAction\":[{\"@type\":\"ReadAction\",\"target\":[\"https:\/\/masterchem.ee\/fi\/tooted-ja-teenused\/etyleeniglykoli-35-master-ews35\/\"]}]},{\"@type\":\"ImageObject\",\"inLanguage\":\"fi\",\"@id\":\"https:\/\/masterchem.ee\/fi\/tooted-ja-teenused\/etyleeniglykoli-35-master-ews35\/#primaryimage\",\"url\":\"https:\/\/masterchem.ee\/wp-content\/uploads\/2018\/02\/MONOETHYLENE-GLYCOL-1000l-MasterChem.jpg\",\"contentUrl\":\"https:\/\/masterchem.ee\/wp-content\/uploads\/2018\/02\/MONOETHYLENE-GLYCOL-1000l-MasterChem.jpg\",\"width\":1000,\"height\":1000,\"caption\":\"Ethylene glycol 1000l MasterChem\"},{\"@type\":\"BreadcrumbList\",\"@id\":\"https:\/\/masterchem.ee\/fi\/tooted-ja-teenused\/etyleeniglykoli-35-master-ews35\/#breadcrumb\",\"itemListElement\":[{\"@type\":\"ListItem\",\"position\":1,\"name\":\"Home\",\"item\":\"https:\/\/masterchem.ee\/fi\/\"},{\"@type\":\"ListItem\",\"position\":2,\"name\":\"Tooted ja teenused\",\"item\":\"https:\/\/masterchem.ee\/tooted-ja-teenused\/\"},{\"@type\":\"ListItem\",\"position\":3,\"name\":\"Etyleeniglykoli 35% &#8211; Master EWS35 (CAS 107-21-1)\"}]},{\"@type\":\"WebSite\",\"@id\":\"https:\/\/masterchem.ee\/fi\/#website\",\"url\":\"https:\/\/masterchem.ee\/fi\/\",\"name\":\"Masterchem.ee\",\"description\":\"Chemistry For Industry - Solvents &amp; Chemicals\",\"publisher\":{\"@id\":\"https:\/\/masterchem.ee\/fi\/#organization\"},\"potentialAction\":[{\"@type\":\"SearchAction\",\"target\":{\"@type\":\"EntryPoint\",\"urlTemplate\":\"https:\/\/masterchem.ee\/fi\/?s={search_term_string}\"},\"query-input\":{\"@type\":\"PropertyValueSpecification\",\"valueRequired\":true,\"valueName\":\"search_term_string\"}}],\"inLanguage\":\"fi\"},{\"@type\":\"Organization\",\"@id\":\"https:\/\/masterchem.ee\/fi\/#organization\",\"name\":\"Masterchem\",\"url\":\"https:\/\/masterchem.ee\/fi\/\",\"logo\":{\"@type\":\"ImageObject\",\"inLanguage\":\"fi\",\"@id\":\"https:\/\/masterchem.ee\/fi\/#\/schema\/logo\/image\/\",\"url\":\"https:\/\/masterchem.ee\/wp-content\/uploads\/2018\/02\/master-chem_final-1.png\",\"contentUrl\":\"https:\/\/masterchem.ee\/wp-content\/uploads\/2018\/02\/master-chem_final-1.png\",\"width\":850,\"height\":356,\"caption\":\"Masterchem\"},\"image\":{\"@id\":\"https:\/\/masterchem.ee\/fi\/#\/schema\/logo\/image\/\"}}]}<\/script>\n<!-- \/ Yoast SEO plugin. -->","yoast_head_json":{"title":"Etyleeniglykoli 35% - Master EWS35 (CAS 107-21-1) - Chemistry For Industry - Solvents &amp; Chemicals - Masterchem.ee","description":"Etyleeniglykoli-35 (vesipitoinen glykoliliuos, Master EWS35) - on korkealaatuisen eteeniglykolin ja pehmennetyn veden yhdistelm\u00e4 hygroskooppisen siirappinesteen muodossa, joka alkaa kiteyty\u00e4 -20 \u00b0 C: ssa. CAS: 107-21-1","robots":{"index":"index","follow":"follow","max-snippet":"max-snippet:-1","max-image-preview":"max-image-preview:large","max-video-preview":"max-video-preview:-1"},"canonical":"https:\/\/masterchem.ee\/fi\/tooted-ja-teenused\/etyleeniglykoli-35-master-ews35\/","twitter_card":"summary_large_image","twitter_title":"Etyleeniglykoli 35% - Master EWS35 (CAS 107-21-1) - Chemistry For Industry - Solvents &amp; Chemicals - Masterchem.ee","twitter_description":"Etyleeniglykoli-35 (vesipitoinen glykoliliuos, Master EWS35) - on korkealaatuisen eteeniglykolin ja pehmennetyn veden yhdistelm\u00e4 hygroskooppisen siirappinesteen muodossa, joka alkaa kiteyty\u00e4 -20 \u00b0 C: ssa. CAS: 107-21-1","twitter_image":"https:\/\/masterchem.ee\/wp-content\/uploads\/2018\/02\/MONOETHYLENE-GLYCOL-1000l-MasterChem.jpg","twitter_misc":{"Arvioitu lukuaika":"2 minuuttia"},"schema":{"@context":"https:\/\/schema.org","@graph":[{"@type":"WebPage","@id":"https:\/\/masterchem.ee\/fi\/tooted-ja-teenused\/etyleeniglykoli-35-master-ews35\/","url":"https:\/\/masterchem.ee\/fi\/tooted-ja-teenused\/etyleeniglykoli-35-master-ews35\/","name":"Etyleeniglykoli 35% - Master EWS35 (CAS 107-21-1) - Chemistry For Industry - Solvents &amp; Chemicals - Masterchem.ee","isPartOf":{"@id":"https:\/\/masterchem.ee\/fi\/#website"},"primaryImageOfPage":{"@id":"https:\/\/masterchem.ee\/fi\/tooted-ja-teenused\/etyleeniglykoli-35-master-ews35\/#primaryimage"},"image":{"@id":"https:\/\/masterchem.ee\/fi\/tooted-ja-teenused\/etyleeniglykoli-35-master-ews35\/#primaryimage"},"thumbnailUrl":"https:\/\/masterchem.ee\/wp-content\/uploads\/2018\/02\/MONOETHYLENE-GLYCOL-1000l-MasterChem.jpg","datePublished":"2021-02-17T22:18:34+00:00","dateModified":"2021-09-20T06:07:45+00:00","description":"Etyleeniglykoli-35 (vesipitoinen glykoliliuos, Master EWS35) - on korkealaatuisen eteeniglykolin ja pehmennetyn veden yhdistelm\u00e4 hygroskooppisen siirappinesteen muodossa, joka alkaa kiteyty\u00e4 -20 \u00b0 C: ssa. CAS: 107-21-1","breadcrumb":{"@id":"https:\/\/masterchem.ee\/fi\/tooted-ja-teenused\/etyleeniglykoli-35-master-ews35\/#breadcrumb"},"inLanguage":"fi","potentialAction":[{"@type":"ReadAction","target":["https:\/\/masterchem.ee\/fi\/tooted-ja-teenused\/etyleeniglykoli-35-master-ews35\/"]}]},{"@type":"ImageObject","inLanguage":"fi","@id":"https:\/\/masterchem.ee\/fi\/tooted-ja-teenused\/etyleeniglykoli-35-master-ews35\/#primaryimage","url":"https:\/\/masterchem.ee\/wp-content\/uploads\/2018\/02\/MONOETHYLENE-GLYCOL-1000l-MasterChem.jpg","contentUrl":"https:\/\/masterchem.ee\/wp-content\/uploads\/2018\/02\/MONOETHYLENE-GLYCOL-1000l-MasterChem.jpg","width":1000,"height":1000,"caption":"Ethylene glycol 1000l MasterChem"},{"@type":"BreadcrumbList","@id":"https:\/\/masterchem.ee\/fi\/tooted-ja-teenused\/etyleeniglykoli-35-master-ews35\/#breadcrumb","itemListElement":[{"@type":"ListItem","position":1,"name":"Home","item":"https:\/\/masterchem.ee\/fi\/"},{"@type":"ListItem","position":2,"name":"Tooted ja teenused","item":"https:\/\/masterchem.ee\/tooted-ja-teenused\/"},{"@type":"ListItem","position":3,"name":"Etyleeniglykoli 35% &#8211; Master EWS35 (CAS 107-21-1)"}]},{"@type":"WebSite","@id":"https:\/\/masterchem.ee\/fi\/#website","url":"https:\/\/masterchem.ee\/fi\/","name":"Masterchem.ee","description":"Chemistry For Industry - Solvents &amp; Chemicals","publisher":{"@id":"https:\/\/masterchem.ee\/fi\/#organization"},"potentialAction":[{"@type":"SearchAction","target":{"@type":"EntryPoint","urlTemplate":"https:\/\/masterchem.ee\/fi\/?s={search_term_string}"},"query-input":{"@type":"PropertyValueSpecification","valueRequired":true,"valueName":"search_term_string"}}],"inLanguage":"fi"},{"@type":"Organization","@id":"https:\/\/masterchem.ee\/fi\/#organization","name":"Masterchem","url":"https:\/\/masterchem.ee\/fi\/","logo":{"@type":"ImageObject","inLanguage":"fi","@id":"https:\/\/masterchem.ee\/fi\/#\/schema\/logo\/image\/","url":"https:\/\/masterchem.ee\/wp-content\/uploads\/2018\/02\/master-chem_final-1.png","contentUrl":"https:\/\/masterchem.ee\/wp-content\/uploads\/2018\/02\/master-chem_final-1.png","width":850,"height":356,"caption":"Masterchem"},"image":{"@id":"https:\/\/masterchem.ee\/fi\/#\/schema\/logo\/image\/"}}]}},"_links":{"self":[{"href":"https:\/\/masterchem.ee\/fi\/wp-json\/wp\/v2\/product\/10935","targetHints":{"allow":["GET"]}}],"collection":[{"href":"https:\/\/masterchem.ee\/fi\/wp-json\/wp\/v2\/product"}],"about":[{"href":"https:\/\/masterchem.ee\/fi\/wp-json\/wp\/v2\/types\/product"}],"wp:featuredmedia":[{"embeddable":true,"href":"https:\/\/masterchem.ee\/fi\/wp-json\/wp\/v2\/media\/6831"}],"wp:attachment":[{"href":"https:\/\/masterchem.ee\/fi\/wp-json\/wp\/v2\/media?parent=10935"}],"wp:term":[{"taxonomy":"product_brand","embeddable":true,"href":"https:\/\/masterchem.ee\/fi\/wp-json\/wp\/v2\/product_brand?post=10935"},{"taxonomy":"product_cat","embeddable":true,"href":"https:\/\/masterchem.ee\/fi\/wp-json\/wp\/v2\/product_cat?post=10935"},{"taxonomy":"product_tag","embeddable":true,"href":"https:\/\/masterchem.ee\/fi\/wp-json\/wp\/v2\/product_tag?post=10935"}],"curies":[{"name":"wp","href":"https:\/\/api.w.org\/{rel}","templated":true}]}}