{"id":10471,"date":"2021-01-25T10:47:14","date_gmt":"2021-01-25T10:47:15","guid":{"rendered":"https:\/\/masterchem.ee\/?post_type=product&#038;p=10471"},"modified":"2022-07-15T09:59:33","modified_gmt":"2022-07-15T09:59:33","slug":"kaliumhydroksidi-hiutaleita-cas-1310-58-3","status":"publish","type":"product","link":"https:\/\/masterchem.ee\/fi\/tooted-ja-teenused\/kaliumhydroksidi-hiutaleita-cas-1310-58-3\/","title":{"rendered":"Kaliumhydroksidi (hiutaleita) (CAS 1310-58-3)"},"content":{"rendered":"<p><strong>K\u00e4ytt\u00f6 ja k\u00e4ytt\u00f6:<\/strong><br \/>\n\u2022 Muiden kaliumyhdisteiden edelt\u00e4j\u00e4<br \/>\nMonet kaliumsuolat valmistetaan neutralointireaktioilla, joihin liittyy KOH. Karbonaatin, syanidin, permanganaatin, fosfaatin ja erilaisten silikaattien kaliumsuolat valmistetaan k\u00e4sittelem\u00e4ll\u00e4 joko oksideja tai happoja KOH: lla. Kaliumfosfaatin korkea liukoisuus on toivottavaa lannoitteissa.<\/p>\n<p><strong>Pehmeiden saippuoiden valmistus<\/strong><br \/>\nRasvojen saippuoituminen KOH: lla k\u00e4ytet\u00e4\u00e4n vastaavien &#8221;kaliumsaippuoiden&#8221; valmistamiseen, jotka ovat pehme\u00e4mpi\u00e4 kuin tavallisimmat natriumhydroksidiper\u00e4iset saippuat. Pehmeytens\u00e4 ja suuremman liukoisuutensa vuoksi kaliumsaippuat tarvitsevat v\u00e4hemm\u00e4n vett\u00e4 nesteytykseen ja voivat siten sis\u00e4lt\u00e4\u00e4 enemm\u00e4n puhdistusainetta kuin nesteytetyt natriumsaippuat.<\/p>\n<p><strong>Ruokateollisuus<\/strong><br \/>\nElintarvikkeissa kaliumhydroksidi toimii ruoan sakeuttamisaineena, pH: n s\u00e4\u00e4t\u00f6aineena ja ruoan stabilointiaineena. FDA pit\u00e4\u00e4 sit\u00e4 (ihmisen suorana ainesosana) yleisesti turvallisena yhdistettyn\u00e4 &#8221;hyvien&#8221; valmistusk\u00e4yt\u00e4nt\u00f6jen k\u00e4ytt\u00f6olosuhteisiin. Se tunnetaan E-numeroj\u00e4rjestelm\u00e4ss\u00e4 nimell\u00e4 E525.<\/p>\n<p><strong>Niche-sovellukset<\/strong><br \/>\nKuten natriumhydroksidi, kaliumhydroksidi houkuttelee lukuisia erikoistuneita sovelluksia, jotka k\u00e4yt\u00e4nn\u00f6ss\u00e4 kaikki luottavat sen ominaisuuksiin vahvana kemiallisena em\u00e4ksen\u00e4 ja sen seurauksena kyvyll\u00e4 hajottaa monia materiaaleja. Esimerkiksi prosessissa, jota yleisesti kutsutaan &#8221;kemialliseksi tuhkaukseksi&#8221; tai &#8221;resomatoinniksi&#8221;, kaliumhydroksidi nopeuttaa pehmytkudosten, sek\u00e4 el\u00e4inten ett\u00e4 ihmisten, hajoamista j\u00e4tt\u00e4en j\u00e4lkeens\u00e4 vain luut ja muut kovat kudokset. Entomologit, jotka haluavat tutkia hy\u00f6nteisten anatomian hienoa rakennetta, voivat k\u00e4ytt\u00e4\u00e4 10-prosenttista KOH: n vesiliuosta t\u00e4m\u00e4n prosessin soveltamiseen.<\/p>\n<p>Kemiallisessa synteesiss\u00e4 valintaa KOH: n ja NaOH: n k\u00e4yt\u00f6n v\u00e4lill\u00e4 ohjaa tuloksena olevan suolan liukoisuus tai s\u00e4ilyvyys.<\/p>\n<p>Kaliumhydroksidin sy\u00f6vytt\u00e4v\u00e4t ominaisuudet tekev\u00e4t siit\u00e4 hy\u00f6dyllisen aineosan aineissa ja valmisteissa, jotka puhdistavat ja desinfioivat pintoja ja materiaaleja, jotka itse vastustavat KOH: n korroosiota.<\/p>\n<p>KOH: ta k\u00e4ytet\u00e4\u00e4n my\u00f6s puolijohdesirujen valmistukseen. Katso my\u00f6s: anisotrooppinen m\u00e4rk\u00e4etsaus.<\/p>\n<p>Kaliumhydroksidi on usein t\u00e4rkein vaikuttava aine kemiallisissa kynsinauhojen poistoaineissa, joita k\u00e4ytet\u00e4\u00e4n manikyyrihoidoissa.<\/p>\n<p>Koska aggressiiviset em\u00e4kset, kuten KOH, vahingoittavat hiusakselin kynsinauhaa, kaliumhydroksidia k\u00e4ytet\u00e4\u00e4n kemiallisesti auttamaan karvojen poistamista el\u00e4inten vuodista. Vuodet liotetaan useita tunteja KOH: n ja veden liuoksessa niiden valmistamiseksi parkitusprosessin karvattomaan vaiheeseen. Samaa vaikutusta k\u00e4ytet\u00e4\u00e4n my\u00f6s heikent\u00e4m\u00e4\u00e4n hiuksia ajelua varten. Preshave-tuotteet ja jotkut parranajovoiteet sis\u00e4lt\u00e4v\u00e4t kaliumhydroksidia pakottaakseen hiusnahkan avaamaan ja toimimaan hygroskooppisena aineena houkuttelemaan ja pakottamaan vett\u00e4 hiusakseliin aiheuttaen edelleen vahinkoa hiuksille. T\u00e4ss\u00e4 heikentyneess\u00e4 tilassa hiukset leikataan helpommin partater\u00e4ll\u00e4.<\/p>\n<p>Kaliumhydroksidia k\u00e4ytet\u00e4\u00e4n er\u00e4iden sienilajien tunnistamiseen. Sienen lihaan levitet\u00e4\u00e4n 3-5% KOH: n vesiliuosta ja tutkija toteaa, muuttuuko lihan v\u00e4ri vai ei. Tietyt kidutettujen sienien, purkitettujen, polyporien ja j\u00e4k\u00e4lien lajit voidaan tunnistaa t\u00e4m\u00e4n v\u00e4rimuutosreaktion perusteella.<\/p>\n<p><strong>Pakkaus:<\/strong><br \/>\n25 kg pussi<br \/>\nVarastointi:<br \/>\nS\u00e4ilyt\u00e4 kuivassa paikassa.<\/p>\n<p><strong>Fyysiset ominaisuudet:<\/strong><br \/>\nMuoto: hiutaleita<br \/>\nSulamispiste: 360 \u00b0 C<br \/>\nKiehumispiste: 1327 \u00b0 C<br \/>\nCAS: 1310-58-3<br \/>\nEC: 215-181-3<br \/>\nUN: 1813<\/p>\n","protected":false},"excerpt":{"rendered":"<p>Kaliumhydroksidi, joka tunnetaan my\u00f6s nimell\u00e4 lipe\u00e4, on ep\u00e4orgaaninen yhdiste, jolla on kemiallinen kaava KOH. Kutsutaan my\u00f6s yleisesti kaustiseksi kaliumiksi. Sit\u00e4 k\u00e4ytet\u00e4\u00e4n erilaisissa kemian-, teollisuus- ja valmistussovelluksissa. Kaliumhydroksidi on my\u00f6s muiden kaliumyhdisteiden esiaste. Kaliumhydroksidia k\u00e4ytet\u00e4\u00e4n elintarvikkeissa pH: n s\u00e4\u00e4t\u00e4miseen, stabilointiaineena ja sakeuttamisaineena.<br \/>\nEdell\u00e4 mainittujen k\u00e4ytt\u00f6tapojen lis\u00e4ksi kaliumhydroksidia k\u00e4ytet\u00e4\u00e4n my\u00f6s saippuan valmistuksessa, alkaliparistojen elektrolyyttein\u00e4, galvanoinnissa, litografiassa sek\u00e4 maalin ja lakan poistajissa. Nestem\u00e4iset viem\u00e4rinpuhdistusaineet sis\u00e4lt\u00e4v\u00e4t 25-36% kaliumhydroksidia.<\/p>\n","protected":false},"featured_media":10477,"template":"","meta":[],"product_brand":[],"product_cat":[180,294,117,120,258,153,122],"product_tag":[],"class_list":{"0":"post-10471","1":"product","2":"type-product","3":"status-publish","4":"has-post-thumbnail","6":"product_cat-uncategorized-fi-2","7":"product_cat-kosmetiikkateollisuus","8":"product_cat-kotitalouskemikaalit","9":"product_cat-laaketeollisuus","10":"product_cat-muovi-fi","11":"product_cat-puunjalostuskemikaalit","12":"product_cat-teollisuuskemikaalit","14":"first","15":"instock","16":"taxable","17":"shipping-taxable","18":"purchasable","19":"product-type-variable","20":"has-default-attributes"},"yoast_head":"<!-- This site is optimized with the Yoast SEO plugin v26.2 - https:\/\/yoast.com\/wordpress\/plugins\/seo\/ -->\n<title>Kaliumhydroksidi (hiutaleita) (CAS 1310-58-3) - Chemistry For Industry - Solvents &amp; Chemicals - Masterchem.ee<\/title>\n<meta name=\"description\" content=\"Kaliumhydroksidi, joka tunnetaan my\u00f6s nimell\u00e4 lipe\u00e4, on ep\u00e4orgaaninen yhdiste, jolla on kemiallinen kaava KOH. Kutsutaan my\u00f6s yleisesti kaustiseksi kaliumiksi. Sit\u00e4 k\u00e4ytet\u00e4\u00e4n erilaisissa kemian-, teollisuus- ja valmistussovelluksissa. Kaliumhydroksidi on my\u00f6s muiden kaliumyhdisteiden esiaste. CAS: 1310-58-3\" \/>\n<meta name=\"robots\" content=\"index, follow, max-snippet:-1, max-image-preview:large, max-video-preview:-1\" \/>\n<link rel=\"canonical\" href=\"https:\/\/masterchem.ee\/fi\/tooted-ja-teenused\/kaliumhydroksidi-hiutaleita-cas-1310-58-3\/\" \/>\n<meta name=\"twitter:card\" content=\"summary_large_image\" \/>\n<meta name=\"twitter:title\" content=\"Kaliumhydroksidi (hiutaleita) (CAS 1310-58-3) - Chemistry For Industry - Solvents &amp; Chemicals - Masterchem.ee\" \/>\n<meta name=\"twitter:description\" content=\"Kaliumhydroksidi, joka tunnetaan my\u00f6s nimell\u00e4 lipe\u00e4, on ep\u00e4orgaaninen yhdiste, jolla on kemiallinen kaava KOH. Kutsutaan my\u00f6s yleisesti kaustiseksi kaliumiksi. Sit\u00e4 k\u00e4ytet\u00e4\u00e4n erilaisissa kemian-, teollisuus- ja valmistussovelluksissa. Kaliumhydroksidi on my\u00f6s muiden kaliumyhdisteiden esiaste. CAS: 1310-58-3\" \/>\n<meta name=\"twitter:image\" content=\"https:\/\/masterchem.ee\/wp-content\/uploads\/2021\/01\/Kaaliumhudroksiid-kristalliseerunud-25kg-MasterChem.jpg\" \/>\n<meta name=\"twitter:label1\" content=\"Arvioitu lukuaika\" \/>\n\t<meta name=\"twitter:data1\" content=\"2 minuuttia\" \/>\n<script type=\"application\/ld+json\" class=\"yoast-schema-graph\">{\"@context\":\"https:\/\/schema.org\",\"@graph\":[{\"@type\":\"WebPage\",\"@id\":\"https:\/\/masterchem.ee\/fi\/tooted-ja-teenused\/kaliumhydroksidi-hiutaleita-cas-1310-58-3\/\",\"url\":\"https:\/\/masterchem.ee\/fi\/tooted-ja-teenused\/kaliumhydroksidi-hiutaleita-cas-1310-58-3\/\",\"name\":\"Kaliumhydroksidi (hiutaleita) (CAS 1310-58-3) - Chemistry For Industry - Solvents &amp; Chemicals - Masterchem.ee\",\"isPartOf\":{\"@id\":\"https:\/\/masterchem.ee\/fi\/#website\"},\"primaryImageOfPage\":{\"@id\":\"https:\/\/masterchem.ee\/fi\/tooted-ja-teenused\/kaliumhydroksidi-hiutaleita-cas-1310-58-3\/#primaryimage\"},\"image\":{\"@id\":\"https:\/\/masterchem.ee\/fi\/tooted-ja-teenused\/kaliumhydroksidi-hiutaleita-cas-1310-58-3\/#primaryimage\"},\"thumbnailUrl\":\"https:\/\/masterchem.ee\/wp-content\/uploads\/2021\/01\/Kaaliumhudroksiid-kristalliseerunud-25kg-MasterChem.jpg\",\"datePublished\":\"2021-01-25T10:47:15+00:00\",\"dateModified\":\"2022-07-15T09:59:33+00:00\",\"description\":\"Kaliumhydroksidi, joka tunnetaan my\u00f6s nimell\u00e4 lipe\u00e4, on ep\u00e4orgaaninen yhdiste, jolla on kemiallinen kaava KOH. Kutsutaan my\u00f6s yleisesti kaustiseksi kaliumiksi. Sit\u00e4 k\u00e4ytet\u00e4\u00e4n erilaisissa kemian-, teollisuus- ja valmistussovelluksissa. Kaliumhydroksidi on my\u00f6s muiden kaliumyhdisteiden esiaste. CAS: 1310-58-3\",\"breadcrumb\":{\"@id\":\"https:\/\/masterchem.ee\/fi\/tooted-ja-teenused\/kaliumhydroksidi-hiutaleita-cas-1310-58-3\/#breadcrumb\"},\"inLanguage\":\"fi\",\"potentialAction\":[{\"@type\":\"ReadAction\",\"target\":[\"https:\/\/masterchem.ee\/fi\/tooted-ja-teenused\/kaliumhydroksidi-hiutaleita-cas-1310-58-3\/\"]}]},{\"@type\":\"ImageObject\",\"inLanguage\":\"fi\",\"@id\":\"https:\/\/masterchem.ee\/fi\/tooted-ja-teenused\/kaliumhydroksidi-hiutaleita-cas-1310-58-3\/#primaryimage\",\"url\":\"https:\/\/masterchem.ee\/wp-content\/uploads\/2021\/01\/Kaaliumhudroksiid-kristalliseerunud-25kg-MasterChem.jpg\",\"contentUrl\":\"https:\/\/masterchem.ee\/wp-content\/uploads\/2021\/01\/Kaaliumhudroksiid-kristalliseerunud-25kg-MasterChem.jpg\",\"width\":1000,\"height\":1000,\"caption\":\"Kaliumhydroksidi (hiutaleita) 25kg MasterChem\"},{\"@type\":\"BreadcrumbList\",\"@id\":\"https:\/\/masterchem.ee\/fi\/tooted-ja-teenused\/kaliumhydroksidi-hiutaleita-cas-1310-58-3\/#breadcrumb\",\"itemListElement\":[{\"@type\":\"ListItem\",\"position\":1,\"name\":\"Home\",\"item\":\"https:\/\/masterchem.ee\/fi\/\"},{\"@type\":\"ListItem\",\"position\":2,\"name\":\"Tooted ja teenused\",\"item\":\"https:\/\/masterchem.ee\/tooted-ja-teenused\/\"},{\"@type\":\"ListItem\",\"position\":3,\"name\":\"Kaliumhydroksidi (hiutaleita) (CAS 1310-58-3)\"}]},{\"@type\":\"WebSite\",\"@id\":\"https:\/\/masterchem.ee\/fi\/#website\",\"url\":\"https:\/\/masterchem.ee\/fi\/\",\"name\":\"Masterchem.ee\",\"description\":\"Chemistry For Industry - Solvents &amp; Chemicals\",\"publisher\":{\"@id\":\"https:\/\/masterchem.ee\/fi\/#organization\"},\"potentialAction\":[{\"@type\":\"SearchAction\",\"target\":{\"@type\":\"EntryPoint\",\"urlTemplate\":\"https:\/\/masterchem.ee\/fi\/?s={search_term_string}\"},\"query-input\":{\"@type\":\"PropertyValueSpecification\",\"valueRequired\":true,\"valueName\":\"search_term_string\"}}],\"inLanguage\":\"fi\"},{\"@type\":\"Organization\",\"@id\":\"https:\/\/masterchem.ee\/fi\/#organization\",\"name\":\"Masterchem\",\"url\":\"https:\/\/masterchem.ee\/fi\/\",\"logo\":{\"@type\":\"ImageObject\",\"inLanguage\":\"fi\",\"@id\":\"https:\/\/masterchem.ee\/fi\/#\/schema\/logo\/image\/\",\"url\":\"https:\/\/masterchem.ee\/wp-content\/uploads\/2018\/02\/master-chem_final-1.png\",\"contentUrl\":\"https:\/\/masterchem.ee\/wp-content\/uploads\/2018\/02\/master-chem_final-1.png\",\"width\":850,\"height\":356,\"caption\":\"Masterchem\"},\"image\":{\"@id\":\"https:\/\/masterchem.ee\/fi\/#\/schema\/logo\/image\/\"}}]}<\/script>\n<!-- \/ Yoast SEO plugin. -->","yoast_head_json":{"title":"Kaliumhydroksidi (hiutaleita) (CAS 1310-58-3) - Chemistry For Industry - Solvents &amp; Chemicals - Masterchem.ee","description":"Kaliumhydroksidi, joka tunnetaan my\u00f6s nimell\u00e4 lipe\u00e4, on ep\u00e4orgaaninen yhdiste, jolla on kemiallinen kaava KOH. Kutsutaan my\u00f6s yleisesti kaustiseksi kaliumiksi. Sit\u00e4 k\u00e4ytet\u00e4\u00e4n erilaisissa kemian-, teollisuus- ja valmistussovelluksissa. Kaliumhydroksidi on my\u00f6s muiden kaliumyhdisteiden esiaste. CAS: 1310-58-3","robots":{"index":"index","follow":"follow","max-snippet":"max-snippet:-1","max-image-preview":"max-image-preview:large","max-video-preview":"max-video-preview:-1"},"canonical":"https:\/\/masterchem.ee\/fi\/tooted-ja-teenused\/kaliumhydroksidi-hiutaleita-cas-1310-58-3\/","twitter_card":"summary_large_image","twitter_title":"Kaliumhydroksidi (hiutaleita) (CAS 1310-58-3) - Chemistry For Industry - Solvents &amp; Chemicals - Masterchem.ee","twitter_description":"Kaliumhydroksidi, joka tunnetaan my\u00f6s nimell\u00e4 lipe\u00e4, on ep\u00e4orgaaninen yhdiste, jolla on kemiallinen kaava KOH. Kutsutaan my\u00f6s yleisesti kaustiseksi kaliumiksi. Sit\u00e4 k\u00e4ytet\u00e4\u00e4n erilaisissa kemian-, teollisuus- ja valmistussovelluksissa. Kaliumhydroksidi on my\u00f6s muiden kaliumyhdisteiden esiaste. CAS: 1310-58-3","twitter_image":"https:\/\/masterchem.ee\/wp-content\/uploads\/2021\/01\/Kaaliumhudroksiid-kristalliseerunud-25kg-MasterChem.jpg","twitter_misc":{"Arvioitu lukuaika":"2 minuuttia"},"schema":{"@context":"https:\/\/schema.org","@graph":[{"@type":"WebPage","@id":"https:\/\/masterchem.ee\/fi\/tooted-ja-teenused\/kaliumhydroksidi-hiutaleita-cas-1310-58-3\/","url":"https:\/\/masterchem.ee\/fi\/tooted-ja-teenused\/kaliumhydroksidi-hiutaleita-cas-1310-58-3\/","name":"Kaliumhydroksidi (hiutaleita) (CAS 1310-58-3) - Chemistry For Industry - Solvents &amp; Chemicals - Masterchem.ee","isPartOf":{"@id":"https:\/\/masterchem.ee\/fi\/#website"},"primaryImageOfPage":{"@id":"https:\/\/masterchem.ee\/fi\/tooted-ja-teenused\/kaliumhydroksidi-hiutaleita-cas-1310-58-3\/#primaryimage"},"image":{"@id":"https:\/\/masterchem.ee\/fi\/tooted-ja-teenused\/kaliumhydroksidi-hiutaleita-cas-1310-58-3\/#primaryimage"},"thumbnailUrl":"https:\/\/masterchem.ee\/wp-content\/uploads\/2021\/01\/Kaaliumhudroksiid-kristalliseerunud-25kg-MasterChem.jpg","datePublished":"2021-01-25T10:47:15+00:00","dateModified":"2022-07-15T09:59:33+00:00","description":"Kaliumhydroksidi, joka tunnetaan my\u00f6s nimell\u00e4 lipe\u00e4, on ep\u00e4orgaaninen yhdiste, jolla on kemiallinen kaava KOH. Kutsutaan my\u00f6s yleisesti kaustiseksi kaliumiksi. Sit\u00e4 k\u00e4ytet\u00e4\u00e4n erilaisissa kemian-, teollisuus- ja valmistussovelluksissa. Kaliumhydroksidi on my\u00f6s muiden kaliumyhdisteiden esiaste. CAS: 1310-58-3","breadcrumb":{"@id":"https:\/\/masterchem.ee\/fi\/tooted-ja-teenused\/kaliumhydroksidi-hiutaleita-cas-1310-58-3\/#breadcrumb"},"inLanguage":"fi","potentialAction":[{"@type":"ReadAction","target":["https:\/\/masterchem.ee\/fi\/tooted-ja-teenused\/kaliumhydroksidi-hiutaleita-cas-1310-58-3\/"]}]},{"@type":"ImageObject","inLanguage":"fi","@id":"https:\/\/masterchem.ee\/fi\/tooted-ja-teenused\/kaliumhydroksidi-hiutaleita-cas-1310-58-3\/#primaryimage","url":"https:\/\/masterchem.ee\/wp-content\/uploads\/2021\/01\/Kaaliumhudroksiid-kristalliseerunud-25kg-MasterChem.jpg","contentUrl":"https:\/\/masterchem.ee\/wp-content\/uploads\/2021\/01\/Kaaliumhudroksiid-kristalliseerunud-25kg-MasterChem.jpg","width":1000,"height":1000,"caption":"Kaliumhydroksidi (hiutaleita) 25kg MasterChem"},{"@type":"BreadcrumbList","@id":"https:\/\/masterchem.ee\/fi\/tooted-ja-teenused\/kaliumhydroksidi-hiutaleita-cas-1310-58-3\/#breadcrumb","itemListElement":[{"@type":"ListItem","position":1,"name":"Home","item":"https:\/\/masterchem.ee\/fi\/"},{"@type":"ListItem","position":2,"name":"Tooted ja teenused","item":"https:\/\/masterchem.ee\/tooted-ja-teenused\/"},{"@type":"ListItem","position":3,"name":"Kaliumhydroksidi (hiutaleita) (CAS 1310-58-3)"}]},{"@type":"WebSite","@id":"https:\/\/masterchem.ee\/fi\/#website","url":"https:\/\/masterchem.ee\/fi\/","name":"Masterchem.ee","description":"Chemistry For Industry - Solvents &amp; Chemicals","publisher":{"@id":"https:\/\/masterchem.ee\/fi\/#organization"},"potentialAction":[{"@type":"SearchAction","target":{"@type":"EntryPoint","urlTemplate":"https:\/\/masterchem.ee\/fi\/?s={search_term_string}"},"query-input":{"@type":"PropertyValueSpecification","valueRequired":true,"valueName":"search_term_string"}}],"inLanguage":"fi"},{"@type":"Organization","@id":"https:\/\/masterchem.ee\/fi\/#organization","name":"Masterchem","url":"https:\/\/masterchem.ee\/fi\/","logo":{"@type":"ImageObject","inLanguage":"fi","@id":"https:\/\/masterchem.ee\/fi\/#\/schema\/logo\/image\/","url":"https:\/\/masterchem.ee\/wp-content\/uploads\/2018\/02\/master-chem_final-1.png","contentUrl":"https:\/\/masterchem.ee\/wp-content\/uploads\/2018\/02\/master-chem_final-1.png","width":850,"height":356,"caption":"Masterchem"},"image":{"@id":"https:\/\/masterchem.ee\/fi\/#\/schema\/logo\/image\/"}}]}},"_links":{"self":[{"href":"https:\/\/masterchem.ee\/fi\/wp-json\/wp\/v2\/product\/10471","targetHints":{"allow":["GET"]}}],"collection":[{"href":"https:\/\/masterchem.ee\/fi\/wp-json\/wp\/v2\/product"}],"about":[{"href":"https:\/\/masterchem.ee\/fi\/wp-json\/wp\/v2\/types\/product"}],"wp:featuredmedia":[{"embeddable":true,"href":"https:\/\/masterchem.ee\/fi\/wp-json\/wp\/v2\/media\/10477"}],"wp:attachment":[{"href":"https:\/\/masterchem.ee\/fi\/wp-json\/wp\/v2\/media?parent=10471"}],"wp:term":[{"taxonomy":"product_brand","embeddable":true,"href":"https:\/\/masterchem.ee\/fi\/wp-json\/wp\/v2\/product_brand?post=10471"},{"taxonomy":"product_cat","embeddable":true,"href":"https:\/\/masterchem.ee\/fi\/wp-json\/wp\/v2\/product_cat?post=10471"},{"taxonomy":"product_tag","embeddable":true,"href":"https:\/\/masterchem.ee\/fi\/wp-json\/wp\/v2\/product_tag?post=10471"}],"curies":[{"name":"wp","href":"https:\/\/api.w.org\/{rel}","templated":true}]}}