{"id":10391,"date":"2021-01-25T05:59:13","date_gmt":"2021-01-25T05:59:16","guid":{"rendered":"https:\/\/masterchem.ee\/?post_type=product&#038;p=10391"},"modified":"2021-06-27T10:21:25","modified_gmt":"2021-06-27T10:21:25","slug":"liuotin-rt-6006","status":"publish","type":"product","link":"https:\/\/masterchem.ee\/fi\/tooted-ja-teenused\/liuotin-rt-6006\/","title":{"rendered":"Liuotin RT-6006"},"content":{"rendered":"<p><strong>Pakkaus:<\/strong><br \/>\n0,5L metallipullo<br \/>\n5L muovikanisteri<br \/>\n10L muovis\u00e4ili\u00f6<br \/>\n20L metallikauha un<br \/>\n25L muovis\u00e4ili\u00f6<br \/>\n200L tynnyri<br \/>\n640L IBC-s\u00e4ili\u00f6<br \/>\n1000L IBC-s\u00e4ili\u00f6<\/p>\n<p><strong>Varastointi:<\/strong><br \/>\nS\u00e4ilyt\u00e4 tiukasti valmistajan pakkauksessa, korkit.<\/p>\n<p><strong>Fyysiset ominaisuudet:<\/strong><br \/>\nTiheys: 0,76 g \/ m3<br \/>\nHaihdutusl\u00e4mp\u00f6tila: 80-120 \u00b0 C<br \/>\nLeimahdusl\u00e4mp\u00f6tila: \u221217 \u00b0 C<br \/>\nitsesyttymisl\u00e4mp\u00f6tila &#8211; 270 \u00b0 C.<\/p>\n","protected":false},"excerpt":{"rendered":"<p>Liuotin RT-6006 &#8211; on liuotin kumituotteiden valmistukseen. Valmistettu v\u00e4h\u00e4rikkisten \u00f6ljytuotteiden dearomatisoidun suoratislausbensiinin kevyiden jakeiden perusteella.<br \/>\nLiuotin RT-6006 kuuluu 4. vaaraluokkaan (matala vaara).<\/p>\n<p><strong>K\u00e4ytt\u00f6 ja k\u00e4ytt\u00f6:<\/strong><br \/>\nLiuotin RT-6006  k\u00e4ytet\u00e4\u00e4n kumiteollisuudessa putkien ja hihnojen tuotantoon; kumiliimojen ja erilaisten mastiksien, painov\u00e4rien valmistamiseen.<\/p>\n<p>Maalien ja lakkojen liuottamiseen ja ty\u00f6st\u00e4miseen.<\/p>\n<p> Liuotinta RT-6006 k\u00e4ytet\u00e4\u00e4n my\u00f6s kankaiden ja nahan rasvanpoistoon, s\u00e4hk\u00f6laitteiden, pintojen (ennen maalausta ja ei vain) rasvanpoistoon, laakereiden, varusteiden pesuun ennen konservointia, erityisten nopeasti kuivuvien \u00f6ljyv\u00e4rimaalien, s\u00e4hk\u00f6eristyslakkojen, \u00f6ljyn, bitumi- ja etyleenimaalien ja -lakkojen, epoksihartsien, poistamalla pienet rasva- ja \u00f6ljytahrat kaikentyyppisest\u00e4 kankaasta; Suositellaan polttoaineena bensiinipuhaltimiin. Lis\u00e4ksi on mahdollista k\u00e4ytt\u00e4\u00e4 t\u00e4m\u00e4n tyyppist\u00e4 bensiini\u00e4 katalyyttisten l\u00e4mmitystyyppien polttoaineena, sit\u00e4 voidaan k\u00e4ytt\u00e4\u00e4 my\u00f6s orgaanisessa kemiassa ja sit\u00e4 k\u00e4ytet\u00e4\u00e4n useimmiten automaattivaihteistojen, moottoreiden ja muiden aggregaattiyksik\u00f6iden korjauksessa. V\u00e4ltt\u00e4m\u00e4t\u00f6n optisessa teollisuudessa<\/p>\n","protected":false},"featured_media":10439,"template":"","meta":[],"product_brand":[],"product_cat":[180,115,154,152,227],"product_tag":[],"class_list":{"0":"post-10391","1":"product","2":"type-product","3":"status-publish","4":"has-post-thumbnail","6":"product_cat-uncategorized-fi-2","7":"product_cat-auton-ja-koneiden-kemikaalit","8":"product_cat-tien-maalaus","9":"product_cat-tipografiset-kemikaalit","10":"product_cat-uncategorised-fi","11":"pif-has-gallery","13":"first","14":"instock","15":"taxable","16":"shipping-taxable","17":"purchasable","18":"product-type-variable","19":"has-default-attributes"},"yoast_head":"<!-- This site is optimized with the Yoast SEO plugin v26.2 - https:\/\/yoast.com\/wordpress\/plugins\/seo\/ -->\n<title>Liuotin RT-6006 - Chemistry For Industry - Solvents &amp; Chemicals - Masterchem.ee<\/title>\n<meta name=\"description\" content=\"K\u00e4ytt\u00f6 ja k\u00e4ytt\u00f6: K\u00e4ytet\u00e4\u00e4n paino- ja huonekaluteollisuudessa pesukoneisiin, maalauslinjoihin ja kuljettimiin, vahingoittamatta niiden kumielementtej\u00e4.\" \/>\n<meta name=\"robots\" content=\"index, follow, max-snippet:-1, max-image-preview:large, max-video-preview:-1\" \/>\n<link rel=\"canonical\" href=\"https:\/\/masterchem.ee\/fi\/tooted-ja-teenused\/liuotin-rt-6006\/\" \/>\n<meta name=\"twitter:card\" content=\"summary_large_image\" \/>\n<meta name=\"twitter:title\" content=\"Liuotin RT-6006 - Chemistry For Industry - Solvents &amp; Chemicals - Masterchem.ee\" \/>\n<meta name=\"twitter:description\" content=\"K\u00e4ytt\u00f6 ja k\u00e4ytt\u00f6: K\u00e4ytet\u00e4\u00e4n paino- ja huonekaluteollisuudessa pesukoneisiin, maalauslinjoihin ja kuljettimiin, vahingoittamatta niiden kumielementtej\u00e4.\" \/>\n<meta name=\"twitter:image\" content=\"https:\/\/masterchem.ee\/wp-content\/uploads\/2021\/01\/Lahusti-RT-6006-Lahusti-kummitoodete-tootmiseks-1000l-MasterChem.jpg\" \/>\n<script type=\"application\/ld+json\" class=\"yoast-schema-graph\">{\"@context\":\"https:\/\/schema.org\",\"@graph\":[{\"@type\":\"WebPage\",\"@id\":\"https:\/\/masterchem.ee\/fi\/tooted-ja-teenused\/liuotin-rt-6006\/\",\"url\":\"https:\/\/masterchem.ee\/fi\/tooted-ja-teenused\/liuotin-rt-6006\/\",\"name\":\"Liuotin RT-6006 - Chemistry For Industry - Solvents &amp; Chemicals - Masterchem.ee\",\"isPartOf\":{\"@id\":\"https:\/\/masterchem.ee\/fi\/#website\"},\"primaryImageOfPage\":{\"@id\":\"https:\/\/masterchem.ee\/fi\/tooted-ja-teenused\/liuotin-rt-6006\/#primaryimage\"},\"image\":{\"@id\":\"https:\/\/masterchem.ee\/fi\/tooted-ja-teenused\/liuotin-rt-6006\/#primaryimage\"},\"thumbnailUrl\":\"https:\/\/masterchem.ee\/wp-content\/uploads\/2021\/01\/Lahusti-RT-6006-Lahusti-kummitoodete-tootmiseks-1000l-MasterChem.jpg\",\"datePublished\":\"2021-01-25T05:59:16+00:00\",\"dateModified\":\"2021-06-27T10:21:25+00:00\",\"description\":\"K\u00e4ytt\u00f6 ja k\u00e4ytt\u00f6: K\u00e4ytet\u00e4\u00e4n paino- ja huonekaluteollisuudessa pesukoneisiin, maalauslinjoihin ja kuljettimiin, vahingoittamatta niiden kumielementtej\u00e4.\",\"breadcrumb\":{\"@id\":\"https:\/\/masterchem.ee\/fi\/tooted-ja-teenused\/liuotin-rt-6006\/#breadcrumb\"},\"inLanguage\":\"fi\",\"potentialAction\":[{\"@type\":\"ReadAction\",\"target\":[\"https:\/\/masterchem.ee\/fi\/tooted-ja-teenused\/liuotin-rt-6006\/\"]}]},{\"@type\":\"ImageObject\",\"inLanguage\":\"fi\",\"@id\":\"https:\/\/masterchem.ee\/fi\/tooted-ja-teenused\/liuotin-rt-6006\/#primaryimage\",\"url\":\"https:\/\/masterchem.ee\/wp-content\/uploads\/2021\/01\/Lahusti-RT-6006-Lahusti-kummitoodete-tootmiseks-1000l-MasterChem.jpg\",\"contentUrl\":\"https:\/\/masterchem.ee\/wp-content\/uploads\/2021\/01\/Lahusti-RT-6006-Lahusti-kummitoodete-tootmiseks-1000l-MasterChem.jpg\",\"width\":1000,\"height\":1000,\"caption\":\"Liuotin RT-6006 1000l MaterChem\"},{\"@type\":\"BreadcrumbList\",\"@id\":\"https:\/\/masterchem.ee\/fi\/tooted-ja-teenused\/liuotin-rt-6006\/#breadcrumb\",\"itemListElement\":[{\"@type\":\"ListItem\",\"position\":1,\"name\":\"Home\",\"item\":\"https:\/\/masterchem.ee\/fi\/\"},{\"@type\":\"ListItem\",\"position\":2,\"name\":\"Tooted ja teenused\",\"item\":\"https:\/\/masterchem.ee\/tooted-ja-teenused\/\"},{\"@type\":\"ListItem\",\"position\":3,\"name\":\"Liuotin RT-6006\"}]},{\"@type\":\"WebSite\",\"@id\":\"https:\/\/masterchem.ee\/fi\/#website\",\"url\":\"https:\/\/masterchem.ee\/fi\/\",\"name\":\"Masterchem.ee\",\"description\":\"Chemistry For Industry - Solvents &amp; Chemicals\",\"publisher\":{\"@id\":\"https:\/\/masterchem.ee\/fi\/#organization\"},\"potentialAction\":[{\"@type\":\"SearchAction\",\"target\":{\"@type\":\"EntryPoint\",\"urlTemplate\":\"https:\/\/masterchem.ee\/fi\/?s={search_term_string}\"},\"query-input\":{\"@type\":\"PropertyValueSpecification\",\"valueRequired\":true,\"valueName\":\"search_term_string\"}}],\"inLanguage\":\"fi\"},{\"@type\":\"Organization\",\"@id\":\"https:\/\/masterchem.ee\/fi\/#organization\",\"name\":\"Masterchem\",\"url\":\"https:\/\/masterchem.ee\/fi\/\",\"logo\":{\"@type\":\"ImageObject\",\"inLanguage\":\"fi\",\"@id\":\"https:\/\/masterchem.ee\/fi\/#\/schema\/logo\/image\/\",\"url\":\"https:\/\/masterchem.ee\/wp-content\/uploads\/2018\/02\/master-chem_final-1.png\",\"contentUrl\":\"https:\/\/masterchem.ee\/wp-content\/uploads\/2018\/02\/master-chem_final-1.png\",\"width\":850,\"height\":356,\"caption\":\"Masterchem\"},\"image\":{\"@id\":\"https:\/\/masterchem.ee\/fi\/#\/schema\/logo\/image\/\"}}]}<\/script>\n<!-- \/ Yoast SEO plugin. -->","yoast_head_json":{"title":"Liuotin RT-6006 - Chemistry For Industry - Solvents &amp; Chemicals - Masterchem.ee","description":"K\u00e4ytt\u00f6 ja k\u00e4ytt\u00f6: K\u00e4ytet\u00e4\u00e4n paino- ja huonekaluteollisuudessa pesukoneisiin, maalauslinjoihin ja kuljettimiin, vahingoittamatta niiden kumielementtej\u00e4.","robots":{"index":"index","follow":"follow","max-snippet":"max-snippet:-1","max-image-preview":"max-image-preview:large","max-video-preview":"max-video-preview:-1"},"canonical":"https:\/\/masterchem.ee\/fi\/tooted-ja-teenused\/liuotin-rt-6006\/","twitter_card":"summary_large_image","twitter_title":"Liuotin RT-6006 - Chemistry For Industry - Solvents &amp; Chemicals - Masterchem.ee","twitter_description":"K\u00e4ytt\u00f6 ja k\u00e4ytt\u00f6: K\u00e4ytet\u00e4\u00e4n paino- ja huonekaluteollisuudessa pesukoneisiin, maalauslinjoihin ja kuljettimiin, vahingoittamatta niiden kumielementtej\u00e4.","twitter_image":"https:\/\/masterchem.ee\/wp-content\/uploads\/2021\/01\/Lahusti-RT-6006-Lahusti-kummitoodete-tootmiseks-1000l-MasterChem.jpg","schema":{"@context":"https:\/\/schema.org","@graph":[{"@type":"WebPage","@id":"https:\/\/masterchem.ee\/fi\/tooted-ja-teenused\/liuotin-rt-6006\/","url":"https:\/\/masterchem.ee\/fi\/tooted-ja-teenused\/liuotin-rt-6006\/","name":"Liuotin RT-6006 - Chemistry For Industry - Solvents &amp; Chemicals - Masterchem.ee","isPartOf":{"@id":"https:\/\/masterchem.ee\/fi\/#website"},"primaryImageOfPage":{"@id":"https:\/\/masterchem.ee\/fi\/tooted-ja-teenused\/liuotin-rt-6006\/#primaryimage"},"image":{"@id":"https:\/\/masterchem.ee\/fi\/tooted-ja-teenused\/liuotin-rt-6006\/#primaryimage"},"thumbnailUrl":"https:\/\/masterchem.ee\/wp-content\/uploads\/2021\/01\/Lahusti-RT-6006-Lahusti-kummitoodete-tootmiseks-1000l-MasterChem.jpg","datePublished":"2021-01-25T05:59:16+00:00","dateModified":"2021-06-27T10:21:25+00:00","description":"K\u00e4ytt\u00f6 ja k\u00e4ytt\u00f6: K\u00e4ytet\u00e4\u00e4n paino- ja huonekaluteollisuudessa pesukoneisiin, maalauslinjoihin ja kuljettimiin, vahingoittamatta niiden kumielementtej\u00e4.","breadcrumb":{"@id":"https:\/\/masterchem.ee\/fi\/tooted-ja-teenused\/liuotin-rt-6006\/#breadcrumb"},"inLanguage":"fi","potentialAction":[{"@type":"ReadAction","target":["https:\/\/masterchem.ee\/fi\/tooted-ja-teenused\/liuotin-rt-6006\/"]}]},{"@type":"ImageObject","inLanguage":"fi","@id":"https:\/\/masterchem.ee\/fi\/tooted-ja-teenused\/liuotin-rt-6006\/#primaryimage","url":"https:\/\/masterchem.ee\/wp-content\/uploads\/2021\/01\/Lahusti-RT-6006-Lahusti-kummitoodete-tootmiseks-1000l-MasterChem.jpg","contentUrl":"https:\/\/masterchem.ee\/wp-content\/uploads\/2021\/01\/Lahusti-RT-6006-Lahusti-kummitoodete-tootmiseks-1000l-MasterChem.jpg","width":1000,"height":1000,"caption":"Liuotin RT-6006 1000l MaterChem"},{"@type":"BreadcrumbList","@id":"https:\/\/masterchem.ee\/fi\/tooted-ja-teenused\/liuotin-rt-6006\/#breadcrumb","itemListElement":[{"@type":"ListItem","position":1,"name":"Home","item":"https:\/\/masterchem.ee\/fi\/"},{"@type":"ListItem","position":2,"name":"Tooted ja teenused","item":"https:\/\/masterchem.ee\/tooted-ja-teenused\/"},{"@type":"ListItem","position":3,"name":"Liuotin RT-6006"}]},{"@type":"WebSite","@id":"https:\/\/masterchem.ee\/fi\/#website","url":"https:\/\/masterchem.ee\/fi\/","name":"Masterchem.ee","description":"Chemistry For Industry - Solvents &amp; Chemicals","publisher":{"@id":"https:\/\/masterchem.ee\/fi\/#organization"},"potentialAction":[{"@type":"SearchAction","target":{"@type":"EntryPoint","urlTemplate":"https:\/\/masterchem.ee\/fi\/?s={search_term_string}"},"query-input":{"@type":"PropertyValueSpecification","valueRequired":true,"valueName":"search_term_string"}}],"inLanguage":"fi"},{"@type":"Organization","@id":"https:\/\/masterchem.ee\/fi\/#organization","name":"Masterchem","url":"https:\/\/masterchem.ee\/fi\/","logo":{"@type":"ImageObject","inLanguage":"fi","@id":"https:\/\/masterchem.ee\/fi\/#\/schema\/logo\/image\/","url":"https:\/\/masterchem.ee\/wp-content\/uploads\/2018\/02\/master-chem_final-1.png","contentUrl":"https:\/\/masterchem.ee\/wp-content\/uploads\/2018\/02\/master-chem_final-1.png","width":850,"height":356,"caption":"Masterchem"},"image":{"@id":"https:\/\/masterchem.ee\/fi\/#\/schema\/logo\/image\/"}}]}},"_links":{"self":[{"href":"https:\/\/masterchem.ee\/fi\/wp-json\/wp\/v2\/product\/10391","targetHints":{"allow":["GET"]}}],"collection":[{"href":"https:\/\/masterchem.ee\/fi\/wp-json\/wp\/v2\/product"}],"about":[{"href":"https:\/\/masterchem.ee\/fi\/wp-json\/wp\/v2\/types\/product"}],"wp:featuredmedia":[{"embeddable":true,"href":"https:\/\/masterchem.ee\/fi\/wp-json\/wp\/v2\/media\/10439"}],"wp:attachment":[{"href":"https:\/\/masterchem.ee\/fi\/wp-json\/wp\/v2\/media?parent=10391"}],"wp:term":[{"taxonomy":"product_brand","embeddable":true,"href":"https:\/\/masterchem.ee\/fi\/wp-json\/wp\/v2\/product_brand?post=10391"},{"taxonomy":"product_cat","embeddable":true,"href":"https:\/\/masterchem.ee\/fi\/wp-json\/wp\/v2\/product_cat?post=10391"},{"taxonomy":"product_tag","embeddable":true,"href":"https:\/\/masterchem.ee\/fi\/wp-json\/wp\/v2\/product_tag?post=10391"}],"curies":[{"name":"wp","href":"https:\/\/api.w.org\/{rel}","templated":true}]}}