{"id":10299,"date":"2021-01-24T22:48:03","date_gmt":"2021-01-24T22:48:06","guid":{"rendered":"https:\/\/masterchem.ee\/?post_type=product&#038;p=10299"},"modified":"2021-06-27T09:40:33","modified_gmt":"2021-06-27T09:40:33","slug":"liuotin-i-5008","status":"publish","type":"product","link":"https:\/\/masterchem.ee\/fi\/tooted-ja-teenused\/liuotin-i-5008\/","title":{"rendered":"Liuotin I-5008"},"content":{"rendered":"<p><strong>K\u00e4ytt\u00f6 ja k\u00e4ytt\u00f6:<\/strong><br \/>\nK\u00e4ytt\u00f6 ja k\u00e4ytt\u00f6: K\u00e4ytet\u00e4\u00e4n paino- ja huonekaluteollisuudessa pesukoneisiin, maalauslinjoihin ja kuljettimiin, vahingoittamatta niiden kumielementtej\u00e4.<\/p>\n<p><strong>Pakkaus:<\/strong><\/p>\n<p>0,5L metallipullo<br \/>\n5L muovikanisteri<br \/>\n10L muovis\u00e4ili\u00f6<br \/>\n20L metallikauha un<br \/>\n25L muovis\u00e4ili\u00f6<br \/>\n200L tynnyri<br \/>\n640L IBC-s\u00e4ili\u00f6<br \/>\n1000L IBC-s\u00e4ili\u00f6<\/p>\n<p><strong>Fyysiset ominaisuudet:<\/strong><br \/>\nTiheys: 0.82g\/cm3<br \/>\nV\u00e4ri: L\u00e4pin\u00e4kyv\u00e4.<br \/>\nHaju: Spesifinen, alkoholipitoinen. <\/p>\n","protected":false},"excerpt":{"rendered":"<p>Liuotin I-5008: Yleinen liuotin laitteiden puhdistukseen vesipohjaisten maalien j\u00e4lkeen.<br \/>\nLiuotin I-5008: Sopii ohennettaville maaleille, vesipohjaisille pohjamaaleille.<br \/>\nLiuotin I-5008: Sill\u00e4 on ainutlaatuiset ominaisuudet pest\u00e4 kaikki polymeerij\u00e4\u00e4m\u00e4t ja p\u00f6ly johtuen korkealaatuisten alkoholien seoksesta: Etanool, n-But\u00fc\u00fclatsetaat, 1-metoksi 2-propanoli, Propaan-2-ool.<br \/>\nLiuotin I-5008: Haihtuva orgaaninen yhdiste (VOC): 550 g \/ L<\/p>\n","protected":false},"featured_media":10371,"template":"","meta":[],"product_brand":[],"product_cat":[180,153,152,227],"product_tag":[],"class_list":{"0":"post-10299","1":"product","2":"type-product","3":"status-publish","4":"has-post-thumbnail","6":"product_cat-uncategorized-fi-2","7":"product_cat-puunjalostuskemikaalit","8":"product_cat-tipografiset-kemikaalit","9":"product_cat-uncategorised-fi","10":"pif-has-gallery","12":"first","13":"instock","14":"featured","15":"taxable","16":"shipping-taxable","17":"purchasable","18":"product-type-variable","19":"has-default-attributes"},"yoast_head":"<!-- This site is optimized with the Yoast SEO plugin v26.2 - https:\/\/yoast.com\/wordpress\/plugins\/seo\/ -->\n<title>Liuotin I-5008 - Chemistry For Industry - Solvents &amp; Chemicals - Masterchem.ee<\/title>\n<meta name=\"description\" content=\"K\u00e4ytt\u00f6 ja k\u00e4ytt\u00f6: K\u00e4ytet\u00e4\u00e4n paino- ja huonekaluteollisuudessa pesukoneisiin, maalauslinjoihin ja kuljettimiin, vahingoittamatta niiden kumielementtej\u00e4.\" \/>\n<meta name=\"robots\" content=\"index, follow, max-snippet:-1, max-image-preview:large, max-video-preview:-1\" \/>\n<link rel=\"canonical\" href=\"https:\/\/masterchem.ee\/fi\/tooted-ja-teenused\/liuotin-i-5008\/\" \/>\n<meta name=\"twitter:card\" content=\"summary_large_image\" \/>\n<meta name=\"twitter:title\" content=\"Liuotin I-5008 - Chemistry For Industry - Solvents &amp; Chemicals - Masterchem.ee\" \/>\n<meta name=\"twitter:description\" content=\"K\u00e4ytt\u00f6 ja k\u00e4ytt\u00f6: K\u00e4ytet\u00e4\u00e4n paino- ja huonekaluteollisuudessa pesukoneisiin, maalauslinjoihin ja kuljettimiin, vahingoittamatta niiden kumielementtej\u00e4.\" \/>\n<meta name=\"twitter:image\" content=\"https:\/\/masterchem.ee\/wp-content\/uploads\/2021\/01\/Lahusti-I-5008-1000l-MasterChem.jpg\" \/>\n<script type=\"application\/ld+json\" class=\"yoast-schema-graph\">{\"@context\":\"https:\/\/schema.org\",\"@graph\":[{\"@type\":\"WebPage\",\"@id\":\"https:\/\/masterchem.ee\/fi\/tooted-ja-teenused\/liuotin-i-5008\/\",\"url\":\"https:\/\/masterchem.ee\/fi\/tooted-ja-teenused\/liuotin-i-5008\/\",\"name\":\"Liuotin I-5008 - Chemistry For Industry - Solvents &amp; Chemicals - Masterchem.ee\",\"isPartOf\":{\"@id\":\"https:\/\/masterchem.ee\/fi\/#website\"},\"primaryImageOfPage\":{\"@id\":\"https:\/\/masterchem.ee\/fi\/tooted-ja-teenused\/liuotin-i-5008\/#primaryimage\"},\"image\":{\"@id\":\"https:\/\/masterchem.ee\/fi\/tooted-ja-teenused\/liuotin-i-5008\/#primaryimage\"},\"thumbnailUrl\":\"https:\/\/masterchem.ee\/wp-content\/uploads\/2021\/01\/Lahusti-I-5008-1000l-MasterChem.jpg\",\"datePublished\":\"2021-01-24T22:48:06+00:00\",\"dateModified\":\"2021-06-27T09:40:33+00:00\",\"description\":\"K\u00e4ytt\u00f6 ja k\u00e4ytt\u00f6: K\u00e4ytet\u00e4\u00e4n paino- ja huonekaluteollisuudessa pesukoneisiin, maalauslinjoihin ja kuljettimiin, vahingoittamatta niiden kumielementtej\u00e4.\",\"breadcrumb\":{\"@id\":\"https:\/\/masterchem.ee\/fi\/tooted-ja-teenused\/liuotin-i-5008\/#breadcrumb\"},\"inLanguage\":\"fi\",\"potentialAction\":[{\"@type\":\"ReadAction\",\"target\":[\"https:\/\/masterchem.ee\/fi\/tooted-ja-teenused\/liuotin-i-5008\/\"]}]},{\"@type\":\"ImageObject\",\"inLanguage\":\"fi\",\"@id\":\"https:\/\/masterchem.ee\/fi\/tooted-ja-teenused\/liuotin-i-5008\/#primaryimage\",\"url\":\"https:\/\/masterchem.ee\/wp-content\/uploads\/2021\/01\/Lahusti-I-5008-1000l-MasterChem.jpg\",\"contentUrl\":\"https:\/\/masterchem.ee\/wp-content\/uploads\/2021\/01\/Lahusti-I-5008-1000l-MasterChem.jpg\",\"width\":1000,\"height\":1000,\"caption\":\"Liuotin I-5008 1000l MaterChem\"},{\"@type\":\"BreadcrumbList\",\"@id\":\"https:\/\/masterchem.ee\/fi\/tooted-ja-teenused\/liuotin-i-5008\/#breadcrumb\",\"itemListElement\":[{\"@type\":\"ListItem\",\"position\":1,\"name\":\"Home\",\"item\":\"https:\/\/masterchem.ee\/fi\/\"},{\"@type\":\"ListItem\",\"position\":2,\"name\":\"Tooted ja teenused\",\"item\":\"https:\/\/masterchem.ee\/tooted-ja-teenused\/\"},{\"@type\":\"ListItem\",\"position\":3,\"name\":\"Liuotin I-5008\"}]},{\"@type\":\"WebSite\",\"@id\":\"https:\/\/masterchem.ee\/fi\/#website\",\"url\":\"https:\/\/masterchem.ee\/fi\/\",\"name\":\"Masterchem.ee\",\"description\":\"Chemistry For Industry - Solvents &amp; Chemicals\",\"publisher\":{\"@id\":\"https:\/\/masterchem.ee\/fi\/#organization\"},\"potentialAction\":[{\"@type\":\"SearchAction\",\"target\":{\"@type\":\"EntryPoint\",\"urlTemplate\":\"https:\/\/masterchem.ee\/fi\/?s={search_term_string}\"},\"query-input\":{\"@type\":\"PropertyValueSpecification\",\"valueRequired\":true,\"valueName\":\"search_term_string\"}}],\"inLanguage\":\"fi\"},{\"@type\":\"Organization\",\"@id\":\"https:\/\/masterchem.ee\/fi\/#organization\",\"name\":\"Masterchem\",\"url\":\"https:\/\/masterchem.ee\/fi\/\",\"logo\":{\"@type\":\"ImageObject\",\"inLanguage\":\"fi\",\"@id\":\"https:\/\/masterchem.ee\/fi\/#\/schema\/logo\/image\/\",\"url\":\"https:\/\/masterchem.ee\/wp-content\/uploads\/2018\/02\/master-chem_final-1.png\",\"contentUrl\":\"https:\/\/masterchem.ee\/wp-content\/uploads\/2018\/02\/master-chem_final-1.png\",\"width\":850,\"height\":356,\"caption\":\"Masterchem\"},\"image\":{\"@id\":\"https:\/\/masterchem.ee\/fi\/#\/schema\/logo\/image\/\"}}]}<\/script>\n<!-- \/ Yoast SEO plugin. -->","yoast_head_json":{"title":"Liuotin I-5008 - Chemistry For Industry - Solvents &amp; Chemicals - Masterchem.ee","description":"K\u00e4ytt\u00f6 ja k\u00e4ytt\u00f6: K\u00e4ytet\u00e4\u00e4n paino- ja huonekaluteollisuudessa pesukoneisiin, maalauslinjoihin ja kuljettimiin, vahingoittamatta niiden kumielementtej\u00e4.","robots":{"index":"index","follow":"follow","max-snippet":"max-snippet:-1","max-image-preview":"max-image-preview:large","max-video-preview":"max-video-preview:-1"},"canonical":"https:\/\/masterchem.ee\/fi\/tooted-ja-teenused\/liuotin-i-5008\/","twitter_card":"summary_large_image","twitter_title":"Liuotin I-5008 - Chemistry For Industry - Solvents &amp; Chemicals - Masterchem.ee","twitter_description":"K\u00e4ytt\u00f6 ja k\u00e4ytt\u00f6: K\u00e4ytet\u00e4\u00e4n paino- ja huonekaluteollisuudessa pesukoneisiin, maalauslinjoihin ja kuljettimiin, vahingoittamatta niiden kumielementtej\u00e4.","twitter_image":"https:\/\/masterchem.ee\/wp-content\/uploads\/2021\/01\/Lahusti-I-5008-1000l-MasterChem.jpg","schema":{"@context":"https:\/\/schema.org","@graph":[{"@type":"WebPage","@id":"https:\/\/masterchem.ee\/fi\/tooted-ja-teenused\/liuotin-i-5008\/","url":"https:\/\/masterchem.ee\/fi\/tooted-ja-teenused\/liuotin-i-5008\/","name":"Liuotin I-5008 - Chemistry For Industry - Solvents &amp; Chemicals - Masterchem.ee","isPartOf":{"@id":"https:\/\/masterchem.ee\/fi\/#website"},"primaryImageOfPage":{"@id":"https:\/\/masterchem.ee\/fi\/tooted-ja-teenused\/liuotin-i-5008\/#primaryimage"},"image":{"@id":"https:\/\/masterchem.ee\/fi\/tooted-ja-teenused\/liuotin-i-5008\/#primaryimage"},"thumbnailUrl":"https:\/\/masterchem.ee\/wp-content\/uploads\/2021\/01\/Lahusti-I-5008-1000l-MasterChem.jpg","datePublished":"2021-01-24T22:48:06+00:00","dateModified":"2021-06-27T09:40:33+00:00","description":"K\u00e4ytt\u00f6 ja k\u00e4ytt\u00f6: K\u00e4ytet\u00e4\u00e4n paino- ja huonekaluteollisuudessa pesukoneisiin, maalauslinjoihin ja kuljettimiin, vahingoittamatta niiden kumielementtej\u00e4.","breadcrumb":{"@id":"https:\/\/masterchem.ee\/fi\/tooted-ja-teenused\/liuotin-i-5008\/#breadcrumb"},"inLanguage":"fi","potentialAction":[{"@type":"ReadAction","target":["https:\/\/masterchem.ee\/fi\/tooted-ja-teenused\/liuotin-i-5008\/"]}]},{"@type":"ImageObject","inLanguage":"fi","@id":"https:\/\/masterchem.ee\/fi\/tooted-ja-teenused\/liuotin-i-5008\/#primaryimage","url":"https:\/\/masterchem.ee\/wp-content\/uploads\/2021\/01\/Lahusti-I-5008-1000l-MasterChem.jpg","contentUrl":"https:\/\/masterchem.ee\/wp-content\/uploads\/2021\/01\/Lahusti-I-5008-1000l-MasterChem.jpg","width":1000,"height":1000,"caption":"Liuotin I-5008 1000l MaterChem"},{"@type":"BreadcrumbList","@id":"https:\/\/masterchem.ee\/fi\/tooted-ja-teenused\/liuotin-i-5008\/#breadcrumb","itemListElement":[{"@type":"ListItem","position":1,"name":"Home","item":"https:\/\/masterchem.ee\/fi\/"},{"@type":"ListItem","position":2,"name":"Tooted ja teenused","item":"https:\/\/masterchem.ee\/tooted-ja-teenused\/"},{"@type":"ListItem","position":3,"name":"Liuotin I-5008"}]},{"@type":"WebSite","@id":"https:\/\/masterchem.ee\/fi\/#website","url":"https:\/\/masterchem.ee\/fi\/","name":"Masterchem.ee","description":"Chemistry For Industry - Solvents &amp; Chemicals","publisher":{"@id":"https:\/\/masterchem.ee\/fi\/#organization"},"potentialAction":[{"@type":"SearchAction","target":{"@type":"EntryPoint","urlTemplate":"https:\/\/masterchem.ee\/fi\/?s={search_term_string}"},"query-input":{"@type":"PropertyValueSpecification","valueRequired":true,"valueName":"search_term_string"}}],"inLanguage":"fi"},{"@type":"Organization","@id":"https:\/\/masterchem.ee\/fi\/#organization","name":"Masterchem","url":"https:\/\/masterchem.ee\/fi\/","logo":{"@type":"ImageObject","inLanguage":"fi","@id":"https:\/\/masterchem.ee\/fi\/#\/schema\/logo\/image\/","url":"https:\/\/masterchem.ee\/wp-content\/uploads\/2018\/02\/master-chem_final-1.png","contentUrl":"https:\/\/masterchem.ee\/wp-content\/uploads\/2018\/02\/master-chem_final-1.png","width":850,"height":356,"caption":"Masterchem"},"image":{"@id":"https:\/\/masterchem.ee\/fi\/#\/schema\/logo\/image\/"}}]}},"_links":{"self":[{"href":"https:\/\/masterchem.ee\/fi\/wp-json\/wp\/v2\/product\/10299","targetHints":{"allow":["GET"]}}],"collection":[{"href":"https:\/\/masterchem.ee\/fi\/wp-json\/wp\/v2\/product"}],"about":[{"href":"https:\/\/masterchem.ee\/fi\/wp-json\/wp\/v2\/types\/product"}],"wp:featuredmedia":[{"embeddable":true,"href":"https:\/\/masterchem.ee\/fi\/wp-json\/wp\/v2\/media\/10371"}],"wp:attachment":[{"href":"https:\/\/masterchem.ee\/fi\/wp-json\/wp\/v2\/media?parent=10299"}],"wp:term":[{"taxonomy":"product_brand","embeddable":true,"href":"https:\/\/masterchem.ee\/fi\/wp-json\/wp\/v2\/product_brand?post=10299"},{"taxonomy":"product_cat","embeddable":true,"href":"https:\/\/masterchem.ee\/fi\/wp-json\/wp\/v2\/product_cat?post=10299"},{"taxonomy":"product_tag","embeddable":true,"href":"https:\/\/masterchem.ee\/fi\/wp-json\/wp\/v2\/product_tag?post=10299"}],"curies":[{"name":"wp","href":"https:\/\/api.w.org\/{rel}","templated":true}]}}