{"id":10203,"date":"2021-01-24T21:09:41","date_gmt":"2021-01-24T21:09:44","guid":{"rendered":"https:\/\/masterchem.ee\/?post_type=product&#038;p=10203"},"modified":"2021-06-27T08:49:35","modified_gmt":"2021-06-27T08:49:35","slug":"liuotin-a-5010","status":"publish","type":"product","link":"https:\/\/masterchem.ee\/fi\/tooted-ja-teenused\/liuotin-a-5010\/","title":{"rendered":"Liuotin A-5010 (CAS 1330-20-7)"},"content":{"rendered":"<p><strong>K\u00e4ytt\u00f6 ja k\u00e4ytt\u00f6<\/strong>:<br \/>\n\u2022 * K\u00e4ytet\u00e4\u00e4n ohenneaineena ja liuottimena alkydimaaleille, pohjamaaleille, lakoille, musteille, lakoille, epoksirisneille.<br \/>\n* K\u00e4ytet\u00e4\u00e4n liuottimena tahrojen poistamiseksi kuivatuista alkydimaaleista ja liimoista eri pinnoilla, mukaan lukien laatat, laminaatit, muovit, PVC ja muut. pinnoille.<br \/>\n* Ty\u00f6kalujen ja laitteiden puhdistamiseen.<\/p>\n<p><strong>Pakkaus:<\/strong><\/p>\n<p>0,5L metallipullo<br \/>\n5L muovikanisteri<br \/>\n10L muovis\u00e4ili\u00f6<br \/>\n20L metallikauha un<br \/>\n25L muovis\u00e4ili\u00f6<br \/>\n200L tynnyri<br \/>\n640L IBC-s\u00e4ili\u00f6<br \/>\n1000L IBC-s\u00e4ili\u00f6<\/p>\n<p><strong>Varastointi:<\/strong><\/p>\n<p>Fyysiset ominaisuudet:<br \/>\nTiheys ja faasi: 0,864 g \/ ml, neste<br \/>\nL\u00e4mp\u00f6ominaisuudet<br \/>\nL\u00e4mp\u00f6tila<br \/>\nSulamispiste: -47,4 \u00b0 C<br \/>\nKiehumispiste: 138,5 \u00b0 C<br \/>\nLeimahduspiste: 30 \u00b0 C<\/p>\n<p>CAS-numero: 1330-20-7<br \/>\nEY \/ luettelonumero: 215-535-7<\/p>\n","protected":false},"excerpt":{"rendered":"<p>Liuotin A-5010 &#8211; liuotin maaleille ja lakoille. Se on monikomponenttiseos, joka sis\u00e4lt\u00e4\u00e4 erityisesti valmistettuja ksyleenipohjaisia orgaanisia liuottimia.<br \/>\nLiuotinta A-5010 k\u00e4ytet\u00e4\u00e4n v\u00e4riaineiden liuottamiseen soveltuvan nesteen sek\u00e4 epoksihartsien, glyfihartseihin perustuvien maalien, bitumilakkojen synteesiss\u00e4.<br \/>\nA-5010 Liuotinmaali kuivuu pidemp\u00e4\u00e4n, mutta kiilt\u00e4\u00e4 paremmin.<br \/>\nLiuotin A-5010 soveltuu parhaiten kaiken tyyppisten alkydimaalien, emalien ja pohjamaalien laimentamiseen viskositeetin saamiseksi, pinnan rasvanpoistoon ennen maalaamista ja ty\u00f6kalujen puhdistamista ty\u00f6n j\u00e4lkeen.<br \/>\nSolvent A-5010 on paras taattu tulos, joka on osoitettu pitk\u00e4aikaisella kokemuksella.<\/p>\n<p><a target=\"_blank\" href=\"https:\/\/masterchem.ee\/wp-content\/uploads\/2021\/01\/Lahusti-A-5010-Masterchem-tds.pdf\" class=\"pdf\" alt=\"Lahusti A-5010 Masterchem TDS\" title=\"Lahusti A-5010 Masterchem TDS\" rel=\"noopener\">Styreenituotekuvaus (TDS)<br \/>\n<\/a><\/p>\n","protected":false},"featured_media":10273,"template":"","meta":[],"product_brand":[],"product_cat":[180,115,117,114,122,227],"product_tag":[],"class_list":{"0":"post-10203","1":"product","2":"type-product","3":"status-publish","4":"has-post-thumbnail","6":"product_cat-uncategorized-fi-2","7":"product_cat-auton-ja-koneiden-kemikaalit","8":"product_cat-kotitalouskemikaalit","9":"product_cat-rakennusteollisuus","10":"product_cat-teollisuuskemikaalit","11":"product_cat-uncategorised-fi","12":"pif-has-gallery","14":"first","15":"instock","16":"featured","17":"taxable","18":"shipping-taxable","19":"purchasable","20":"product-type-variable","21":"has-default-attributes"},"yoast_head":"<!-- This site is optimized with the Yoast SEO plugin v26.2 - https:\/\/yoast.com\/wordpress\/plugins\/seo\/ -->\n<title>Liuotin A-5010 (CAS 1330-20-7) - Chemistry For Industry - Solvents &amp; Chemicals - Masterchem.ee<\/title>\n<meta name=\"description\" content=\"Liuotin A-5010 - liuotin maaleille ja lakoille. Se on monikomponenttiseos, joka sis\u00e4lt\u00e4\u00e4 erityisesti valmistettuja ksyleenipohjaisia orgaanisia liuottimia. CAS: 1330-20-7\" \/>\n<meta name=\"robots\" content=\"index, follow, max-snippet:-1, max-image-preview:large, max-video-preview:-1\" \/>\n<link rel=\"canonical\" href=\"https:\/\/masterchem.ee\/fi\/tooted-ja-teenused\/liuotin-a-5010\/\" \/>\n<meta name=\"twitter:card\" content=\"summary_large_image\" \/>\n<meta name=\"twitter:title\" content=\"Liuotin A-5010 (CAS 1330-20-7) - Chemistry For Industry - Solvents &amp; Chemicals - Masterchem.ee\" \/>\n<meta name=\"twitter:description\" content=\"Liuotin A-5010 - liuotin maaleille ja lakoille. Se on monikomponenttiseos, joka sis\u00e4lt\u00e4\u00e4 erityisesti valmistettuja ksyleenipohjaisia orgaanisia liuottimia. CAS: 1330-20-7\" \/>\n<meta name=\"twitter:image\" content=\"https:\/\/masterchem.ee\/wp-content\/uploads\/2021\/01\/Lahusti-A-5010-1000l-MaterChem.jpg\" \/>\n<script type=\"application\/ld+json\" class=\"yoast-schema-graph\">{\"@context\":\"https:\/\/schema.org\",\"@graph\":[{\"@type\":\"WebPage\",\"@id\":\"https:\/\/masterchem.ee\/fi\/tooted-ja-teenused\/liuotin-a-5010\/\",\"url\":\"https:\/\/masterchem.ee\/fi\/tooted-ja-teenused\/liuotin-a-5010\/\",\"name\":\"Liuotin A-5010 (CAS 1330-20-7) - Chemistry For Industry - Solvents &amp; Chemicals - Masterchem.ee\",\"isPartOf\":{\"@id\":\"https:\/\/masterchem.ee\/fi\/#website\"},\"primaryImageOfPage\":{\"@id\":\"https:\/\/masterchem.ee\/fi\/tooted-ja-teenused\/liuotin-a-5010\/#primaryimage\"},\"image\":{\"@id\":\"https:\/\/masterchem.ee\/fi\/tooted-ja-teenused\/liuotin-a-5010\/#primaryimage\"},\"thumbnailUrl\":\"https:\/\/masterchem.ee\/wp-content\/uploads\/2021\/01\/Lahusti-A-5010-1000l-MaterChem.jpg\",\"datePublished\":\"2021-01-24T21:09:44+00:00\",\"dateModified\":\"2021-06-27T08:49:35+00:00\",\"description\":\"Liuotin A-5010 - liuotin maaleille ja lakoille. Se on monikomponenttiseos, joka sis\u00e4lt\u00e4\u00e4 erityisesti valmistettuja ksyleenipohjaisia orgaanisia liuottimia. CAS: 1330-20-7\",\"breadcrumb\":{\"@id\":\"https:\/\/masterchem.ee\/fi\/tooted-ja-teenused\/liuotin-a-5010\/#breadcrumb\"},\"inLanguage\":\"fi\",\"potentialAction\":[{\"@type\":\"ReadAction\",\"target\":[\"https:\/\/masterchem.ee\/fi\/tooted-ja-teenused\/liuotin-a-5010\/\"]}]},{\"@type\":\"ImageObject\",\"inLanguage\":\"fi\",\"@id\":\"https:\/\/masterchem.ee\/fi\/tooted-ja-teenused\/liuotin-a-5010\/#primaryimage\",\"url\":\"https:\/\/masterchem.ee\/wp-content\/uploads\/2021\/01\/Lahusti-A-5010-1000l-MaterChem.jpg\",\"contentUrl\":\"https:\/\/masterchem.ee\/wp-content\/uploads\/2021\/01\/Lahusti-A-5010-1000l-MaterChem.jpg\",\"width\":1000,\"height\":1000,\"caption\":\"Liuotin A-5010 1000l MasterChem\"},{\"@type\":\"BreadcrumbList\",\"@id\":\"https:\/\/masterchem.ee\/fi\/tooted-ja-teenused\/liuotin-a-5010\/#breadcrumb\",\"itemListElement\":[{\"@type\":\"ListItem\",\"position\":1,\"name\":\"Home\",\"item\":\"https:\/\/masterchem.ee\/fi\/\"},{\"@type\":\"ListItem\",\"position\":2,\"name\":\"Tooted ja teenused\",\"item\":\"https:\/\/masterchem.ee\/tooted-ja-teenused\/\"},{\"@type\":\"ListItem\",\"position\":3,\"name\":\"Liuotin A-5010 (CAS 1330-20-7)\"}]},{\"@type\":\"WebSite\",\"@id\":\"https:\/\/masterchem.ee\/fi\/#website\",\"url\":\"https:\/\/masterchem.ee\/fi\/\",\"name\":\"Masterchem.ee\",\"description\":\"Chemistry For Industry - Solvents &amp; Chemicals\",\"publisher\":{\"@id\":\"https:\/\/masterchem.ee\/fi\/#organization\"},\"potentialAction\":[{\"@type\":\"SearchAction\",\"target\":{\"@type\":\"EntryPoint\",\"urlTemplate\":\"https:\/\/masterchem.ee\/fi\/?s={search_term_string}\"},\"query-input\":{\"@type\":\"PropertyValueSpecification\",\"valueRequired\":true,\"valueName\":\"search_term_string\"}}],\"inLanguage\":\"fi\"},{\"@type\":\"Organization\",\"@id\":\"https:\/\/masterchem.ee\/fi\/#organization\",\"name\":\"Masterchem\",\"url\":\"https:\/\/masterchem.ee\/fi\/\",\"logo\":{\"@type\":\"ImageObject\",\"inLanguage\":\"fi\",\"@id\":\"https:\/\/masterchem.ee\/fi\/#\/schema\/logo\/image\/\",\"url\":\"https:\/\/masterchem.ee\/wp-content\/uploads\/2018\/02\/master-chem_final-1.png\",\"contentUrl\":\"https:\/\/masterchem.ee\/wp-content\/uploads\/2018\/02\/master-chem_final-1.png\",\"width\":850,\"height\":356,\"caption\":\"Masterchem\"},\"image\":{\"@id\":\"https:\/\/masterchem.ee\/fi\/#\/schema\/logo\/image\/\"}}]}<\/script>\n<!-- \/ Yoast SEO plugin. -->","yoast_head_json":{"title":"Liuotin A-5010 (CAS 1330-20-7) - Chemistry For Industry - Solvents &amp; Chemicals - Masterchem.ee","description":"Liuotin A-5010 - liuotin maaleille ja lakoille. Se on monikomponenttiseos, joka sis\u00e4lt\u00e4\u00e4 erityisesti valmistettuja ksyleenipohjaisia orgaanisia liuottimia. CAS: 1330-20-7","robots":{"index":"index","follow":"follow","max-snippet":"max-snippet:-1","max-image-preview":"max-image-preview:large","max-video-preview":"max-video-preview:-1"},"canonical":"https:\/\/masterchem.ee\/fi\/tooted-ja-teenused\/liuotin-a-5010\/","twitter_card":"summary_large_image","twitter_title":"Liuotin A-5010 (CAS 1330-20-7) - Chemistry For Industry - Solvents &amp; Chemicals - Masterchem.ee","twitter_description":"Liuotin A-5010 - liuotin maaleille ja lakoille. Se on monikomponenttiseos, joka sis\u00e4lt\u00e4\u00e4 erityisesti valmistettuja ksyleenipohjaisia orgaanisia liuottimia. CAS: 1330-20-7","twitter_image":"https:\/\/masterchem.ee\/wp-content\/uploads\/2021\/01\/Lahusti-A-5010-1000l-MaterChem.jpg","schema":{"@context":"https:\/\/schema.org","@graph":[{"@type":"WebPage","@id":"https:\/\/masterchem.ee\/fi\/tooted-ja-teenused\/liuotin-a-5010\/","url":"https:\/\/masterchem.ee\/fi\/tooted-ja-teenused\/liuotin-a-5010\/","name":"Liuotin A-5010 (CAS 1330-20-7) - Chemistry For Industry - Solvents &amp; Chemicals - Masterchem.ee","isPartOf":{"@id":"https:\/\/masterchem.ee\/fi\/#website"},"primaryImageOfPage":{"@id":"https:\/\/masterchem.ee\/fi\/tooted-ja-teenused\/liuotin-a-5010\/#primaryimage"},"image":{"@id":"https:\/\/masterchem.ee\/fi\/tooted-ja-teenused\/liuotin-a-5010\/#primaryimage"},"thumbnailUrl":"https:\/\/masterchem.ee\/wp-content\/uploads\/2021\/01\/Lahusti-A-5010-1000l-MaterChem.jpg","datePublished":"2021-01-24T21:09:44+00:00","dateModified":"2021-06-27T08:49:35+00:00","description":"Liuotin A-5010 - liuotin maaleille ja lakoille. Se on monikomponenttiseos, joka sis\u00e4lt\u00e4\u00e4 erityisesti valmistettuja ksyleenipohjaisia orgaanisia liuottimia. CAS: 1330-20-7","breadcrumb":{"@id":"https:\/\/masterchem.ee\/fi\/tooted-ja-teenused\/liuotin-a-5010\/#breadcrumb"},"inLanguage":"fi","potentialAction":[{"@type":"ReadAction","target":["https:\/\/masterchem.ee\/fi\/tooted-ja-teenused\/liuotin-a-5010\/"]}]},{"@type":"ImageObject","inLanguage":"fi","@id":"https:\/\/masterchem.ee\/fi\/tooted-ja-teenused\/liuotin-a-5010\/#primaryimage","url":"https:\/\/masterchem.ee\/wp-content\/uploads\/2021\/01\/Lahusti-A-5010-1000l-MaterChem.jpg","contentUrl":"https:\/\/masterchem.ee\/wp-content\/uploads\/2021\/01\/Lahusti-A-5010-1000l-MaterChem.jpg","width":1000,"height":1000,"caption":"Liuotin A-5010 1000l MasterChem"},{"@type":"BreadcrumbList","@id":"https:\/\/masterchem.ee\/fi\/tooted-ja-teenused\/liuotin-a-5010\/#breadcrumb","itemListElement":[{"@type":"ListItem","position":1,"name":"Home","item":"https:\/\/masterchem.ee\/fi\/"},{"@type":"ListItem","position":2,"name":"Tooted ja teenused","item":"https:\/\/masterchem.ee\/tooted-ja-teenused\/"},{"@type":"ListItem","position":3,"name":"Liuotin A-5010 (CAS 1330-20-7)"}]},{"@type":"WebSite","@id":"https:\/\/masterchem.ee\/fi\/#website","url":"https:\/\/masterchem.ee\/fi\/","name":"Masterchem.ee","description":"Chemistry For Industry - Solvents &amp; Chemicals","publisher":{"@id":"https:\/\/masterchem.ee\/fi\/#organization"},"potentialAction":[{"@type":"SearchAction","target":{"@type":"EntryPoint","urlTemplate":"https:\/\/masterchem.ee\/fi\/?s={search_term_string}"},"query-input":{"@type":"PropertyValueSpecification","valueRequired":true,"valueName":"search_term_string"}}],"inLanguage":"fi"},{"@type":"Organization","@id":"https:\/\/masterchem.ee\/fi\/#organization","name":"Masterchem","url":"https:\/\/masterchem.ee\/fi\/","logo":{"@type":"ImageObject","inLanguage":"fi","@id":"https:\/\/masterchem.ee\/fi\/#\/schema\/logo\/image\/","url":"https:\/\/masterchem.ee\/wp-content\/uploads\/2018\/02\/master-chem_final-1.png","contentUrl":"https:\/\/masterchem.ee\/wp-content\/uploads\/2018\/02\/master-chem_final-1.png","width":850,"height":356,"caption":"Masterchem"},"image":{"@id":"https:\/\/masterchem.ee\/fi\/#\/schema\/logo\/image\/"}}]}},"_links":{"self":[{"href":"https:\/\/masterchem.ee\/fi\/wp-json\/wp\/v2\/product\/10203","targetHints":{"allow":["GET"]}}],"collection":[{"href":"https:\/\/masterchem.ee\/fi\/wp-json\/wp\/v2\/product"}],"about":[{"href":"https:\/\/masterchem.ee\/fi\/wp-json\/wp\/v2\/types\/product"}],"wp:featuredmedia":[{"embeddable":true,"href":"https:\/\/masterchem.ee\/fi\/wp-json\/wp\/v2\/media\/10273"}],"wp:attachment":[{"href":"https:\/\/masterchem.ee\/fi\/wp-json\/wp\/v2\/media?parent=10203"}],"wp:term":[{"taxonomy":"product_brand","embeddable":true,"href":"https:\/\/masterchem.ee\/fi\/wp-json\/wp\/v2\/product_brand?post=10203"},{"taxonomy":"product_cat","embeddable":true,"href":"https:\/\/masterchem.ee\/fi\/wp-json\/wp\/v2\/product_cat?post=10203"},{"taxonomy":"product_tag","embeddable":true,"href":"https:\/\/masterchem.ee\/fi\/wp-json\/wp\/v2\/product_tag?post=10203"}],"curies":[{"name":"wp","href":"https:\/\/api.w.org\/{rel}","templated":true}]}}