{"id":10051,"date":"2021-01-14T05:16:54","date_gmt":"2021-01-14T05:16:57","guid":{"rendered":"https:\/\/masterchem.ee\/?post_type=product&#038;p=10051"},"modified":"2024-11-20T10:15:36","modified_gmt":"2024-11-20T10:15:36","slug":"vetyperoksidi-35","status":"publish","type":"product","link":"https:\/\/masterchem.ee\/fi\/tooted-ja-teenused\/vetyperoksidi-35\/","title":{"rendered":"Vetyperoksidi 50% (CAS 7722-84-1)"},"content":{"rendered":"<p> <strong> Fysikaaliset ominaisuudet <\/strong> <br \/>\n<strong> neste <\/strong> <br \/>\nMoolimassa 34,01 g \/ mol <br \/>\nTiheys 1,4 g \/ cm3 <br \/>\nSulamispiste -0,432 \u0421 <br \/>\nKiehumispiste 150,2 C <\/p>\n<p> <strong> Tallennustila <\/strong> <br \/>\nTy\u00f6skennelless\u00e4 vetyperoksidin kanssa on noudatettava turvallisuustoimenpiteit\u00e4, muista k\u00e4ytt\u00e4\u00e4 suojavarusteita &#8211; naamio, kumik\u00e4sineet ja suojalasit. On syyt\u00e4 muistaa, ett\u00e4 vetyperoksidi on palovaarallinen ja vahva hapetin. Vetyperoksidi 50% tulisi varastoida suljettuun varastoon, eristettyn\u00e4 kosteudelta ja auringonvalolta. <\/p>\n","protected":false},"excerpt":{"rendered":"<p> CAS-numero 7722-84-1 <\/p>\n<p> <strong> Vetyperoksidi 50% <\/strong> <br \/>\n&#8211; v\u00e4rit\u00f6n neste, jolla on metallinen maku, liukenee helposti veteen, alkoholiin ja eetteriin <\/p>\n<p><\/\/Sovellus<\/ <\/strong> <\/p>\n<p> -Vetyperoksidista tulee erinomainen aine veden desinfiointiin uima-altaissa, levien ja vesikukinnan torjumiseksi <br \/>\n&#8211; k\u00e4ytet\u00e4\u00e4n tehokkaana valkaisuaineena puuvillalle, villalle, tekstiileille, turkiksille, paperille, keinotekoisille ja synteettisille kuiduille tekstiili-, massa- ja paperi- sek\u00e4 kevyess\u00e4 teollisuudessa<br \/>\n&#8211; Voi hajota spontaanisti vedeksi ja hapeksi, sekoittuu veteen miss\u00e4 tahansa suhteessa. &#8211; ominaisuudet antiseptisen\u00e4, hemostaattisena ja desinfiointiaineena mahdollistavat sen k\u00e4yt\u00f6n kosmetiikka-, elektroniikka-, elintarvike-, l\u00e4\u00e4ke-, l\u00e4\u00e4ke- ja muilla teollisuudenaloilla. L\u00e4\u00e4ketieteess\u00e4 niit\u00e4 k\u00e4ytet\u00e4\u00e4n p\u00e4\u00e4asiassa haavojen ja naarmujen parantamiseen. &#8211; elintarviketeollisuutta k\u00e4ytet\u00e4\u00e4n laitteiden desinfiointiin. <\/p>\n<p><a class=\"download-doc-button-danger\" href=\"https:\/\/masterchem.ee\/wp-content\/uploads\/2024\/11\/Nouded-kliendiandmetele-lohkeainete-ostmisel-ee.docx\"><img decoding=\"async\" src=\"https:\/\/masterchem.ee\/wp-content\/uploads\/2024\/11\/doc-icon.png\">N\u00f5uded kliendiandmetele l\u00f5hkeainete ostmisel (doc)<\/a><\/p>\n<p><label class=\"buy-buttton-guard-label\"><input type=\"checkbox\" class=\"buy-buttton-guard\" data-default=\"Pyyd\u00e4 hintaa\" data-notificaion=\"Lomake on t\u00e4ytett\u00e4v\u00e4\"> &#8211; T\u00e4ytin ja l\u00e4hetin lomakkeen osoitteeseen <\/label> <a href=\"mailto:info@masterchem.ee\">info@masterchem.ee<\/a><\/p>\n","protected":false},"featured_media":11697,"template":"","meta":[],"product_brand":[],"product_cat":[180,294,323,351,307,122,152],"product_tag":[],"class_list":{"0":"post-10051","1":"product","2":"type-product","3":"status-publish","4":"has-post-thumbnail","6":"product_cat-uncategorized-fi-2","7":"product_cat-kosmetiikkateollisuus","8":"product_cat-lannoitteet","9":"product_cat-puutarhanhoito","10":"product_cat-ruokateollisuus","11":"product_cat-teollisuuskemikaalit","12":"product_cat-tipografiset-kemikaalit","13":"pif-has-gallery","15":"first","16":"instock","17":"taxable","18":"shipping-taxable","19":"purchasable","20":"product-type-variable","21":"has-default-attributes"},"yoast_head":"<!-- This site is optimized with the Yoast SEO plugin v26.2 - https:\/\/yoast.com\/wordpress\/plugins\/seo\/ -->\n<title>Vetyperoksidi 50% (CAS 7722-84-1) - Chemistry For Industry - Solvents &amp; Chemicals - Masterchem.ee<\/title>\n<meta name=\"description\" content=\"Vetyperoksidi 50% - v\u00e4rit\u00f6n neste, jolla on metallinen maku, liukenee helposti veteen, alkoholiin ja eetteriin. CAS 7722-84-1\" \/>\n<meta name=\"robots\" content=\"index, follow, max-snippet:-1, max-image-preview:large, max-video-preview:-1\" \/>\n<link rel=\"canonical\" href=\"https:\/\/masterchem.ee\/fi\/tooted-ja-teenused\/vetyperoksidi-35\/\" \/>\n<meta name=\"twitter:card\" content=\"summary_large_image\" \/>\n<meta name=\"twitter:title\" content=\"Vetyperoksidi 50% (CAS 7722-84-1) - Chemistry For Industry - Solvents &amp; Chemicals - Masterchem.ee\" \/>\n<meta name=\"twitter:description\" content=\"Vetyperoksidi 50% - v\u00e4rit\u00f6n neste, jolla on metallinen maku, liukenee helposti veteen, alkoholiin ja eetteriin. CAS 7722-84-1\" \/>\n<meta name=\"twitter:image\" content=\"https:\/\/masterchem.ee\/wp-content\/uploads\/2021\/01\/Vesinikperoksiid-35-1000l-MasterChem.jpg\" \/>\n<script type=\"application\/ld+json\" class=\"yoast-schema-graph\">{\"@context\":\"https:\/\/schema.org\",\"@graph\":[{\"@type\":\"WebPage\",\"@id\":\"https:\/\/masterchem.ee\/fi\/tooted-ja-teenused\/vetyperoksidi-35\/\",\"url\":\"https:\/\/masterchem.ee\/fi\/tooted-ja-teenused\/vetyperoksidi-35\/\",\"name\":\"Vetyperoksidi 50% (CAS 7722-84-1) - Chemistry For Industry - Solvents &amp; Chemicals - Masterchem.ee\",\"isPartOf\":{\"@id\":\"https:\/\/masterchem.ee\/fi\/#website\"},\"primaryImageOfPage\":{\"@id\":\"https:\/\/masterchem.ee\/fi\/tooted-ja-teenused\/vetyperoksidi-35\/#primaryimage\"},\"image\":{\"@id\":\"https:\/\/masterchem.ee\/fi\/tooted-ja-teenused\/vetyperoksidi-35\/#primaryimage\"},\"thumbnailUrl\":\"https:\/\/masterchem.ee\/wp-content\/uploads\/2021\/01\/Vesinikperoksiid-35-1000l-MasterChem.jpg\",\"datePublished\":\"2021-01-14T05:16:57+00:00\",\"dateModified\":\"2024-11-20T10:15:36+00:00\",\"description\":\"Vetyperoksidi 50% - v\u00e4rit\u00f6n neste, jolla on metallinen maku, liukenee helposti veteen, alkoholiin ja eetteriin. CAS 7722-84-1\",\"breadcrumb\":{\"@id\":\"https:\/\/masterchem.ee\/fi\/tooted-ja-teenused\/vetyperoksidi-35\/#breadcrumb\"},\"inLanguage\":\"fi\",\"potentialAction\":[{\"@type\":\"ReadAction\",\"target\":[\"https:\/\/masterchem.ee\/fi\/tooted-ja-teenused\/vetyperoksidi-35\/\"]}]},{\"@type\":\"ImageObject\",\"inLanguage\":\"fi\",\"@id\":\"https:\/\/masterchem.ee\/fi\/tooted-ja-teenused\/vetyperoksidi-35\/#primaryimage\",\"url\":\"https:\/\/masterchem.ee\/wp-content\/uploads\/2021\/01\/Vesinikperoksiid-35-1000l-MasterChem.jpg\",\"contentUrl\":\"https:\/\/masterchem.ee\/wp-content\/uploads\/2021\/01\/Vesinikperoksiid-35-1000l-MasterChem.jpg\",\"width\":1000,\"height\":1000,\"caption\":\"Vetyperoksidi 50% (CAS 7722-84-1) 1000l MasterChem\"},{\"@type\":\"BreadcrumbList\",\"@id\":\"https:\/\/masterchem.ee\/fi\/tooted-ja-teenused\/vetyperoksidi-35\/#breadcrumb\",\"itemListElement\":[{\"@type\":\"ListItem\",\"position\":1,\"name\":\"Home\",\"item\":\"https:\/\/masterchem.ee\/fi\/\"},{\"@type\":\"ListItem\",\"position\":2,\"name\":\"Tooted ja teenused\",\"item\":\"https:\/\/masterchem.ee\/tooted-ja-teenused\/\"},{\"@type\":\"ListItem\",\"position\":3,\"name\":\"Vetyperoksidi 50% (CAS 7722-84-1)\"}]},{\"@type\":\"WebSite\",\"@id\":\"https:\/\/masterchem.ee\/fi\/#website\",\"url\":\"https:\/\/masterchem.ee\/fi\/\",\"name\":\"Masterchem.ee\",\"description\":\"Chemistry For Industry - Solvents &amp; Chemicals\",\"publisher\":{\"@id\":\"https:\/\/masterchem.ee\/fi\/#organization\"},\"potentialAction\":[{\"@type\":\"SearchAction\",\"target\":{\"@type\":\"EntryPoint\",\"urlTemplate\":\"https:\/\/masterchem.ee\/fi\/?s={search_term_string}\"},\"query-input\":{\"@type\":\"PropertyValueSpecification\",\"valueRequired\":true,\"valueName\":\"search_term_string\"}}],\"inLanguage\":\"fi\"},{\"@type\":\"Organization\",\"@id\":\"https:\/\/masterchem.ee\/fi\/#organization\",\"name\":\"Masterchem\",\"url\":\"https:\/\/masterchem.ee\/fi\/\",\"logo\":{\"@type\":\"ImageObject\",\"inLanguage\":\"fi\",\"@id\":\"https:\/\/masterchem.ee\/fi\/#\/schema\/logo\/image\/\",\"url\":\"https:\/\/masterchem.ee\/wp-content\/uploads\/2018\/02\/master-chem_final-1.png\",\"contentUrl\":\"https:\/\/masterchem.ee\/wp-content\/uploads\/2018\/02\/master-chem_final-1.png\",\"width\":850,\"height\":356,\"caption\":\"Masterchem\"},\"image\":{\"@id\":\"https:\/\/masterchem.ee\/fi\/#\/schema\/logo\/image\/\"}}]}<\/script>\n<!-- \/ Yoast SEO plugin. -->","yoast_head_json":{"title":"Vetyperoksidi 50% (CAS 7722-84-1) - Chemistry For Industry - Solvents &amp; Chemicals - Masterchem.ee","description":"Vetyperoksidi 50% - v\u00e4rit\u00f6n neste, jolla on metallinen maku, liukenee helposti veteen, alkoholiin ja eetteriin. CAS 7722-84-1","robots":{"index":"index","follow":"follow","max-snippet":"max-snippet:-1","max-image-preview":"max-image-preview:large","max-video-preview":"max-video-preview:-1"},"canonical":"https:\/\/masterchem.ee\/fi\/tooted-ja-teenused\/vetyperoksidi-35\/","twitter_card":"summary_large_image","twitter_title":"Vetyperoksidi 50% (CAS 7722-84-1) - Chemistry For Industry - Solvents &amp; Chemicals - Masterchem.ee","twitter_description":"Vetyperoksidi 50% - v\u00e4rit\u00f6n neste, jolla on metallinen maku, liukenee helposti veteen, alkoholiin ja eetteriin. CAS 7722-84-1","twitter_image":"https:\/\/masterchem.ee\/wp-content\/uploads\/2021\/01\/Vesinikperoksiid-35-1000l-MasterChem.jpg","schema":{"@context":"https:\/\/schema.org","@graph":[{"@type":"WebPage","@id":"https:\/\/masterchem.ee\/fi\/tooted-ja-teenused\/vetyperoksidi-35\/","url":"https:\/\/masterchem.ee\/fi\/tooted-ja-teenused\/vetyperoksidi-35\/","name":"Vetyperoksidi 50% (CAS 7722-84-1) - Chemistry For Industry - Solvents &amp; Chemicals - Masterchem.ee","isPartOf":{"@id":"https:\/\/masterchem.ee\/fi\/#website"},"primaryImageOfPage":{"@id":"https:\/\/masterchem.ee\/fi\/tooted-ja-teenused\/vetyperoksidi-35\/#primaryimage"},"image":{"@id":"https:\/\/masterchem.ee\/fi\/tooted-ja-teenused\/vetyperoksidi-35\/#primaryimage"},"thumbnailUrl":"https:\/\/masterchem.ee\/wp-content\/uploads\/2021\/01\/Vesinikperoksiid-35-1000l-MasterChem.jpg","datePublished":"2021-01-14T05:16:57+00:00","dateModified":"2024-11-20T10:15:36+00:00","description":"Vetyperoksidi 50% - v\u00e4rit\u00f6n neste, jolla on metallinen maku, liukenee helposti veteen, alkoholiin ja eetteriin. CAS 7722-84-1","breadcrumb":{"@id":"https:\/\/masterchem.ee\/fi\/tooted-ja-teenused\/vetyperoksidi-35\/#breadcrumb"},"inLanguage":"fi","potentialAction":[{"@type":"ReadAction","target":["https:\/\/masterchem.ee\/fi\/tooted-ja-teenused\/vetyperoksidi-35\/"]}]},{"@type":"ImageObject","inLanguage":"fi","@id":"https:\/\/masterchem.ee\/fi\/tooted-ja-teenused\/vetyperoksidi-35\/#primaryimage","url":"https:\/\/masterchem.ee\/wp-content\/uploads\/2021\/01\/Vesinikperoksiid-35-1000l-MasterChem.jpg","contentUrl":"https:\/\/masterchem.ee\/wp-content\/uploads\/2021\/01\/Vesinikperoksiid-35-1000l-MasterChem.jpg","width":1000,"height":1000,"caption":"Vetyperoksidi 50% (CAS 7722-84-1) 1000l MasterChem"},{"@type":"BreadcrumbList","@id":"https:\/\/masterchem.ee\/fi\/tooted-ja-teenused\/vetyperoksidi-35\/#breadcrumb","itemListElement":[{"@type":"ListItem","position":1,"name":"Home","item":"https:\/\/masterchem.ee\/fi\/"},{"@type":"ListItem","position":2,"name":"Tooted ja teenused","item":"https:\/\/masterchem.ee\/tooted-ja-teenused\/"},{"@type":"ListItem","position":3,"name":"Vetyperoksidi 50% (CAS 7722-84-1)"}]},{"@type":"WebSite","@id":"https:\/\/masterchem.ee\/fi\/#website","url":"https:\/\/masterchem.ee\/fi\/","name":"Masterchem.ee","description":"Chemistry For Industry - Solvents &amp; Chemicals","publisher":{"@id":"https:\/\/masterchem.ee\/fi\/#organization"},"potentialAction":[{"@type":"SearchAction","target":{"@type":"EntryPoint","urlTemplate":"https:\/\/masterchem.ee\/fi\/?s={search_term_string}"},"query-input":{"@type":"PropertyValueSpecification","valueRequired":true,"valueName":"search_term_string"}}],"inLanguage":"fi"},{"@type":"Organization","@id":"https:\/\/masterchem.ee\/fi\/#organization","name":"Masterchem","url":"https:\/\/masterchem.ee\/fi\/","logo":{"@type":"ImageObject","inLanguage":"fi","@id":"https:\/\/masterchem.ee\/fi\/#\/schema\/logo\/image\/","url":"https:\/\/masterchem.ee\/wp-content\/uploads\/2018\/02\/master-chem_final-1.png","contentUrl":"https:\/\/masterchem.ee\/wp-content\/uploads\/2018\/02\/master-chem_final-1.png","width":850,"height":356,"caption":"Masterchem"},"image":{"@id":"https:\/\/masterchem.ee\/fi\/#\/schema\/logo\/image\/"}}]}},"_links":{"self":[{"href":"https:\/\/masterchem.ee\/fi\/wp-json\/wp\/v2\/product\/10051","targetHints":{"allow":["GET"]}}],"collection":[{"href":"https:\/\/masterchem.ee\/fi\/wp-json\/wp\/v2\/product"}],"about":[{"href":"https:\/\/masterchem.ee\/fi\/wp-json\/wp\/v2\/types\/product"}],"wp:featuredmedia":[{"embeddable":true,"href":"https:\/\/masterchem.ee\/fi\/wp-json\/wp\/v2\/media\/11697"}],"wp:attachment":[{"href":"https:\/\/masterchem.ee\/fi\/wp-json\/wp\/v2\/media?parent=10051"}],"wp:term":[{"taxonomy":"product_brand","embeddable":true,"href":"https:\/\/masterchem.ee\/fi\/wp-json\/wp\/v2\/product_brand?post=10051"},{"taxonomy":"product_cat","embeddable":true,"href":"https:\/\/masterchem.ee\/fi\/wp-json\/wp\/v2\/product_cat?post=10051"},{"taxonomy":"product_tag","embeddable":true,"href":"https:\/\/masterchem.ee\/fi\/wp-json\/wp\/v2\/product_tag?post=10051"}],"curies":[{"name":"wp","href":"https:\/\/api.w.org\/{rel}","templated":true}]}}