{"id":311,"date":"2018-02-15T17:12:13","date_gmt":"2018-02-15T17:12:13","guid":{"rendered":"https:\/\/masterchem.ee\/yrityksesta\/"},"modified":"2024-02-28T22:14:21","modified_gmt":"2024-02-28T22:14:21","slug":"yrityksesta","status":"publish","type":"page","link":"https:\/\/masterchem.ee\/fi\/yrityksesta\/","title":{"rendered":"Yrityksest\u00e4"},"content":{"rendered":"<p>[vc_row][vc_column][vc_column_text]<\/p>\n<h4 style=\"text-align: justify;\"><strong>MasterChem-yritysfilosofia<\/strong><\/h4>\n<p style=\"text-align: justify;\">MasterChemi\u00e4 ohjaa kest\u00e4v\u00e4n kehityksen, innovaation ja huippuosaamisen filosofia. Uskomme arvon luomiseen paitsi korkealaatuisten kemiallisten tuotteidemme kautta my\u00f6s yll\u00e4pit\u00e4m\u00e4ll\u00e4 korkeimpia ymp\u00e4rist\u00f6nsuojelun ja -turvallisuuden standardeja. Sitoutumisemme asiakastyytyv\u00e4isyyteen saa meid\u00e4t jatkuvasti parantamaan ja r\u00e4\u00e4t\u00e4l\u00f6im\u00e4\u00e4n ratkaisujamme palvelemiemme toimialojen erilaisiin tarpeisiin. Edist\u00e4m\u00e4ll\u00e4 vastuullisuuden ja rehellisyyden kulttuuria pyrimme olemaan asiakkaidemme menestyksen luotettu kumppani ja my\u00f6nteinen voima globaalissa ymp\u00e4rist\u00f6nhoidossa.<\/p>\n<p>[\/vc_column_text][\/vc_column][\/vc_row][vc_row][vc_column][vc_column_text]<\/p>\n<h4 style=\"text-align: justify;\"><strong>MasterChem Mission Statement<\/strong><\/h4>\n<p style=\"text-align: justify;\">MasterChemin missiona on vahvistaa toimialoja tarjoamalla korkealaatuisia, ymp\u00e4rist\u00f6n kannalta kest\u00e4vi\u00e4 kemiallisia ratkaisuja. Olemme sitoutuneet innovatiivisuuteen, huippuosaamiseen ja vastuulliseen johtamiseen toimintamme kaikilla osa-alueilla \u2013 strategisesta raaka-aineiden hankinnasta kattavan kemikaalivalikoimamme toimittamiseen. Tavoitteenamme on parantaa asiakkaidemme tehokkuutta ja tuottavuutta eri toimialoilla toimittamalla luotettavia, kilpailukykyisesti hinnoiteltuja kemiallisia tuotteita ja palveluita. Jatkuvalla parantamisella ja korkeimpien turvallisuus- ja ymp\u00e4rist\u00f6standardien noudattamisella pyrimme edist\u00e4m\u00e4\u00e4n yhteis\u00f6\u00e4mme ja planeettaamme positiivisesti ja edist\u00e4m\u00e4\u00e4n kest\u00e4v\u00e4\u00e4 tulevaisuutta kaikille.<\/p>\n<p>[\/vc_column_text][\/vc_column][\/vc_row][vc_row][vc_column][vc_column_text]<\/p>\n<h4 style=\"text-align: justify;\"><strong>Masterchem: yst\u00e4v\u00e4llinen kemia<br \/>\n<\/strong><\/h4>\n<p style=\"text-align: justify;\">Tervetuloa verkkosivuiltamme, sanoo Masterchem \u2013 t\u00e4rkein virolainen teollisuuskemikaalien toimittaja. Miksi \u201dyst\u00e4v\u00e4llinen kemia\u201d? Ensinn\u00e4kin me v\u00e4lit\u00e4mme ymp\u00e4rist\u00f6st\u00e4, ja tuotteistamme on hyvi\u00e4 ominaisuuksia ymp\u00e4rist\u00f6yst\u00e4v\u00e4llisyyden kannalta. Toiseksi \u2013 asetamme tuotteille todella yst\u00e4v\u00e4lliset hinnat!<\/p>\n<p>[\/vc_column_text][\/vc_column][\/vc_row]<\/p>\n<p>[vc_row][vc_column width=&#8221;1\/4&#8243;][vc_single_image image=&#8221;2409&#8243; alignment=&#8221;center&#8221; style=&#8221;vc_box_border_circle&#8221;][\/vc_column][vc_column width=&#8221;3\/4&#8243;][vc_column_text]<\/p>\n<h4 style=\"text-align: justify;\"><strong>Masterchem on eritt\u00e4in aktiivinen yritys, jolla on hieno kokemus<br \/>\n<\/strong><\/h4>\n<p style=\"text-align: justify;\">Joka p\u00e4iv\u00e4 toimitamme tonnia kemikaaleja varastostamme, j\u00e4rjest\u00e4mme raaka-aineiden toimituksen asiakkaillemme eri maissa ja s\u00e4\u00e4nn\u00f6llisesti valitsemalla ja ostamaan korkealaatuisia tuotteita maailmanlaajuisesti. Ty\u00f6skentelemme valppaasti varmistaaksemme, ett\u00e4 jokainen tuote s\u00e4ilytet\u00e4\u00e4n ehdottomasti ehtojen mukaisesti.<\/p>\n<p>[\/vc_column_text][\/vc_column][\/vc_row][vc_row][vc_column width=&#8221;3\/4&#8243;][vc_column_text]<\/p>\n<h4 style=\"text-align: justify;\">11.1.2011 Masterchemist\u00e4 tuli Viron kauppakamarin t\u00e4ysj\u00e4sen<\/h4>\n<p style=\"text-align: justify;\">\nT\u00e4m\u00e4 osoittaa yrityksemme vakavan ja vakaan kehityksen. Toimistot ja varastot (kokonaispinta-ala 1500 m2) sijaitsevat Muugan sataman l\u00e4hell\u00e4 sijaitsevassa teollisuuslogistiikkakeskuksessa. T\u00e4m\u00e4 antaa meille useita etuja tavaroiden toimittamisessa, joka toteutetaan tiukasti voimassa olevien m\u00e4\u00e4r\u00e4ysten ja joustavien termien mukaisesti.<\/p>\n<p>[\/vc_column_text][\/vc_column][vc_column width=&#8221;1\/4&#8243;][vc_single_image image=&#8221;2288&#8243; alignment=&#8221;center&#8221; style=&#8221;vc_box_border_circle&#8221;][\/vc_column][\/vc_row][vc_row][vc_column][vc_column_text]<\/p>\n<h4 style=\"text-align: center;\"><strong>Masterchem tarjoaa s\u00e4\u00e4nn\u00f6llisesti seuraavat tuotteet:<br \/>\n<\/strong><\/h4>\n<p>[\/vc_column_text][\/vc_column][\/vc_row][vc_row][vc_column width=&#8221;1\/4&#8243;]<div class=\"ult-just-icon-wrapper  \"><div class=\"align-icon\" style=\"text-align:center;\">\n<div class=\"aio-icon none \"  style=\"color:#333;font-size:32px;display:inline-block;\">\n\t<i class=\"Defaults-check\"><\/i>\n<\/div><\/div><\/div>[vc_text_separator title=&#8221;asetoni&#8221;][\/vc_column][vc_column width=&#8221;1\/4&#8243;]<div class=\"ult-just-icon-wrapper  \"><div class=\"align-icon\" style=\"text-align:center;\">\n<div class=\"aio-icon none \"  style=\"color:#333;font-size:32px;display:inline-block;\">\n\t<i class=\"Defaults-check\"><\/i>\n<\/div><\/div><\/div>[vc_text_separator title=&#8221;liuottimet&#8221;][\/vc_column][vc_column width=&#8221;1\/4&#8243;]<div class=\"ult-just-icon-wrapper  \"><div class=\"align-icon\" style=\"text-align:center;\">\n<div class=\"aio-icon none \"  style=\"color:#333;font-size:32px;display:inline-block;\">\n\t<i class=\"Defaults-check\"><\/i>\n<\/div><\/div><\/div>[vc_text_separator title=&#8221;ohenteet&#8221;][\/vc_column][vc_column width=&#8221;1\/4&#8243;]<div class=\"ult-just-icon-wrapper  \"><div class=\"align-icon\" style=\"text-align:center;\">\n<div class=\"aio-icon none \"  style=\"color:#333;font-size:32px;display:inline-block;\">\n\t<i class=\"Defaults-check\"><\/i>\n<\/div><\/div><\/div>[vc_text_separator title=&#8221;metanoli&#8221;][\/vc_column][\/vc_row][vc_row][vc_column width=&#8221;1\/4&#8243;]<div class=\"ult-just-icon-wrapper  \"><div class=\"align-icon\" style=\"text-align:center;\">\n<div class=\"aio-icon none \"  style=\"color:#333;font-size:32px;display:inline-block;\">\n\t<i class=\"Defaults-check\"><\/i>\n<\/div><\/div><\/div>[vc_text_separator title=&#8221;etanolia&#8221;][\/vc_column][vc_column width=&#8221;1\/4&#8243;]<div class=\"ult-just-icon-wrapper  \"><div class=\"align-icon\" style=\"text-align:center;\">\n<div class=\"aio-icon none \"  style=\"color:#333;font-size:32px;display:inline-block;\">\n\t<i class=\"Defaults-check\"><\/i>\n<\/div><\/div><\/div>[vc_text_separator title=&#8221; 2-propanoli&#8221;][\/vc_column][vc_column width=&#8221;1\/4&#8243;]<div class=\"ult-just-icon-wrapper  \"><div class=\"align-icon\" style=\"text-align:center;\">\n<div class=\"aio-icon none \"  style=\"color:#333;font-size:32px;display:inline-block;\">\n\t<i class=\"Defaults-check\"><\/i>\n<\/div><\/div><\/div>[vc_text_separator title=&#8221; huonekalujen lakat&#8221;][\/vc_column][vc_column width=&#8221;1\/4&#8243;]<div class=\"ult-just-icon-wrapper  \"><div class=\"align-icon\" style=\"text-align:center;\">\n<div class=\"aio-icon none \"  style=\"color:#333;font-size:32px;display:inline-block;\">\n\t<i class=\"Defaults-check\"><\/i>\n<\/div><\/div><\/div>[vc_text_separator title=&#8221;jne&#8221;][\/vc_column][\/vc_row][vc_row][vc_column][vc_column_text]<\/p>\n<p style=\"text-align: justify;\"><strong>Varastostamme on jatkuvasti saatavilla useita merkitt\u00e4vi\u00e4 tuotteita.<\/strong><\/p>\n<p style=\"text-align: justify;\">\n<p>Halutun tuotteen puuttuessa tarjoamme nopeasti ja luotettavasti kaikki tarvittavat tavarat ovellemme.<\/p>\n<p>[\/vc_column_text][\/vc_column][\/vc_row]<\/p>\n","protected":false},"excerpt":{"rendered":"<p>[vc_row][vc_column][vc_column_text] MasterChem-yritysfilosofia MasterChemi\u00e4 ohjaa kest\u00e4v\u00e4n kehityksen, innovaation ja huippuosaamisen filosofia. Uskomme arvon luomiseen paitsi korkealaatuisten kemiallisten tuotteidemme kautta my\u00f6s yll\u00e4pit\u00e4m\u00e4ll\u00e4 korkeimpia ymp\u00e4rist\u00f6nsuojelun ja -turvallisuuden standardeja. Sitoutumisemme asiakastyytyv\u00e4isyyteen saa meid\u00e4t jatkuvasti parantamaan ja r\u00e4\u00e4t\u00e4l\u00f6im\u00e4\u00e4n ratkaisujamme palvelemiemme toimialojen erilaisiin tarpeisiin. Edist\u00e4m\u00e4ll\u00e4 vastuullisuuden ja rehellisyyden kulttuuria pyrimme olemaan asiakkaidemme menestyksen luotettu kumppani ja my\u00f6nteinen voima globaalissa ymp\u00e4rist\u00f6nhoidossa. [\/vc_column_text][\/vc_column][\/vc_row][vc_row][vc_column][vc_column_text] [&hellip;]<\/p>\n","protected":false},"author":1,"featured_media":0,"parent":0,"menu_order":3,"comment_status":"closed","ping_status":"closed","template":"","meta":{"footnotes":""},"class_list":["post-311","page","type-page","status-publish","hentry"],"yoast_head":"<!-- This site is optimized with the Yoast SEO plugin v26.2 - https:\/\/yoast.com\/wordpress\/plugins\/seo\/ -->\n<title>Kemialliset tuotteet MasterChem | Parhaat hinnat ja laaja valikoima kemikaaleja<\/title>\n<meta name=\"description\" content=\"Kemiallisten tuotteiden tuotanto. Kemikaalien raaka-aineiden suorat toimitukset valmistajilta. Kemikaalien toimitukset maailmanlaajuisesti.\" \/>\n<meta name=\"robots\" content=\"index, follow, max-snippet:-1, max-image-preview:large, max-video-preview:-1\" \/>\n<link rel=\"canonical\" href=\"https:\/\/masterchem.ee\/fi\/yrityksesta\/\" \/>\n<meta name=\"twitter:card\" content=\"summary_large_image\" \/>\n<meta name=\"twitter:title\" content=\"Kemialliset tuotteet MasterChem | Parhaat hinnat ja laaja valikoima kemikaaleja\" \/>\n<meta name=\"twitter:description\" content=\"Kemiallisten tuotteiden tuotanto. Kemikaalien raaka-aineiden suorat toimitukset valmistajilta. Kemikaalien toimitukset maailmanlaajuisesti.\" \/>\n<meta name=\"twitter:label1\" content=\"Arvioitu lukuaika\" \/>\n\t<meta name=\"twitter:data1\" content=\"3 minuuttia\" \/>\n<script type=\"application\/ld+json\" class=\"yoast-schema-graph\">{\"@context\":\"https:\/\/schema.org\",\"@graph\":[{\"@type\":\"WebPage\",\"@id\":\"https:\/\/masterchem.ee\/fi\/yrityksesta\/\",\"url\":\"https:\/\/masterchem.ee\/fi\/yrityksesta\/\",\"name\":\"Kemialliset tuotteet MasterChem | Parhaat hinnat ja laaja valikoima kemikaaleja\",\"isPartOf\":{\"@id\":\"https:\/\/masterchem.ee\/fi\/#website\"},\"datePublished\":\"2018-02-15T17:12:13+00:00\",\"dateModified\":\"2024-02-28T22:14:21+00:00\",\"description\":\"Kemiallisten tuotteiden tuotanto. Kemikaalien raaka-aineiden suorat toimitukset valmistajilta. Kemikaalien toimitukset maailmanlaajuisesti.\",\"breadcrumb\":{\"@id\":\"https:\/\/masterchem.ee\/fi\/yrityksesta\/#breadcrumb\"},\"inLanguage\":\"fi\",\"potentialAction\":[{\"@type\":\"ReadAction\",\"target\":[\"https:\/\/masterchem.ee\/fi\/yrityksesta\/\"]}]},{\"@type\":\"BreadcrumbList\",\"@id\":\"https:\/\/masterchem.ee\/fi\/yrityksesta\/#breadcrumb\",\"itemListElement\":[{\"@type\":\"ListItem\",\"position\":1,\"name\":\"Home\",\"item\":\"https:\/\/masterchem.ee\/fi\/\"},{\"@type\":\"ListItem\",\"position\":2,\"name\":\"Yrityksest\u00e4\"}]},{\"@type\":\"WebSite\",\"@id\":\"https:\/\/masterchem.ee\/fi\/#website\",\"url\":\"https:\/\/masterchem.ee\/fi\/\",\"name\":\"Masterchem.ee\",\"description\":\"Chemistry For Industry - Solvents &amp; Chemicals\",\"publisher\":{\"@id\":\"https:\/\/masterchem.ee\/fi\/#organization\"},\"potentialAction\":[{\"@type\":\"SearchAction\",\"target\":{\"@type\":\"EntryPoint\",\"urlTemplate\":\"https:\/\/masterchem.ee\/fi\/?s={search_term_string}\"},\"query-input\":{\"@type\":\"PropertyValueSpecification\",\"valueRequired\":true,\"valueName\":\"search_term_string\"}}],\"inLanguage\":\"fi\"},{\"@type\":\"Organization\",\"@id\":\"https:\/\/masterchem.ee\/fi\/#organization\",\"name\":\"Masterchem\",\"url\":\"https:\/\/masterchem.ee\/fi\/\",\"logo\":{\"@type\":\"ImageObject\",\"inLanguage\":\"fi\",\"@id\":\"https:\/\/masterchem.ee\/fi\/#\/schema\/logo\/image\/\",\"url\":\"https:\/\/masterchem.ee\/wp-content\/uploads\/2018\/02\/master-chem_final-1.png\",\"contentUrl\":\"https:\/\/masterchem.ee\/wp-content\/uploads\/2018\/02\/master-chem_final-1.png\",\"width\":850,\"height\":356,\"caption\":\"Masterchem\"},\"image\":{\"@id\":\"https:\/\/masterchem.ee\/fi\/#\/schema\/logo\/image\/\"}}]}<\/script>\n<!-- \/ Yoast SEO plugin. -->","yoast_head_json":{"title":"Kemialliset tuotteet MasterChem | Parhaat hinnat ja laaja valikoima kemikaaleja","description":"Kemiallisten tuotteiden tuotanto. Kemikaalien raaka-aineiden suorat toimitukset valmistajilta. Kemikaalien toimitukset maailmanlaajuisesti.","robots":{"index":"index","follow":"follow","max-snippet":"max-snippet:-1","max-image-preview":"max-image-preview:large","max-video-preview":"max-video-preview:-1"},"canonical":"https:\/\/masterchem.ee\/fi\/yrityksesta\/","twitter_card":"summary_large_image","twitter_title":"Kemialliset tuotteet MasterChem | Parhaat hinnat ja laaja valikoima kemikaaleja","twitter_description":"Kemiallisten tuotteiden tuotanto. Kemikaalien raaka-aineiden suorat toimitukset valmistajilta. Kemikaalien toimitukset maailmanlaajuisesti.","twitter_misc":{"Arvioitu lukuaika":"3 minuuttia"},"schema":{"@context":"https:\/\/schema.org","@graph":[{"@type":"WebPage","@id":"https:\/\/masterchem.ee\/fi\/yrityksesta\/","url":"https:\/\/masterchem.ee\/fi\/yrityksesta\/","name":"Kemialliset tuotteet MasterChem | Parhaat hinnat ja laaja valikoima kemikaaleja","isPartOf":{"@id":"https:\/\/masterchem.ee\/fi\/#website"},"datePublished":"2018-02-15T17:12:13+00:00","dateModified":"2024-02-28T22:14:21+00:00","description":"Kemiallisten tuotteiden tuotanto. Kemikaalien raaka-aineiden suorat toimitukset valmistajilta. Kemikaalien toimitukset maailmanlaajuisesti.","breadcrumb":{"@id":"https:\/\/masterchem.ee\/fi\/yrityksesta\/#breadcrumb"},"inLanguage":"fi","potentialAction":[{"@type":"ReadAction","target":["https:\/\/masterchem.ee\/fi\/yrityksesta\/"]}]},{"@type":"BreadcrumbList","@id":"https:\/\/masterchem.ee\/fi\/yrityksesta\/#breadcrumb","itemListElement":[{"@type":"ListItem","position":1,"name":"Home","item":"https:\/\/masterchem.ee\/fi\/"},{"@type":"ListItem","position":2,"name":"Yrityksest\u00e4"}]},{"@type":"WebSite","@id":"https:\/\/masterchem.ee\/fi\/#website","url":"https:\/\/masterchem.ee\/fi\/","name":"Masterchem.ee","description":"Chemistry For Industry - Solvents &amp; Chemicals","publisher":{"@id":"https:\/\/masterchem.ee\/fi\/#organization"},"potentialAction":[{"@type":"SearchAction","target":{"@type":"EntryPoint","urlTemplate":"https:\/\/masterchem.ee\/fi\/?s={search_term_string}"},"query-input":{"@type":"PropertyValueSpecification","valueRequired":true,"valueName":"search_term_string"}}],"inLanguage":"fi"},{"@type":"Organization","@id":"https:\/\/masterchem.ee\/fi\/#organization","name":"Masterchem","url":"https:\/\/masterchem.ee\/fi\/","logo":{"@type":"ImageObject","inLanguage":"fi","@id":"https:\/\/masterchem.ee\/fi\/#\/schema\/logo\/image\/","url":"https:\/\/masterchem.ee\/wp-content\/uploads\/2018\/02\/master-chem_final-1.png","contentUrl":"https:\/\/masterchem.ee\/wp-content\/uploads\/2018\/02\/master-chem_final-1.png","width":850,"height":356,"caption":"Masterchem"},"image":{"@id":"https:\/\/masterchem.ee\/fi\/#\/schema\/logo\/image\/"}}]}},"_links":{"self":[{"href":"https:\/\/masterchem.ee\/fi\/wp-json\/wp\/v2\/pages\/311","targetHints":{"allow":["GET"]}}],"collection":[{"href":"https:\/\/masterchem.ee\/fi\/wp-json\/wp\/v2\/pages"}],"about":[{"href":"https:\/\/masterchem.ee\/fi\/wp-json\/wp\/v2\/types\/page"}],"author":[{"embeddable":true,"href":"https:\/\/masterchem.ee\/fi\/wp-json\/wp\/v2\/users\/1"}],"replies":[{"embeddable":true,"href":"https:\/\/masterchem.ee\/fi\/wp-json\/wp\/v2\/comments?post=311"}],"version-history":[{"count":10,"href":"https:\/\/masterchem.ee\/fi\/wp-json\/wp\/v2\/pages\/311\/revisions"}],"predecessor-version":[{"id":24762,"href":"https:\/\/masterchem.ee\/fi\/wp-json\/wp\/v2\/pages\/311\/revisions\/24762"}],"wp:attachment":[{"href":"https:\/\/masterchem.ee\/fi\/wp-json\/wp\/v2\/media?parent=311"}],"curies":[{"name":"wp","href":"https:\/\/api.w.org\/{rel}","templated":true}]}}