{"id":17845,"date":"2022-02-09T12:19:48","date_gmt":"2022-02-09T12:19:48","guid":{"rendered":"https:\/\/masterchem.ee\/tietosuojakaytanto\/"},"modified":"2026-05-03T11:28:18","modified_gmt":"2026-05-03T11:28:18","slug":"tietosuojakaytanto","status":"publish","type":"page","link":"https:\/\/masterchem.ee\/fi\/tietosuojakaytanto\/","title":{"rendered":"Tietosuojak\u00e4yt\u00e4nt\u00f6"},"content":{"rendered":"<div id=\"pl-17845\"  class=\"panel-layout\" ><div id=\"pg-17845-0\"  class=\"panel-grid panel-no-style\" ><div id=\"pgc-17845-0-0\"  class=\"panel-grid-cell\" ><div id=\"panel-17845-0-0-0\" class=\"so-panel widget widget_sow-editor panel-first-child panel-last-child\" data-index=\"0\" ><div\n\t\t\t\n\t\t\tclass=\"so-widget-sow-editor so-widget-sow-editor-base\"\n\t\t\t\n\t\t><h3 class=\"widget-title\">Tietosuojaseloste<\/h3>\n<div class=\"siteorigin-widget-tinymce textwidget\">\n\t<p>Viimeksi p\u00e4ivitetty: 4.05.2026<\/p>\n<p>T\u00e4ss\u00e4 tietosuojaselosteessa kerrotaan, miten MasterChem O\u00dc ker\u00e4\u00e4, k\u00e4ytt\u00e4\u00e4, s\u00e4ilytt\u00e4\u00e4 ja suojaa henkil\u00f6tietoja, kun vierailet verkkosivustollamme, otat meihin yhteytt\u00e4, pyyd\u00e4t tietoja, j\u00e4t\u00e4t tarjouspyynn\u00f6n, tilaat tuotteita tai k\u00e4yt\u00e4t palveluitamme.<\/p>\n<p>K\u00e4sittelemme henkil\u00f6tietoja Euroopan parlamentin ja neuvoston asetuksen (EU) 2016\/679 eli yleisen tietosuoja-asetuksen (\u201cGDPR\u201d) sek\u00e4 sovellettavan Viron tietosuojalains\u00e4\u00e4d\u00e4nn\u00f6n mukaisesti.<\/p>\n<p><strong>1. Rekisterinpit\u00e4j\u00e4<\/strong><\/p>\n<p>Henkil\u00f6tietojen rekisterinpit\u00e4j\u00e4 on:<\/p>\n<p>MasterChem O\u00dc<br \/>\nRekisterikoodi: 10755076<br \/>\nALV-numero: EE100688636<br \/>\nVirallinen osoite: Lao tn 4, 74114 Maardu, Harjun maakunta, Viro<br \/>\nPuhelin: +372 5504440<br \/>\nS\u00e4hk\u00f6posti: info@masterchem.ee<\/p>\n<p>Jos sinulla on kysytt\u00e4v\u00e4\u00e4 t\u00e4st\u00e4 tietosuojaselosteesta tai henkil\u00f6tietojesi k\u00e4sittelyst\u00e4, ota meihin yhteytt\u00e4 osoitteessa info@masterchem.ee.<\/p>\n<p><strong>2. Mit\u00e4 henkil\u00f6tietoja ker\u00e4\u00e4mme<\/strong><\/p>\n<p>Voimme ker\u00e4t\u00e4 ja k\u00e4sitell\u00e4 seuraavia henkil\u00f6tietoryhmi\u00e4:<\/p>\n<p>Yhteystiedot:<br \/>\n- nimi;<br \/>\n- yrityksen nimi;<br \/>\n- teht\u00e4v\u00e4nimike tai rooli;<br \/>\n- s\u00e4hk\u00f6postiosoite;<br \/>\n- puhelinnumero;<br \/>\n- laskutusosoite;<br \/>\n- toimitusosoite.<\/p>\n<p>Tilauksiin ja liikesuhteisiin liittyv\u00e4t tiedot:<br \/>\n- pyydetyt tai ostetut tuotteet ja palvelut;<br \/>\n- tilaushistoria;<br \/>\n- toimitustiedot;<br \/>\n- laskutukseen ja maksuihin liittyv\u00e4t tiedot;<br \/>\n- tarjouksiin, tilauksiin, toimituksiin, reklamaatioihin tai yhteisty\u00f6h\u00f6n liittyv\u00e4 viestint\u00e4.<\/p>\n<p>Verkkosivuston ja tekniset tiedot:<br \/>\n- IP-osoite;<br \/>\n- selaimen tyyppi ja versio;<br \/>\n- laitteen tiedot;<br \/>\n- vieraillut sivut;<br \/>\n- vierailun p\u00e4iv\u00e4m\u00e4\u00e4r\u00e4 ja kellonaika;<br \/>\n- ev\u00e4steiden tunnisteet;<br \/>\n- verkkosivuston k\u00e4ytt\u00f6tiedot.<\/p>\n<p>Viestint\u00e4tiedot:<br \/>\n- yhteydenottolomakkeiden kautta l\u00e4hetetyt viestit;<br \/>\n- s\u00e4hk\u00f6postikirjeenvaihto;<br \/>\n- tarjouspyynn\u00f6t;<br \/>\n- asiakastukipyynn\u00f6t;<br \/>\n- palaute ja muut tiedot, jotka annat meille vapaaehtoisesti.<\/p>\n<p>Emme tarkoituksellisesti ker\u00e4\u00e4 erityisiin henkil\u00f6tietoryhmiin kuuluvia tietoja verkkosivustomme kautta.<\/p>\n<p><strong>3. Miten ker\u00e4\u00e4mme henkil\u00f6tietoja<\/strong><\/p>\n<p>Ker\u00e4\u00e4mme henkil\u00f6tietoja, kun:<\/p>\n<p>- vierailet verkkosivustollamme;<br \/>\n- t\u00e4yt\u00e4t yhteydenottolomakkeen;<br \/>\n- l\u00e4het\u00e4t meille s\u00e4hk\u00f6postia;<br \/>\n- j\u00e4t\u00e4t tarjouspyynn\u00f6n;<br \/>\n- teet tilauksen;<br \/>\n- olet meihin yhteydess\u00e4 puhelimitse tai muiden kanavien kautta;<br \/>\n- tilaat uutisia tai markkinointiviestej\u00e4, jos t\u00e4llainen mahdollisuus on tarjolla;<br \/>\n- k\u00e4yt\u00e4t verkkosivuston toimintoja, jotka perustuvat ev\u00e4steisiin tai vastaaviin teknologioihin.<\/p>\n<p>Voimme saada rajoitetusti yritysyhteystietoja my\u00f6s julkisista rekistereist\u00e4, liikekumppaneilta tai julkisesti saatavilla olevista l\u00e4hteist\u00e4, jos se on tarpeen oikeutettujen liiketoiminnallisten tarkoitusten vuoksi.<\/p>\n<p><strong>4. Henkil\u00f6tietojen k\u00e4sittelyn tarkoitukset ja oikeusperusteet<\/strong><\/p>\n<p>K\u00e4sittelemme henkil\u00f6tietoja seuraaviin tarkoituksiin ja oikeusperusteisiin perustuen:<\/p>\n<p><strong>4.1. Tiedusteluihin ja pyynt\u00f6ihin vastaaminen<\/strong><\/p>\n<p>Tarkoitus:<br \/>\nVastata tiedusteluihin, tarjouspyynt\u00f6ihin, yhteydenottolomakkeiden kautta l\u00e4hetettyihin viesteihin ja muihin yhteydenottoihin.<\/p>\n<p>Oikeusperuste:<br \/>\nOikeutettu etumme viesti\u00e4 nykyisten ja potentiaalisten asiakkaiden sek\u00e4 yhteisty\u00f6kumppaneiden kanssa tai sopimuksen tekemist\u00e4 edelt\u00e4vien toimenpiteiden toteuttaminen.<\/p>\n<p><strong>4.2. Tilausten k\u00e4sittely sek\u00e4 tuotteiden ja palveluiden tarjoaminen<\/strong><\/p>\n<p>Tarkoitus:<br \/>\nK\u00e4sitell\u00e4 tilauksia, laatia tarjouksia, j\u00e4rjest\u00e4\u00e4 toimituksia, tarjota tuotteita ja palveluita, laatia laskuja sek\u00e4 hallinnoida asiakassuhteita.<\/p>\n<p>Oikeusperuste:<br \/>\nSopimuksen t\u00e4ytt\u00e4minen tai sopimuksen tekemist\u00e4 edelt\u00e4vien toimenpiteiden toteuttaminen.<\/p>\n<p><strong>4.3. Kirjanpito-, vero- ja lakis\u00e4\u00e4teisten velvoitteiden t\u00e4ytt\u00e4minen<\/strong><\/p>\n<p>Tarkoitus:<br \/>\nT\u00e4ytt\u00e4\u00e4 kirjanpitoon, verotukseen, raportointiin ja muihin lains\u00e4\u00e4d\u00e4nn\u00f6st\u00e4 johtuviin velvoitteisiin liittyv\u00e4t vaatimukset.<\/p>\n<p>Oikeusperuste:<br \/>\nLakis\u00e4\u00e4teisen velvoitteen t\u00e4ytt\u00e4minen.<\/p>\n<p><strong>4.4. Verkkosivuston toiminta ja turvallisuus<\/strong><\/p>\n<p>Tarkoitus:<br \/>\nYll\u00e4pit\u00e4\u00e4 ja suojata verkkosivustoa, ehk\u00e4ist\u00e4 v\u00e4\u00e4rink\u00e4ytt\u00f6\u00e4, havaita teknisi\u00e4 ongelmia ja parantaa verkkosivuston toimintavarmuutta.<\/p>\n<p>Oikeusperuste:<br \/>\nOikeutettu etumme varmistaa verkkosivuston turvallinen ja luotettava toiminta.<\/p>\n<p><strong>4.5. Markkinointi ja asiakasviestint\u00e4<\/strong><\/p>\n<p>Tarkoitus:<br \/>\nL\u00e4hett\u00e4\u00e4 tuotetietoja, tarjouksia tai muuta liiketoimintaan liittyv\u00e4\u00e4 tietoa, kun se on lain mukaan sallittua.<\/p>\n<p>Oikeusperuste:<br \/>\nSuostumuksesi, jos sit\u00e4 vaaditaan, tai oikeutettu etumme yll\u00e4pit\u00e4\u00e4 liikesuhteita nykyisten asiakkaiden ja yhteisty\u00f6kumppaneiden kanssa.<\/p>\n<p>Voit kielt\u00e4yty\u00e4 markkinointiviesteist\u00e4 milloin tahansa ottamalla meihin yhteytt\u00e4 osoitteessa info@masterchem.ee tai k\u00e4ytt\u00e4m\u00e4ll\u00e4 viestiss\u00e4 olevaa peruutuslinkki\u00e4, jos sellainen on saatavilla.<\/p>\n<p><strong>4.6. Verkkosivuston ja palveluiden parantaminen<\/strong><\/p>\n<p>Tarkoitus:<br \/>\nYmm\u00e4rt\u00e4\u00e4, miten k\u00e4vij\u00e4t k\u00e4ytt\u00e4v\u00e4t verkkosivustoamme, sek\u00e4 parantaa verkkosivuston sis\u00e4lt\u00f6\u00e4, tuotteita ja palveluita.<\/p>\n<p>Oikeusperuste:<br \/>\nSuostumuksesi, jos sit\u00e4 vaaditaan analytiikkaev\u00e4steiden k\u00e4ytt\u00f6\u00f6n, tai oikeutettu etumme silloin, kun tiedot ovat koottuja tai k\u00e4sittely ei edellyt\u00e4 suostumusta.<\/p>\n<p><strong>5. Ev\u00e4steet ja vastaavat teknologiat<\/strong><\/p>\n<p>Verkkosivustomme voi k\u00e4ytt\u00e4\u00e4 ev\u00e4steit\u00e4 ja vastaavia teknologioita verkkosivuston asianmukaisen toiminnan varmistamiseksi, k\u00e4ytt\u00f6kokemuksen parantamiseksi, verkkoliikenteen analysoimiseksi sek\u00e4 kolmansien osapuolten upotettujen palveluiden, kuten karttojen tai analytiikkaty\u00f6kalujen, tukemiseksi.<\/p>\n<p>Ev\u00e4steit\u00e4 voivat olla:<\/p>\n<p>- v\u00e4ltt\u00e4m\u00e4tt\u00f6m\u00e4t ev\u00e4steet;<br \/>\n- toiminnalliset ev\u00e4steet;<br \/>\n- analytiikkaev\u00e4steet;<br \/>\n- markkinointiev\u00e4steet, jos niit\u00e4 k\u00e4ytet\u00e4\u00e4n.<\/p>\n<p>Ei-v\u00e4ltt\u00e4m\u00e4tt\u00f6mi\u00e4 ev\u00e4steit\u00e4 k\u00e4ytet\u00e4\u00e4n vain lain sallimissa tapauksissa ja tarvittaessa suostumuksesi perusteella.<\/p>\n<p>Lis\u00e4tietoja k\u00e4ytt\u00e4mist\u00e4mme ev\u00e4steist\u00e4, niiden tarkoituksista ja asetusten hallinnasta on erillisess\u00e4 ev\u00e4stek\u00e4yt\u00e4nn\u00f6ss\u00e4mme.<\/p>\n<p><strong>6. Kenelle jaamme henkil\u00f6tietoja<\/strong><\/p>\n<p>Voimme jakaa henkil\u00f6tietoja luotettavien palveluntarjoajien ja yhteisty\u00f6kumppaneiden kanssa silt\u00e4 osin kuin se on tarpeen t\u00e4ss\u00e4 tietosuojaselosteessa kuvattujen tarkoitusten toteuttamiseksi.<\/p>\n<p>T\u00e4llaisia vastaanottajia voivat olla:<\/p>\n<p>- IT- ja verkkopalveluiden yll\u00e4pitopalveluiden tarjoajat;<br \/>\n- s\u00e4hk\u00f6posti- ja viestint\u00e4palveluiden tarjoajat;<br \/>\n- kirjanpito- ja laskutuspalveluiden tarjoajat;<br \/>\n- logistiikka-, kuljetus- ja kuriiriyritykset;<br \/>\n- maksupalveluntarjoajat, jos sovellettavissa;<br \/>\n- ammatilliset neuvonantajat, kuten kirjanpit\u00e4j\u00e4t, tilintarkastajat tai oikeudelliset neuvonantajat;<br \/>\n- viranomaiset, jos tietojen luovuttaminen perustuu lakiin.<\/p>\n<p>Jaamme henkil\u00f6tietoja vain tarpeellisessa laajuudessa ja edellyt\u00e4mme, ett\u00e4 palveluntarjoajamme suojaavat henkil\u00f6tietoja ja k\u00e4sittelev\u00e4t niit\u00e4 sovellettavan tietosuojalains\u00e4\u00e4d\u00e4nn\u00f6n mukaisesti.<\/p>\n<p><strong>7. Henkil\u00f6tietojen siirto Euroopan talousalueen ulkopuolelle<\/strong><\/p>\n<p>K\u00e4sittelemme henkil\u00f6tietoja ensisijaisesti Euroopan talousalueella.<\/p>\n<p>Jos k\u00e4yt\u00e4mme palveluntarjoajia, jotka k\u00e4sittelev\u00e4t henkil\u00f6tietoja Euroopan talousalueen ulkopuolella, varmistamme, ett\u00e4 asianmukaiset suojatoimet ovat k\u00e4yt\u00f6ss\u00e4. T\u00e4llaisia suojatoimia voivat olla esimerkiksi Euroopan komission tietosuojan riitt\u00e4vyytt\u00e4 koskeva p\u00e4\u00e4t\u00f6s, vakiosopimuslausekkeet tai muut GDPR:n mukaisesti sallitut suojatoimet.<\/p>\n<p><strong>8. Kuinka kauan s\u00e4ilyt\u00e4mme henkil\u00f6tietoja<\/strong><\/p>\n<p>S\u00e4ilyt\u00e4mme henkil\u00f6tietoja vain niin kauan kuin se on tarpeen niiden tarkoitusten toteuttamiseksi, joita varten tiedot ker\u00e4ttiin, ellei laki edellyt\u00e4 pidemp\u00e4\u00e4 s\u00e4ilytysaikaa.<\/p>\n<p>Yleisesti:<\/p>\n<p>- tiedustelu- ja viestint\u00e4tietoja s\u00e4ilytet\u00e4\u00e4n niin kauan kuin on tarpeen pyynt\u00f6\u00f6n vastaamiseksi ja siihen liittyv\u00e4n liikesuhteen hallinnoimiseksi;<br \/>\n- asiakas- ja tilaustietoja s\u00e4ilytet\u00e4\u00e4n asiakassuhteen ajan sek\u00e4 siin\u00e4 laajuudessa kuin kirjanpito-, vero- ja lakis\u00e4\u00e4teisten velvoitteiden t\u00e4ytt\u00e4minen edellytt\u00e4\u00e4;<br \/>\n- kirjanpitoasiakirjoja s\u00e4ilytet\u00e4\u00e4n sovellettavien lakis\u00e4\u00e4teisten s\u00e4ilytysaikojen mukaisesti;<br \/>\n- markkinointitietoja s\u00e4ilytet\u00e4\u00e4n, kunnes peruutat suostumuksesi tai vastustat t\u00e4llaista k\u00e4sittely\u00e4;<br \/>\n- teknisi\u00e4 verkkosivustotietoja s\u00e4ilytet\u00e4\u00e4n rajoitetun ajan, joka on tarpeen turvallisuuden, analytiikan ja verkkosivuston toiminnan varmistamiseksi.<\/p>\n<p>Kun henkil\u00f6tietoja ei en\u00e4\u00e4 tarvita, poistamme tai anonymisoimme ne sovellettavien vaatimusten mukaisesti.<\/p>\n<p><strong>9. Miten suojaamme henkil\u00f6tietoja<\/strong><\/p>\n<p>K\u00e4yt\u00e4mme asianmukaisia teknisi\u00e4 ja organisatorisia toimenpiteit\u00e4 henkil\u00f6tietojen suojaamiseksi luvattomalta p\u00e4\u00e4sylt\u00e4, katoamiselta, v\u00e4\u00e4rink\u00e4yt\u00f6lt\u00e4, muuttamiselta tai luovuttamiselta.<\/p>\n<p>P\u00e4\u00e4sy henkil\u00f6tietoihin on rajattu henkil\u00f6ille, jotka tarvitsevat niit\u00e4 ty\u00f6teht\u00e4viens\u00e4 suorittamiseksi. Edellyt\u00e4mme my\u00f6s, ett\u00e4 palveluntarjoajamme k\u00e4ytt\u00e4v\u00e4t asianmukaisia tietoturvatoimenpiteit\u00e4.<\/p>\n<p><strong>10. Oikeutesi<\/strong><\/p>\n<p>GDPR:n mukaisesti sinulla on seuraavat oikeudet henkil\u00f6tietoihisi liittyen:<\/p>\n<p>- oikeus saada tietoa siit\u00e4, miten henkil\u00f6tietojasi k\u00e4sitell\u00e4\u00e4n;<br \/>\n- oikeus saada p\u00e4\u00e4sy henkil\u00f6tietoihisi;<br \/>\n- oikeus pyyt\u00e4\u00e4 virheellisten tai puutteellisten tietojen oikaisemista;<br \/>\n- oikeus pyyt\u00e4\u00e4 henkil\u00f6tietojesi poistamista, jos sovellettavissa;<br \/>\n- oikeus pyyt\u00e4\u00e4 k\u00e4sittelyn rajoittamista;<br \/>\n- oikeus vastustaa oikeutettuun etuun perustuvaa k\u00e4sittely\u00e4;<br \/>\n- oikeus tietojen siirrett\u00e4vyyteen, jos sovellettavissa;<br \/>\n- oikeus peruuttaa suostumus milloin tahansa, jos k\u00e4sittely perustuu suostumukseen;<br \/>\n- oikeus olla joutumatta yksinomaan automaattiseen k\u00e4sittelyyn, mukaan lukien profilointi, perustuvan p\u00e4\u00e4t\u00f6ksen kohteeksi, jos p\u00e4\u00e4t\u00f6ksell\u00e4 on oikeudellisia tai vastaavia merkitt\u00e4vi\u00e4 vaikutuksia.<\/p>\n<p>Voit k\u00e4ytt\u00e4\u00e4 oikeuksiasi ottamalla meihin yhteytt\u00e4 osoitteessa info@masterchem.ee.<\/p>\n<p>Voimme pyyt\u00e4\u00e4 sinulta lis\u00e4tietoja henkil\u00f6llisyytesi vahvistamiseksi ennen pyynt\u00f6\u00f6si vastaamista.<\/p>\n<p><strong>11. Oikeus tehd\u00e4 valitus<\/strong><\/p>\n<p>Jos katsot, ett\u00e4 henkil\u00f6tietojasi on k\u00e4sitelty lainvastaisesti, sinulla on oikeus tehd\u00e4 valitus Viron tietosuojaviranomaiselle tai muulle toimivaltaiselle tietosuojaviranomaiselle.<\/p>\n<p>Viron tietosuojaviranomainen:<br \/>\nAndmekaitse Inspektsioon<br \/>\nVerkkosivusto: www.aki.ee<\/p>\n<p><strong>12. Automaattinen p\u00e4\u00e4t\u00f6ksenteko<\/strong><\/p>\n<p>Emme k\u00e4yt\u00e4 henkil\u00f6tietoja automaattiseen p\u00e4\u00e4t\u00f6ksentekoon, jolla olisi henkil\u00f6\u00f6n kohdistuvia oikeudellisia tai vastaavia merkitt\u00e4vi\u00e4 vaikutuksia.<\/p>\n<p><strong>13. Linkit kolmansien osapuolten verkkosivustoille<\/strong><\/p>\n<p>Verkkosivustomme voi sis\u00e4lt\u00e4\u00e4 linkkej\u00e4 kolmansien osapuolten verkkosivustoille tai upotettuja kolmansien osapuolten palveluita. Emme vastaa t\u00e4llaisten kolmansien osapuolten verkkosivustojen tai palveluiden tietosuojak\u00e4yt\u00e4nn\u00f6ist\u00e4, sis\u00e4ll\u00f6st\u00e4 tai turvallisuudesta.<\/p>\n<p>Suosittelemme tutustumaan kaikkien vierailemiesi kolmansien osapuolten verkkosivustojen tietosuojak\u00e4yt\u00e4nt\u00f6ihin.<\/p>\n<p><strong>14. Tietosuojaselosteen muutokset<\/strong><\/p>\n<p>Voimme p\u00e4ivitt\u00e4\u00e4 t\u00e4t\u00e4 tietosuojaselostetta ajoittain, jotta se vastaa palveluidemme, verkkosivuston toimintojen, lakis\u00e4\u00e4teisten vaatimusten tai henkil\u00f6tietojen k\u00e4sittelyk\u00e4yt\u00e4nt\u00f6jen muutoksia.<\/p>\n<p>Tietosuojaselosteen uusin versio on aina saatavilla verkkosivustollamme. Viimeisimm\u00e4n p\u00e4ivityksen p\u00e4iv\u00e4m\u00e4\u00e4r\u00e4 ilmoitetaan t\u00e4m\u00e4n asiakirjan alussa.<\/p>\n<p><strong>15. Yhteystiedot<\/strong><\/p>\n<p>Jos sinulla on kysytt\u00e4v\u00e4\u00e4 t\u00e4st\u00e4 tietosuojaselosteesta tai henkil\u00f6tietojen k\u00e4sittelyst\u00e4, ota meihin yhteytt\u00e4:<\/p>\n<p>MasterChem O\u00dc<br \/>\nRekisterikoodi: 10755076<br \/>\nALV-numero: EE100688636<br \/>\nVirallinen osoite: Lao tn 4, 74114 Maardu, Harjun maakunta, Viro<br \/>\nPuhelin: +372 5504440<br \/>\nS\u00e4hk\u00f6posti: info@masterchem.ee<\/p>\n<\/div>\n<\/div><\/div><\/div><\/div><\/div>","protected":false},"excerpt":{"rendered":"<p>Viimeksi p\u00e4ivitetty: 4.05.2026 T\u00e4ss\u00e4 tietosuojaselosteessa kerrotaan, miten MasterChem O\u00dc ker\u00e4\u00e4, k\u00e4ytt\u00e4\u00e4, s\u00e4ilytt\u00e4\u00e4 ja suojaa henkil\u00f6tietoja, kun vierailet verkkosivustollamme, otat meihin yhteytt\u00e4, pyyd\u00e4t tietoja, j\u00e4t\u00e4t tarjouspyynn\u00f6n, tilaat tuotteita tai k\u00e4yt\u00e4t palveluitamme. K\u00e4sittelemme henkil\u00f6tietoja Euroopan parlamentin ja neuvoston asetuksen (EU) 2016\/679 eli yleisen tietosuoja-asetuksen (\u201cGDPR\u201d) sek\u00e4 sovellettavan Viron tietosuojalains\u00e4\u00e4d\u00e4nn\u00f6n mukaisesti. 1. Rekisterinpit\u00e4j\u00e4 Henkil\u00f6tietojen rekisterinpit\u00e4j\u00e4 on: MasterChem O\u00dc [&hellip;]<\/p>\n","protected":false},"author":18,"featured_media":0,"parent":0,"menu_order":0,"comment_status":"closed","ping_status":"closed","template":"","meta":{"footnotes":""},"class_list":["post-17845","page","type-page","status-publish","hentry"],"yoast_head":"<!-- This site is optimized with the Yoast SEO plugin v26.2 - https:\/\/yoast.com\/wordpress\/plugins\/seo\/ -->\n<title>Tietosuojak\u00e4yt\u00e4nt\u00f6 - Chemistry For Industry - Solvents &amp; Chemicals - Masterchem.ee<\/title>\n<meta name=\"robots\" content=\"index, follow, max-snippet:-1, max-image-preview:large, max-video-preview:-1\" \/>\n<link rel=\"canonical\" href=\"https:\/\/masterchem.ee\/fi\/tietosuojakaytanto\/\" \/>\n<meta name=\"twitter:card\" content=\"summary_large_image\" \/>\n<meta name=\"twitter:title\" content=\"Tietosuojak\u00e4yt\u00e4nt\u00f6 - Chemistry For Industry - Solvents &amp; Chemicals - Masterchem.ee\" \/>\n<meta name=\"twitter:description\" content=\"Viimeksi p\u00e4ivitetty: 4.05.2026 T\u00e4ss\u00e4 tietosuojaselosteessa kerrotaan, miten MasterChem O\u00dc ker\u00e4\u00e4, k\u00e4ytt\u00e4\u00e4, s\u00e4ilytt\u00e4\u00e4 ja suojaa henkil\u00f6tietoja, kun vierailet verkkosivustollamme, otat meihin yhteytt\u00e4, pyyd\u00e4t tietoja, j\u00e4t\u00e4t tarjouspyynn\u00f6n, tilaat tuotteita tai k\u00e4yt\u00e4t palveluitamme. K\u00e4sittelemme henkil\u00f6tietoja Euroopan parlamentin ja neuvoston asetuksen (EU) 2016\/679 eli yleisen tietosuoja-asetuksen (\u201cGDPR\u201d) sek\u00e4 sovellettavan Viron tietosuojalains\u00e4\u00e4d\u00e4nn\u00f6n mukaisesti. 1. Rekisterinpit\u00e4j\u00e4 Henkil\u00f6tietojen rekisterinpit\u00e4j\u00e4 on: MasterChem O\u00dc [&hellip;]\" \/>\n<script type=\"application\/ld+json\" class=\"yoast-schema-graph\">{\"@context\":\"https:\/\/schema.org\",\"@graph\":[{\"@type\":\"WebPage\",\"@id\":\"https:\/\/masterchem.ee\/fi\/tietosuojakaytanto\/\",\"url\":\"https:\/\/masterchem.ee\/fi\/tietosuojakaytanto\/\",\"name\":\"Tietosuojak\u00e4yt\u00e4nt\u00f6 - Chemistry For Industry - Solvents &amp; Chemicals - Masterchem.ee\",\"isPartOf\":{\"@id\":\"https:\/\/masterchem.ee\/fi\/#website\"},\"datePublished\":\"2022-02-09T12:19:48+00:00\",\"dateModified\":\"2026-05-03T11:28:18+00:00\",\"breadcrumb\":{\"@id\":\"https:\/\/masterchem.ee\/fi\/tietosuojakaytanto\/#breadcrumb\"},\"inLanguage\":\"fi\",\"potentialAction\":[{\"@type\":\"ReadAction\",\"target\":[\"https:\/\/masterchem.ee\/fi\/tietosuojakaytanto\/\"]}]},{\"@type\":\"BreadcrumbList\",\"@id\":\"https:\/\/masterchem.ee\/fi\/tietosuojakaytanto\/#breadcrumb\",\"itemListElement\":[{\"@type\":\"ListItem\",\"position\":1,\"name\":\"Home\",\"item\":\"https:\/\/masterchem.ee\/fi\/\"},{\"@type\":\"ListItem\",\"position\":2,\"name\":\"Tietosuojak\u00e4yt\u00e4nt\u00f6\"}]},{\"@type\":\"WebSite\",\"@id\":\"https:\/\/masterchem.ee\/fi\/#website\",\"url\":\"https:\/\/masterchem.ee\/fi\/\",\"name\":\"Masterchem.ee\",\"description\":\"Chemistry For Industry - Solvents &amp; Chemicals\",\"publisher\":{\"@id\":\"https:\/\/masterchem.ee\/fi\/#organization\"},\"potentialAction\":[{\"@type\":\"SearchAction\",\"target\":{\"@type\":\"EntryPoint\",\"urlTemplate\":\"https:\/\/masterchem.ee\/fi\/?s={search_term_string}\"},\"query-input\":{\"@type\":\"PropertyValueSpecification\",\"valueRequired\":true,\"valueName\":\"search_term_string\"}}],\"inLanguage\":\"fi\"},{\"@type\":\"Organization\",\"@id\":\"https:\/\/masterchem.ee\/fi\/#organization\",\"name\":\"Masterchem\",\"url\":\"https:\/\/masterchem.ee\/fi\/\",\"logo\":{\"@type\":\"ImageObject\",\"inLanguage\":\"fi\",\"@id\":\"https:\/\/masterchem.ee\/fi\/#\/schema\/logo\/image\/\",\"url\":\"https:\/\/masterchem.ee\/wp-content\/uploads\/2018\/02\/master-chem_final-1.png\",\"contentUrl\":\"https:\/\/masterchem.ee\/wp-content\/uploads\/2018\/02\/master-chem_final-1.png\",\"width\":850,\"height\":356,\"caption\":\"Masterchem\"},\"image\":{\"@id\":\"https:\/\/masterchem.ee\/fi\/#\/schema\/logo\/image\/\"}}]}<\/script>\n<!-- \/ Yoast SEO plugin. -->","yoast_head_json":{"title":"Tietosuojak\u00e4yt\u00e4nt\u00f6 - Chemistry For Industry - Solvents &amp; Chemicals - Masterchem.ee","robots":{"index":"index","follow":"follow","max-snippet":"max-snippet:-1","max-image-preview":"max-image-preview:large","max-video-preview":"max-video-preview:-1"},"canonical":"https:\/\/masterchem.ee\/fi\/tietosuojakaytanto\/","twitter_card":"summary_large_image","twitter_title":"Tietosuojak\u00e4yt\u00e4nt\u00f6 - Chemistry For Industry - Solvents &amp; Chemicals - Masterchem.ee","twitter_description":"Viimeksi p\u00e4ivitetty: 4.05.2026 T\u00e4ss\u00e4 tietosuojaselosteessa kerrotaan, miten MasterChem O\u00dc ker\u00e4\u00e4, k\u00e4ytt\u00e4\u00e4, s\u00e4ilytt\u00e4\u00e4 ja suojaa henkil\u00f6tietoja, kun vierailet verkkosivustollamme, otat meihin yhteytt\u00e4, pyyd\u00e4t tietoja, j\u00e4t\u00e4t tarjouspyynn\u00f6n, tilaat tuotteita tai k\u00e4yt\u00e4t palveluitamme. K\u00e4sittelemme henkil\u00f6tietoja Euroopan parlamentin ja neuvoston asetuksen (EU) 2016\/679 eli yleisen tietosuoja-asetuksen (\u201cGDPR\u201d) sek\u00e4 sovellettavan Viron tietosuojalains\u00e4\u00e4d\u00e4nn\u00f6n mukaisesti. 1. Rekisterinpit\u00e4j\u00e4 Henkil\u00f6tietojen rekisterinpit\u00e4j\u00e4 on: MasterChem O\u00dc [&hellip;]","schema":{"@context":"https:\/\/schema.org","@graph":[{"@type":"WebPage","@id":"https:\/\/masterchem.ee\/fi\/tietosuojakaytanto\/","url":"https:\/\/masterchem.ee\/fi\/tietosuojakaytanto\/","name":"Tietosuojak\u00e4yt\u00e4nt\u00f6 - Chemistry For Industry - Solvents &amp; Chemicals - Masterchem.ee","isPartOf":{"@id":"https:\/\/masterchem.ee\/fi\/#website"},"datePublished":"2022-02-09T12:19:48+00:00","dateModified":"2026-05-03T11:28:18+00:00","breadcrumb":{"@id":"https:\/\/masterchem.ee\/fi\/tietosuojakaytanto\/#breadcrumb"},"inLanguage":"fi","potentialAction":[{"@type":"ReadAction","target":["https:\/\/masterchem.ee\/fi\/tietosuojakaytanto\/"]}]},{"@type":"BreadcrumbList","@id":"https:\/\/masterchem.ee\/fi\/tietosuojakaytanto\/#breadcrumb","itemListElement":[{"@type":"ListItem","position":1,"name":"Home","item":"https:\/\/masterchem.ee\/fi\/"},{"@type":"ListItem","position":2,"name":"Tietosuojak\u00e4yt\u00e4nt\u00f6"}]},{"@type":"WebSite","@id":"https:\/\/masterchem.ee\/fi\/#website","url":"https:\/\/masterchem.ee\/fi\/","name":"Masterchem.ee","description":"Chemistry For Industry - Solvents &amp; Chemicals","publisher":{"@id":"https:\/\/masterchem.ee\/fi\/#organization"},"potentialAction":[{"@type":"SearchAction","target":{"@type":"EntryPoint","urlTemplate":"https:\/\/masterchem.ee\/fi\/?s={search_term_string}"},"query-input":{"@type":"PropertyValueSpecification","valueRequired":true,"valueName":"search_term_string"}}],"inLanguage":"fi"},{"@type":"Organization","@id":"https:\/\/masterchem.ee\/fi\/#organization","name":"Masterchem","url":"https:\/\/masterchem.ee\/fi\/","logo":{"@type":"ImageObject","inLanguage":"fi","@id":"https:\/\/masterchem.ee\/fi\/#\/schema\/logo\/image\/","url":"https:\/\/masterchem.ee\/wp-content\/uploads\/2018\/02\/master-chem_final-1.png","contentUrl":"https:\/\/masterchem.ee\/wp-content\/uploads\/2018\/02\/master-chem_final-1.png","width":850,"height":356,"caption":"Masterchem"},"image":{"@id":"https:\/\/masterchem.ee\/fi\/#\/schema\/logo\/image\/"}}]}},"_links":{"self":[{"href":"https:\/\/masterchem.ee\/fi\/wp-json\/wp\/v2\/pages\/17845","targetHints":{"allow":["GET"]}}],"collection":[{"href":"https:\/\/masterchem.ee\/fi\/wp-json\/wp\/v2\/pages"}],"about":[{"href":"https:\/\/masterchem.ee\/fi\/wp-json\/wp\/v2\/types\/page"}],"author":[{"embeddable":true,"href":"https:\/\/masterchem.ee\/fi\/wp-json\/wp\/v2\/users\/18"}],"replies":[{"embeddable":true,"href":"https:\/\/masterchem.ee\/fi\/wp-json\/wp\/v2\/comments?post=17845"}],"version-history":[{"count":2,"href":"https:\/\/masterchem.ee\/fi\/wp-json\/wp\/v2\/pages\/17845\/revisions"}],"predecessor-version":[{"id":27841,"href":"https:\/\/masterchem.ee\/fi\/wp-json\/wp\/v2\/pages\/17845\/revisions\/27841"}],"wp:attachment":[{"href":"https:\/\/masterchem.ee\/fi\/wp-json\/wp\/v2\/media?parent=17845"}],"curies":[{"name":"wp","href":"https:\/\/api.w.org\/{rel}","templated":true}]}}