{"id":3716,"date":"2019-09-24T13:01:05","date_gmt":"2019-09-24T13:01:05","guid":{"rendered":"https:\/\/masterchem.ee\/product\/thinner-butyl-acetate-bt-5090\/"},"modified":"2021-06-27T12:46:28","modified_gmt":"2021-06-27T12:46:28","slug":"thinner-butyl-acetate-bt-5090","status":"publish","type":"product","link":"https:\/\/masterchem.ee\/en\/tooted-ja-teenused\/thinner-butyl-acetate-bt-5090\/","title":{"rendered":"Thinner  Butyl acetate BT-5090"},"content":{"rendered":"<p><strong>Description: <\/strong><\/p>\n<p>Thinner Butyl acetate is a proprietary product of MasterChem. The purpose of its creation was the creation of a universal solvent for polyurethane paints and varnishes, as well as when used in nitrosystems that betray better spreading of materials on a varnished surface. This solvent is of medium volatility. The composition is a mixture of esters of glycols, acetates, aromatic solvents.<\/p>\n<p><strong>Application and use: <\/strong><\/p>\n<p>BT-5090 butyl acetate solvent is designed to reduce the viscosity of transparent or tinted polyurethane varnishes, as well as for paints before applying them in different ways. It can be used for washing various varnish-and-paint equipment. It is also used to maintain and reduce the viscosity of coatings for application by spraying or dipping processes.<\/p>\n<p><strong>Packaging:<\/strong><br \/>\n0,5 L metall pudel<br \/>\n5 L plastkanister<br \/>\n10 L plastkanister<br \/>\n20 lit metal can UN<br \/>\n25 lit plastic can<br \/>\n200 lit drum\/barrel=<br \/>\n500 lit IBC container<br \/>\n1000 lit IBC container<br \/>\n24 MT BULK<\/p>\n<p>Tip: Store the product at a temperature between 0 \u00b0C and 35 \u00b0C and do not expose it to direct sunlight.<\/p>\n<p><strong>Properties:<\/strong><br \/>\nDensity: at 20 degrees C \u2013 0.86 g\/cm3 +-0.05<br \/>\nAppearance : Clear and Colorless Liquid<\/p>\n","protected":false},"excerpt":{"rendered":"<p>BT-5090 butyl acetate solvent is designed to reduce the viscosity of transparent or tinted polyurethane varnishes, as well as for paints before applying them in different ways. It can be used for washing various varnish-and-paint equipment. It is also used to maintain and reduce the viscosity of coatings for application by spraying or dipping processes.<\/p>\n","protected":false},"featured_media":4131,"template":"","meta":[],"product_brand":[],"product_cat":[40,61,58,57,59,56],"product_tag":[],"class_list":{"0":"post-3716","1":"product","2":"type-product","3":"status-publish","4":"has-post-thumbnail","6":"product_cat-uncategorized","7":"product_cat-building-industry","8":"product_cat-car-and-machinery-chemicals","9":"product_cat-metalworking-chemicals","10":"product_cat-road-painting","11":"product_cat-woodworking-chemicals","12":"pif-has-gallery","14":"first","15":"instock","16":"taxable","17":"shipping-taxable","18":"purchasable","19":"product-type-variable","20":"has-default-attributes"},"yoast_head":"<!-- This site is optimized with the Yoast SEO plugin v26.2 - https:\/\/yoast.com\/wordpress\/plugins\/seo\/ -->\n<title>Thinner Butyl acetate BT-5090 - Chemistry For Industry - Solvents &amp; Chemicals - Masterchem.ee<\/title>\n<meta name=\"description\" content=\"Lahusti But\u00fc\u00fclatsetaat BT-5090 on v\u00e4ljat\u00f6\u00f6datud MasterChemi poolt. Eesm\u00e4rk oli luua pol\u00fcuretaanv\u00e4rvide ja \u2013 lakkide jaoks universaalne lahusti, samuti nitros\u00fcsteemides kasutamisel, mis n\u00f5uavad matejalide paremat laotamist lakitud pinnale.\" \/>\n<meta name=\"robots\" content=\"index, follow, max-snippet:-1, max-image-preview:large, max-video-preview:-1\" \/>\n<link rel=\"canonical\" href=\"https:\/\/masterchem.ee\/en\/tooted-ja-teenused\/thinner-butyl-acetate-bt-5090\/\" \/>\n<meta name=\"twitter:card\" content=\"summary_large_image\" \/>\n<meta name=\"twitter:title\" content=\"Thinner Butyl acetate BT-5090 - Chemistry For Industry - Solvents &amp; Chemicals - Masterchem.ee\" \/>\n<meta name=\"twitter:description\" content=\"Lahusti But\u00fc\u00fclatsetaat BT-5090 on v\u00e4ljat\u00f6\u00f6datud MasterChemi poolt. Eesm\u00e4rk oli luua pol\u00fcuretaanv\u00e4rvide ja \u2013 lakkide jaoks universaalne lahusti, samuti nitros\u00fcsteemides kasutamisel, mis n\u00f5uavad matejalide paremat laotamist lakitud pinnale.\" \/>\n<meta name=\"twitter:image\" content=\"https:\/\/masterchem.ee\/wp-content\/uploads\/2019\/09\/Thinner-Butylacetate-BT-5090-1000L.jpg\" \/>\n<meta name=\"twitter:label1\" content=\"Est. reading time\" \/>\n\t<meta name=\"twitter:data1\" content=\"1 minute\" \/>\n<script type=\"application\/ld+json\" class=\"yoast-schema-graph\">{\"@context\":\"https:\/\/schema.org\",\"@graph\":[{\"@type\":\"WebPage\",\"@id\":\"https:\/\/masterchem.ee\/en\/tooted-ja-teenused\/thinner-butyl-acetate-bt-5090\/\",\"url\":\"https:\/\/masterchem.ee\/en\/tooted-ja-teenused\/thinner-butyl-acetate-bt-5090\/\",\"name\":\"Thinner Butyl acetate BT-5090 - Chemistry For Industry - Solvents &amp; Chemicals - Masterchem.ee\",\"isPartOf\":{\"@id\":\"https:\/\/masterchem.ee\/en\/#website\"},\"primaryImageOfPage\":{\"@id\":\"https:\/\/masterchem.ee\/en\/tooted-ja-teenused\/thinner-butyl-acetate-bt-5090\/#primaryimage\"},\"image\":{\"@id\":\"https:\/\/masterchem.ee\/en\/tooted-ja-teenused\/thinner-butyl-acetate-bt-5090\/#primaryimage\"},\"thumbnailUrl\":\"https:\/\/masterchem.ee\/wp-content\/uploads\/2019\/09\/Thinner-Butylacetate-BT-5090-1000L.jpg\",\"datePublished\":\"2019-09-24T13:01:05+00:00\",\"dateModified\":\"2021-06-27T12:46:28+00:00\",\"description\":\"Lahusti But\u00fc\u00fclatsetaat BT-5090 on v\u00e4ljat\u00f6\u00f6datud MasterChemi poolt. Eesm\u00e4rk oli luua pol\u00fcuretaanv\u00e4rvide ja \u2013 lakkide jaoks universaalne lahusti, samuti nitros\u00fcsteemides kasutamisel, mis n\u00f5uavad matejalide paremat laotamist lakitud pinnale.\",\"breadcrumb\":{\"@id\":\"https:\/\/masterchem.ee\/en\/tooted-ja-teenused\/thinner-butyl-acetate-bt-5090\/#breadcrumb\"},\"inLanguage\":\"en-US\",\"potentialAction\":[{\"@type\":\"ReadAction\",\"target\":[\"https:\/\/masterchem.ee\/en\/tooted-ja-teenused\/thinner-butyl-acetate-bt-5090\/\"]}]},{\"@type\":\"ImageObject\",\"inLanguage\":\"en-US\",\"@id\":\"https:\/\/masterchem.ee\/en\/tooted-ja-teenused\/thinner-butyl-acetate-bt-5090\/#primaryimage\",\"url\":\"https:\/\/masterchem.ee\/wp-content\/uploads\/2019\/09\/Thinner-Butylacetate-BT-5090-1000L.jpg\",\"contentUrl\":\"https:\/\/masterchem.ee\/wp-content\/uploads\/2019\/09\/Thinner-Butylacetate-BT-5090-1000L.jpg\",\"width\":700,\"height\":700,\"caption\":\"Thinner Butyl acetate BT-5090 1000l MasterChem\"},{\"@type\":\"BreadcrumbList\",\"@id\":\"https:\/\/masterchem.ee\/en\/tooted-ja-teenused\/thinner-butyl-acetate-bt-5090\/#breadcrumb\",\"itemListElement\":[{\"@type\":\"ListItem\",\"position\":1,\"name\":\"Home\",\"item\":\"https:\/\/masterchem.ee\/en\/\"},{\"@type\":\"ListItem\",\"position\":2,\"name\":\"Tooted ja teenused\",\"item\":\"https:\/\/masterchem.ee\/tooted-ja-teenused\/\"},{\"@type\":\"ListItem\",\"position\":3,\"name\":\"Thinner Butyl acetate BT-5090\"}]},{\"@type\":\"WebSite\",\"@id\":\"https:\/\/masterchem.ee\/en\/#website\",\"url\":\"https:\/\/masterchem.ee\/en\/\",\"name\":\"Masterchem.ee\",\"description\":\"Chemistry For Industry - Solvents &amp; Chemicals\",\"publisher\":{\"@id\":\"https:\/\/masterchem.ee\/en\/#organization\"},\"potentialAction\":[{\"@type\":\"SearchAction\",\"target\":{\"@type\":\"EntryPoint\",\"urlTemplate\":\"https:\/\/masterchem.ee\/en\/?s={search_term_string}\"},\"query-input\":{\"@type\":\"PropertyValueSpecification\",\"valueRequired\":true,\"valueName\":\"search_term_string\"}}],\"inLanguage\":\"en-US\"},{\"@type\":\"Organization\",\"@id\":\"https:\/\/masterchem.ee\/en\/#organization\",\"name\":\"Masterchem\",\"url\":\"https:\/\/masterchem.ee\/en\/\",\"logo\":{\"@type\":\"ImageObject\",\"inLanguage\":\"en-US\",\"@id\":\"https:\/\/masterchem.ee\/en\/#\/schema\/logo\/image\/\",\"url\":\"https:\/\/masterchem.ee\/wp-content\/uploads\/2018\/02\/master-chem_final-1.png\",\"contentUrl\":\"https:\/\/masterchem.ee\/wp-content\/uploads\/2018\/02\/master-chem_final-1.png\",\"width\":850,\"height\":356,\"caption\":\"Masterchem\"},\"image\":{\"@id\":\"https:\/\/masterchem.ee\/en\/#\/schema\/logo\/image\/\"}}]}<\/script>\n<!-- \/ Yoast SEO plugin. -->","yoast_head_json":{"title":"Thinner Butyl acetate BT-5090 - Chemistry For Industry - Solvents &amp; Chemicals - Masterchem.ee","description":"Lahusti But\u00fc\u00fclatsetaat BT-5090 on v\u00e4ljat\u00f6\u00f6datud MasterChemi poolt. Eesm\u00e4rk oli luua pol\u00fcuretaanv\u00e4rvide ja \u2013 lakkide jaoks universaalne lahusti, samuti nitros\u00fcsteemides kasutamisel, mis n\u00f5uavad matejalide paremat laotamist lakitud pinnale.","robots":{"index":"index","follow":"follow","max-snippet":"max-snippet:-1","max-image-preview":"max-image-preview:large","max-video-preview":"max-video-preview:-1"},"canonical":"https:\/\/masterchem.ee\/en\/tooted-ja-teenused\/thinner-butyl-acetate-bt-5090\/","twitter_card":"summary_large_image","twitter_title":"Thinner Butyl acetate BT-5090 - Chemistry For Industry - Solvents &amp; Chemicals - Masterchem.ee","twitter_description":"Lahusti But\u00fc\u00fclatsetaat BT-5090 on v\u00e4ljat\u00f6\u00f6datud MasterChemi poolt. Eesm\u00e4rk oli luua pol\u00fcuretaanv\u00e4rvide ja \u2013 lakkide jaoks universaalne lahusti, samuti nitros\u00fcsteemides kasutamisel, mis n\u00f5uavad matejalide paremat laotamist lakitud pinnale.","twitter_image":"https:\/\/masterchem.ee\/wp-content\/uploads\/2019\/09\/Thinner-Butylacetate-BT-5090-1000L.jpg","twitter_misc":{"Est. reading time":"1 minute"},"schema":{"@context":"https:\/\/schema.org","@graph":[{"@type":"WebPage","@id":"https:\/\/masterchem.ee\/en\/tooted-ja-teenused\/thinner-butyl-acetate-bt-5090\/","url":"https:\/\/masterchem.ee\/en\/tooted-ja-teenused\/thinner-butyl-acetate-bt-5090\/","name":"Thinner Butyl acetate BT-5090 - Chemistry For Industry - Solvents &amp; Chemicals - Masterchem.ee","isPartOf":{"@id":"https:\/\/masterchem.ee\/en\/#website"},"primaryImageOfPage":{"@id":"https:\/\/masterchem.ee\/en\/tooted-ja-teenused\/thinner-butyl-acetate-bt-5090\/#primaryimage"},"image":{"@id":"https:\/\/masterchem.ee\/en\/tooted-ja-teenused\/thinner-butyl-acetate-bt-5090\/#primaryimage"},"thumbnailUrl":"https:\/\/masterchem.ee\/wp-content\/uploads\/2019\/09\/Thinner-Butylacetate-BT-5090-1000L.jpg","datePublished":"2019-09-24T13:01:05+00:00","dateModified":"2021-06-27T12:46:28+00:00","description":"Lahusti But\u00fc\u00fclatsetaat BT-5090 on v\u00e4ljat\u00f6\u00f6datud MasterChemi poolt. Eesm\u00e4rk oli luua pol\u00fcuretaanv\u00e4rvide ja \u2013 lakkide jaoks universaalne lahusti, samuti nitros\u00fcsteemides kasutamisel, mis n\u00f5uavad matejalide paremat laotamist lakitud pinnale.","breadcrumb":{"@id":"https:\/\/masterchem.ee\/en\/tooted-ja-teenused\/thinner-butyl-acetate-bt-5090\/#breadcrumb"},"inLanguage":"en-US","potentialAction":[{"@type":"ReadAction","target":["https:\/\/masterchem.ee\/en\/tooted-ja-teenused\/thinner-butyl-acetate-bt-5090\/"]}]},{"@type":"ImageObject","inLanguage":"en-US","@id":"https:\/\/masterchem.ee\/en\/tooted-ja-teenused\/thinner-butyl-acetate-bt-5090\/#primaryimage","url":"https:\/\/masterchem.ee\/wp-content\/uploads\/2019\/09\/Thinner-Butylacetate-BT-5090-1000L.jpg","contentUrl":"https:\/\/masterchem.ee\/wp-content\/uploads\/2019\/09\/Thinner-Butylacetate-BT-5090-1000L.jpg","width":700,"height":700,"caption":"Thinner Butyl acetate BT-5090 1000l MasterChem"},{"@type":"BreadcrumbList","@id":"https:\/\/masterchem.ee\/en\/tooted-ja-teenused\/thinner-butyl-acetate-bt-5090\/#breadcrumb","itemListElement":[{"@type":"ListItem","position":1,"name":"Home","item":"https:\/\/masterchem.ee\/en\/"},{"@type":"ListItem","position":2,"name":"Tooted ja teenused","item":"https:\/\/masterchem.ee\/tooted-ja-teenused\/"},{"@type":"ListItem","position":3,"name":"Thinner Butyl acetate BT-5090"}]},{"@type":"WebSite","@id":"https:\/\/masterchem.ee\/en\/#website","url":"https:\/\/masterchem.ee\/en\/","name":"Masterchem.ee","description":"Chemistry For Industry - Solvents &amp; Chemicals","publisher":{"@id":"https:\/\/masterchem.ee\/en\/#organization"},"potentialAction":[{"@type":"SearchAction","target":{"@type":"EntryPoint","urlTemplate":"https:\/\/masterchem.ee\/en\/?s={search_term_string}"},"query-input":{"@type":"PropertyValueSpecification","valueRequired":true,"valueName":"search_term_string"}}],"inLanguage":"en-US"},{"@type":"Organization","@id":"https:\/\/masterchem.ee\/en\/#organization","name":"Masterchem","url":"https:\/\/masterchem.ee\/en\/","logo":{"@type":"ImageObject","inLanguage":"en-US","@id":"https:\/\/masterchem.ee\/en\/#\/schema\/logo\/image\/","url":"https:\/\/masterchem.ee\/wp-content\/uploads\/2018\/02\/master-chem_final-1.png","contentUrl":"https:\/\/masterchem.ee\/wp-content\/uploads\/2018\/02\/master-chem_final-1.png","width":850,"height":356,"caption":"Masterchem"},"image":{"@id":"https:\/\/masterchem.ee\/en\/#\/schema\/logo\/image\/"}}]}},"_links":{"self":[{"href":"https:\/\/masterchem.ee\/en\/wp-json\/wp\/v2\/product\/3716","targetHints":{"allow":["GET"]}}],"collection":[{"href":"https:\/\/masterchem.ee\/en\/wp-json\/wp\/v2\/product"}],"about":[{"href":"https:\/\/masterchem.ee\/en\/wp-json\/wp\/v2\/types\/product"}],"wp:featuredmedia":[{"embeddable":true,"href":"https:\/\/masterchem.ee\/en\/wp-json\/wp\/v2\/media\/4131"}],"wp:attachment":[{"href":"https:\/\/masterchem.ee\/en\/wp-json\/wp\/v2\/media?parent=3716"}],"wp:term":[{"taxonomy":"product_brand","embeddable":true,"href":"https:\/\/masterchem.ee\/en\/wp-json\/wp\/v2\/product_brand?post=3716"},{"taxonomy":"product_cat","embeddable":true,"href":"https:\/\/masterchem.ee\/en\/wp-json\/wp\/v2\/product_cat?post=3716"},{"taxonomy":"product_tag","embeddable":true,"href":"https:\/\/masterchem.ee\/en\/wp-json\/wp\/v2\/product_tag?post=3716"}],"curies":[{"name":"wp","href":"https:\/\/api.w.org\/{rel}","templated":true}]}}