{"id":17846,"date":"2022-02-09T12:37:02","date_gmt":"2022-02-09T12:37:02","guid":{"rendered":"https:\/\/masterchem.ee\/?page_id=17846"},"modified":"2022-02-14T20:15:59","modified_gmt":"2022-02-14T20:15:59","slug":"terms-and-conditions","status":"publish","type":"page","link":"https:\/\/masterchem.ee\/en\/terms-and-conditions\/","title":{"rendered":"Terms and conditions"},"content":{"rendered":"<div id=\"pl-17846\"  class=\"panel-layout\" ><div id=\"pg-17846-0\"  class=\"panel-grid panel-no-style\" ><div id=\"pgc-17846-0-0\"  class=\"panel-grid-cell\" ><div id=\"panel-17846-0-0-0\" class=\"so-panel widget widget_sow-editor panel-first-child\" data-index=\"0\" ><div\n\t\t\t\n\t\t\tclass=\"so-widget-sow-editor so-widget-sow-editor-base\"\n\t\t\t\n\t\t><h3 class=\"widget-title\">Veebipoe m\u00fc\u00fcgitingimused<\/h3>\n<div class=\"siteorigin-widget-tinymce textwidget\">\n\t<p>Veebipoe www.masterchem.ee (edaspidi Veebipood) omanik on MasterChem OU\u0308 registrikood 10755076, asukohaga Lao 4, Maardu 74114 Estonia.<\/p>\n<\/div>\n<\/div><\/div><div id=\"panel-17846-0-0-1\" class=\"so-panel widget widget_sow-editor\" data-index=\"1\" ><div\n\t\t\t\n\t\t\tclass=\"so-widget-sow-editor so-widget-sow-editor-base\"\n\t\t\t\n\t\t><h3 class=\"widget-title\">Mu\u0308u\u0308gilepingu kehtivus, kauba- ja hinnainfo<\/h3>\n<div class=\"siteorigin-widget-tinymce textwidget\">\n\t<p>Mu\u0308u\u0308gitingimused kehtivad Veebipoest kaupade ostmisel.<\/p>\n<p>Veebipoes mu\u0308u\u0308davate toodete hinnad on ma\u0308rgitud toodete juurde. Hinnale lisandub tasu kauba ka\u0308ttetoimetamise eest. Ko\u0303ik veebipoes mu\u0308u\u0308davate kaupade hinnad on eurodes.<\/p>\n<p>Kauba ka\u0308ttetoimetamise tasu so\u0303ltub ostja asukohast ning ka\u0308ttetoimetamise viisist. Ka\u0308ttetoimetamise tasu kuvatakse ostjale tellimuse vormistamisel.<\/p>\n<p>Teave kauba kohta on esitatud Veebipoes vahetult kauba juures.<\/p>\n<\/div>\n<\/div><\/div><div id=\"panel-17846-0-0-2\" class=\"so-panel widget widget_sow-editor\" data-index=\"2\" ><div\n\t\t\t\n\t\t\tclass=\"so-widget-sow-editor so-widget-sow-editor-base\"\n\t\t\t\n\t\t><h3 class=\"widget-title\">Tellimuse vormistamine<\/h3>\n<div class=\"siteorigin-widget-tinymce textwidget\">\n\t<p>Kauba tellimiseks tuleb lisada soovitud tooted ostukorvi. Tellimuse vormistamiseks tuleb ta\u0308ita no\u0303utud andmeva\u0308ljad ning valida sobiv toodete kohaletoimetamise viis. Seeja\u0308rel kuvatakse ekraanile tasu suurus, mille saab tasuda turvaliselt la\u0308bi ja\u0308rgnevate makseviiside:<\/p>\n<ul>\n<li>Eesti pangamaksed: Swedbank, SEB, Luminor, LHV, Coop Pank<\/li>\n<li>Visa\/Mastercard kaardimaksed<\/li>\n<li>Koostatud arve alusel<\/li>\n<li>Soome pangalingid: Aktia, A\u030alandsbanken, Danske, Handelsbanken, Nordea, Oma Sa\u0308a\u0308stopankki, Pohjola, POP Pankki, S-Pankki, Sa\u0308a\u0308stopankki<\/li>\n<li>La\u0308ti pangamaksed: Swedbank, SEB, Citadele, Citadele ja Luminor<\/li>\n<li>Leedu pangamaksed: Swedbank, SEB, Citadele, \u0160iauliu ja Luminor<\/li>\n<\/ul>\n<p>NB! Pangalingiga tasumisel vajutada kindlasti panga lehel nupule \u201eTagasi kaupmehe juurde\u201c.<\/p>\n<p>Makseid vahendab Maksekeskus AS. Tasumine toimub va\u0308ljaspool Veebipoodi turvalises keskkonnas \u2013 pangalingiga tasumisel vastava panga turvalises keskkonnas ja krediitkaardiga tasumisel Maksekeskus AS turvalises keskkonnas. Mu\u0308u\u0308jal puudub ligipa\u0308a\u0308s kliendi panga ja krediitkaardi andmetele. Leping jo\u0303ustub alates tasumisele kuuluva summa laekumisest Veebipoe arvelduskontole.<\/p>\n<p>Veebipoe omanik on isikuandmete vastutav to\u0308o\u0308tleja ning edastab maksete teostamiseks vajalikud isikuandmed volitatud to\u0308o\u0308tleja Maksekeskus AS-le.<\/p>\n<p>Kui tellitud kaupa ei ole vo\u0303imalik tarnida seoses kauba lo\u0303ppemisega vo\u0303i muul po\u0303hjusel, teavitatakse sellest ostjat esimesel vo\u0303imalusel ning tagastatakse tasutud raha (sh kauba ka\u0308ttetoimetamise kulud) viivitamata, kuid mitte hiljem kui 14 pa\u0308eva jooksul teate saatmisest.<\/p>\n<\/div>\n<\/div><\/div><div id=\"panel-17846-0-0-3\" class=\"so-panel widget widget_sow-editor\" data-index=\"3\" ><div\n\t\t\t\n\t\t\tclass=\"so-widget-sow-editor so-widget-sow-editor-base\"\n\t\t\t\n\t\t><h3 class=\"widget-title\">Kohaletoimetamine<\/h3>\n<div class=\"siteorigin-widget-tinymce textwidget\">\n\t<p>Kaupu saadetakse ja\u0308rgmistesse riikidesse: Eesti, L\u00e4ti, Leedu, Soome.<\/p>\n<p>Kauba ka\u0308ttesaamiseks on ostjal ja\u0308rgnevad valikud: Omniva pakiautomaat, Itella pakiautomaat, CF&S Estonia AS,Ferroline Group O\u00dc, DSV Estonia AS, ise kaubale j\u00e4rele tulemise v\u00f5imalus.<\/p>\n<p>Kauba saatmiskulud kannab ostja ning vastav hinnainfo on kuvatud saatmisviisi juures.<\/p>\n<p>Eestisisesed saadetised jo\u0303uavad u\u0308ldjuhul ostja ma\u0308a\u0308ratud sihtpunkti 5 to\u0308o\u0308pa\u0308eva jooksul alates mu\u0308u\u0308gilepingu jo\u0303ustumisest. Va\u0308ljaspool Eestit toimub kohaletoimetamine 14 kalendripa\u0308eva jooksul.<\/p>\n<p>Erandlikel juhtumitel on o\u0303igus kaup kohale toimetada kuni 45 kalendripa\u0308eva jooksul.<\/p>\n<\/div>\n<\/div><\/div><div id=\"panel-17846-0-0-4\" class=\"so-panel widget widget_sow-editor\" data-index=\"4\" ><div\n\t\t\t\n\t\t\tclass=\"so-widget-sow-editor so-widget-sow-editor-base\"\n\t\t\t\n\t\t><h3 class=\"widget-title\">Taganemiso\u0303igus<\/h3>\n<div class=\"siteorigin-widget-tinymce textwidget\">\n\t<p>Pa\u0308rast tellimuse ka\u0308ttesaamist on ostjal o\u0303igus e-poes so\u0303lmitud lepingust taganeda 14 pa\u0308eva jooksul.<\/p>\n<p>Taganemiso\u0303igus ei kohaldu, kui ostjaks on juriidiline isik.<\/p>\n<p>14-pa\u0308evase tagastamiso\u0303iguse kasutamiseks ei tohi tellitud kaupa kasutada muul viisil kui on vajalik kauba olemuses, omadustes ja toimimises veendumiseks viisil nagu see on lubatud kauba testimiseks fu\u0308u\u0308silises poes.<\/p>\n<p>Kui kaupa on kasutatud muuks otstarbeks kui on vajalik kauba olemuses, omadustes ja toimimises veendumiseks vo\u0303i sellel on kasutamise vo\u0303i kulumise ma\u0308rke, on Veebipoel o\u0303igus alandada tagastatavat tasu vastavalt kauba va\u0308a\u0308rtuse va\u0308henemisele.<\/p>\n<p>Kauba tagastamiseks tuleb esitada kauba ostmisest taganemise soovist e-posti aadressile info@masterchem.ee hiljemalt 14 pa\u0308eva jooksul kauba ka\u0308ttesaamisest.<\/p>\n<p>Toote tagastamiseks on vaja meile e-maile peale saata j\u00e4rgmist infot :<\/p>\n<ul>\n<li>Nimi<\/li>\n<li>Telefoni nubri<\/li>\n<li>e-posti<\/li>\n<li>Arve\/t\u0161eki numbri<\/li>\n<li>Tagastatava toote nimetus<\/li>\n<li>Tagastamise p\u00f5hjus<\/li>\n<\/ul>\n<p>Kauba tagastamise kulud kannab ostja, va\u0308lja arvatud juhul, kui tagastamise po\u0303hjus seisneb asjaolus, et tagastamisele kuuluv toode ei vasta tellitule (nt vale vo\u0303i defektiga toode).<\/p>\n<p>Ostja peab kauba tagastama avalduse esitamisele ja\u0308rgneva 14 pa\u0308eva jooksul vo\u0303i esitama to\u0303endi, et ta on eelnimetatud perioodi jooksul kauba u\u0308le andnud kauba vedajale.<\/p>\n<p>Veebipood tagastab tagastatava kauba ka\u0308ttesaamisel ostjale viivitamata, kuid mitte hiljem kui 14 pa\u0308eva mo\u0308o\u0308dumisel arvates taganemisavalduse saamisest, ko\u0303ik ostjalt lepingu alusel saadud tasud.<\/p>\n<p>Veebipood vo\u0303ib keelduda tagasimaksete tegemisest seni, kuni on lepingu esemeks oleva asja tagasi saanud vo\u0303i kuni ostja on esitanud to\u0303endid, et on asja tagasi saatnud, so\u0303ltuvalt sellest, kumb toimub varem.<\/p>\n<p>Kui ostja on so\u0303naselgelt valinud Veebipoe pakutud ko\u0303ige odavamast tavapa\u0308rasest asja ka\u0308ttetoimetamise viisist erineva ka\u0308ttetoimetamise viisi, ei pea Veebipood tarbijale tagastama kulu, mis u\u0308letab tavapa\u0308rase ka\u0308ttetoimetamise viisiga seotud kulu.<\/p>\n<p>Veebipoel on o\u0303igus taganeda mu\u0308u\u0308gitehingust ning no\u0303uda ostjalt tagasi kaup, kui kauba hind veebipoes on eksituse to\u0303ttu ma\u0308rgitud oluliselt alla kauba turuhinna.<\/p>\n<\/div>\n<\/div><\/div><div id=\"panel-17846-0-0-5\" class=\"so-panel widget widget_sow-editor\" data-index=\"5\" ><div\n\t\t\t\n\t\t\tclass=\"so-widget-sow-editor so-widget-sow-editor-base\"\n\t\t\t\n\t\t><h3 class=\"widget-title\">Pretensiooni esitamise o\u0303igus<\/h3>\n<div class=\"siteorigin-widget-tinymce textwidget\">\n\t<p>Veebipood vastutab ostjale mu\u0308u\u0308dud kauba lepingutingimustele mittevastavuse vo\u0303i puuduse eest, mis oli olemas juba asja u\u0308leandmise hetkel ning mis ilmneb kuni kahe aasta jooksul, alates kauba u\u0308leandmisest ostjale. ellest esimese kuue kuu jooksul asja u\u0308leandmisest ostjale eeldatakse, et puudus oli olemas juba asja u\u0308leandmise ajal. Vastava eelduse u\u0308mberlu\u0308kkamine on Veebipoe kohustus.<\/p>\n<p>Ostjal on o\u0303igus puuduse ilmnemisel po\u0308o\u0308rduda hiljemalt kahe kuu jooksul veebipoe poole, saates e-kirja aadressile <a href=\"mailto:info@masterchem.ee\">info@masterchem.ee<\/a> vo\u0303i helistada telefonil: +372 55513600.<\/p>\n<p>Veebipood ei vastuta puuduste eest, mis on tekkinud pa\u0308rast kauba u\u0308leandmist ostjale.<\/p>\n<p>Kui Veebipoest ostetud kaubal on puudused, mille eest Veebipood vastutab, parandab vo\u0303i asendab Veebipood puudusega kauba. Kui kaupa ei ole vo\u0303imalik parandada ega asendada, tagastab Veebipood ostjale ko\u0303ik mu\u0308u\u0308gilepinguga kaasnenud tasud.<\/p>\n<p>Veebipood vastab tarbija esitatud kaebusele kirjalikult vo\u0303i kirjalikku taasesitamist vo\u0303imaldavas vormis 15 pa\u0308eva jooksul.<\/p>\n<\/div>\n<\/div><\/div><div id=\"panel-17846-0-0-6\" class=\"so-panel widget widget_sow-editor\" data-index=\"6\" ><div\n\t\t\t\n\t\t\tclass=\"so-widget-sow-editor so-widget-sow-editor-base\"\n\t\t\t\n\t\t><h3 class=\"widget-title\">Otseturustus ja isikuandmete to\u0308o\u0308tlemine<\/h3>\n<div class=\"siteorigin-widget-tinymce textwidget\">\n\t<p>Veebipood kasutab ostja poolt sisestatud isikuandmeid ainult tellimuse to\u0308o\u0308tlemiseks ning kauba ostjale saatmiseks. Veebipood edastab isikuandmeid veoteenust pakkuvale ettevo\u0303tetele selleks, et kohale toimetada kaupa.<\/p>\n<p>Veebipood saadab ostjale uudiskirju ning pakkumisi ostja e-maili aadressile ainult juhul, kui ostja on selleks avaldanud soovi sisestades veebilehel e-kirja aadressi ning andnud teada oma soovist otsepostituse teadete saamiseks.<\/p>\n<p>Ostjal on igal ajal vo\u0303imalik loobuda e-postile saadetavatest pakkumistest ja uudiskirjadest andes sellest meile teada e-kirja teel vo\u0303i ja\u0308rgides pakkumisi sisaldava e-kirjas toodud juhiseid.<\/p>\n<\/div>\n<\/div><\/div><div id=\"panel-17846-0-0-7\" class=\"so-panel widget widget_sow-editor panel-last-child\" data-index=\"7\" ><div\n\t\t\t\n\t\t\tclass=\"so-widget-sow-editor so-widget-sow-editor-base\"\n\t\t\t\n\t\t><h3 class=\"widget-title\">Vaidluste lahendamine<\/h3>\n<div class=\"siteorigin-widget-tinymce textwidget\">\n\t<p>Kui ostjal on Veebipoe osas pretensioone, tuleb need saata e-kirja aadressile <a href=\"mailto:info@masterchem.ee\">info@masterchem.ee<\/a> vo\u0303i helistada telefonil: +372 55513600<\/p>\n<p>Kui ostja ja Veebipood ei suuda lahendada vaidlust kokkuleppe teel, siis on ostjal vo\u0303imalik po\u0308o\u0308rduda Tarbijavaidluste komisjoni poole. Ostjal on \u00f5igus p\u00f6\u00f6rduda p\u00e4deva j\u00e4relevalveasutuse poole, milleks on Tarbijakaitse ja Tehnilise J\u00e4relevalve Amet aadressil Pronksi 12, 10117 Tallinn, e-post: info@ttja.ee Vaidluse lahendamiseks v\u00f5ib Ostja p\u00f6\u00f6rduda tarbijavaidluste komisjoni poole. Tarbijavaidluste komisjoni p\u00e4devuses on lahendada Ostja ja M\u00fc\u00fcja vahel s\u00f5lmitud lepingust tulenevaid vaidlusi, mida pooled ei suutnud lahendada kokkuleppe teel. Kaebuste lahendamiseks lisainfo <a href=\"https:\/\/komisjon.ee\/et\/avalduse-esitamine\" target=\"_blank\" rel=\"noopener\">https:\/\/komisjon.ee\/et\/avalduse-esitamine<\/a>.<\/p>\n<\/div>\n<\/div><\/div><\/div><\/div><\/div>","protected":false},"excerpt":{"rendered":"<p>Veebipoe www.masterchem.ee (edaspidi Veebipood) omanik on MasterChem OU\u0308 registrikood 10755076, asukohaga Lao 4, Maardu 74114 Estonia. Mu\u0308u\u0308gitingimused kehtivad Veebipoest kaupade ostmisel. Veebipoes mu\u0308u\u0308davate toodete hinnad on ma\u0308rgitud toodete juurde. Hinnale lisandub tasu kauba ka\u0308ttetoimetamise eest. Ko\u0303ik veebipoes mu\u0308u\u0308davate kaupade hinnad on eurodes. Kauba ka\u0308ttetoimetamise tasu so\u0303ltub ostja asukohast ning ka\u0308ttetoimetamise viisist. Ka\u0308ttetoimetamise tasu kuvatakse ostjale [&hellip;]<\/p>\n","protected":false},"author":18,"featured_media":0,"parent":0,"menu_order":0,"comment_status":"closed","ping_status":"closed","template":"","meta":{"footnotes":""},"class_list":["post-17846","page","type-page","status-publish","hentry"],"yoast_head":"<!-- This site is optimized with the Yoast SEO plugin v26.2 - https:\/\/yoast.com\/wordpress\/plugins\/seo\/ -->\n<title>Terms and conditions - Chemistry For Industry - Solvents &amp; Chemicals - Masterchem.ee<\/title>\n<meta name=\"robots\" content=\"index, follow, max-snippet:-1, max-image-preview:large, max-video-preview:-1\" \/>\n<link rel=\"canonical\" href=\"https:\/\/masterchem.ee\/en\/terms-and-conditions\/\" \/>\n<meta name=\"twitter:card\" content=\"summary_large_image\" \/>\n<meta name=\"twitter:title\" content=\"Terms and conditions - Chemistry For Industry - Solvents &amp; Chemicals - Masterchem.ee\" \/>\n<meta name=\"twitter:description\" content=\"Veebipoe www.masterchem.ee (edaspidi Veebipood) omanik on MasterChem OU\u0308 registrikood 10755076, asukohaga Lao 4, Maardu 74114 Estonia. Mu\u0308u\u0308gitingimused kehtivad Veebipoest kaupade ostmisel. Veebipoes mu\u0308u\u0308davate toodete hinnad on ma\u0308rgitud toodete juurde. Hinnale lisandub tasu kauba ka\u0308ttetoimetamise eest. Ko\u0303ik veebipoes mu\u0308u\u0308davate kaupade hinnad on eurodes. Kauba ka\u0308ttetoimetamise tasu so\u0303ltub ostja asukohast ning ka\u0308ttetoimetamise viisist. Ka\u0308ttetoimetamise tasu kuvatakse ostjale [&hellip;]\" \/>\n<meta name=\"twitter:label1\" content=\"Est. reading time\" \/>\n\t<meta name=\"twitter:data1\" content=\"5 minutes\" \/>\n<script type=\"application\/ld+json\" class=\"yoast-schema-graph\">{\"@context\":\"https:\/\/schema.org\",\"@graph\":[{\"@type\":\"WebPage\",\"@id\":\"https:\/\/masterchem.ee\/en\/terms-and-conditions\/\",\"url\":\"https:\/\/masterchem.ee\/en\/terms-and-conditions\/\",\"name\":\"Terms and conditions - Chemistry For Industry - Solvents &amp; Chemicals - Masterchem.ee\",\"isPartOf\":{\"@id\":\"https:\/\/masterchem.ee\/en\/#website\"},\"datePublished\":\"2022-02-09T12:37:02+00:00\",\"dateModified\":\"2022-02-14T20:15:59+00:00\",\"breadcrumb\":{\"@id\":\"https:\/\/masterchem.ee\/en\/terms-and-conditions\/#breadcrumb\"},\"inLanguage\":\"en-US\",\"potentialAction\":[{\"@type\":\"ReadAction\",\"target\":[\"https:\/\/masterchem.ee\/en\/terms-and-conditions\/\"]}]},{\"@type\":\"BreadcrumbList\",\"@id\":\"https:\/\/masterchem.ee\/en\/terms-and-conditions\/#breadcrumb\",\"itemListElement\":[{\"@type\":\"ListItem\",\"position\":1,\"name\":\"Home\",\"item\":\"https:\/\/masterchem.ee\/en\/\"},{\"@type\":\"ListItem\",\"position\":2,\"name\":\"Terms and conditions\"}]},{\"@type\":\"WebSite\",\"@id\":\"https:\/\/masterchem.ee\/en\/#website\",\"url\":\"https:\/\/masterchem.ee\/en\/\",\"name\":\"Masterchem.ee\",\"description\":\"Chemistry For Industry - Solvents &amp; Chemicals\",\"publisher\":{\"@id\":\"https:\/\/masterchem.ee\/en\/#organization\"},\"potentialAction\":[{\"@type\":\"SearchAction\",\"target\":{\"@type\":\"EntryPoint\",\"urlTemplate\":\"https:\/\/masterchem.ee\/en\/?s={search_term_string}\"},\"query-input\":{\"@type\":\"PropertyValueSpecification\",\"valueRequired\":true,\"valueName\":\"search_term_string\"}}],\"inLanguage\":\"en-US\"},{\"@type\":\"Organization\",\"@id\":\"https:\/\/masterchem.ee\/en\/#organization\",\"name\":\"Masterchem\",\"url\":\"https:\/\/masterchem.ee\/en\/\",\"logo\":{\"@type\":\"ImageObject\",\"inLanguage\":\"en-US\",\"@id\":\"https:\/\/masterchem.ee\/en\/#\/schema\/logo\/image\/\",\"url\":\"https:\/\/masterchem.ee\/wp-content\/uploads\/2018\/02\/master-chem_final-1.png\",\"contentUrl\":\"https:\/\/masterchem.ee\/wp-content\/uploads\/2018\/02\/master-chem_final-1.png\",\"width\":850,\"height\":356,\"caption\":\"Masterchem\"},\"image\":{\"@id\":\"https:\/\/masterchem.ee\/en\/#\/schema\/logo\/image\/\"}}]}<\/script>\n<!-- \/ Yoast SEO plugin. -->","yoast_head_json":{"title":"Terms and conditions - Chemistry For Industry - Solvents &amp; Chemicals - Masterchem.ee","robots":{"index":"index","follow":"follow","max-snippet":"max-snippet:-1","max-image-preview":"max-image-preview:large","max-video-preview":"max-video-preview:-1"},"canonical":"https:\/\/masterchem.ee\/en\/terms-and-conditions\/","twitter_card":"summary_large_image","twitter_title":"Terms and conditions - Chemistry For Industry - Solvents &amp; Chemicals - Masterchem.ee","twitter_description":"Veebipoe www.masterchem.ee (edaspidi Veebipood) omanik on MasterChem OU\u0308 registrikood 10755076, asukohaga Lao 4, Maardu 74114 Estonia. Mu\u0308u\u0308gitingimused kehtivad Veebipoest kaupade ostmisel. Veebipoes mu\u0308u\u0308davate toodete hinnad on ma\u0308rgitud toodete juurde. Hinnale lisandub tasu kauba ka\u0308ttetoimetamise eest. Ko\u0303ik veebipoes mu\u0308u\u0308davate kaupade hinnad on eurodes. Kauba ka\u0308ttetoimetamise tasu so\u0303ltub ostja asukohast ning ka\u0308ttetoimetamise viisist. Ka\u0308ttetoimetamise tasu kuvatakse ostjale [&hellip;]","twitter_misc":{"Est. reading time":"5 minutes"},"schema":{"@context":"https:\/\/schema.org","@graph":[{"@type":"WebPage","@id":"https:\/\/masterchem.ee\/en\/terms-and-conditions\/","url":"https:\/\/masterchem.ee\/en\/terms-and-conditions\/","name":"Terms and conditions - Chemistry For Industry - Solvents &amp; Chemicals - Masterchem.ee","isPartOf":{"@id":"https:\/\/masterchem.ee\/en\/#website"},"datePublished":"2022-02-09T12:37:02+00:00","dateModified":"2022-02-14T20:15:59+00:00","breadcrumb":{"@id":"https:\/\/masterchem.ee\/en\/terms-and-conditions\/#breadcrumb"},"inLanguage":"en-US","potentialAction":[{"@type":"ReadAction","target":["https:\/\/masterchem.ee\/en\/terms-and-conditions\/"]}]},{"@type":"BreadcrumbList","@id":"https:\/\/masterchem.ee\/en\/terms-and-conditions\/#breadcrumb","itemListElement":[{"@type":"ListItem","position":1,"name":"Home","item":"https:\/\/masterchem.ee\/en\/"},{"@type":"ListItem","position":2,"name":"Terms and conditions"}]},{"@type":"WebSite","@id":"https:\/\/masterchem.ee\/en\/#website","url":"https:\/\/masterchem.ee\/en\/","name":"Masterchem.ee","description":"Chemistry For Industry - Solvents &amp; Chemicals","publisher":{"@id":"https:\/\/masterchem.ee\/en\/#organization"},"potentialAction":[{"@type":"SearchAction","target":{"@type":"EntryPoint","urlTemplate":"https:\/\/masterchem.ee\/en\/?s={search_term_string}"},"query-input":{"@type":"PropertyValueSpecification","valueRequired":true,"valueName":"search_term_string"}}],"inLanguage":"en-US"},{"@type":"Organization","@id":"https:\/\/masterchem.ee\/en\/#organization","name":"Masterchem","url":"https:\/\/masterchem.ee\/en\/","logo":{"@type":"ImageObject","inLanguage":"en-US","@id":"https:\/\/masterchem.ee\/en\/#\/schema\/logo\/image\/","url":"https:\/\/masterchem.ee\/wp-content\/uploads\/2018\/02\/master-chem_final-1.png","contentUrl":"https:\/\/masterchem.ee\/wp-content\/uploads\/2018\/02\/master-chem_final-1.png","width":850,"height":356,"caption":"Masterchem"},"image":{"@id":"https:\/\/masterchem.ee\/en\/#\/schema\/logo\/image\/"}}]}},"_links":{"self":[{"href":"https:\/\/masterchem.ee\/en\/wp-json\/wp\/v2\/pages\/17846","targetHints":{"allow":["GET"]}}],"collection":[{"href":"https:\/\/masterchem.ee\/en\/wp-json\/wp\/v2\/pages"}],"about":[{"href":"https:\/\/masterchem.ee\/en\/wp-json\/wp\/v2\/types\/page"}],"author":[{"embeddable":true,"href":"https:\/\/masterchem.ee\/en\/wp-json\/wp\/v2\/users\/18"}],"replies":[{"embeddable":true,"href":"https:\/\/masterchem.ee\/en\/wp-json\/wp\/v2\/comments?post=17846"}],"version-history":[{"count":4,"href":"https:\/\/masterchem.ee\/en\/wp-json\/wp\/v2\/pages\/17846\/revisions"}],"predecessor-version":[{"id":17865,"href":"https:\/\/masterchem.ee\/en\/wp-json\/wp\/v2\/pages\/17846\/revisions\/17865"}],"wp:attachment":[{"href":"https:\/\/masterchem.ee\/en\/wp-json\/wp\/v2\/media?parent=17846"}],"curies":[{"name":"wp","href":"https:\/\/api.w.org\/{rel}","templated":true}]}}